{"id":61586,"date":"2025-05-20T21:33:05","date_gmt":"2025-05-20T21:33:05","guid":{"rendered":"https:\/\/www.akeneo.com\/?page_id=61586"},"modified":"2025-05-23T12:50:47","modified_gmt":"2025-05-23T12:50:47","slug":"product-data-ai-readiness-self-assessment","status":"publish","type":"page","link":"https:\/\/www.akeneo.com\/it\/product-data-ai-readiness-self-assessment\/","title":{"rendered":"Product Data AI Readiness &#8211; Self Assessment"},"content":{"rendered":"\n  <section class=\"hero hero-purple  \" >\n    <div class=\"container\">\n                            <div class=\"row justify-content-between align-items-center g-3\">\n                        <div class=\"col-lg-6\">\n                            <div class=\"hero-content\">\n                                                                \n                                \n                                                                    <h1 class=\"hero-title\">I tuoi dati prodotto sono pronti per l\u2019Intelligenza Artificiale?<\/h1>\n                                                                                                    <div class=\"hero-text\">\n                                        <p><span style=\"font-weight: 400;\">Valuta in pochi minuti il livello di maturit\u00e0 dei tuoi dati rispetto alle esigenze dell\u2019AI. Una volta completato l\u2019autovalutazione (6 domande, circa 5 minuti), riceverai il punteggio della tua azienda sulla preparazione dei dati prodotto per l\u2019AI, insieme a raccomandazioni pratiche su come strutturare meglio le tue informazioni prodotto per ottimizzare l\u2019esperienza prodotto e favorire la crescita del tuo business.<\/span><\/p>\n                                    <\/div>\n                                                                                                    <div class=\"hero-buttons\">\n                                                                                                                                    <div>\n                                                    <a class=\"btn btn-primary btn-lg\" href=\"#self-assessment\"><span class=\"initial text\">Ottieni il tuo punteggio<\/span><span class=\"background-text\">Ottieni il tuo punteggio<\/span><span class=\"hovered text\">Ottieni il tuo punteggio<\/span><\/a>                                                <\/div>\n                                                                                                                        <\/div>\n                                                            <\/div>\n                        <\/div>\n                                                    <div class=\"col-lg-5\">\n                                                                    <div class=\"hero-image\">\n                                        <img decoding=\"async\" src=\"https:\/\/www.akeneo.com\/wp-content\/uploads\/2024\/09\/web-assets-ai-for-PX-hero.png\" alt=\"\">\n                                    <\/div>\n                                \n                                                            <\/div>\n                                            <\/div>\n\n                        <\/div>\n<\/section>  \n\n\n\n<section id=\"content-block_4ed5426886c712d8b7f17bbf6baa860d\" class=\"py-6 py-md-8 \">\n    <div class=\"container\">\n        <div class=\"row justify-content-between align-items-center g-3 \">\n            <div class=\"col-lg-6\">\n                <div class=\"w-lg-70 mx-auto\">\n                                            <h2 class=\"text-primary-blackstar\">L\u2019AI \u00e8 uno strumento potente, ma la sua efficacia dipende dalla qualit\u00e0 dei dati.<\/h2>\n                    \n                    \n                    <div class=\"text-editor fs-md text-primary-blackstar\">\n                                                    <p><span style=\"font-weight: 400;\">Non prende decisioni in modo indipendente: apprende dai dati che riceve. Per questo motivo, la qualit\u00e0, la coerenza e l\u2019organizzazione delle informazioni prodotto sono elementi determinanti per ottenere risultati affidabili.<\/span><\/p>\n<p><span style=\"font-weight: 400;\">Prima di introdurre l\u2019intelligenza artificiale nella tua strategia, \u00e8 essenziale analizzare lo stato dei tuoi dati: sono completi, coerenti, strutturati in modo efficace?<\/span><\/p>\n<p><span style=\"font-weight: 400;\">In questa autovalutazione scoprirai i 6 criteri fondamentali da verificare per sfruttare appieno il potenziale dell\u2019intelligenza artificiale, valutando allo stesso tempo anche la maturit\u00e0 dei tuoi dati.<\/span><\/p>\n                                                                    <\/div>\n                                                                                <\/div>\n            <\/div>\n                            <div class=\"col-lg-6 text-center\">\n                                            <img decoding=\"async\" src=\"https:\/\/www.akeneo.com\/wp-content\/uploads\/2023\/09\/web-assets-ai-for-PX-collect-and-cleanse.png\" alt=\"\">\n                    \n                                    <\/div>\n                    <\/div>\n    <\/div>\n<\/section>\n\n\n\n<section id=\"cards-block_0de8034eed0b047be9ab51c92b97c6cf\" class=\" py-6 py-md-8  \">\n  \n  <div class=\"container\">\n          <div class=\"row\">\n        <div class=\"col-md-10 col-lg-8 mx-md-auto\">\n          <div class=\" text-center mb-4\">\n                          <h2 class=\"mb-0 text-primary-blackstar\">Cos\u2019\u00e8 l\u2019IA per la PX?<\/h2>\n                                      <div class=\"text-editor fs-md mt-2\">\n                <p>In un mondo in cui l\u2019IA si trova al centro dell\u2019attenzione, pu\u00f2 essere difficile capire come utilizzare l\u2019intelligenza artificiale (IA) per la product experience (PX) e quali vantaggi pu\u00f2 portare alla tua azienda. L\u2019IA per la PX consiste nello sfruttare alcune delle tecnologie di IA pi\u00f9 innovative per creare esperienze prodotto personalizzate e specifiche su una serie di punti di contatto digitali e fisici.<\/p>\n<p>Il potenziale di questo approccio \u00e8 gi\u00e0 stato riconosciuto, ma \u00e8 utile ricordarne i tre vantaggi principali:<\/p>\n              <\/div>\n                      <\/div>\n        <\/div>\n      <\/div>\n              <div class=\"row justify-content-center g-3 row-cols-lg-3\">\n                  <div>\n            <div class=\"basic-card  basic-card-move-up\">\n                              <div class=\"basic-card-image\" style=\"max-width:\">\n                  <img decoding=\"async\"  src=\"https:\/\/www.akeneo.com\/wp-content\/uploads\/2023\/09\/Files@2x.png\" alt=\"\">\n                <\/div>\n                            <div class=\"basic-card-content\">\n                                  <h4 class=\"basic-card-title\">\n                    Generazione automatica di contenuti prodotto                                      <\/h4>\n                                                <div class=\"basic-card-text\">\n                                      <p>Adatti e specifici per ogni mercato, lingua e canale di vendita, moltiplicando cos\u00ec le opportunit\u00e0 commerciali e l\u2019impatto positivo del tuo brand.<\/p>\n                                                    <\/div>\n\n\n                              <\/div>\n            <\/div>\n          <\/div>\n                  <div>\n            <div class=\"basic-card  basic-card-move-up\">\n                              <div class=\"basic-card-image\" style=\"max-width:\">\n                  <img decoding=\"async\"  src=\"https:\/\/www.akeneo.com\/wp-content\/uploads\/2023\/09\/Raise@2x.png\" alt=\"\">\n                <\/div>\n                            <div class=\"basic-card-content\">\n                                  <h4 class=\"basic-card-title\">\n                    Ottimizzazione dei Processi Aziendali                                      <\/h4>\n                                                <div class=\"basic-card-text\">\n                                      <p>Elimina le attivit\u00e0 manuali, aumentando l\u2019efficienza operativa e migliorando la soddisfazione dei tuoi collaboratori.<\/p>\n                                                    <\/div>\n\n\n                              <\/div>\n            <\/div>\n          <\/div>\n                  <div>\n            <div class=\"basic-card  basic-card-move-up\">\n                              <div class=\"basic-card-image\" style=\"max-width:\">\n                  <img decoding=\"async\"  src=\"https:\/\/www.akeneo.com\/wp-content\/uploads\/2023\/09\/Contact@2x.png\" alt=\"\">\n                <\/div>\n                            <div class=\"basic-card-content\">\n                                  <h4 class=\"basic-card-title\">\n                    Supporto clienti SMART                                      <\/h4>\n                                                <div class=\"basic-card-text\">\n                                      <p>L\u2019IA pu\u00f2 aiutare e rendere pi\u00f9 snello il lavoro dei tuoi team di supporto o di customer care e renderli pi\u00f9 efficaci, aumentando la soddisfazione del cliente.<\/p>\n                                                    <\/div>\n\n\n                              <\/div>\n            <\/div>\n          <\/div>\n              <\/div>\n              <div class=\"mt-3 text-center\">\n              <\/div>\n      <\/div>\n<\/section>\n\n\n\n<section id=\"self-assessment\" class=\"\">\n  <div class=\"container\">\n    <div class=\"row\">\n      <div class=\"col-12\">\n        <div class=\"embed-survey\" data-url=\"pdaireadiness?lang=en\"><\/div>\n      <\/div>\n    <\/div>\n  <\/div>\n<\/section>\n\n  <script defer async src=\"https:\/\/s.pointerpro.com\/js\/embed.js\"><\/script>\n\n\n\n<section class=\"py-6 py-md-8 \">\n        <div class=\"container\">\n        <div class=\"row\">\n            <div class=\"col-12\">\n                <div class=\"cta px-lg-8 py-3 bg-secondary\">\n                    <div class=\"cta-content\">\n                                                    <h2 class=\"cta-title\">Sei pronto a fare il prossimo passo?<\/h2>\n                                                                            <div class=\"cta-text fs-xl\">\n                                <p>I nostri esperti di Akeneo sono qui per rispondere a tutte le domande che potresti avere sui nostri prodotti e aiutarti a proseguire nel tuo percorso di PXM.<\/p>\n                            <\/div>\n                                            <\/div>\n                                            <div class=\"cta-cards\">\n                            <div class=\"row row-cols-md-2 g-2\">\n                                                                    <div>\n                                        <a href=\"\/it\/richiedi-una-demo\/\" class=\"icon-card icon-card-framed icon-card-dark\">\n                                                                                        <div class=\"icon-card-content\">\n                                                <h6 class=\"icon-card-title\">Richiedi una demo.<\/h6>\n                                                                                                <span class=\"icon-card-link\">Contattaci oggi  <svg class=\"svg-icon fs-sm\"><use xmlns:xlink=\"http:\/\/www.w3.org\/1999\/xlink\" xlink:href=\"https:\/\/www.akeneo.com\/wp-content\/themes\/akeneo\/assets\/sprite\/icons.svg#icon-chevron-right\"><\/use><\/svg><\/span>\n                                            <\/div>\n                                        <\/a>\n                                    <\/div>\n                                                                    <div>\n                                        <a href=\"\/it\/confrontare-le-edizioni\/\" class=\"icon-card icon-card-framed icon-card-dark\">\n                                                                                        <div class=\"icon-card-content\">\n                                                <h6 class=\"icon-card-title\">Edizioni di Akeneo PIM<\/h6>\n                                                                                                <span class=\"icon-card-link\">Confronta le edizioni <svg class=\"svg-icon fs-sm\"><use xmlns:xlink=\"http:\/\/www.w3.org\/1999\/xlink\" xlink:href=\"https:\/\/www.akeneo.com\/wp-content\/themes\/akeneo\/assets\/sprite\/icons.svg#icon-chevron-right\"><\/use><\/svg><\/span>\n                                            <\/div>\n                                        <\/a>\n                                    <\/div>\n                                                            <\/div>\n                        <\/div>\n                                    <\/div>\n            <\/div>\n        <\/div>\n    <\/div>\n<\/section>","protected":false},"excerpt":{"rendered":"","protected":false},"author":12,"featured_media":52996,"parent":0,"menu_order":0,"comment_status":"closed","ping_status":"closed","template":"","meta":{"_acf_changed":true,"footnotes":""},"class_list":["post-61586","page","type-page","status-publish","has-post-thumbnail","hentry"],"acf":[],"yoast_head":"<!-- This site is optimized with the Yoast SEO Premium plugin v26.7 (Yoast SEO v26.7) - https:\/\/yoast.com\/wordpress\/plugins\/seo\/ -->\n<title>Product Data AI Readiness - Self Assessment | Akeneo<\/title>\n<meta name=\"robots\" content=\"index, follow, max-snippet:-1, max-image-preview:large, max-video-preview:-1\" \/>\n<link rel=\"canonical\" href=\"https:\/\/www.akeneo.com\/it\/product-data-ai-readiness-self-assessment\/\" \/>\n<meta property=\"og:locale\" content=\"it_IT\" \/>\n<meta property=\"og:type\" content=\"article\" \/>\n<meta property=\"og:title\" content=\"Product Data AI Readiness - Self Assessment | Akeneo\" \/>\n<meta property=\"og:url\" content=\"https:\/\/www.akeneo.com\/it\/product-data-ai-readiness-self-assessment\/\" \/>\n<meta property=\"og:site_name\" content=\"Akeneo\" \/>\n<meta property=\"article:modified_time\" content=\"2025-05-23T12:50:47+00:00\" \/>\n<meta property=\"og:image\" content=\"https:\/\/www.akeneo.com\/wp-content\/uploads\/2024\/09\/web-assets-ai-for-PX-hero.png\" \/>\n\t<meta property=\"og:image:width\" content=\"1010\" \/>\n\t<meta property=\"og:image:height\" content=\"1081\" \/>\n\t<meta property=\"og:image:type\" content=\"image\/png\" \/>\n<meta name=\"twitter:card\" content=\"summary_large_image\" \/>\n<meta name=\"twitter:label1\" content=\"Tempo di lettura stimato\" \/>\n\t<meta name=\"twitter:data1\" content=\"1 minuto\" \/>\n<script type=\"application\/ld+json\" class=\"yoast-schema-graph\">{\"@context\":\"https:\/\/schema.org\",\"@graph\":[{\"@type\":\"WebPage\",\"@id\":\"https:\/\/www.akeneo.com\/it\/product-data-ai-readiness-self-assessment\/\",\"url\":\"https:\/\/www.akeneo.com\/it\/product-data-ai-readiness-self-assessment\/\",\"name\":\"Product Data AI Readiness - Self Assessment | Akeneo\",\"isPartOf\":{\"@id\":\"https:\/\/www.akeneo.com\/it\/#website\"},\"primaryImageOfPage\":{\"@id\":\"https:\/\/www.akeneo.com\/it\/product-data-ai-readiness-self-assessment\/#primaryimage\"},\"image\":{\"@id\":\"https:\/\/www.akeneo.com\/it\/product-data-ai-readiness-self-assessment\/#primaryimage\"},\"thumbnailUrl\":\"https:\/\/www.akeneo.com\/wp-content\/uploads\/2024\/09\/web-assets-ai-for-PX-hero.png\",\"datePublished\":\"2025-05-20T21:33:05+00:00\",\"dateModified\":\"2025-05-23T12:50:47+00:00\",\"inLanguage\":\"it-IT\",\"potentialAction\":[{\"@type\":\"ReadAction\",\"target\":[\"https:\/\/www.akeneo.com\/it\/product-data-ai-readiness-self-assessment\/\"]}]},{\"@type\":\"ImageObject\",\"inLanguage\":\"it-IT\",\"@id\":\"https:\/\/www.akeneo.com\/it\/product-data-ai-readiness-self-assessment\/#primaryimage\",\"url\":\"https:\/\/www.akeneo.com\/wp-content\/uploads\/2024\/09\/web-assets-ai-for-PX-hero.png\",\"contentUrl\":\"https:\/\/www.akeneo.com\/wp-content\/uploads\/2024\/09\/web-assets-ai-for-PX-hero.png\",\"width\":1010,\"height\":1081},{\"@type\":\"WebSite\",\"@id\":\"https:\/\/www.akeneo.com\/it\/#website\",\"url\":\"https:\/\/www.akeneo.com\/it\/\",\"name\":\"Akeneo\",\"description\":\"\",\"publisher\":{\"@id\":\"https:\/\/www.akeneo.com\/it\/#organization\"},\"potentialAction\":[{\"@type\":\"SearchAction\",\"target\":{\"@type\":\"EntryPoint\",\"urlTemplate\":\"https:\/\/www.akeneo.com\/it\/?s={search_term_string}\"},\"query-input\":{\"@type\":\"PropertyValueSpecification\",\"valueRequired\":true,\"valueName\":\"search_term_string\"}}],\"inLanguage\":\"it-IT\"},{\"@type\":\"Organization\",\"@id\":\"https:\/\/www.akeneo.com\/it\/#organization\",\"name\":\"Akeneo\",\"url\":\"https:\/\/www.akeneo.com\/it\/\",\"logo\":{\"@type\":\"ImageObject\",\"inLanguage\":\"it-IT\",\"@id\":\"https:\/\/www.akeneo.com\/it\/#\/schema\/logo\/image\/\",\"url\":\"https:\/\/www.akeneo.com\/wp-content\/uploads\/2019\/08\/logo-kjus.png\",\"contentUrl\":\"https:\/\/www.akeneo.com\/wp-content\/uploads\/2019\/08\/logo-kjus.png\",\"width\":1,\"height\":1,\"caption\":\"Akeneo\"},\"image\":{\"@id\":\"https:\/\/www.akeneo.com\/it\/#\/schema\/logo\/image\/\"}}]}<\/script>\n<!-- \/ Yoast SEO Premium plugin. -->","yoast_head_json":{"title":"Product Data AI Readiness - Self Assessment | Akeneo","robots":{"index":"index","follow":"follow","max-snippet":"max-snippet:-1","max-image-preview":"max-image-preview:large","max-video-preview":"max-video-preview:-1"},"canonical":"https:\/\/www.akeneo.com\/it\/product-data-ai-readiness-self-assessment\/","og_locale":"it_IT","og_type":"article","og_title":"Product Data AI Readiness - Self Assessment | Akeneo","og_url":"https:\/\/www.akeneo.com\/it\/product-data-ai-readiness-self-assessment\/","og_site_name":"Akeneo","article_modified_time":"2025-05-23T12:50:47+00:00","og_image":[{"width":1010,"height":1081,"url":"https:\/\/www.akeneo.com\/wp-content\/uploads\/2024\/09\/web-assets-ai-for-PX-hero.png","type":"image\/png"}],"twitter_card":"summary_large_image","twitter_misc":{"Tempo di lettura stimato":"1 minuto"},"schema":{"@context":"https:\/\/schema.org","@graph":[{"@type":"WebPage","@id":"https:\/\/www.akeneo.com\/it\/product-data-ai-readiness-self-assessment\/","url":"https:\/\/www.akeneo.com\/it\/product-data-ai-readiness-self-assessment\/","name":"Product Data AI Readiness - Self Assessment | Akeneo","isPartOf":{"@id":"https:\/\/www.akeneo.com\/it\/#website"},"primaryImageOfPage":{"@id":"https:\/\/www.akeneo.com\/it\/product-data-ai-readiness-self-assessment\/#primaryimage"},"image":{"@id":"https:\/\/www.akeneo.com\/it\/product-data-ai-readiness-self-assessment\/#primaryimage"},"thumbnailUrl":"https:\/\/www.akeneo.com\/wp-content\/uploads\/2024\/09\/web-assets-ai-for-PX-hero.png","datePublished":"2025-05-20T21:33:05+00:00","dateModified":"2025-05-23T12:50:47+00:00","inLanguage":"it-IT","potentialAction":[{"@type":"ReadAction","target":["https:\/\/www.akeneo.com\/it\/product-data-ai-readiness-self-assessment\/"]}]},{"@type":"ImageObject","inLanguage":"it-IT","@id":"https:\/\/www.akeneo.com\/it\/product-data-ai-readiness-self-assessment\/#primaryimage","url":"https:\/\/www.akeneo.com\/wp-content\/uploads\/2024\/09\/web-assets-ai-for-PX-hero.png","contentUrl":"https:\/\/www.akeneo.com\/wp-content\/uploads\/2024\/09\/web-assets-ai-for-PX-hero.png","width":1010,"height":1081},{"@type":"WebSite","@id":"https:\/\/www.akeneo.com\/it\/#website","url":"https:\/\/www.akeneo.com\/it\/","name":"Akeneo","description":"","publisher":{"@id":"https:\/\/www.akeneo.com\/it\/#organization"},"potentialAction":[{"@type":"SearchAction","target":{"@type":"EntryPoint","urlTemplate":"https:\/\/www.akeneo.com\/it\/?s={search_term_string}"},"query-input":{"@type":"PropertyValueSpecification","valueRequired":true,"valueName":"search_term_string"}}],"inLanguage":"it-IT"},{"@type":"Organization","@id":"https:\/\/www.akeneo.com\/it\/#organization","name":"Akeneo","url":"https:\/\/www.akeneo.com\/it\/","logo":{"@type":"ImageObject","inLanguage":"it-IT","@id":"https:\/\/www.akeneo.com\/it\/#\/schema\/logo\/image\/","url":"https:\/\/www.akeneo.com\/wp-content\/uploads\/2019\/08\/logo-kjus.png","contentUrl":"https:\/\/www.akeneo.com\/wp-content\/uploads\/2019\/08\/logo-kjus.png","width":1,"height":1,"caption":"Akeneo"},"image":{"@id":"https:\/\/www.akeneo.com\/it\/#\/schema\/logo\/image\/"}}]}},"_links":{"self":[{"href":"https:\/\/www.akeneo.com\/it\/wp-json\/wp\/v2\/pages\/61586","targetHints":{"allow":["GET"]}}],"collection":[{"href":"https:\/\/www.akeneo.com\/it\/wp-json\/wp\/v2\/pages"}],"about":[{"href":"https:\/\/www.akeneo.com\/it\/wp-json\/wp\/v2\/types\/page"}],"author":[{"embeddable":true,"href":"https:\/\/www.akeneo.com\/it\/wp-json\/wp\/v2\/users\/12"}],"replies":[{"embeddable":true,"href":"https:\/\/www.akeneo.com\/it\/wp-json\/wp\/v2\/comments?post=61586"}],"version-history":[{"count":0,"href":"https:\/\/www.akeneo.com\/it\/wp-json\/wp\/v2\/pages\/61586\/revisions"}],"wp:featuredmedia":[{"embeddable":true,"href":"https:\/\/www.akeneo.com\/it\/wp-json\/wp\/v2\/media\/52996"}],"wp:attachment":[{"href":"https:\/\/www.akeneo.com\/it\/wp-json\/wp\/v2\/media?parent=61586"}],"curies":[{"name":"wp","href":"https:\/\/api.w.org\/{rel}","templated":true}]}}