{"id":48951,"date":"2021-11-17T08:38:31","date_gmt":"2021-11-17T08:38:31","guid":{"rendered":"https:\/\/www.akeneo.com\/start-free-trial-2\/"},"modified":"2025-11-06T17:08:27","modified_gmt":"2025-11-06T17:08:27","slug":"start-free-trial","status":"publish","type":"page","link":"https:\/\/www.akeneo.com\/it\/start-free-trial\/","title":{"rendered":"Inizia la Free Trial"},"content":{"rendered":"\n  <section class=\"hero hero-light  \" >\n    <div class=\"container\">\n                            <div class=\"row justify-content-between align-items-center g-3\">\n                        <div class=\"col-lg-6\">\n                            <div class=\"hero-content\">\n                                                                \n                                \n                                                                    <h1 class=\"hero-title\">Inizia la tua prova gratuita con Akeneo Product Cloud<\/h1>\n                                                                                                    <div class=\"hero-text\">\n                                        <p><span style=\"font-weight: 400;\">Elimina le difficolt\u00e0 legate all\u2019uso di fogli di calcolo o strumenti non adatti per la gestione delle informazioni prodotto. Akeneo Product Cloud \u00e8 progettato per le aziende che desiderano centralizzare, arricchire e distribuire i propri dati prodotto in modo semplice ed efficace. Una soluzione flessibile, intuitiva e pensata per accompagnarti nella crescita della tua azienda, creando esperienze d&#8217;acquisto davvero omnicanale.<\/span><\/p>\n                                    <\/div>\n                                                                                                    <div class=\"hero-buttons\">\n                                                                                                                                    <div>\n                                                    <a class=\"btn btn-primary btn-lg\" href=\"https:\/\/start.akeneo.com\/\" target=\"_blank\"><span class=\"initial text\">Prova la Free Trial<\/span><span class=\"background-text\">Prova la Free Trial<\/span><span class=\"hovered text\">Prova la Free Trial<\/span><\/a>                                                <\/div>\n                                                                                                                        <\/div>\n                                                            <\/div>\n                        <\/div>\n                                                    <div class=\"col-lg-5\">\n                                                                    <div class=\"hero-image\">\n                                        <img decoding=\"async\" src=\"https:\/\/www.akeneo.com\/wp-content\/uploads\/2022\/01\/web-assets-Start-Free-Trial-hero@2x-1122x1200.png\" alt=\"\">\n                                    <\/div>\n                                \n                                                            <\/div>\n                                            <\/div>\n\n                        <\/div>\n<\/section>  \n\n\n\n<section id=\"logos-block_3018702d603639df011c9a4a51b547bf\" class=\"py-2 py-md-3\">\n            <div class=\"text-editor fs-md text-center mb-1 px-2 text-primary-blackstar fw-normal\">\n        <p>Unisciti a oltre 900 aziende clienti<\/p>\n      <\/div>\n    \n    \n                  <div class=\"row row-cols-2 row-cols-md-3 row-cols-lg-6 g-3 justify-content-center logos\">\n                                  <img decoding=\"async\" class=\"logo-card-image\" src=\"https:\/\/www.akeneo.com\/wp-content\/uploads\/2017\/09\/logo-midland_scientist@2x.png\" alt=\"\">\n                                      <img decoding=\"async\" class=\"logo-card-image\" src=\"https:\/\/www.akeneo.com\/wp-content\/uploads\/2021\/07\/logo-staples-2@2x.png\" alt=\"\">\n                                      <img decoding=\"async\" class=\"logo-card-image\" src=\"https:\/\/www.akeneo.com\/wp-content\/uploads\/2019\/05\/logo-rural-king@2x-2.png\" alt=\"\">\n                                      <img decoding=\"async\" class=\"logo-card-image\" src=\"https:\/\/www.akeneo.com\/wp-content\/uploads\/2018\/10\/logo-myer@2x-2.png\" alt=\"\">\n                                      <img decoding=\"async\" class=\"logo-card-image\" src=\"https:\/\/www.akeneo.com\/wp-content\/uploads\/2020\/10\/logo-petra-2.png\" alt=\"\">\n                                      <img decoding=\"async\" class=\"logo-card-image\" src=\"https:\/\/www.akeneo.com\/wp-content\/uploads\/2018\/06\/logo-fossil-2.png\" alt=\"\">\n                      <\/div> \n          <\/section>\n\n\n<section id=\"content-block_f90f36abd3d783db6736aec5f2d9eda1\" class=\"py-6 py-md-8 \">\n    <div class=\"container\">\n        <div class=\"row justify-content-between align-items-center g-3 flex-lg-row-reverse\">\n            <div class=\"col-lg-6\">\n                <div class=\"w-lg-70 mx-auto\">\n                                            <h2 class=\"text-primary-blackstar\">Scopri Akeneo Product Cloud<\/h2>\n                    \n                    \n                    <div class=\"text-editor fs-md text-primary-blackstar\">\n                                                    <p><span style=\"font-weight: 400;\">Prova gratuitamente l\u2019edizione Growth di Akeneo Product Cloud per 14 giorni e scopri come pu\u00f2:<\/span><\/p>\n                                                                            <ul class=\"list-check\">\n                                                                    <li>Aiutarti a organizzare e strutturare le informazioni prodotto<\/li>\n                                                                    <li>Accompagnare la tua azienda nell\u2019estensione delle attivit\u00e0 omnicanale, permettendoti di raggiungere nuovi mercati<\/li>\n                                                                    <li>Consentire a te e al tuo team di controllare la completezza, la precisione e la qualit\u00e0 delle informazioni prodotto, per offrire esperienze cliente eccezionali<\/li>\n                                                                    <li>Aiutare la tua azienda a raggiungere i propri obiettivi di business, grazie a soluzioni su misura<\/li>\n                                                            <\/ul>\n                                            <\/div>\n                                                                                <\/div>\n            <\/div>\n                            <div class=\"col-lg-6 text-center\">\n                                            <div class=\"torch-container\">\n                            <img decoding=\"async\" src=\"https:\/\/www.akeneo.com\/wp-content\/uploads\/2022\/01\/web-assets-Start-Free-Trial-Discover-Akeneo-PIM-1200x1200.png\" alt=\"\">\n                                                    <\/div>\n                    \n                                    <\/div>\n                    <\/div>\n    <\/div>\n<\/section>\n\n\n\n<section id=\"content-block_22c19bdf8ff681c55f87e602801ead42\" class=\"py-6 py-md-8 \">\n    <div class=\"container\">\n        <div class=\"row justify-content-between align-items-center g-3 \">\n            <div class=\"col-lg-6\">\n                <div class=\"w-lg-70 mx-auto\">\n                                            <h2 class=\"text-primary-blackstar\">Vivi l\u2019esperienza!<\/h2>\n                    \n                    \n                    <div class=\"text-editor fs-md text-primary-blackstar\">\n                                                    <p><span style=\"font-weight: 400;\">Per aiutarti a rendere la Free Trial un\u2019esperienza positiva per te e il tuo team, abbiamo incluso:<\/span><\/p>\n                                                                            <ul class=\"list-check\">\n                                                                    <li>Un catalogo campione per provare le capacit\u00e0 di Akeneo Product Cloud Growth Edition<\/li>\n                                                                    <li>Tutorial ed esercizi condotti per permetterti di diventare operativo rapidamente<\/li>\n                                                                    <li>Supporto e assistenza personalizzati durante il periodo della Free Trial<\/li>\n                                                                    <li>Una panoramica delle funzionalit\u00e0 aggiuntive di Akeneo Product Cloud Premium Edition<\/li>\n                                                            <\/ul>\n                                            <\/div>\n                                                                                <\/div>\n            <\/div>\n                            <div class=\"col-lg-6 text-center\">\n                                            <div class=\"torch-container\">\n                            <img decoding=\"async\" src=\"https:\/\/www.akeneo.com\/wp-content\/uploads\/2022\/01\/web-assets-Start-Free-Trial-And-Experience-It-1200x1200.png\" alt=\"\">\n                                                    <\/div>\n                    \n                                    <\/div>\n                    <\/div>\n    <\/div>\n<\/section>\n\n\n\n<section class=\"py-3 py-md-6 position-relative\">\n            <div class=\"block-background block-background-top\"><\/div>\n        <div class=\"container\">\n        <div class=\"row\">\n            <div class=\"col-12\">\n                <div class=\"cta px-lg-8 py-3 bg-secondary\">\n                    <div class=\"cta-content\">\n                                                    <h2 class=\"cta-title text-gray-100\">Scopri di pi\u00f9 sulle funzionalit\u00e0 del Growth Package di Akeneo Product Cloud e su come pu\u00f2 aiutarti a sbloccare il tuo potenziale di crescita!<\/h2>\n                                                                                                    <div class=\"cta-buttons\">\n                                                                    <div>\n                                        <a class=\"btn-lg btn btn-primary\" href=\"https:\/\/start.akeneo.com\/r\"><span class=\"initial text\">Comincia ora!<\/span><span class=\"background-text\">Comincia ora!<\/span><span class=\"hovered text\">Comincia ora!<\/span><\/a>                                    <\/div>\n                                                            <\/div>\n                                            <\/div>\n                                                                        <div class=\"cta-image\">\n                                <img decoding=\"async\" src=\"https:\/\/www.akeneo.com\/wp-content\/uploads\/2024\/09\/Web-assets-Call-to-Action-large-product-cloud@2x.png\" alt=\"\">\n                            <\/div>\n                                                            <\/div>\n            <\/div>\n        <\/div>\n    <\/div>\n<\/section>","protected":false},"excerpt":{"rendered":"","protected":false},"author":2,"featured_media":0,"parent":0,"menu_order":0,"comment_status":"closed","ping_status":"closed","template":"","meta":{"_acf_changed":true,"footnotes":""},"class_list":["post-48951","page","type-page","status-publish","hentry"],"acf":[],"yoast_head":"<!-- This site is optimized with the Yoast SEO Premium plugin v26.7 (Yoast SEO v26.7) - https:\/\/yoast.com\/wordpress\/plugins\/seo\/ -->\n<title>Inizia la Free Trial | Akeneo<\/title>\n<meta name=\"description\" content=\"Elimina le difficolt\u00e0 legate all&#039;uso di fogli di calcolo o strumenti non adatti per la gestione delle informazioni di prodotto.\" \/>\n<meta name=\"robots\" content=\"index, follow, max-snippet:-1, max-image-preview:large, max-video-preview:-1\" \/>\n<link rel=\"canonical\" href=\"https:\/\/www.akeneo.com\/it\/start-free-trial\/\" \/>\n<meta property=\"og:locale\" content=\"it_IT\" \/>\n<meta property=\"og:type\" content=\"article\" \/>\n<meta property=\"og:title\" content=\"Inizia la Free Trial | Akeneo\" \/>\n<meta property=\"og:description\" content=\"Elimina le difficolt\u00e0 legate all&#039;uso di fogli di calcolo o strumenti non adatti per la gestione delle informazioni di prodotto.\" \/>\n<meta property=\"og:url\" content=\"https:\/\/www.akeneo.com\/it\/start-free-trial\/\" \/>\n<meta property=\"og:site_name\" content=\"Akeneo\" \/>\n<meta property=\"article:modified_time\" content=\"2025-11-06T17:08:27+00:00\" \/>\n<meta property=\"og:image\" content=\"https:\/\/www.akeneo.com\/wp-content\/uploads\/2024\/11\/generic_featuredimage_1200x1200.png\" \/>\n\t<meta property=\"og:image:width\" content=\"1200\" \/>\n\t<meta property=\"og:image:height\" content=\"1200\" \/>\n\t<meta property=\"og:image:type\" content=\"image\/png\" \/>\n<meta name=\"twitter:card\" content=\"summary_large_image\" \/>\n<script type=\"application\/ld+json\" class=\"yoast-schema-graph\">{\"@context\":\"https:\/\/schema.org\",\"@graph\":[{\"@type\":\"WebPage\",\"@id\":\"https:\/\/www.akeneo.com\/it\/start-free-trial\/\",\"url\":\"https:\/\/www.akeneo.com\/it\/start-free-trial\/\",\"name\":\"Inizia la Free Trial | Akeneo\",\"isPartOf\":{\"@id\":\"https:\/\/www.akeneo.com\/it\/#website\"},\"datePublished\":\"2021-11-17T08:38:31+00:00\",\"dateModified\":\"2025-11-06T17:08:27+00:00\",\"description\":\"Elimina le difficolt\u00e0 legate all'uso di fogli di calcolo o strumenti non adatti per la gestione delle informazioni di prodotto.\",\"inLanguage\":\"it-IT\",\"potentialAction\":[{\"@type\":\"ReadAction\",\"target\":[\"https:\/\/www.akeneo.com\/it\/start-free-trial\/\"]}]},{\"@type\":\"WebSite\",\"@id\":\"https:\/\/www.akeneo.com\/it\/#website\",\"url\":\"https:\/\/www.akeneo.com\/it\/\",\"name\":\"Akeneo\",\"description\":\"\",\"publisher\":{\"@id\":\"https:\/\/www.akeneo.com\/it\/#organization\"},\"potentialAction\":[{\"@type\":\"SearchAction\",\"target\":{\"@type\":\"EntryPoint\",\"urlTemplate\":\"https:\/\/www.akeneo.com\/it\/?s={search_term_string}\"},\"query-input\":{\"@type\":\"PropertyValueSpecification\",\"valueRequired\":true,\"valueName\":\"search_term_string\"}}],\"inLanguage\":\"it-IT\"},{\"@type\":\"Organization\",\"@id\":\"https:\/\/www.akeneo.com\/it\/#organization\",\"name\":\"Akeneo\",\"url\":\"https:\/\/www.akeneo.com\/it\/\",\"logo\":{\"@type\":\"ImageObject\",\"inLanguage\":\"it-IT\",\"@id\":\"https:\/\/www.akeneo.com\/it\/#\/schema\/logo\/image\/\",\"url\":\"https:\/\/www.akeneo.com\/wp-content\/uploads\/2019\/08\/logo-kjus.png\",\"contentUrl\":\"https:\/\/www.akeneo.com\/wp-content\/uploads\/2019\/08\/logo-kjus.png\",\"width\":1,\"height\":1,\"caption\":\"Akeneo\"},\"image\":{\"@id\":\"https:\/\/www.akeneo.com\/it\/#\/schema\/logo\/image\/\"}}]}<\/script>\n<!-- \/ Yoast SEO Premium plugin. -->","yoast_head_json":{"title":"Inizia la Free Trial | Akeneo","description":"Elimina le difficolt\u00e0 legate all'uso di fogli di calcolo o strumenti non adatti per la gestione delle informazioni di prodotto.","robots":{"index":"index","follow":"follow","max-snippet":"max-snippet:-1","max-image-preview":"max-image-preview:large","max-video-preview":"max-video-preview:-1"},"canonical":"https:\/\/www.akeneo.com\/it\/start-free-trial\/","og_locale":"it_IT","og_type":"article","og_title":"Inizia la Free Trial | Akeneo","og_description":"Elimina le difficolt\u00e0 legate all'uso di fogli di calcolo o strumenti non adatti per la gestione delle informazioni di prodotto.","og_url":"https:\/\/www.akeneo.com\/it\/start-free-trial\/","og_site_name":"Akeneo","article_modified_time":"2025-11-06T17:08:27+00:00","og_image":[{"width":1200,"height":1200,"url":"https:\/\/www.akeneo.com\/wp-content\/uploads\/2024\/11\/generic_featuredimage_1200x1200.png","type":"image\/png"}],"twitter_card":"summary_large_image","schema":{"@context":"https:\/\/schema.org","@graph":[{"@type":"WebPage","@id":"https:\/\/www.akeneo.com\/it\/start-free-trial\/","url":"https:\/\/www.akeneo.com\/it\/start-free-trial\/","name":"Inizia la Free Trial | Akeneo","isPartOf":{"@id":"https:\/\/www.akeneo.com\/it\/#website"},"datePublished":"2021-11-17T08:38:31+00:00","dateModified":"2025-11-06T17:08:27+00:00","description":"Elimina le difficolt\u00e0 legate all'uso di fogli di calcolo o strumenti non adatti per la gestione delle informazioni di prodotto.","inLanguage":"it-IT","potentialAction":[{"@type":"ReadAction","target":["https:\/\/www.akeneo.com\/it\/start-free-trial\/"]}]},{"@type":"WebSite","@id":"https:\/\/www.akeneo.com\/it\/#website","url":"https:\/\/www.akeneo.com\/it\/","name":"Akeneo","description":"","publisher":{"@id":"https:\/\/www.akeneo.com\/it\/#organization"},"potentialAction":[{"@type":"SearchAction","target":{"@type":"EntryPoint","urlTemplate":"https:\/\/www.akeneo.com\/it\/?s={search_term_string}"},"query-input":{"@type":"PropertyValueSpecification","valueRequired":true,"valueName":"search_term_string"}}],"inLanguage":"it-IT"},{"@type":"Organization","@id":"https:\/\/www.akeneo.com\/it\/#organization","name":"Akeneo","url":"https:\/\/www.akeneo.com\/it\/","logo":{"@type":"ImageObject","inLanguage":"it-IT","@id":"https:\/\/www.akeneo.com\/it\/#\/schema\/logo\/image\/","url":"https:\/\/www.akeneo.com\/wp-content\/uploads\/2019\/08\/logo-kjus.png","contentUrl":"https:\/\/www.akeneo.com\/wp-content\/uploads\/2019\/08\/logo-kjus.png","width":1,"height":1,"caption":"Akeneo"},"image":{"@id":"https:\/\/www.akeneo.com\/it\/#\/schema\/logo\/image\/"}}]}},"_links":{"self":[{"href":"https:\/\/www.akeneo.com\/it\/wp-json\/wp\/v2\/pages\/48951","targetHints":{"allow":["GET"]}}],"collection":[{"href":"https:\/\/www.akeneo.com\/it\/wp-json\/wp\/v2\/pages"}],"about":[{"href":"https:\/\/www.akeneo.com\/it\/wp-json\/wp\/v2\/types\/page"}],"author":[{"embeddable":true,"href":"https:\/\/www.akeneo.com\/it\/wp-json\/wp\/v2\/users\/2"}],"replies":[{"embeddable":true,"href":"https:\/\/www.akeneo.com\/it\/wp-json\/wp\/v2\/comments?post=48951"}],"version-history":[{"count":0,"href":"https:\/\/www.akeneo.com\/it\/wp-json\/wp\/v2\/pages\/48951\/revisions"}],"wp:attachment":[{"href":"https:\/\/www.akeneo.com\/it\/wp-json\/wp\/v2\/media?parent=48951"}],"curies":[{"name":"wp","href":"https:\/\/api.w.org\/{rel}","templated":true}]}}