{"id":65262,"date":"2025-07-22T15:41:57","date_gmt":"2025-07-22T15:41:57","guid":{"rendered":"https:\/\/www.akeneo.com\/lp\/akeneo-px-insights-demo\/"},"modified":"2025-12-02T16:12:21","modified_gmt":"2025-12-02T16:12:21","slug":"akeneo-px-insights-demo","status":"publish","type":"page","link":"https:\/\/www.akeneo.com\/fr\/lp\/akeneo-px-insights-demo\/","title":{"rendered":"Akeneo PX Insights Demo"},"content":{"rendered":"\n<section id=\"form\" class=\"hero bg-light image-background\" style=\"background-image: url(https:\/\/www.akeneo.com\/wp-content\/uploads\/2025\/07\/BG.png); !important\">\n  <div class=\"container\">\n    <div class=\"row justify-content-between align-items-center g-3\">\n      <div class=\"col-lg-6\">\n        <div class=\"hero-content\">\n                                <h1 class=\"hero-title\">Tirez parti de la voix de vos clients pour cr\u00e9er de meilleures exp\u00e9riences produits<\/h1>\n                                <div class=\"hero-text\">\n              <p><span style=\"font-weight: 400;\">Vos clients vous disent d\u00e9j\u00e0 ce qu\u2019ils attendent : \u00e0 vous d\u2019agir. PX Insights transforme leurs retours en leviers de croissance.<\/span><\/p>\n            <\/div>\n                  <\/div>\n      <\/div>\n\n      <div class=\"col-lg-5 \">\n        <div class=\"p-3  rounded-4 shadow mt-3 p-md-6 bg-body\">\n                                                          <script data-cookieconsent=\"ignore\" src=\"\/\/pages.akeneo.com\/js\/forms2\/js\/forms2.min.js\"><\/script> \n              <form id=\"mktoForm_1007\"><\/form> \n              <script>MktoForms2.loadForm(\"\/\/pages.akeneo.com\", \"343-FNN-684\", 1007);<\/script>\n                              <\/div>\n      <\/div>      \n    <\/div>\n  <\/div>\n<\/section>\n\n\n\n<section id=\"logos-block_23b46f22a35bcd50d50279b99d683987\" class=\"py-1 py-md-2\">\n  <div class=\"container\">\n    <div class=\"row\">\n      <div class=\"col-12\">\n                      <\/div>\n    <\/div>\n\n    \n                <div class=\"logos\">    \n        <div class=\"logo-carousel\">\n                                                        <img decoding=\"async\" class=\"logo-card-image\" src=\"https:\/\/www.akeneo.com\/wp-content\/uploads\/2025\/12\/Courir_logo.svg.png\" alt=\"\">\n                                      <img decoding=\"async\" class=\"logo-card-image\" src=\"https:\/\/www.akeneo.com\/wp-content\/uploads\/2021\/11\/logo-nature-et-decouvertes@2x.png\" alt=\"\">\n                                      <img decoding=\"async\" class=\"logo-card-image\" src=\"https:\/\/www.akeneo.com\/wp-content\/uploads\/2021\/11\/logo-intersport@2x.png\" alt=\"\">\n                                      <img decoding=\"async\" class=\"logo-card-image\" src=\"https:\/\/www.akeneo.com\/wp-content\/uploads\/2021\/11\/logo-backmarket@2x.png\" alt=\"\">\n                                      <img decoding=\"async\" class=\"logo-card-image\" src=\"https:\/\/www.akeneo.com\/wp-content\/uploads\/2025\/12\/E.Leclerc-Logo.wine_-scaled-e1764691499225.png\" alt=\"\">\n                                      <img decoding=\"async\" class=\"logo-card-image\" src=\"https:\/\/www.akeneo.com\/wp-content\/uploads\/2025\/12\/Smcp_logo.svg.png\" alt=\"\">\n                                      <img decoding=\"async\" class=\"logo-card-image\" src=\"https:\/\/www.akeneo.com\/wp-content\/uploads\/2025\/12\/Logo-SchmidtGroupe-RVB-HD-scaled.jpg\" alt=\"\">\n                                      <img decoding=\"async\" class=\"logo-card-image\" src=\"https:\/\/www.akeneo.com\/wp-content\/uploads\/2024\/03\/logo-gedimat.png\" alt=\"\">\n                                      <img decoding=\"async\" class=\"logo-card-image\" src=\"https:\/\/www.akeneo.com\/wp-content\/uploads\/2021\/02\/logo-legallais@2x.png\" alt=\"\">\n                                      <img decoding=\"async\" class=\"logo-card-image\" src=\"https:\/\/www.akeneo.com\/wp-content\/uploads\/2021\/11\/electrodepot.png\" alt=\"\">\n                      <\/div>\n        <div class=\"logo-carousel\">\n                                                        <img decoding=\"async\" class=\"logo-card-image\" src=\"https:\/\/www.akeneo.com\/wp-content\/uploads\/2025\/12\/Courir_logo.svg.png\" alt=\"\">\n                                      <img decoding=\"async\" class=\"logo-card-image\" src=\"https:\/\/www.akeneo.com\/wp-content\/uploads\/2021\/11\/logo-nature-et-decouvertes@2x.png\" alt=\"\">\n                                      <img decoding=\"async\" class=\"logo-card-image\" src=\"https:\/\/www.akeneo.com\/wp-content\/uploads\/2021\/11\/logo-intersport@2x.png\" alt=\"\">\n                                      <img decoding=\"async\" class=\"logo-card-image\" src=\"https:\/\/www.akeneo.com\/wp-content\/uploads\/2021\/11\/logo-backmarket@2x.png\" alt=\"\">\n                                      <img decoding=\"async\" class=\"logo-card-image\" src=\"https:\/\/www.akeneo.com\/wp-content\/uploads\/2025\/12\/E.Leclerc-Logo.wine_-scaled-e1764691499225.png\" alt=\"\">\n                                      <img decoding=\"async\" class=\"logo-card-image\" src=\"https:\/\/www.akeneo.com\/wp-content\/uploads\/2025\/12\/Smcp_logo.svg.png\" alt=\"\">\n                                      <img decoding=\"async\" class=\"logo-card-image\" src=\"https:\/\/www.akeneo.com\/wp-content\/uploads\/2025\/12\/Logo-SchmidtGroupe-RVB-HD-scaled.jpg\" alt=\"\">\n                                      <img decoding=\"async\" class=\"logo-card-image\" src=\"https:\/\/www.akeneo.com\/wp-content\/uploads\/2024\/03\/logo-gedimat.png\" alt=\"\">\n                                      <img decoding=\"async\" class=\"logo-card-image\" src=\"https:\/\/www.akeneo.com\/wp-content\/uploads\/2021\/02\/logo-legallais@2x.png\" alt=\"\">\n                                      <img decoding=\"async\" class=\"logo-card-image\" src=\"https:\/\/www.akeneo.com\/wp-content\/uploads\/2021\/11\/electrodepot.png\" alt=\"\">\n                      <\/div>\n      <\/div>\n            <\/div><\/section>\n\n\n<section id=\"content-block_52bf27b5a264b82cc10a6e6333bd4da9\" class=\"py-6 py-md-8 \">\n    <div class=\"container\">\n        <div class=\"row justify-content-between align-items-center g-3 flex-lg-row-reverse\">\n            <div class=\"col-lg-6\">\n                <div class=\"w-lg-70 mx-auto\">\n                                            <h2 class=\"text-primary-blackstar\">L\u2019exp\u00e9rience produit pilot\u00e9e par la donn\u00e9e<\/h2>\n                    \n                    \n                    <div class=\"text-editor fs-md text-primary-blackstar\">\n                                                    <p><span style=\"font-weight: 400;\">Une d\u00e9monstration anim\u00e9e par un expert vous montrera comment :<\/span><\/p>\n                                                                            <ul class=\"list-check\">\n                                                                    <li>Connecter directement les retours clients \u00e0 vos donn\u00e9es produits pour comprendre pr\u00e9cis\u00e9ment ce que vos acheteurs recherchent.<\/li>\n                                                                    <li>Transformer ces insights en actions concr\u00e8tes dans votre PIM, afin d\u2019apporter des mises \u00e0 jour plus pertinentes au quotidien.<\/li>\n                                                                    <li>Exploiter les feedbacks clients pour am\u00e9liorer votre SEO, augmenter vos conversions et r\u00e9duire proactivement vos retours produits.<\/li>\n                                                                    <li>D\u00e9couvrir comment PX Insights s\u2019int\u00e8gre nativement \u00e0 Akeneo PIM, pour offrir une valeur imm\u00e9diate et sans friction \u00e0 vos \u00e9quipes.<\/li>\n                                                            <\/ul>\n                                            <\/div>\n                                                                        <a class=\"d-inline-block fs-md fw-medium mt-2 btn btn-primary\" href=\"#form\"><span class=\"initial text\">D\u00e9couvrir la plateforme<\/span><span class=\"background-text\">D\u00e9couvrir la plateforme<\/span><span class=\"hovered text\">D\u00e9couvrir la plateforme<\/span><\/a>                                                            <\/div>\n            <\/div>\n                            <div class=\"col-lg-6 text-center\">\n                    \n                                            <div class=\"ratio ratio-4x3\">\n                            <video autoplay=\"\" muted=\"\" loop=\"\" playsinline=\"\">\n                                <source src=\"https:\/\/www.akeneo.com\/wp-content\/uploads\/2025\/02\/Homepage-Animation-2025.webm\" type=\"video\/webm\">\n                                <source src=\"\" type=\"video\/webm\">Your browser does not support the video tag.                            <\/video>\n                        <\/div>\n                                    <\/div>\n                    <\/div>\n    <\/div>\n<\/section>\n\n\n\n\n<section id=\"video-block_64b8ae3fa1687ff24ce89322aeaa0fad\" class=\"py-6 py-md-8\">\n  <div class=\"container\">\n    <div class=\"row \">\n              <div class=\"col-12\">\n                                                  <div>\n              <div class=\"ratio ratio-16x9 video-wrapper position-relative\">\n                                                  <div class=\"ratio ratio-16x9\"><iframe id=\"externalVideo\" class=\"\" loading=\"lazy\" width=\"650\" height=\"366\" src=\"https:\/\/www.youtube.com\/embed\/ySkEplmi3ng?si=-erx7TsWL7UtefHE\" title=\"YouTube video player\" frameborder=\"0\" allow=\"accelerometer; autoplay; clipboard-write; encrypted-media; gyroscope; picture-in-picture; web-share\" allowfullscreen><\/iframe><\/div>\n                              <\/div>\n            <\/div>\n                                                <\/div>\n          <\/div>\n  <\/div>\n<\/section>\n\n\n<section id=\"cards-block_9bda33473f9f0054f74eed47f3787978\" class=\" py-6 py-md-8 bg-light \">\n  \n  <div class=\"container\">\n          <div class=\"row\">\n        <div class=\"col-md-10 col-lg-8 mx-md-auto\">\n          <div class=\" text-center mb-4\">\n                          <h2 class=\"mb-0 text-primary-blackstar\">Les avantages d\u2019Akeneo PX Insights<\/h2>\n                                  <\/div>\n        <\/div>\n      <\/div>\n              <div class=\"row justify-content-center g-3 row-cols-lg-3\">\n                  <div>\n            <div class=\"basic-card  basic-card-move-up\">\n                            <div class=\"basic-card-content\">\n                                  <h4 class=\"basic-card-title\">\n                    Centralisez vos donn\u00e9es                                      <\/h4>\n                                                <div class=\"basic-card-text\">\n                                      <p><span style=\"font-weight: 400;\">Supprimez les silos en int\u00e9grant directement les avis clients et les indicateurs de performance dans votre PIM, et offrez \u00e0 toutes vos \u00e9quipes une source unique de v\u00e9rit\u00e9.<\/span><\/p>\n                                                    <\/div>\n\n\n                              <\/div>\n            <\/div>\n          <\/div>\n                  <div>\n            <div class=\"basic-card  basic-card-move-up\">\n                            <div class=\"basic-card-content\">\n                                  <h4 class=\"basic-card-title\">\n                    Transformez l\u2019insight en action                                      <\/h4>\n                                                <div class=\"basic-card-text\">\n                                      <p><span style=\"font-weight: 400;\">Int\u00e9grez l\u2019intelligence client dans vos workflows pour prendre de meilleures d\u00e9cisions : am\u00e9liorer vos contenus g\u00e9n\u00e9r\u00e9s par l\u2019IA, identifier proactivement les probl\u00e8mes de qualit\u00e9, ajuster vos fiches produits.<\/span><\/p>\n                                                    <\/div>\n\n\n                              <\/div>\n            <\/div>\n          <\/div>\n                  <div>\n            <div class=\"basic-card  basic-card-move-up\">\n                            <div class=\"basic-card-content\">\n                                  <h4 class=\"basic-card-title\">\n                    G\u00e9n\u00e9rez un v\u00e9ritable impact business                                      <\/h4>\n                                                <div class=\"basic-card-text\">\n                                      <p><span style=\"font-weight: 400;\">Utilisez le feedback client pour am\u00e9liorer votre visibilit\u00e9, optimiser votre merchandising et stimuler vos conversions, tout en r\u00e9duisant vos retours produits.<\/span><\/p>\n                                                    <\/div>\n\n\n                              <\/div>\n            <\/div>\n          <\/div>\n              <\/div>\n              <div class=\"mt-3 text-center\">\n        <a class=\"fs-md fw-medium btn btn-primary\" href=\"#form\"><span class=\"initial text\">Explorer Akeneo<\/span><span class=\"background-text\">Explorer Akeneo<\/span><span class=\"hovered text\">Explorer Akeneo<\/span><\/a>      <\/div>\n      <\/div>\n<\/section>\n\n\n\n  \n<section class=\"testimonial-carousel\">\n    <div class=\"container-fluid\">\n        <div class=\"row\">\n            <div class=\"col-12\">\n                                    <div class=\"text-center mb-4\">\n                        <h2 class=\"mb-0 text-gray-100\">Akeneo Product Cloud aide toutes vos \u00e9quipes \u00e0 r\u00e9ussir<\/h2>\n                    <\/div>\n                                                    <div class=\"swiper\">\n                        <div class=\"swiper-wrapper\">\n                                                            <div class=\"swiper-slide\">\n                                    \n<div class=\"testimonial-card testimonial-card-dark\">\n            <blockquote class=\"testimonial-card-quote\">\n            <p>\u00ab\u00a0Gr\u00e2ce \u00e0 Akeneo, nous avons am\u00e9lior\u00e9 l\u2019exp\u00e9rience en ligne pour nos clients avec des informations produits enrichies.\u00a0\u00bb<\/p>\n        <\/blockquote>\n                <div class=\"author\">\n                                                <div class=\"author-pic\">\n                        <img decoding=\"async\" src=\"https:\/\/www.akeneo.com\/wp-content\/uploads\/2022\/01\/photo-jimmy-nordth.jpg\" alt=\"\">\n                    <\/div>\n                                        <div class=\"author-info\">\n                <p>\n                                            <strong>Solange Marsaux,<\/strong>\n                                                                Directrice digitale                                    <\/p>\n                                    <strong>@Nature &#038; D\u00e9couverte<\/strong>\n                            <\/div>\n        <\/div>\n    <\/div>                                <\/div>\n                                                            <div class=\"swiper-slide\">\n                                    \n<div class=\"testimonial-card testimonial-card-dark\">\n            <blockquote class=\"testimonial-card-quote\">\n            <p>\u00ab\u00a0Akeneo : un PIM \u00e9volutif, modulable et parfaitement adapt\u00e9 aux enjeux e-commerce.\u00a0\u00bb<\/p>\n        <\/blockquote>\n                <div class=\"author\">\n                                                <div class=\"author-pic\">\n                        <img decoding=\"async\" src=\"https:\/\/www.akeneo.com\/wp-content\/uploads\/2022\/01\/photo-anthony-le-courtes-1.jpg\" alt=\"\">\n                    <\/div>\n                                        <div class=\"author-info\">\n                <p>\n                                            <strong>Anthony Le Courtes,<\/strong>\n                                                                DSI                                    <\/p>\n                                    <strong>@Legallais<\/strong>\n                            <\/div>\n        <\/div>\n    <\/div>                                <\/div>\n                                                            <div class=\"swiper-slide\">\n                                    \n<div class=\"testimonial-card testimonial-card-dark\">\n            <blockquote class=\"testimonial-card-quote\">\n            <p>\u00ab\u00a0Akeneo PIM nous offre une flexibilit\u00e9 dont on ne peut plus se passer.\u00a0\u00bb<\/p>\n        <\/blockquote>\n                <div class=\"author\">\n                                                <div class=\"author-pic\">\n                        <img decoding=\"async\" src=\"https:\/\/www.akeneo.com\/wp-content\/uploads\/2022\/01\/photo-emilien-chareyon.jpg\" alt=\"\">\n                    <\/div>\n                                        <div class=\"author-info\">\n                <p>\n                                                        <\/p>\n                            <\/div>\n        <\/div>\n    <\/div>                                <\/div>\n                                                            <div class=\"swiper-slide\">\n                                    \n<div class=\"testimonial-card testimonial-card-dark\">\n            <blockquote class=\"testimonial-card-quote\">\n            <p>\u00ab\u00a0100% de compl\u00e9tude des informations produit gr\u00e2ce \u00e0 Akeneo PIM\u00a0\u00bb<\/p>\n        <\/blockquote>\n                <div class=\"author\">\n                                                <div class=\"author-pic\">\n                        <img decoding=\"async\" src=\"https:\/\/www.akeneo.com\/wp-content\/uploads\/2022\/01\/photo-jimmy-nordth.jpg\" alt=\"\">\n                    <\/div>\n                                        <div class=\"author-info\">\n                <p>\n                                            <strong>Emilien Chareyron,<\/strong>\n                                                                Responsable E-commerce                                    <\/p>\n                                    <strong>@Babolat<\/strong>\n                            <\/div>\n        <\/div>\n    <\/div>                                <\/div>\n                                                    <\/div>\n                        <div class=\"swiper-pagination\"><\/div>\n                    <\/div>\n                            <\/div>\n        <\/div>\n    <\/div>\n<\/section>\n\n\n<section class=\"py-3 py-md-6  \">\n        <div class=\"container\">\n        <div class=\"row\">\n            <div class=\"col-12\">\n                <div class=\"cta px-lg-8 py-3 bg-secondary\">\n                    <div class=\"cta-content\">\n                                                    <h2 class=\"cta-title text-gray-100\">Pr\u00eat \u00e0 d\u00e9couvrir ce que vos clients pensent vraiment ?<\/h2>\n                                                                            <div class=\"cta-text text-gray-100\">\n                                <p>Vos clients vous indiquent d\u00e9j\u00e0 comment leur vendre. Nos experts vous montreront comment \u00e9couter, analyser et exploiter ces retours pour optimiser toute votre exp\u00e9rience produit.<br><\/p>\n                            <\/div>\n                                                                            <div class=\"cta-buttons\">\n                                                                    <div>\n                                        <a class=\"btn-lg btn btn-primary\" href=\"#form\"><span class=\"initial text\">Demander une d\u00e9monstration<\/span><span class=\"background-text\">Demander une d\u00e9monstration<\/span><span class=\"hovered text\">Demander une d\u00e9monstration<\/span><\/a>                                    <\/div>\n                                                            <\/div>\n                                            <\/div>\n                                                                        <div class=\"cta-image\">\n                                <img decoding=\"async\" src=\"https:\/\/www.akeneo.com\/wp-content\/uploads\/2025\/05\/Web-assets-Call-to-Action-large-get-in-contact@2x.png\" alt=\"\">\n                            <\/div>\n                                                            <\/div>\n            <\/div>\n        <\/div>\n    <\/div>\n<\/section>","protected":false},"excerpt":{"rendered":"","protected":false},"author":46,"featured_media":0,"parent":65259,"menu_order":0,"comment_status":"closed","ping_status":"closed","template":"landing-page-template.php","meta":{"_acf_changed":true,"footnotes":""},"class_list":["post-65262","page","type-page","status-publish","hentry"],"acf":[],"yoast_head":"<!-- This site is optimized with the Yoast SEO Premium plugin v26.7 (Yoast SEO v26.7) - https:\/\/yoast.com\/wordpress\/plugins\/seo\/ -->\n<title>Akeneo PX Insights Demo | Akeneo<\/title>\n<meta name=\"robots\" content=\"noindex, nofollow\" \/>\n<meta property=\"og:locale\" content=\"fr_FR\" \/>\n<meta property=\"og:type\" content=\"article\" \/>\n<meta property=\"og:title\" content=\"Akeneo PX Insights Demo | Akeneo\" \/>\n<meta property=\"og:url\" content=\"https:\/\/www.akeneo.com\/fr\/lp\/akeneo-px-insights-demo\/\" \/>\n<meta property=\"og:site_name\" content=\"Akeneo\" \/>\n<meta property=\"article:modified_time\" content=\"2025-12-02T16:12:21+00:00\" \/>\n<meta property=\"og:image\" content=\"https:\/\/www.akeneo.com\/wp-content\/uploads\/2024\/11\/generic_featuredimage_1200x1200.png\" \/>\n\t<meta property=\"og:image:width\" content=\"1200\" \/>\n\t<meta property=\"og:image:height\" content=\"1200\" \/>\n\t<meta property=\"og:image:type\" content=\"image\/png\" \/>\n<meta name=\"twitter:card\" content=\"summary_large_image\" \/>\n<script type=\"application\/ld+json\" class=\"yoast-schema-graph\">{\"@context\":\"https:\/\/schema.org\",\"@graph\":[{\"@type\":\"WebPage\",\"@id\":\"https:\/\/www.akeneo.com\/fr\/lp\/akeneo-px-insights-demo\/\",\"url\":\"https:\/\/www.akeneo.com\/fr\/lp\/akeneo-px-insights-demo\/\",\"name\":\"Akeneo PX Insights Demo | Akeneo\",\"isPartOf\":{\"@id\":\"https:\/\/www.akeneo.com\/fr\/#website\"},\"datePublished\":\"2025-07-22T15:41:57+00:00\",\"dateModified\":\"2025-12-02T16:12:21+00:00\",\"breadcrumb\":{\"@id\":\"https:\/\/www.akeneo.com\/fr\/lp\/akeneo-px-insights-demo\/#breadcrumb\"},\"inLanguage\":\"fr-FR\",\"potentialAction\":[{\"@type\":\"ReadAction\",\"target\":[\"https:\/\/www.akeneo.com\/fr\/lp\/akeneo-px-insights-demo\/\"]}]},{\"@type\":\"BreadcrumbList\",\"@id\":\"https:\/\/www.akeneo.com\/fr\/lp\/akeneo-px-insights-demo\/#breadcrumb\",\"itemListElement\":[{\"@type\":\"ListItem\",\"position\":1,\"name\":\"lp\",\"item\":\"https:\/\/www.akeneo.com\/fr\/lp\/\"},{\"@type\":\"ListItem\",\"position\":2,\"name\":\"Akeneo PX Insights Demo\"}]},{\"@type\":\"WebSite\",\"@id\":\"https:\/\/www.akeneo.com\/fr\/#website\",\"url\":\"https:\/\/www.akeneo.com\/fr\/\",\"name\":\"Akeneo\",\"description\":\"\",\"publisher\":{\"@id\":\"https:\/\/www.akeneo.com\/fr\/#organization\"},\"potentialAction\":[{\"@type\":\"SearchAction\",\"target\":{\"@type\":\"EntryPoint\",\"urlTemplate\":\"https:\/\/www.akeneo.com\/fr\/?s={search_term_string}\"},\"query-input\":{\"@type\":\"PropertyValueSpecification\",\"valueRequired\":true,\"valueName\":\"search_term_string\"}}],\"inLanguage\":\"fr-FR\"},{\"@type\":\"Organization\",\"@id\":\"https:\/\/www.akeneo.com\/fr\/#organization\",\"name\":\"Akeneo\",\"url\":\"https:\/\/www.akeneo.com\/fr\/\",\"logo\":{\"@type\":\"ImageObject\",\"inLanguage\":\"fr-FR\",\"@id\":\"https:\/\/www.akeneo.com\/fr\/#\/schema\/logo\/image\/\",\"url\":\"https:\/\/www.akeneo.com\/wp-content\/uploads\/2019\/08\/logo-kjus.png\",\"contentUrl\":\"https:\/\/www.akeneo.com\/wp-content\/uploads\/2019\/08\/logo-kjus.png\",\"width\":1,\"height\":1,\"caption\":\"Akeneo\"},\"image\":{\"@id\":\"https:\/\/www.akeneo.com\/fr\/#\/schema\/logo\/image\/\"}}]}<\/script>\n<!-- \/ Yoast SEO Premium plugin. -->","yoast_head_json":{"title":"Akeneo PX Insights Demo | Akeneo","robots":{"index":"noindex","follow":"nofollow"},"og_locale":"fr_FR","og_type":"article","og_title":"Akeneo PX Insights Demo | Akeneo","og_url":"https:\/\/www.akeneo.com\/fr\/lp\/akeneo-px-insights-demo\/","og_site_name":"Akeneo","article_modified_time":"2025-12-02T16:12:21+00:00","og_image":[{"width":1200,"height":1200,"url":"https:\/\/www.akeneo.com\/wp-content\/uploads\/2024\/11\/generic_featuredimage_1200x1200.png","type":"image\/png"}],"twitter_card":"summary_large_image","schema":{"@context":"https:\/\/schema.org","@graph":[{"@type":"WebPage","@id":"https:\/\/www.akeneo.com\/fr\/lp\/akeneo-px-insights-demo\/","url":"https:\/\/www.akeneo.com\/fr\/lp\/akeneo-px-insights-demo\/","name":"Akeneo PX Insights Demo | Akeneo","isPartOf":{"@id":"https:\/\/www.akeneo.com\/fr\/#website"},"datePublished":"2025-07-22T15:41:57+00:00","dateModified":"2025-12-02T16:12:21+00:00","breadcrumb":{"@id":"https:\/\/www.akeneo.com\/fr\/lp\/akeneo-px-insights-demo\/#breadcrumb"},"inLanguage":"fr-FR","potentialAction":[{"@type":"ReadAction","target":["https:\/\/www.akeneo.com\/fr\/lp\/akeneo-px-insights-demo\/"]}]},{"@type":"BreadcrumbList","@id":"https:\/\/www.akeneo.com\/fr\/lp\/akeneo-px-insights-demo\/#breadcrumb","itemListElement":[{"@type":"ListItem","position":1,"name":"lp","item":"https:\/\/www.akeneo.com\/fr\/lp\/"},{"@type":"ListItem","position":2,"name":"Akeneo PX Insights Demo"}]},{"@type":"WebSite","@id":"https:\/\/www.akeneo.com\/fr\/#website","url":"https:\/\/www.akeneo.com\/fr\/","name":"Akeneo","description":"","publisher":{"@id":"https:\/\/www.akeneo.com\/fr\/#organization"},"potentialAction":[{"@type":"SearchAction","target":{"@type":"EntryPoint","urlTemplate":"https:\/\/www.akeneo.com\/fr\/?s={search_term_string}"},"query-input":{"@type":"PropertyValueSpecification","valueRequired":true,"valueName":"search_term_string"}}],"inLanguage":"fr-FR"},{"@type":"Organization","@id":"https:\/\/www.akeneo.com\/fr\/#organization","name":"Akeneo","url":"https:\/\/www.akeneo.com\/fr\/","logo":{"@type":"ImageObject","inLanguage":"fr-FR","@id":"https:\/\/www.akeneo.com\/fr\/#\/schema\/logo\/image\/","url":"https:\/\/www.akeneo.com\/wp-content\/uploads\/2019\/08\/logo-kjus.png","contentUrl":"https:\/\/www.akeneo.com\/wp-content\/uploads\/2019\/08\/logo-kjus.png","width":1,"height":1,"caption":"Akeneo"},"image":{"@id":"https:\/\/www.akeneo.com\/fr\/#\/schema\/logo\/image\/"}}]}},"_links":{"self":[{"href":"https:\/\/www.akeneo.com\/fr\/wp-json\/wp\/v2\/pages\/65262","targetHints":{"allow":["GET"]}}],"collection":[{"href":"https:\/\/www.akeneo.com\/fr\/wp-json\/wp\/v2\/pages"}],"about":[{"href":"https:\/\/www.akeneo.com\/fr\/wp-json\/wp\/v2\/types\/page"}],"author":[{"embeddable":true,"href":"https:\/\/www.akeneo.com\/fr\/wp-json\/wp\/v2\/users\/46"}],"replies":[{"embeddable":true,"href":"https:\/\/www.akeneo.com\/fr\/wp-json\/wp\/v2\/comments?post=65262"}],"version-history":[{"count":0,"href":"https:\/\/www.akeneo.com\/fr\/wp-json\/wp\/v2\/pages\/65262\/revisions"}],"up":[{"embeddable":true,"href":"https:\/\/www.akeneo.com\/fr\/wp-json\/wp\/v2\/pages\/65259"}],"wp:attachment":[{"href":"https:\/\/www.akeneo.com\/fr\/wp-json\/wp\/v2\/media?parent=65262"}],"curies":[{"name":"wp","href":"https:\/\/api.w.org\/{rel}","templated":true}]}}