{"id":65257,"date":"2025-07-15T10:40:26","date_gmt":"2025-07-15T10:40:26","guid":{"rendered":"https:\/\/www.akeneo.com\/akeneo-product-cloud-demo\/"},"modified":"2025-12-02T16:11:38","modified_gmt":"2025-12-02T16:11:38","slug":"akeneo-product-cloud-demo","status":"publish","type":"page","link":"https:\/\/www.akeneo.com\/fr\/lp\/akeneo-product-cloud-demo\/","title":{"rendered":"Akeneo Product Cloud Demo"},"content":{"rendered":"\n<section id=\"form\" class=\"hero bg-light image-background\" style=\"background-image: url(https:\/\/www.akeneo.com\/wp-content\/uploads\/2025\/07\/BG.png); !important\">\n  <div class=\"container\">\n    <div class=\"row justify-content-between align-items-center g-3\">\n      <div class=\"col-lg-6\">\n        <div class=\"hero-content\">\n                                <h1 class=\"hero-title\">Un Product Cloud. Un potentiel produit sans limites.<\/h1>\n                                <div class=\"hero-text\">\n              <p><span style=\"font-weight: 400;\">Vos donn\u00e9es produits ne sont pas seulement des informations ; elles constituent votre avantage concurrentiel. Enrichissez-les, g\u00e9rez-les et activez-les sur l\u2019ensemble du parcours client gr\u00e2ce \u00e0 Akeneo Product Cloud.<\/span><\/p>\n            <\/div>\n                  <\/div>\n      <\/div>\n\n      <div class=\"col-lg-5 \">\n        <div class=\"p-3  rounded-4 shadow mt-3 p-md-6 bg-body\">\n                                                          <script data-cookieconsent=\"ignore\" src=\"\/\/pages.akeneo.com\/js\/forms2\/js\/forms2.min.js\"><\/script> \n              <form id=\"mktoForm_1007\"><\/form> \n              <script>MktoForms2.loadForm(\"\/\/pages.akeneo.com\", \"343-FNN-684\", 1007);<\/script>\n                              <\/div>\n      <\/div>      \n    <\/div>\n  <\/div>\n<\/section>\n\n\n\n<section id=\"logos-block_bc88e908a0a3f1f8212ac8886105a428\" class=\"py-1 py-md-2\">\n  <div class=\"container\">\n    <div class=\"row\">\n      <div class=\"col-12\">\n                      <\/div>\n    <\/div>\n\n    \n                <div class=\"logos\">    \n        <div class=\"logo-carousel\">\n                                                        <img decoding=\"async\" class=\"logo-card-image\" src=\"https:\/\/www.akeneo.com\/wp-content\/uploads\/2025\/12\/Courir_logo.svg.png\" alt=\"\">\n                                      <img decoding=\"async\" class=\"logo-card-image\" src=\"https:\/\/www.akeneo.com\/wp-content\/uploads\/2021\/11\/logo-nature-et-decouvertes@2x.png\" alt=\"\">\n                                      <img decoding=\"async\" class=\"logo-card-image\" src=\"https:\/\/www.akeneo.com\/wp-content\/uploads\/2021\/11\/logo-intersport@2x.png\" alt=\"\">\n                                      <img decoding=\"async\" class=\"logo-card-image\" src=\"https:\/\/www.akeneo.com\/wp-content\/uploads\/2021\/11\/logo-backmarket@2x.png\" alt=\"\">\n                                      <img decoding=\"async\" class=\"logo-card-image\" src=\"https:\/\/www.akeneo.com\/wp-content\/uploads\/2025\/12\/E.Leclerc-Logo.wine_-scaled-e1764691499225.png\" alt=\"\">\n                                      <img decoding=\"async\" class=\"logo-card-image\" src=\"https:\/\/www.akeneo.com\/wp-content\/uploads\/2025\/12\/Smcp_logo.svg.png\" alt=\"\">\n                                      <img decoding=\"async\" class=\"logo-card-image\" src=\"https:\/\/www.akeneo.com\/wp-content\/uploads\/2025\/12\/Logo-SchmidtGroupe-RVB-HD-scaled.jpg\" alt=\"\">\n                                      <img decoding=\"async\" class=\"logo-card-image\" src=\"https:\/\/www.akeneo.com\/wp-content\/uploads\/2024\/03\/logo-gedimat.png\" alt=\"\">\n                                      <img decoding=\"async\" class=\"logo-card-image\" src=\"https:\/\/www.akeneo.com\/wp-content\/uploads\/2021\/02\/logo-legallais@2x.png\" alt=\"\">\n                                      <img decoding=\"async\" class=\"logo-card-image\" src=\"https:\/\/www.akeneo.com\/wp-content\/uploads\/2021\/11\/electrodepot.png\" alt=\"\">\n                      <\/div>\n        <div class=\"logo-carousel\">\n                                                        <img decoding=\"async\" class=\"logo-card-image\" src=\"https:\/\/www.akeneo.com\/wp-content\/uploads\/2025\/12\/Courir_logo.svg.png\" alt=\"\">\n                                      <img decoding=\"async\" class=\"logo-card-image\" src=\"https:\/\/www.akeneo.com\/wp-content\/uploads\/2021\/11\/logo-nature-et-decouvertes@2x.png\" alt=\"\">\n                                      <img decoding=\"async\" class=\"logo-card-image\" src=\"https:\/\/www.akeneo.com\/wp-content\/uploads\/2021\/11\/logo-intersport@2x.png\" alt=\"\">\n                                      <img decoding=\"async\" class=\"logo-card-image\" src=\"https:\/\/www.akeneo.com\/wp-content\/uploads\/2021\/11\/logo-backmarket@2x.png\" alt=\"\">\n                                      <img decoding=\"async\" class=\"logo-card-image\" src=\"https:\/\/www.akeneo.com\/wp-content\/uploads\/2025\/12\/E.Leclerc-Logo.wine_-scaled-e1764691499225.png\" alt=\"\">\n                                      <img decoding=\"async\" class=\"logo-card-image\" src=\"https:\/\/www.akeneo.com\/wp-content\/uploads\/2025\/12\/Smcp_logo.svg.png\" alt=\"\">\n                                      <img decoding=\"async\" class=\"logo-card-image\" src=\"https:\/\/www.akeneo.com\/wp-content\/uploads\/2025\/12\/Logo-SchmidtGroupe-RVB-HD-scaled.jpg\" alt=\"\">\n                                      <img decoding=\"async\" class=\"logo-card-image\" src=\"https:\/\/www.akeneo.com\/wp-content\/uploads\/2024\/03\/logo-gedimat.png\" alt=\"\">\n                                      <img decoding=\"async\" class=\"logo-card-image\" src=\"https:\/\/www.akeneo.com\/wp-content\/uploads\/2021\/02\/logo-legallais@2x.png\" alt=\"\">\n                                      <img decoding=\"async\" class=\"logo-card-image\" src=\"https:\/\/www.akeneo.com\/wp-content\/uploads\/2021\/11\/electrodepot.png\" alt=\"\">\n                      <\/div>\n      <\/div>\n            <\/div><\/section>\n\n\n<section id=\"content-block_c806a3f81592735a9455025c7d2bb14f\" class=\"py-6 py-md-8 \">\n    <div class=\"container\">\n        <div class=\"row justify-content-between align-items-center g-3 flex-lg-row-reverse\">\n            <div class=\"col-lg-6\">\n                <div class=\"w-lg-70 mx-auto\">\n                                            <h2 class=\"text-primary-blackstar\">Votre source unique de v\u00e9rit\u00e9<\/h2>\n                    \n                    \n                    <div class=\"text-editor fs-md text-primary-blackstar\">\n                                                    <p><span style=\"font-weight: 400;\">Une d\u00e9monstration guid\u00e9e par un expert vous montrera comment :<\/span><\/p>\n                                                                            <ul class=\"list-check\">\n                                                                    <li>Organiser et structurer vos informations produits,<\/li>\n                                                                    <li>Soutenir la croissance de votre activit\u00e9 en d\u00e9veloppant vos op\u00e9rations omnicanales et en \u00e9largissant votre pr\u00e9sence sur de nouveaux march\u00e9s,<\/li>\n                                                                    <li>Permettre \u00e0 vos \u00e9quipes de contr\u00f4ler l\u2019exhaustivit\u00e9, la pr\u00e9cision et la qualit\u00e9 de vos informations produits pour offrir de meilleures exp\u00e9riences client,<\/li>\n                                                                    <li>Donner \u00e0 votre entreprise les moyens d\u2019atteindre ses objectifs et de r\u00e9aliser ses ambitions.<\/li>\n                                                            <\/ul>\n                                            <\/div>\n                                                                        <a class=\"d-inline-block fs-md fw-medium mt-2 btn btn-primary\" href=\"#form\"><span class=\"initial text\">D\u00e9couvrir la plateforme<\/span><span class=\"background-text\">D\u00e9couvrir la plateforme<\/span><span class=\"hovered text\">D\u00e9couvrir la plateforme<\/span><\/a>                                                            <\/div>\n            <\/div>\n                            <div class=\"col-lg-6 text-center\">\n                    \n                                            <div class=\"ratio ratio-4x3\">\n                            <video autoplay=\"\" muted=\"\" loop=\"\" playsinline=\"\">\n                                <source src=\"https:\/\/www.akeneo.com\/wp-content\/uploads\/2025\/02\/Homepage-Animation-2025.webm\" type=\"video\/webm\">\n                                <source src=\"\" type=\"video\/webm\">Your browser does not support the video tag.                            <\/video>\n                        <\/div>\n                                    <\/div>\n                    <\/div>\n    <\/div>\n<\/section>\n\n\n\n\n<section id=\"video-block_4ace076618e41c44f73e49316beddf22\" class=\"py-6 py-md-8\">\n  <div class=\"container\">\n    <div class=\"row \">\n              <div class=\"col-12\">\n                                                  <div>\n              <div class=\"ratio ratio-16x9 video-wrapper position-relative\">\n                                                  <div class=\"ratio ratio-16x9\"><iframe id=\"externalVideo\" class=\"\" loading=\"lazy\" width=\"650\" height=\"366\" src=\"https:\/\/www.youtube.com\/embed\/ySkEplmi3ng?si=-erx7TsWL7UtefHE\" title=\"YouTube video player\" frameborder=\"0\" allow=\"accelerometer; autoplay; clipboard-write; encrypted-media; gyroscope; picture-in-picture; web-share\" allowfullscreen><\/iframe><\/div>\n                              <\/div>\n            <\/div>\n                                                <\/div>\n          <\/div>\n  <\/div>\n<\/section>\n\n\n<section id=\"cards-block_73ab947087d0b6f80461347388cf2764\" class=\" py-6 py-md-8 bg-light \">\n  \n  <div class=\"container\">\n          <div class=\"row\">\n        <div class=\"col-md-10 col-lg-8 mx-md-auto\">\n          <div class=\" text-center mb-4\">\n                          <h2 class=\"mb-0 text-primary-blackstar\">L\u2019avantage d\u2019Akeneo<\/h2>\n                                  <\/div>\n        <\/div>\n      <\/div>\n              <div class=\"row justify-content-center g-3 row-cols-lg-3\">\n                  <div>\n            <div class=\"basic-card  basic-card-move-up\">\n                            <div class=\"basic-card-content\">\n                                  <h4 class=\"basic-card-title\">\n                    Augmentez vos taux de conversion jusqu\u2019\u00e0 60%                                      <\/h4>\n                                                <div class=\"basic-card-text\">\n                                      <p><span style=\"font-weight: 400;\">Offrez \u00e0 vos clients une exp\u00e9rience produit engageante pour stimuler vos ventes et vos conversions.<\/span><\/p>\n                                                    <\/div>\n\n\n                              <\/div>\n            <\/div>\n          <\/div>\n                  <div>\n            <div class=\"basic-card  basic-card-move-up\">\n                            <div class=\"basic-card-content\">\n                                  <h4 class=\"basic-card-title\">\n                    Acc\u00e9l\u00e9rez votre time-to-market jusqu\u2019\u00e0 70%                                      <\/h4>\n                                                <div class=\"basic-card-text\">\n                                      <p><span style=\"font-weight: 400;\">R\u00e9duisez consid\u00e9rablement le temps d\u2019attente avant la commercialisation de vos produits.<\/span><\/p>\n                                                    <\/div>\n\n\n                              <\/div>\n            <\/div>\n          <\/div>\n                  <div>\n            <div class=\"basic-card  basic-card-move-up\">\n                            <div class=\"basic-card-content\">\n                                  <h4 class=\"basic-card-title\">\n                    D\u00e9veloppez facilement votre pr\u00e9sence \u00e0 l\u2019international                                      <\/h4>\n                                                <div class=\"basic-card-text\">\n                                      <p>Acc\u00e9dez \u00e0 de nouveaux march\u00e9s gr\u00e2ce \u00e0 des exp\u00e9riences produits localis\u00e9es et contextualis\u00e9es<\/p>\n                                                    <\/div>\n\n\n                              <\/div>\n            <\/div>\n          <\/div>\n              <\/div>\n              <div class=\"mt-3 text-center\">\n        <a class=\"fs-md fw-medium btn btn-primary\" href=\"#form\"><span class=\"initial text\">Explorer Akeneo<\/span><span class=\"background-text\">Explorer Akeneo<\/span><span class=\"hovered text\">Explorer Akeneo<\/span><\/a>      <\/div>\n      <\/div>\n<\/section>\n\n\n\n  \n<section class=\"testimonial-carousel\">\n    <div class=\"container-fluid\">\n        <div class=\"row\">\n            <div class=\"col-12\">\n                                    <div class=\"text-center mb-4\">\n                        <h2 class=\"mb-0 text-gray-100\">Akeneo Product Cloud aide toutes vos \u00e9quipes \u00e0 r\u00e9ussir<\/h2>\n                    <\/div>\n                                                    <div class=\"swiper\">\n                        <div class=\"swiper-wrapper\">\n                                                            <div class=\"swiper-slide\">\n                                    \n<div class=\"testimonial-card testimonial-card-dark\">\n            <blockquote class=\"testimonial-card-quote\">\n            <p>\u00ab\u00a0Gr\u00e2ce \u00e0 Akeneo, nous avons am\u00e9lior\u00e9 l\u2019exp\u00e9rience en ligne pour nos clients avec des informations produits enrichies.\u00a0\u00bb<\/p>\n        <\/blockquote>\n                <div class=\"author\">\n                                                <div class=\"author-pic\">\n                        <img decoding=\"async\" src=\"https:\/\/www.akeneo.com\/wp-content\/uploads\/2022\/01\/photo-jimmy-nordth.jpg\" alt=\"\">\n                    <\/div>\n                                        <div class=\"author-info\">\n                <p>\n                                            <strong>Solange Marsaux,<\/strong>\n                                                                Directrice digitale                                    <\/p>\n                                    <strong>@Nature &#038; D\u00e9couverte<\/strong>\n                            <\/div>\n        <\/div>\n    <\/div>                                <\/div>\n                                                            <div class=\"swiper-slide\">\n                                    \n<div class=\"testimonial-card testimonial-card-dark\">\n            <blockquote class=\"testimonial-card-quote\">\n            <p>\u00ab\u00a0Akeneo : un PIM \u00e9volutif, modulable et parfaitement adapt\u00e9 aux enjeux e-commerce.\u00a0\u00bb<\/p>\n        <\/blockquote>\n                <div class=\"author\">\n                                                <div class=\"author-pic\">\n                        <img decoding=\"async\" src=\"https:\/\/www.akeneo.com\/wp-content\/uploads\/2022\/01\/photo-anthony-le-courtes-1.jpg\" alt=\"\">\n                    <\/div>\n                                        <div class=\"author-info\">\n                <p>\n                                            <strong>Anthony Le Courtes,<\/strong>\n                                                                DSI                                    <\/p>\n                                    <strong>@Legallais<\/strong>\n                            <\/div>\n        <\/div>\n    <\/div>                                <\/div>\n                                                            <div class=\"swiper-slide\">\n                                    \n<div class=\"testimonial-card testimonial-card-dark\">\n            <blockquote class=\"testimonial-card-quote\">\n            <p>\u00ab\u00a0Akeneo PIM nous offre une flexibilit\u00e9 dont on ne peut plus se passer.\u00a0\u00bb<\/p>\n        <\/blockquote>\n                <div class=\"author\">\n                                                <div class=\"author-pic\">\n                        <img decoding=\"async\" src=\"https:\/\/www.akeneo.com\/wp-content\/uploads\/2022\/01\/photo-emilien-chareyon.jpg\" alt=\"\">\n                    <\/div>\n                                        <div class=\"author-info\">\n                <p>\n                                                        <\/p>\n                            <\/div>\n        <\/div>\n    <\/div>                                <\/div>\n                                                            <div class=\"swiper-slide\">\n                                    \n<div class=\"testimonial-card testimonial-card-dark\">\n            <blockquote class=\"testimonial-card-quote\">\n            <p>\u00ab\u00a0100% de compl\u00e9tude des informations produit gr\u00e2ce \u00e0 Akeneo PIM\u00a0\u00bb<\/p>\n        <\/blockquote>\n                <div class=\"author\">\n                                                <div class=\"author-pic\">\n                        <img decoding=\"async\" src=\"https:\/\/www.akeneo.com\/wp-content\/uploads\/2022\/01\/photo-jimmy-nordth.jpg\" alt=\"\">\n                    <\/div>\n                                        <div class=\"author-info\">\n                <p>\n                                            <strong>Emilien Chareyron,<\/strong>\n                                                                Responsable E-commerce                                    <\/p>\n                                    <strong>@Babolat<\/strong>\n                            <\/div>\n        <\/div>\n    <\/div>                                <\/div>\n                                                    <\/div>\n                        <div class=\"swiper-pagination\"><\/div>\n                    <\/div>\n                            <\/div>\n        <\/div>\n    <\/div>\n<\/section>\n\n\n<section class=\"py-3 py-md-6  \">\n        <div class=\"container\">\n        <div class=\"row\">\n            <div class=\"col-12\">\n                <div class=\"cta px-lg-8 py-3 bg-secondary\">\n                    <div class=\"cta-content\">\n                                                    <h2 class=\"cta-title text-gray-100\">Lib\u00e9rez le plein potentiel de vos informations produits<\/h2>\n                                                                            <div class=\"cta-text text-gray-100\">\n                                <p>Vos informations produits sont le socle de votre r\u00e9ussite. D\u00e9couvrez comment Akeneo aide les leaders du commerce \u00e0 offrir des exp\u00e9riences sup\u00e9rieures, coh\u00e9rentes et engageantes tout au long du parcours client.<\/p>\n                            <\/div>\n                                                                            <div class=\"cta-buttons\">\n                                                                    <div>\n                                        <a class=\"btn-lg btn btn-primary\" href=\"#form\"><span class=\"initial text\">Demander une d\u00e9monstration<\/span><span class=\"background-text\">Demander une d\u00e9monstration<\/span><span class=\"hovered text\">Demander une d\u00e9monstration<\/span><\/a>                                    <\/div>\n                                                            <\/div>\n                                            <\/div>\n                                                                        <div class=\"cta-image\">\n                                <img decoding=\"async\" src=\"https:\/\/www.akeneo.com\/wp-content\/uploads\/2025\/05\/Web-assets-Call-to-Action-large-get-in-contact@2x.png\" alt=\"\">\n                            <\/div>\n                                                            <\/div>\n            <\/div>\n        <\/div>\n    <\/div>\n<\/section>","protected":false},"excerpt":{"rendered":"","protected":false},"author":46,"featured_media":0,"parent":65259,"menu_order":0,"comment_status":"closed","ping_status":"closed","template":"landing-page-template.php","meta":{"_acf_changed":true,"footnotes":""},"class_list":["post-65257","page","type-page","status-publish","hentry"],"acf":[],"yoast_head":"<!-- This site is optimized with the Yoast SEO Premium plugin v26.7 (Yoast SEO v26.7) - https:\/\/yoast.com\/wordpress\/plugins\/seo\/ -->\n<title>Akeneo Product Cloud Demo | Akeneo<\/title>\n<meta name=\"robots\" content=\"noindex, nofollow\" \/>\n<meta property=\"og:locale\" content=\"fr_FR\" \/>\n<meta property=\"og:type\" content=\"article\" \/>\n<meta property=\"og:title\" content=\"Akeneo Product Cloud Demo | Akeneo\" \/>\n<meta property=\"og:url\" content=\"https:\/\/www.akeneo.com\/fr\/lp\/akeneo-product-cloud-demo\/\" \/>\n<meta property=\"og:site_name\" content=\"Akeneo\" \/>\n<meta property=\"article:modified_time\" content=\"2025-12-02T16:11:38+00:00\" \/>\n<meta property=\"og:image\" content=\"https:\/\/www.akeneo.com\/wp-content\/uploads\/2024\/11\/generic_featuredimage_1200x1200.png\" \/>\n\t<meta property=\"og:image:width\" content=\"1200\" \/>\n\t<meta property=\"og:image:height\" content=\"1200\" \/>\n\t<meta property=\"og:image:type\" content=\"image\/png\" \/>\n<meta name=\"twitter:card\" content=\"summary_large_image\" \/>\n<script type=\"application\/ld+json\" class=\"yoast-schema-graph\">{\"@context\":\"https:\/\/schema.org\",\"@graph\":[{\"@type\":\"WebPage\",\"@id\":\"https:\/\/www.akeneo.com\/fr\/lp\/akeneo-product-cloud-demo\/\",\"url\":\"https:\/\/www.akeneo.com\/fr\/lp\/akeneo-product-cloud-demo\/\",\"name\":\"Akeneo Product Cloud Demo | Akeneo\",\"isPartOf\":{\"@id\":\"https:\/\/www.akeneo.com\/fr\/#website\"},\"datePublished\":\"2025-07-15T10:40:26+00:00\",\"dateModified\":\"2025-12-02T16:11:38+00:00\",\"breadcrumb\":{\"@id\":\"https:\/\/www.akeneo.com\/fr\/lp\/akeneo-product-cloud-demo\/#breadcrumb\"},\"inLanguage\":\"fr-FR\",\"potentialAction\":[{\"@type\":\"ReadAction\",\"target\":[\"https:\/\/www.akeneo.com\/fr\/lp\/akeneo-product-cloud-demo\/\"]}]},{\"@type\":\"BreadcrumbList\",\"@id\":\"https:\/\/www.akeneo.com\/fr\/lp\/akeneo-product-cloud-demo\/#breadcrumb\",\"itemListElement\":[{\"@type\":\"ListItem\",\"position\":1,\"name\":\"lp\",\"item\":\"https:\/\/www.akeneo.com\/fr\/lp\/\"},{\"@type\":\"ListItem\",\"position\":2,\"name\":\"Akeneo Product Cloud Demo\"}]},{\"@type\":\"WebSite\",\"@id\":\"https:\/\/www.akeneo.com\/fr\/#website\",\"url\":\"https:\/\/www.akeneo.com\/fr\/\",\"name\":\"Akeneo\",\"description\":\"\",\"publisher\":{\"@id\":\"https:\/\/www.akeneo.com\/fr\/#organization\"},\"potentialAction\":[{\"@type\":\"SearchAction\",\"target\":{\"@type\":\"EntryPoint\",\"urlTemplate\":\"https:\/\/www.akeneo.com\/fr\/?s={search_term_string}\"},\"query-input\":{\"@type\":\"PropertyValueSpecification\",\"valueRequired\":true,\"valueName\":\"search_term_string\"}}],\"inLanguage\":\"fr-FR\"},{\"@type\":\"Organization\",\"@id\":\"https:\/\/www.akeneo.com\/fr\/#organization\",\"name\":\"Akeneo\",\"url\":\"https:\/\/www.akeneo.com\/fr\/\",\"logo\":{\"@type\":\"ImageObject\",\"inLanguage\":\"fr-FR\",\"@id\":\"https:\/\/www.akeneo.com\/fr\/#\/schema\/logo\/image\/\",\"url\":\"https:\/\/www.akeneo.com\/wp-content\/uploads\/2019\/08\/logo-kjus.png\",\"contentUrl\":\"https:\/\/www.akeneo.com\/wp-content\/uploads\/2019\/08\/logo-kjus.png\",\"width\":1,\"height\":1,\"caption\":\"Akeneo\"},\"image\":{\"@id\":\"https:\/\/www.akeneo.com\/fr\/#\/schema\/logo\/image\/\"}}]}<\/script>\n<!-- \/ Yoast SEO Premium plugin. -->","yoast_head_json":{"title":"Akeneo Product Cloud Demo | Akeneo","robots":{"index":"noindex","follow":"nofollow"},"og_locale":"fr_FR","og_type":"article","og_title":"Akeneo Product Cloud Demo | Akeneo","og_url":"https:\/\/www.akeneo.com\/fr\/lp\/akeneo-product-cloud-demo\/","og_site_name":"Akeneo","article_modified_time":"2025-12-02T16:11:38+00:00","og_image":[{"width":1200,"height":1200,"url":"https:\/\/www.akeneo.com\/wp-content\/uploads\/2024\/11\/generic_featuredimage_1200x1200.png","type":"image\/png"}],"twitter_card":"summary_large_image","schema":{"@context":"https:\/\/schema.org","@graph":[{"@type":"WebPage","@id":"https:\/\/www.akeneo.com\/fr\/lp\/akeneo-product-cloud-demo\/","url":"https:\/\/www.akeneo.com\/fr\/lp\/akeneo-product-cloud-demo\/","name":"Akeneo Product Cloud Demo | Akeneo","isPartOf":{"@id":"https:\/\/www.akeneo.com\/fr\/#website"},"datePublished":"2025-07-15T10:40:26+00:00","dateModified":"2025-12-02T16:11:38+00:00","breadcrumb":{"@id":"https:\/\/www.akeneo.com\/fr\/lp\/akeneo-product-cloud-demo\/#breadcrumb"},"inLanguage":"fr-FR","potentialAction":[{"@type":"ReadAction","target":["https:\/\/www.akeneo.com\/fr\/lp\/akeneo-product-cloud-demo\/"]}]},{"@type":"BreadcrumbList","@id":"https:\/\/www.akeneo.com\/fr\/lp\/akeneo-product-cloud-demo\/#breadcrumb","itemListElement":[{"@type":"ListItem","position":1,"name":"lp","item":"https:\/\/www.akeneo.com\/fr\/lp\/"},{"@type":"ListItem","position":2,"name":"Akeneo Product Cloud Demo"}]},{"@type":"WebSite","@id":"https:\/\/www.akeneo.com\/fr\/#website","url":"https:\/\/www.akeneo.com\/fr\/","name":"Akeneo","description":"","publisher":{"@id":"https:\/\/www.akeneo.com\/fr\/#organization"},"potentialAction":[{"@type":"SearchAction","target":{"@type":"EntryPoint","urlTemplate":"https:\/\/www.akeneo.com\/fr\/?s={search_term_string}"},"query-input":{"@type":"PropertyValueSpecification","valueRequired":true,"valueName":"search_term_string"}}],"inLanguage":"fr-FR"},{"@type":"Organization","@id":"https:\/\/www.akeneo.com\/fr\/#organization","name":"Akeneo","url":"https:\/\/www.akeneo.com\/fr\/","logo":{"@type":"ImageObject","inLanguage":"fr-FR","@id":"https:\/\/www.akeneo.com\/fr\/#\/schema\/logo\/image\/","url":"https:\/\/www.akeneo.com\/wp-content\/uploads\/2019\/08\/logo-kjus.png","contentUrl":"https:\/\/www.akeneo.com\/wp-content\/uploads\/2019\/08\/logo-kjus.png","width":1,"height":1,"caption":"Akeneo"},"image":{"@id":"https:\/\/www.akeneo.com\/fr\/#\/schema\/logo\/image\/"}}]}},"_links":{"self":[{"href":"https:\/\/www.akeneo.com\/fr\/wp-json\/wp\/v2\/pages\/65257","targetHints":{"allow":["GET"]}}],"collection":[{"href":"https:\/\/www.akeneo.com\/fr\/wp-json\/wp\/v2\/pages"}],"about":[{"href":"https:\/\/www.akeneo.com\/fr\/wp-json\/wp\/v2\/types\/page"}],"author":[{"embeddable":true,"href":"https:\/\/www.akeneo.com\/fr\/wp-json\/wp\/v2\/users\/46"}],"replies":[{"embeddable":true,"href":"https:\/\/www.akeneo.com\/fr\/wp-json\/wp\/v2\/comments?post=65257"}],"version-history":[{"count":0,"href":"https:\/\/www.akeneo.com\/fr\/wp-json\/wp\/v2\/pages\/65257\/revisions"}],"up":[{"embeddable":true,"href":"https:\/\/www.akeneo.com\/fr\/wp-json\/wp\/v2\/pages\/65259"}],"wp:attachment":[{"href":"https:\/\/www.akeneo.com\/fr\/wp-json\/wp\/v2\/media?parent=65257"}],"curies":[{"name":"wp","href":"https:\/\/api.w.org\/{rel}","templated":true}]}}