{"id":61585,"date":"2025-05-20T21:33:05","date_gmt":"2025-05-20T21:33:05","guid":{"rendered":"https:\/\/www.akeneo.com\/?page_id=61585"},"modified":"2025-05-21T09:49:44","modified_gmt":"2025-05-21T09:49:44","slug":"product-data-ai-readiness-self-assessment","status":"publish","type":"page","link":"https:\/\/www.akeneo.com\/fr\/product-data-ai-readiness-self-assessment\/","title":{"rendered":"Product Data AI Readiness &#8211; Self Assessment"},"content":{"rendered":"\n  <section class=\"hero hero-purple  \" >\n    <div class=\"container\">\n                            <div class=\"row justify-content-between align-items-center g-3\">\n                        <div class=\"col-lg-6\">\n                            <div class=\"hero-content\">\n                                                                \n                                \n                                                                    <h1 class=\"hero-title\">Vos donn\u00e9es produits sont-elles pr\u00eates pour l\u2019IA ?<\/h1>\n                                                                                                    <div class=\"hero-text\">\n                                        <p>\u00c9valuez en quelques minutes la maturit\u00e9 de vos donn\u00e9es face aux enjeux de l\u2019intelligence artificielle. \u00c0 la cl\u00e9 : un score clair et des recommandations concr\u00e8tes pour structurer vos informations, am\u00e9liorer l\u2019exp\u00e9rience produit et activer la croissance.<\/p>\n                                    <\/div>\n                                                                                                    <div class=\"hero-buttons\">\n                                                                                                                                    <div>\n                                                    <a class=\"btn btn-primary btn-lg\" href=\"#self-assessment\"><span class=\"initial text\">Voir mon score<\/span><span class=\"background-text\">Voir mon score<\/span><span class=\"hovered text\">Voir mon score<\/span><\/a>                                                <\/div>\n                                                                                                                        <\/div>\n                                                            <\/div>\n                        <\/div>\n                                                    <div class=\"col-lg-5\">\n                                                                    <div class=\"hero-image\">\n                                        <img decoding=\"async\" src=\"https:\/\/www.akeneo.com\/wp-content\/uploads\/2024\/09\/web-assets-ai-for-PX-hero.png\" alt=\"\">\n                                    <\/div>\n                                \n                                                            <\/div>\n                                            <\/div>\n\n                        <\/div>\n<\/section>  \n\n\n\n<section id=\"content-block_a46998fb327fb5b1a7c5494eafe2ef1b\" class=\"py-6 py-md-8 \">\n    <div class=\"container\">\n        <div class=\"row justify-content-between align-items-center g-3 \">\n            <div class=\"col-lg-6\">\n                <div class=\"w-lg-70 mx-auto\">\n                                            <h2 class=\"text-primary-blackstar\">D\u00e9finissez votre propre r\u00e9ussite<\/h2>\n                    \n                    \n                    <div class=\"text-editor fs-md text-primary-blackstar\">\n                                                    <p>L\u2019IA reste d\u00e9pendante de vos donn\u00e9es. Elle ne r\u00e9fl\u00e9chit pas, elle apprend \u00e0 partir des informations qu\u2019on lui fournit. Son efficacit\u00e9 d\u00e9pend donc directement de la fiabilit\u00e9, de la structure et de la coh\u00e9rence de vos donn\u00e9es produits.<\/p>\n<p>Avant de mettre l\u2019IA au service de votre strat\u00e9gie produit, il est important de prendre du recul et d\u2019\u00e9valuer la qualit\u00e9 de vos donn\u00e9es. L\u2019objectif : v\u00e9rifier que vos donn\u00e9es produits sont bien structur\u00e9es, coh\u00e9rentes, compl\u00e8tes et exploitables.<\/p>\n<p>Dans ce questionnaire, vous retrouverez les 6 crit\u00e8res essentiels \u00e0 valider pour tirer pleinement parti de l\u2019intelligence artificielle, tout en \u00e9valuant la maturit\u00e9 de vos donn\u00e9es.<\/p>\n                                                                    <\/div>\n                                                                                <\/div>\n            <\/div>\n                            <div class=\"col-lg-6 text-center\">\n                                            <img decoding=\"async\" src=\"https:\/\/www.akeneo.com\/wp-content\/uploads\/2023\/09\/web-assets-ai-for-PX-collect-and-cleanse.png\" alt=\"\">\n                    \n                                    <\/div>\n                    <\/div>\n    <\/div>\n<\/section>\n\n\n\n<section id=\"cards-block_611fc44833063d2a0baf422621d8e44b\" class=\" py-6 py-md-8  \">\n  \n  <div class=\"container\">\n          <div class=\"row\">\n        <div class=\"col-md-10 col-lg-8 mx-md-auto\">\n          <div class=\" text-center mb-4\">\n                          <h2 class=\"mb-0 text-primary-blackstar\">Qu\u2019est-ce que l\u2019IA pour PX ?<\/h2>\n                                      <div class=\"text-editor fs-md mt-2\">\n                <p>Il peut \u00eatre difficile de comprendre comment utiliser l\u2019intelligence artificielle (IA) pour les exp\u00e9riences produits (PX) et les avantages que cela peut apporter \u00e0 votre entreprise. L\u2019IA pour le PX consiste \u00e0 exploiter certaines des technologies d\u2019IA les plus innovantes pour cr\u00e9er des exp\u00e9riences produits hyper personnalis\u00e9es sur un ensemble de points de contact num\u00e9riques et physiques. Le potentiel de cette approche a d\u00e9j\u00e0 \u00e9t\u00e9 reconnu, mais il est bon de rappeler trois avantages majeurs :<\/p>\n              <\/div>\n                      <\/div>\n        <\/div>\n      <\/div>\n              <div class=\"row justify-content-center g-3 row-cols-lg-3\">\n                  <div>\n            <div class=\"basic-card  basic-card-move-up\">\n                              <div class=\"basic-card-image\" style=\"max-width:\">\n                  <img decoding=\"async\"  src=\"https:\/\/www.akeneo.com\/wp-content\/uploads\/2023\/09\/Files@2x.png\" alt=\"\">\n                <\/div>\n                            <div class=\"basic-card-content\">\n                                  <h4 class=\"basic-card-title\">\n                    G\u00e9n\u00e9ration automatique de contenu produit                                      <\/h4>\n                                                <div class=\"basic-card-text\">\n                                      <p>G\u00e9n\u00e9rer du contenu produit adapt\u00e9 \u00e0 chaque march\u00e9, langue et plateforme, multipliant ainsi les opportunit\u00e9s commerciales et l\u2019impact de la marque.<\/p>\n                                                    <\/div>\n\n\n                              <\/div>\n            <\/div>\n          <\/div>\n                  <div>\n            <div class=\"basic-card  basic-card-move-up\">\n                              <div class=\"basic-card-image\" style=\"max-width:\">\n                  <img decoding=\"async\"  src=\"https:\/\/www.akeneo.com\/wp-content\/uploads\/2023\/09\/Raise@2x.png\" alt=\"\">\n                <\/div>\n                            <div class=\"basic-card-content\">\n                                  <h4 class=\"basic-card-title\">\n                    Am\u00e9lioration de l\u2019automatisation du travail                                      <\/h4>\n                                                <div class=\"basic-card-text\">\n                                      <p>Supprimer les t\u00e2ches manuelles fastidieuses, augmenter l\u2019efficacit\u00e9 op\u00e9rationnelle et am\u00e9liorer la satisfaction des employ\u00e9s.<\/p>\n                                                    <\/div>\n\n\n                              <\/div>\n            <\/div>\n          <\/div>\n                  <div>\n            <div class=\"basic-card  basic-card-move-up\">\n                              <div class=\"basic-card-image\" style=\"max-width:\">\n                  <img decoding=\"async\"  src=\"https:\/\/www.akeneo.com\/wp-content\/uploads\/2023\/09\/Contact@2x.png\" alt=\"\">\n                <\/div>\n                            <div class=\"basic-card-content\">\n                                  <h4 class=\"basic-card-title\">\n                    Support client intelligent                                      <\/h4>\n                                                <div class=\"basic-card-text\">\n                                      <p>L\u2019IA peut aider les \u00e9quipes de support client et les rendre plus efficaces, ce qui engendre une plus grande satisfaction et fid\u00e9lit\u00e9 de la client\u00e8le.<\/p>\n                                                    <\/div>\n\n\n                              <\/div>\n            <\/div>\n          <\/div>\n              <\/div>\n              <div class=\"mt-3 text-center\">\n              <\/div>\n      <\/div>\n<\/section>\n\n\n\n<section id=\"self-assessment\" class=\"\">\n  <div class=\"container\">\n    <div class=\"row\">\n      <div class=\"col-12\">\n        <div class=\"embed-survey\" data-url=\"pdaireadiness?lang=en\"><\/div>\n      <\/div>\n    <\/div>\n  <\/div>\n<\/section>\n\n  <script defer async src=\"https:\/\/s.pointerpro.com\/js\/embed.js\"><\/script>\n\n\n\n<section class=\"py-6 py-md-8 \">\n        <div class=\"container\">\n        <div class=\"row\">\n            <div class=\"col-12\">\n                <div class=\"cta px-lg-8 py-3 bg-secondary\">\n                    <div class=\"cta-content\">\n                                                    <h2 class=\"cta-title\">\u00cates-vous pr\u00eat \u00e0 passer \u00e0 l\u2019\u00e9tape suivante ?<\/h2>\n                                                                            <div class=\"cta-text fs-xl\">\n                                <p>Nos experts Akeneo sont l\u00e0 pour r\u00e9pondre \u00e0 toutes les questions que vous pouvez vous poser sur nos produits et vous aider \u00e0 avancer dans votre parcours PXM.<\/p>\n                            <\/div>\n                                            <\/div>\n                                            <div class=\"cta-cards\">\n                            <div class=\"row row-cols-md-2 g-2\">\n                                                                    <div>\n                                        <a href=\"https:\/\/www.akeneo.com\/fr\/demo\/\" class=\"icon-card icon-card-framed icon-card-dark\">\n                                                                                        <div class=\"icon-card-content\">\n                                                <h6 class=\"icon-card-title\">Demandez une d\u00e9monstration<\/h6>\n                                                                                                <span class=\"icon-card-link\">Demandez une d\u00e9monstration <svg class=\"svg-icon fs-sm\"><use xmlns:xlink=\"http:\/\/www.w3.org\/1999\/xlink\" xlink:href=\"https:\/\/www.akeneo.com\/wp-content\/themes\/akeneo\/assets\/sprite\/icons.svg#icon-chevron-right\"><\/use><\/svg><\/span>\n                                            <\/div>\n                                        <\/a>\n                                    <\/div>\n                                                                    <div>\n                                        <a href=\"https:\/\/www.akeneo.com\/fr\/compare-packages\/\" class=\"icon-card icon-card-framed icon-card-dark\">\n                                                                                        <div class=\"icon-card-content\">\n                                                <h6 class=\"icon-card-title\">D\u00e9couvrez les \u00e9ditions d&rsquo;Akeneo PIM<\/h6>\n                                                                                                <span class=\"icon-card-link\">Comparer les \u00e9ditions <svg class=\"svg-icon fs-sm\"><use xmlns:xlink=\"http:\/\/www.w3.org\/1999\/xlink\" xlink:href=\"https:\/\/www.akeneo.com\/wp-content\/themes\/akeneo\/assets\/sprite\/icons.svg#icon-chevron-right\"><\/use><\/svg><\/span>\n                                            <\/div>\n                                        <\/a>\n                                    <\/div>\n                                                            <\/div>\n                        <\/div>\n                                    <\/div>\n            <\/div>\n        <\/div>\n    <\/div>\n<\/section>","protected":false},"excerpt":{"rendered":"","protected":false},"author":12,"featured_media":52993,"parent":0,"menu_order":0,"comment_status":"closed","ping_status":"closed","template":"","meta":{"_acf_changed":true,"footnotes":""},"class_list":["post-61585","page","type-page","status-publish","has-post-thumbnail","hentry"],"acf":[],"yoast_head":"<!-- This site is optimized with the Yoast SEO Premium plugin v26.7 (Yoast SEO v26.7) - https:\/\/yoast.com\/wordpress\/plugins\/seo\/ -->\n<title>Product Data AI Readiness - Self Assessment | Akeneo<\/title>\n<meta name=\"robots\" content=\"index, follow, max-snippet:-1, max-image-preview:large, max-video-preview:-1\" \/>\n<link rel=\"canonical\" href=\"https:\/\/www.akeneo.com\/fr\/product-data-ai-readiness-self-assessment\/\" \/>\n<meta property=\"og:locale\" content=\"fr_FR\" \/>\n<meta property=\"og:type\" content=\"article\" \/>\n<meta property=\"og:title\" content=\"Product Data AI Readiness - Self Assessment | Akeneo\" \/>\n<meta property=\"og:url\" content=\"https:\/\/www.akeneo.com\/fr\/product-data-ai-readiness-self-assessment\/\" \/>\n<meta property=\"og:site_name\" content=\"Akeneo\" \/>\n<meta property=\"article:modified_time\" content=\"2025-05-21T09:49:44+00:00\" \/>\n<meta property=\"og:image\" content=\"https:\/\/www.akeneo.com\/wp-content\/uploads\/2024\/09\/web-assets-ai-for-PX-hero.png\" \/>\n\t<meta property=\"og:image:width\" content=\"1010\" \/>\n\t<meta property=\"og:image:height\" content=\"1081\" \/>\n\t<meta property=\"og:image:type\" content=\"image\/png\" \/>\n<meta name=\"twitter:card\" content=\"summary_large_image\" \/>\n<meta name=\"twitter:label1\" content=\"Dur\u00e9e de lecture estim\u00e9e\" \/>\n\t<meta name=\"twitter:data1\" content=\"1 minute\" \/>\n<script type=\"application\/ld+json\" class=\"yoast-schema-graph\">{\"@context\":\"https:\/\/schema.org\",\"@graph\":[{\"@type\":\"WebPage\",\"@id\":\"https:\/\/www.akeneo.com\/fr\/product-data-ai-readiness-self-assessment\/\",\"url\":\"https:\/\/www.akeneo.com\/fr\/product-data-ai-readiness-self-assessment\/\",\"name\":\"Product Data AI Readiness - Self Assessment | Akeneo\",\"isPartOf\":{\"@id\":\"https:\/\/www.akeneo.com\/fr\/#website\"},\"primaryImageOfPage\":{\"@id\":\"https:\/\/www.akeneo.com\/fr\/product-data-ai-readiness-self-assessment\/#primaryimage\"},\"image\":{\"@id\":\"https:\/\/www.akeneo.com\/fr\/product-data-ai-readiness-self-assessment\/#primaryimage\"},\"thumbnailUrl\":\"https:\/\/www.akeneo.com\/wp-content\/uploads\/2024\/09\/web-assets-ai-for-PX-hero.png\",\"datePublished\":\"2025-05-20T21:33:05+00:00\",\"dateModified\":\"2025-05-21T09:49:44+00:00\",\"inLanguage\":\"fr-FR\",\"potentialAction\":[{\"@type\":\"ReadAction\",\"target\":[\"https:\/\/www.akeneo.com\/fr\/product-data-ai-readiness-self-assessment\/\"]}]},{\"@type\":\"ImageObject\",\"inLanguage\":\"fr-FR\",\"@id\":\"https:\/\/www.akeneo.com\/fr\/product-data-ai-readiness-self-assessment\/#primaryimage\",\"url\":\"https:\/\/www.akeneo.com\/wp-content\/uploads\/2024\/09\/web-assets-ai-for-PX-hero.png\",\"contentUrl\":\"https:\/\/www.akeneo.com\/wp-content\/uploads\/2024\/09\/web-assets-ai-for-PX-hero.png\",\"width\":1010,\"height\":1081},{\"@type\":\"WebSite\",\"@id\":\"https:\/\/www.akeneo.com\/fr\/#website\",\"url\":\"https:\/\/www.akeneo.com\/fr\/\",\"name\":\"Akeneo\",\"description\":\"\",\"publisher\":{\"@id\":\"https:\/\/www.akeneo.com\/fr\/#organization\"},\"potentialAction\":[{\"@type\":\"SearchAction\",\"target\":{\"@type\":\"EntryPoint\",\"urlTemplate\":\"https:\/\/www.akeneo.com\/fr\/?s={search_term_string}\"},\"query-input\":{\"@type\":\"PropertyValueSpecification\",\"valueRequired\":true,\"valueName\":\"search_term_string\"}}],\"inLanguage\":\"fr-FR\"},{\"@type\":\"Organization\",\"@id\":\"https:\/\/www.akeneo.com\/fr\/#organization\",\"name\":\"Akeneo\",\"url\":\"https:\/\/www.akeneo.com\/fr\/\",\"logo\":{\"@type\":\"ImageObject\",\"inLanguage\":\"fr-FR\",\"@id\":\"https:\/\/www.akeneo.com\/fr\/#\/schema\/logo\/image\/\",\"url\":\"https:\/\/www.akeneo.com\/wp-content\/uploads\/2019\/08\/logo-kjus.png\",\"contentUrl\":\"https:\/\/www.akeneo.com\/wp-content\/uploads\/2019\/08\/logo-kjus.png\",\"width\":1,\"height\":1,\"caption\":\"Akeneo\"},\"image\":{\"@id\":\"https:\/\/www.akeneo.com\/fr\/#\/schema\/logo\/image\/\"}}]}<\/script>\n<!-- \/ Yoast SEO Premium plugin. -->","yoast_head_json":{"title":"Product Data AI Readiness - Self Assessment | Akeneo","robots":{"index":"index","follow":"follow","max-snippet":"max-snippet:-1","max-image-preview":"max-image-preview:large","max-video-preview":"max-video-preview:-1"},"canonical":"https:\/\/www.akeneo.com\/fr\/product-data-ai-readiness-self-assessment\/","og_locale":"fr_FR","og_type":"article","og_title":"Product Data AI Readiness - Self Assessment | Akeneo","og_url":"https:\/\/www.akeneo.com\/fr\/product-data-ai-readiness-self-assessment\/","og_site_name":"Akeneo","article_modified_time":"2025-05-21T09:49:44+00:00","og_image":[{"width":1010,"height":1081,"url":"https:\/\/www.akeneo.com\/wp-content\/uploads\/2024\/09\/web-assets-ai-for-PX-hero.png","type":"image\/png"}],"twitter_card":"summary_large_image","twitter_misc":{"Dur\u00e9e de lecture estim\u00e9e":"1 minute"},"schema":{"@context":"https:\/\/schema.org","@graph":[{"@type":"WebPage","@id":"https:\/\/www.akeneo.com\/fr\/product-data-ai-readiness-self-assessment\/","url":"https:\/\/www.akeneo.com\/fr\/product-data-ai-readiness-self-assessment\/","name":"Product Data AI Readiness - Self Assessment | Akeneo","isPartOf":{"@id":"https:\/\/www.akeneo.com\/fr\/#website"},"primaryImageOfPage":{"@id":"https:\/\/www.akeneo.com\/fr\/product-data-ai-readiness-self-assessment\/#primaryimage"},"image":{"@id":"https:\/\/www.akeneo.com\/fr\/product-data-ai-readiness-self-assessment\/#primaryimage"},"thumbnailUrl":"https:\/\/www.akeneo.com\/wp-content\/uploads\/2024\/09\/web-assets-ai-for-PX-hero.png","datePublished":"2025-05-20T21:33:05+00:00","dateModified":"2025-05-21T09:49:44+00:00","inLanguage":"fr-FR","potentialAction":[{"@type":"ReadAction","target":["https:\/\/www.akeneo.com\/fr\/product-data-ai-readiness-self-assessment\/"]}]},{"@type":"ImageObject","inLanguage":"fr-FR","@id":"https:\/\/www.akeneo.com\/fr\/product-data-ai-readiness-self-assessment\/#primaryimage","url":"https:\/\/www.akeneo.com\/wp-content\/uploads\/2024\/09\/web-assets-ai-for-PX-hero.png","contentUrl":"https:\/\/www.akeneo.com\/wp-content\/uploads\/2024\/09\/web-assets-ai-for-PX-hero.png","width":1010,"height":1081},{"@type":"WebSite","@id":"https:\/\/www.akeneo.com\/fr\/#website","url":"https:\/\/www.akeneo.com\/fr\/","name":"Akeneo","description":"","publisher":{"@id":"https:\/\/www.akeneo.com\/fr\/#organization"},"potentialAction":[{"@type":"SearchAction","target":{"@type":"EntryPoint","urlTemplate":"https:\/\/www.akeneo.com\/fr\/?s={search_term_string}"},"query-input":{"@type":"PropertyValueSpecification","valueRequired":true,"valueName":"search_term_string"}}],"inLanguage":"fr-FR"},{"@type":"Organization","@id":"https:\/\/www.akeneo.com\/fr\/#organization","name":"Akeneo","url":"https:\/\/www.akeneo.com\/fr\/","logo":{"@type":"ImageObject","inLanguage":"fr-FR","@id":"https:\/\/www.akeneo.com\/fr\/#\/schema\/logo\/image\/","url":"https:\/\/www.akeneo.com\/wp-content\/uploads\/2019\/08\/logo-kjus.png","contentUrl":"https:\/\/www.akeneo.com\/wp-content\/uploads\/2019\/08\/logo-kjus.png","width":1,"height":1,"caption":"Akeneo"},"image":{"@id":"https:\/\/www.akeneo.com\/fr\/#\/schema\/logo\/image\/"}}]}},"_links":{"self":[{"href":"https:\/\/www.akeneo.com\/fr\/wp-json\/wp\/v2\/pages\/61585","targetHints":{"allow":["GET"]}}],"collection":[{"href":"https:\/\/www.akeneo.com\/fr\/wp-json\/wp\/v2\/pages"}],"about":[{"href":"https:\/\/www.akeneo.com\/fr\/wp-json\/wp\/v2\/types\/page"}],"author":[{"embeddable":true,"href":"https:\/\/www.akeneo.com\/fr\/wp-json\/wp\/v2\/users\/12"}],"replies":[{"embeddable":true,"href":"https:\/\/www.akeneo.com\/fr\/wp-json\/wp\/v2\/comments?post=61585"}],"version-history":[{"count":0,"href":"https:\/\/www.akeneo.com\/fr\/wp-json\/wp\/v2\/pages\/61585\/revisions"}],"wp:featuredmedia":[{"embeddable":true,"href":"https:\/\/www.akeneo.com\/fr\/wp-json\/wp\/v2\/media\/52993"}],"wp:attachment":[{"href":"https:\/\/www.akeneo.com\/fr\/wp-json\/wp\/v2\/media?parent=61585"}],"curies":[{"name":"wp","href":"https:\/\/api.w.org\/{rel}","templated":true}]}}