{"id":55559,"date":"2024-11-07T11:10:36","date_gmt":"2024-11-07T11:10:36","guid":{"rendered":"https:\/\/www.akeneo.com\/?page_id=55559"},"modified":"2025-02-04T14:39:24","modified_gmt":"2025-02-04T14:39:24","slug":"insights-analyze-and-act","status":"publish","type":"page","link":"https:\/\/www.akeneo.com\/fr\/insights-analyze-and-act\/","title":{"rendered":"Insights &#8211; Analyze and Act"},"content":{"rendered":"\n  <section class=\"hero hero-light  \" >\n    <div class=\"container\">\n                            <div class=\"row justify-content-between align-items-center g-3\">\n                        <div class=\"col-lg-6\">\n                            <div class=\"hero-content\">\n                                                                \n                                \n                                                                    <h1 class=\"hero-title\">Optimisez les Ventes Omnicanales et Perfectionnez votre Strat\u00e9gie gr\u00e2ce \u00e0 l&rsquo;Analyse des Donn\u00e9es<\/h1>\n                                                                                                    <div class=\"hero-text\">\n                                        <p><span style=\"font-weight: 400;\">Dans l&rsquo;environnement concurrentiel actuel, il est essentiel d&rsquo;avoir une vision claire de la performance de vos produits sur tous les canaux.\u00a0<\/span><\/p>\n<p><span style=\"font-weight: 400;\">Gr\u00e2ce \u00e0 la solution Business Analytics d&rsquo;Akeneo, qui est int\u00e9gr\u00e9e dans Akeneo PIM, vous pouvez suivre des indicateurs cl\u00e9s tels que les ventes, les pages vues et les taux de conversion afin d&rsquo;optimiser votre strat\u00e9gie d&rsquo;enrichissement de vos produits et de renforcer votre croissance omnicanale.\u00a0<\/span><\/p>\n<p><span style=\"font-weight: 400;\">Donnez \u00e0 vos \u00e9quipes les informations dont elles ont besoin pour affiner votre strat\u00e9gie PX et garder une longueur d&rsquo;avance sur la concurrence.<\/span><\/p>\n                                    <\/div>\n                                                                                            <\/div>\n                        <\/div>\n                                                    <div class=\"col-lg-5\">\n                                                                    <div class=\"hero-image\">\n                                        <img decoding=\"async\" src=\"https:\/\/www.akeneo.com\/wp-content\/uploads\/2024\/11\/InsightsActAnalyze_hero_1010x1080.png\" alt=\"\">\n                                    <\/div>\n                                \n                                                            <\/div>\n                                            <\/div>\n\n                        <\/div>\n<\/section>  \n\n\n\n<section id=\"content-block_48ea40a1767a5439ad42ec784a96d91b\" class=\"py-6 py-md-8 \">\n    <div class=\"container\">\n        <div class=\"row justify-content-between align-items-center g-3 \">\n            <div class=\"col-lg-6\">\n                <div class=\"w-lg-70 mx-auto\">\n                                            <h2 class=\"text-primary-blackstar\">Suivre avec pr\u00e9cision les performances des produits<\/h2>\n                    \n                    \n                    <div class=\"text-editor fs-md text-primary-blackstar\">\n                                                    <p><span style=\"font-weight: 400;\">Avec Business Analytics, vous pouvez facilement mesurer les performances de vos produits sur les canaux num\u00e9riques et en magasin.\u00a0<\/span><\/p>\n<p><span style=\"font-weight: 400;\">Suivez les indicateurs cl\u00e9s tels que le nombre total de pages vues, le taux d&rsquo;ajout au panier, le taux de conversion, les unit\u00e9s vendues et le chiffre d&rsquo;affaires, le tout \u00e0 partir d&rsquo;un tableau de bord centralis\u00e9. Cette vue d&rsquo;ensemble vous aide \u00e0 comprendre comment le contenu et l&rsquo;exp\u00e9rience de vos produits stimulent l&rsquo;engagement et les ventes.<\/span><\/p>\n                                                                    <\/div>\n                                                                                <\/div>\n            <\/div>\n                            <div class=\"col-lg-6 text-center\">\n                                            <div class=\"torch-container\">\n                            <img decoding=\"async\" src=\"https:\/\/www.akeneo.com\/wp-content\/uploads\/2024\/11\/numberofpageviews_1200x1200.png\" alt=\"\">\n                                                    <\/div>\n                    \n                                    <\/div>\n                    <\/div>\n    <\/div>\n<\/section>\n\n\n\n<section id=\"content-block_6f7aa1b61be6721715acc15091ff9361\" class=\"py-6 py-md-8 \">\n    <div class=\"container\">\n        <div class=\"row justify-content-between align-items-center g-3 flex-lg-row-reverse\">\n            <div class=\"col-lg-6\">\n                <div class=\"w-lg-70 mx-auto\">\n                                            <h2 class=\"text-primary-blackstar\">Les analyses omnicanales<\/h2>\n                    \n                    \n                    <div class=\"text-editor fs-md text-primary-blackstar\">\n                                                    <p><span style=\"font-weight: 400;\">L&rsquo;\u00e9poque des silos de donn\u00e9es fragment\u00e9s est r\u00e9volue. Business Analytics offre une vue unifi\u00e9e des performances de vos produits sur un maximum de 10 canaux de vente diff\u00e9rents, ce qui vous permet d&rsquo;optimiser vos strat\u00e9gies en ligne et hors ligne. Que vos produits soient plus performants sur le e-commerce ou dans le commerce physique, vous disposerez des informations dont vous avez besoin pour am\u00e9liorer votre strat\u00e9gie.<\/span><\/p>\n                                                                    <\/div>\n                                                                                <\/div>\n            <\/div>\n                            <div class=\"col-lg-6 text-center\">\n                                            <div class=\"torch-container\">\n                            <img decoding=\"async\" src=\"https:\/\/www.akeneo.com\/wp-content\/uploads\/2024\/11\/revenue_1200x1200.png\" alt=\"\">\n                                                    <\/div>\n                    \n                                    <\/div>\n                    <\/div>\n    <\/div>\n<\/section>\n\n\n\n<section id=\"content-block_006018d890d01272206dc88f98b7c589\" class=\"py-6 py-md-8 \">\n    <div class=\"container\">\n        <div class=\"row justify-content-between align-items-center g-3 \">\n            <div class=\"col-lg-6\">\n                <div class=\"w-lg-70 mx-auto\">\n                                            <h2 class=\"text-primary-blackstar\">Perfectionner l&rsquo;enrichissement des produits en toute confiance<\/h2>\n                    \n                    \n                    <div class=\"text-editor fs-md text-primary-blackstar\">\n                                                    <p><span style=\"font-weight: 400;\">Vous vous demandez si votre investissement dans les ressources 3D, les vid\u00e9os de qualit\u00e9 ou le contenu g\u00e9n\u00e9r\u00e9 par l&rsquo;IA est rentable ? Business Analytics vous permet de comparer l&rsquo;influence du contenu produit enrichi sur les ventes et l&rsquo;engagement. Prenez des d\u00e9cisions \u00e9clair\u00e9es sur les domaines dans lesquels vous devez investir pour maximiser les performances de vos produits.<\/span><\/p>\n                                                                    <\/div>\n                                                                                <\/div>\n            <\/div>\n                            <div class=\"col-lg-6 text-center\">\n                                            <div class=\"torch-container\">\n                            <img decoding=\"async\" src=\"https:\/\/www.akeneo.com\/wp-content\/uploads\/2024\/11\/timetoenrich_1200x1200.png\" alt=\"\">\n                                                    <\/div>\n                    \n                                    <\/div>\n                    <\/div>\n    <\/div>\n<\/section>\n\n\n\n  <section class=\"  pb-6\">\n    <div class=\"container\">\n        <div class=\"row\">\n            <div class=\"col-xxl-10 mx-xxl-auto\">\n                \n                                \n                \n                \n                    <div class=\"row row-cols-sm-2 row-cols-md-3 row-cols-xl-5 justify-content-center g-2\">\n                                                    <div>\n                                <div class=\"icon-card  text-center\">\n                                                                            <div class=\"icon-card-image\">\n                                            <img decoding=\"async\" src=\"https:\/\/www.akeneo.com\/wp-content\/uploads\/2024\/07\/akeneo-icon-raise@2x.svg\" alt=\"\">\n                                        <\/div>\n                                                                                                                <div class=\"icon-card-content\">\n                                                                                            <h6 class=\"icon-card-title\">Visibilit\u00e9 accrue<\/h6>\n                                                                                                                                        <div class=\"icon-card-description\"><p><span style=\"font-weight: 400;\">Obtenez une vision pr\u00e9cise de la performance de votre contenu produit et de son impact sur les objectifs de l&rsquo;entreprise.<\/span><\/p>\n<\/div>\n                                                                                    <\/div>\n                                                                    <\/div>\n                            <\/div>\n                                                    <div>\n                                <div class=\"icon-card  text-center\">\n                                                                            <div class=\"icon-card-image\">\n                                            <img decoding=\"async\" src=\"https:\/\/www.akeneo.com\/wp-content\/uploads\/2024\/07\/akeneo-icon-quality@2x.svg\" alt=\"\">\n                                        <\/div>\n                                                                                                                <div class=\"icon-card-content\">\n                                                                                            <h6 class=\"icon-card-title\">Prise de d\u00e9cision \u00e9clair\u00e9e<\/h6>\n                                                                                                                                        <div class=\"icon-card-description\"><p><span style=\"font-weight: 400;\">Utilisez les donn\u00e9es pour optimiser vos strat\u00e9gies d&rsquo;exp\u00e9rience produit (PX) et rester agile face \u00e0 l&rsquo;\u00e9volution des tendances du march\u00e9.<\/span><\/p>\n<\/div>\n                                                                                    <\/div>\n                                                                    <\/div>\n                            <\/div>\n                                                    <div>\n                                <div class=\"icon-card  text-center\">\n                                                                            <div class=\"icon-card-image\">\n                                            <img decoding=\"async\" src=\"https:\/\/www.akeneo.com\/wp-content\/uploads\/2024\/07\/akeneo-icon-productivity@2x.svg\" alt=\"\">\n                                        <\/div>\n                                                                                                                <div class=\"icon-card-content\">\n                                                                                            <h6 class=\"icon-card-title\">Adaptation rapide aux tendances<\/h6>\n                                                                                                                                        <div class=\"icon-card-description\"><p><span style=\"font-weight: 400;\">Anticipez les changements de dynamique du march\u00e9 et ajustez votre approche de mani\u00e8re proactive.<\/span><\/p>\n<\/div>\n                                                                                    <\/div>\n                                                                    <\/div>\n                            <\/div>\n                                                    <div>\n                                <div class=\"icon-card  text-center\">\n                                                                            <div class=\"icon-card-image\">\n                                            <img decoding=\"async\" src=\"https:\/\/www.akeneo.com\/wp-content\/uploads\/2024\/07\/akeneo-icon-marketplace@2x.svg\" alt=\"\">\n                                        <\/div>\n                                                                                                                <div class=\"icon-card-content\">\n                                                                                            <h6 class=\"icon-card-title\">Adh\u00e9sion des dirigeants<\/h6>\n                                                                                                                                        <div class=\"icon-card-description\"><p><span style=\"font-weight: 400;\">D\u00e9montrez la valeur commerciale de votre strat\u00e9gie PX \u00e0 vos dirigeants gr\u00e2ce \u00e0 des r\u00e9sultats concrets, \u00e9tay\u00e9s par des donn\u00e9es.<\/span><\/p>\n<\/div>\n                                                                                    <\/div>\n                                                                    <\/div>\n                            <\/div>\n                                                    <div>\n                                <div class=\"icon-card  text-center\">\n                                                                            <div class=\"icon-card-image\">\n                                            <img decoding=\"async\" src=\"https:\/\/www.akeneo.com\/wp-content\/uploads\/2024\/07\/akeneo-icon-workflow@2x.svg\" alt=\"\">\n                                        <\/div>\n                                                                                                                <div class=\"icon-card-content\">\n                                                                                            <h6 class=\"icon-card-title\">Workflow simplifi\u00e9 <\/h6>\n                                                                                                                                        <div class=\"icon-card-description\"><p><span style=\"font-weight: 400;\">\u00c9liminez le besoin d&rsquo;utiliser plusieurs outils et travaillez \u00e0 partir d&rsquo;une plateforme unique pour suivre les analyses et les performances des produits.<\/span><\/p>\n<\/div>\n                                                                                    <\/div>\n                                                                    <\/div>\n                            <\/div>\n                                            <\/div>\n                            <\/div>\n        <\/div>\n    <\/div>\n<\/section>  \n\n\n\n<section class=\"py-6 py-md-8 \">\n        <div class=\"container\">\n        <div class=\"row\">\n            <div class=\"col-12\">\n                <div class=\"cta px-lg-8 py-3 bg-secondary\">\n                    <div class=\"cta-content\">\n                                                    <h2 class=\"cta-title\">D\u00e9couvrez l&rsquo;impact des d\u00e9cisions bas\u00e9es sur l&rsquo;analyse des donn\u00e9es gr\u00e2ce \u00e0 la solution Business Analytics d&rsquo;Akeneo.<\/h2>\n                                                                            <div class=\"cta-text fs-xl\">\n                                <p>D\u00e9couvrez comment cet outil peut transformer votre strat\u00e9gie de gestion produit et vous aider \u00e0 atteindre vos objectifs commerciaux.<\/p>\n                            <\/div>\n                                            <\/div>\n                                            <div class=\"cta-cards\">\n                            <div class=\"row row-cols-md-2 g-2\">\n                                                                    <div>\n                                        <a href=\"\/fr\/demo\" class=\"icon-card icon-card-framed icon-card-dark\">\n                                                                                        <div class=\"icon-card-content\">\n                                                <h6 class=\"icon-card-title\">Demandez une d\u00e9monstration d\u00e8s aujourd&rsquo;hui pour d\u00e9couvrir comment Business Analytics peut am\u00e9liorer l&rsquo;exp\u00e9rience de vos produits et booster vos performances de vente sur tous les canaux !<\/h6>\n                                                                                                <span class=\"icon-card-link\">Demander une d\u00e9monstration <svg class=\"svg-icon fs-sm\"><use xmlns:xlink=\"http:\/\/www.w3.org\/1999\/xlink\" xlink:href=\"https:\/\/www.akeneo.com\/wp-content\/themes\/akeneo\/assets\/sprite\/icons.svg#icon-chevron-right\"><\/use><\/svg><\/span>\n                                            <\/div>\n                                        <\/a>\n                                    <\/div>\n                                                            <\/div>\n                        <\/div>\n                                    <\/div>\n            <\/div>\n        <\/div>\n    <\/div>\n<\/section>","protected":false},"excerpt":{"rendered":"","protected":false},"author":46,"featured_media":56636,"parent":0,"menu_order":0,"comment_status":"closed","ping_status":"closed","template":"","meta":{"_acf_changed":true,"footnotes":""},"class_list":["post-55559","page","type-page","status-publish","has-post-thumbnail","hentry"],"acf":[],"yoast_head":"<!-- This site is optimized with the Yoast SEO Premium plugin v26.7 (Yoast SEO v26.7) - https:\/\/yoast.com\/wordpress\/plugins\/seo\/ -->\n<title>Insights - Analyze and Act | Akeneo<\/title>\n<meta name=\"robots\" content=\"index, follow, max-snippet:-1, max-image-preview:large, max-video-preview:-1\" \/>\n<link rel=\"canonical\" href=\"https:\/\/www.akeneo.com\/fr\/insights-analyze-and-act\/\" \/>\n<meta property=\"og:locale\" content=\"fr_FR\" \/>\n<meta property=\"og:type\" content=\"article\" \/>\n<meta property=\"og:title\" content=\"Insights - Analyze and Act | Akeneo\" \/>\n<meta property=\"og:url\" content=\"https:\/\/www.akeneo.com\/fr\/insights-analyze-and-act\/\" \/>\n<meta property=\"og:site_name\" content=\"Akeneo\" \/>\n<meta property=\"article:modified_time\" content=\"2025-02-04T14:39:24+00:00\" \/>\n<meta property=\"og:image\" content=\"https:\/\/www.akeneo.com\/wp-content\/uploads\/2024\/11\/insights-analyze-and-act_featuredimage_1200x1200.png\" \/>\n\t<meta property=\"og:image:width\" content=\"1200\" \/>\n\t<meta property=\"og:image:height\" content=\"1200\" \/>\n\t<meta property=\"og:image:type\" content=\"image\/png\" \/>\n<meta name=\"twitter:card\" content=\"summary_large_image\" \/>\n<meta name=\"twitter:label1\" content=\"Dur\u00e9e de lecture estim\u00e9e\" \/>\n\t<meta name=\"twitter:data1\" content=\"1 minute\" \/>\n<script type=\"application\/ld+json\" class=\"yoast-schema-graph\">{\"@context\":\"https:\/\/schema.org\",\"@graph\":[{\"@type\":\"WebPage\",\"@id\":\"https:\/\/www.akeneo.com\/fr\/insights-analyze-and-act\/\",\"url\":\"https:\/\/www.akeneo.com\/fr\/insights-analyze-and-act\/\",\"name\":\"Insights - Analyze and Act | Akeneo\",\"isPartOf\":{\"@id\":\"https:\/\/www.akeneo.com\/fr\/#website\"},\"primaryImageOfPage\":{\"@id\":\"https:\/\/www.akeneo.com\/fr\/insights-analyze-and-act\/#primaryimage\"},\"image\":{\"@id\":\"https:\/\/www.akeneo.com\/fr\/insights-analyze-and-act\/#primaryimage\"},\"thumbnailUrl\":\"https:\/\/www.akeneo.com\/wp-content\/uploads\/2024\/11\/insights-analyze-and-act_featuredimage_1200x1200.png\",\"datePublished\":\"2024-11-07T11:10:36+00:00\",\"dateModified\":\"2025-02-04T14:39:24+00:00\",\"inLanguage\":\"fr-FR\",\"potentialAction\":[{\"@type\":\"ReadAction\",\"target\":[\"https:\/\/www.akeneo.com\/fr\/insights-analyze-and-act\/\"]}]},{\"@type\":\"ImageObject\",\"inLanguage\":\"fr-FR\",\"@id\":\"https:\/\/www.akeneo.com\/fr\/insights-analyze-and-act\/#primaryimage\",\"url\":\"https:\/\/www.akeneo.com\/wp-content\/uploads\/2024\/11\/insights-analyze-and-act_featuredimage_1200x1200.png\",\"contentUrl\":\"https:\/\/www.akeneo.com\/wp-content\/uploads\/2024\/11\/insights-analyze-and-act_featuredimage_1200x1200.png\",\"width\":1200,\"height\":1200},{\"@type\":\"WebSite\",\"@id\":\"https:\/\/www.akeneo.com\/fr\/#website\",\"url\":\"https:\/\/www.akeneo.com\/fr\/\",\"name\":\"Akeneo\",\"description\":\"\",\"publisher\":{\"@id\":\"https:\/\/www.akeneo.com\/fr\/#organization\"},\"potentialAction\":[{\"@type\":\"SearchAction\",\"target\":{\"@type\":\"EntryPoint\",\"urlTemplate\":\"https:\/\/www.akeneo.com\/fr\/?s={search_term_string}\"},\"query-input\":{\"@type\":\"PropertyValueSpecification\",\"valueRequired\":true,\"valueName\":\"search_term_string\"}}],\"inLanguage\":\"fr-FR\"},{\"@type\":\"Organization\",\"@id\":\"https:\/\/www.akeneo.com\/fr\/#organization\",\"name\":\"Akeneo\",\"url\":\"https:\/\/www.akeneo.com\/fr\/\",\"logo\":{\"@type\":\"ImageObject\",\"inLanguage\":\"fr-FR\",\"@id\":\"https:\/\/www.akeneo.com\/fr\/#\/schema\/logo\/image\/\",\"url\":\"https:\/\/www.akeneo.com\/wp-content\/uploads\/2019\/08\/logo-kjus.png\",\"contentUrl\":\"https:\/\/www.akeneo.com\/wp-content\/uploads\/2019\/08\/logo-kjus.png\",\"width\":1,\"height\":1,\"caption\":\"Akeneo\"},\"image\":{\"@id\":\"https:\/\/www.akeneo.com\/fr\/#\/schema\/logo\/image\/\"}}]}<\/script>\n<!-- \/ Yoast SEO Premium plugin. -->","yoast_head_json":{"title":"Insights - Analyze and Act | Akeneo","robots":{"index":"index","follow":"follow","max-snippet":"max-snippet:-1","max-image-preview":"max-image-preview:large","max-video-preview":"max-video-preview:-1"},"canonical":"https:\/\/www.akeneo.com\/fr\/insights-analyze-and-act\/","og_locale":"fr_FR","og_type":"article","og_title":"Insights - Analyze and Act | Akeneo","og_url":"https:\/\/www.akeneo.com\/fr\/insights-analyze-and-act\/","og_site_name":"Akeneo","article_modified_time":"2025-02-04T14:39:24+00:00","og_image":[{"width":1200,"height":1200,"url":"https:\/\/www.akeneo.com\/wp-content\/uploads\/2024\/11\/insights-analyze-and-act_featuredimage_1200x1200.png","type":"image\/png"}],"twitter_card":"summary_large_image","twitter_misc":{"Dur\u00e9e de lecture estim\u00e9e":"1 minute"},"schema":{"@context":"https:\/\/schema.org","@graph":[{"@type":"WebPage","@id":"https:\/\/www.akeneo.com\/fr\/insights-analyze-and-act\/","url":"https:\/\/www.akeneo.com\/fr\/insights-analyze-and-act\/","name":"Insights - Analyze and Act | Akeneo","isPartOf":{"@id":"https:\/\/www.akeneo.com\/fr\/#website"},"primaryImageOfPage":{"@id":"https:\/\/www.akeneo.com\/fr\/insights-analyze-and-act\/#primaryimage"},"image":{"@id":"https:\/\/www.akeneo.com\/fr\/insights-analyze-and-act\/#primaryimage"},"thumbnailUrl":"https:\/\/www.akeneo.com\/wp-content\/uploads\/2024\/11\/insights-analyze-and-act_featuredimage_1200x1200.png","datePublished":"2024-11-07T11:10:36+00:00","dateModified":"2025-02-04T14:39:24+00:00","inLanguage":"fr-FR","potentialAction":[{"@type":"ReadAction","target":["https:\/\/www.akeneo.com\/fr\/insights-analyze-and-act\/"]}]},{"@type":"ImageObject","inLanguage":"fr-FR","@id":"https:\/\/www.akeneo.com\/fr\/insights-analyze-and-act\/#primaryimage","url":"https:\/\/www.akeneo.com\/wp-content\/uploads\/2024\/11\/insights-analyze-and-act_featuredimage_1200x1200.png","contentUrl":"https:\/\/www.akeneo.com\/wp-content\/uploads\/2024\/11\/insights-analyze-and-act_featuredimage_1200x1200.png","width":1200,"height":1200},{"@type":"WebSite","@id":"https:\/\/www.akeneo.com\/fr\/#website","url":"https:\/\/www.akeneo.com\/fr\/","name":"Akeneo","description":"","publisher":{"@id":"https:\/\/www.akeneo.com\/fr\/#organization"},"potentialAction":[{"@type":"SearchAction","target":{"@type":"EntryPoint","urlTemplate":"https:\/\/www.akeneo.com\/fr\/?s={search_term_string}"},"query-input":{"@type":"PropertyValueSpecification","valueRequired":true,"valueName":"search_term_string"}}],"inLanguage":"fr-FR"},{"@type":"Organization","@id":"https:\/\/www.akeneo.com\/fr\/#organization","name":"Akeneo","url":"https:\/\/www.akeneo.com\/fr\/","logo":{"@type":"ImageObject","inLanguage":"fr-FR","@id":"https:\/\/www.akeneo.com\/fr\/#\/schema\/logo\/image\/","url":"https:\/\/www.akeneo.com\/wp-content\/uploads\/2019\/08\/logo-kjus.png","contentUrl":"https:\/\/www.akeneo.com\/wp-content\/uploads\/2019\/08\/logo-kjus.png","width":1,"height":1,"caption":"Akeneo"},"image":{"@id":"https:\/\/www.akeneo.com\/fr\/#\/schema\/logo\/image\/"}}]}},"_links":{"self":[{"href":"https:\/\/www.akeneo.com\/fr\/wp-json\/wp\/v2\/pages\/55559","targetHints":{"allow":["GET"]}}],"collection":[{"href":"https:\/\/www.akeneo.com\/fr\/wp-json\/wp\/v2\/pages"}],"about":[{"href":"https:\/\/www.akeneo.com\/fr\/wp-json\/wp\/v2\/types\/page"}],"author":[{"embeddable":true,"href":"https:\/\/www.akeneo.com\/fr\/wp-json\/wp\/v2\/users\/46"}],"replies":[{"embeddable":true,"href":"https:\/\/www.akeneo.com\/fr\/wp-json\/wp\/v2\/comments?post=55559"}],"version-history":[{"count":0,"href":"https:\/\/www.akeneo.com\/fr\/wp-json\/wp\/v2\/pages\/55559\/revisions"}],"wp:featuredmedia":[{"embeddable":true,"href":"https:\/\/www.akeneo.com\/fr\/wp-json\/wp\/v2\/media\/56636"}],"wp:attachment":[{"href":"https:\/\/www.akeneo.com\/fr\/wp-json\/wp\/v2\/media?parent=55559"}],"curies":[{"name":"wp","href":"https:\/\/api.w.org\/{rel}","templated":true}]}}