{"id":51002,"date":"2024-08-29T17:27:11","date_gmt":"2024-08-29T17:27:11","guid":{"rendered":"https:\/\/www.akeneo.com\/?page_id=51002"},"modified":"2024-08-30T04:30:26","modified_gmt":"2024-08-30T04:30:26","slug":"on-demand-resource-thank-you","status":"publish","type":"page","link":"https:\/\/www.akeneo.com\/fr\/on-demand-resource-thank-you\/","title":{"rendered":"On-Demand Resource Thank You"},"content":{"rendered":"\n  <section class=\"hero hero-blue  \" >\n    <div class=\"container\">\n                            <div class=\"row justify-content-between align-items-center g-3\">\n                        <div class=\"col-lg-6\">\n                            <div class=\"hero-content\">\n                                                                \n                                \n                                                                    <h1 class=\"hero-title\">Merci beaucoup !<\/h1>\n                                                                                                    <div class=\"hero-text\">\n                                        <p>Tout est pr\u00eat. Nous venons de vous envoyer un e-mail avec un lien pour regarder votre ressource.<\/p>\n<p>Tu ne la trouves pas ? V\u00e9rifie peut-\u00eatre ton dossier spam ou promotions\u2014elle aime parfois s\u2019y cacher.<\/p>\n                                    <\/div>\n                                                                                            <\/div>\n                        <\/div>\n                                                    <div class=\"col-lg-5\">\n                                                                    <div class=\"hero-image\">\n                                        <img decoding=\"async\" src=\"https:\/\/www.akeneo.com\/wp-content\/uploads\/2024\/08\/web-assets-Product-pim-growth-edition-Not-sure-which-edition.png\" alt=\"\">\n                                    <\/div>\n                                \n                                                            <\/div>\n                                            <\/div>\n\n                        <\/div>\n<\/section>  \n\n\n<section id=\"assets-articles-block_57c5901191b24bd2e034d1819a9894c1\" class=\"py-6 py-md-8 \">\n    <div class=\"container\">\n        <div class=\"row\">\n            <div class=\"col-12\">\n                <div class=\"mb-4  text-center\">\n                                            <h2 class=\"mb-0 text-primary-blackstar\">Poursuivez votre parcours d&rsquo;exp\u00e9rience produit avec encore plus de ressources ci-dessous.<\/h2>\n                    \n                                                        <\/div>\n            <\/div>\n        <\/div>\n                    <div class=\"row row-cols-lg-3 g-3\">\n                                    <div>\n    <div class=\"article-card  p-0\">\n        <div class=\"article-card-image \">\n            <img loading=\"lazy\" decoding=\"async\" width=\"2081\" height=\"1281\" src=\"https:\/\/www.akeneo.com\/wp-content\/uploads\/2025\/06\/K5_Website.jpg\" class=\"attachment-post-thumbnail size-post-thumbnail wp-post-image\" alt=\"\" srcset=\"https:\/\/www.akeneo.com\/wp-content\/uploads\/2025\/06\/K5_Website.jpg 2081w, https:\/\/www.akeneo.com\/wp-content\/uploads\/2025\/06\/K5_Website-1200x739.jpg 1200w, https:\/\/www.akeneo.com\/wp-content\/uploads\/2025\/06\/K5_Website-800x492.jpg 800w, https:\/\/www.akeneo.com\/wp-content\/uploads\/2025\/06\/K5_Website-300x185.jpg 300w, https:\/\/www.akeneo.com\/wp-content\/uploads\/2025\/06\/K5_Website-81x50.jpg 81w\" sizes=\"auto, (max-width: 2081px) 100vw, 2081px\" \/>        <\/div>\n        <div class=\"article-card-content\">\n            \n            <h4 class=\"article-card-title text-primary-blackstar\">K5 Future Retail Conference 2025<\/h4>\n\n                            <p class=\"article-card-excerpt text-primary-blackstar\">\n                    Akeneo auf der K5 Future Retail 2025 \u2013 Let\u2019s shape the future of commerce togetherAuf der K5&#8230;                <\/p>\n                        <a href=\"https:\/\/www.akeneo.com\/de\/?p=62069\" class=\"article-card-link stretched-link\"><span class=\"hidden-text\"><\/span><\/a>\n        <\/div>\n    <\/div>\n<\/div>                                    <div>\n    <div class=\"article-card  p-0\">\n        <div class=\"article-card-image \">\n                    <\/div>\n        <div class=\"article-card-content\">\n            \n            <h4 class=\"article-card-title text-primary-blackstar\">Produktdatengaudi 2025: Intelligente Produktdaten \u2013 Mit KI in die Zukunft<\/h4>\n\n                            <p class=\"article-card-excerpt text-primary-blackstar\">\n                    Datum: 27. Mai 2025Ort: Steinbergs AlmSpeakers: Burak Canseven &amp; Stephan B\u00fctterhoff, Akeneo&#8230;                <\/p>\n                        <a href=\"https:\/\/www.akeneo.com\/de\/?p=61193\" class=\"article-card-link stretched-link\"><span class=\"hidden-text\"><\/span><\/a>\n        <\/div>\n    <\/div>\n<\/div>                                    <div>\n    <div class=\"article-card  p-0\">\n        <div class=\"article-card-image \">\n                    <\/div>\n        <div class=\"article-card-content\">\n            \n            <h4 class=\"article-card-title text-primary-blackstar\">TechDivision Innovation Dinner 2025: Zukunft gestalten mit neuen Ideen<\/h4>\n\n                            <p class=\"article-card-excerpt text-primary-blackstar\">\n                    Datum: 22. Mai 2025, ab 17:30 UhrOrt: TechDivision, Kolbermoor Innovation ist der Schl\u00fcssel zum&#8230;                <\/p>\n                        <a href=\"https:\/\/www.akeneo.com\/de\/?p=61187\" class=\"article-card-link stretched-link\"><span class=\"hidden-text\"><\/span><\/a>\n        <\/div>\n    <\/div>\n<\/div>                            <\/div>\n            <\/div>\n<\/section>\n\n\n  \n<section class=\"testimonial-carousel\">\n    <div class=\"container-fluid\">\n        <div class=\"row\">\n            <div class=\"col-12\">\n                                    <div class=\"text-center mb-4\">\n                        <h2 class=\"mb-0 text-gray-100\">Akeneo Product Cloud aide toutes vos \u00e9quipes \u00e0 r\u00e9ussir<\/h2>\n                    <\/div>\n                                                    <div class=\"swiper\">\n                        <div class=\"swiper-wrapper\">\n                                                            <div class=\"swiper-slide\">\n                                    \n<div class=\"testimonial-card testimonial-card-dark\">\n            <blockquote class=\"testimonial-card-quote\">\n            <p>\u00ab\u00a0Gr\u00e2ce \u00e0 Akeneo, nous avons am\u00e9lior\u00e9 l\u2019exp\u00e9rience en ligne pour nos clients avec des informations produits enrichies.\u00a0\u00bb<\/p>\n        <\/blockquote>\n                <div class=\"author\">\n                                                <div class=\"author-pic\">\n                        <img decoding=\"async\" src=\"https:\/\/www.akeneo.com\/wp-content\/uploads\/2022\/01\/photo-jimmy-nordth.jpg\" alt=\"\">\n                    <\/div>\n                                        <div class=\"author-info\">\n                <p>\n                                            <strong>Solange Marsaux,<\/strong>\n                                                                Directrice digitale                                    <\/p>\n                                    <strong>@Nature &#038; D\u00e9couverte<\/strong>\n                            <\/div>\n        <\/div>\n    <\/div>                                <\/div>\n                                                            <div class=\"swiper-slide\">\n                                    \n<div class=\"testimonial-card testimonial-card-dark\">\n            <blockquote class=\"testimonial-card-quote\">\n            <p>\u00ab\u00a0Akeneo : un PIM \u00e9volutif, modulable et parfaitement adapt\u00e9 aux enjeux e-commerce.\u00a0\u00bb<\/p>\n        <\/blockquote>\n                <div class=\"author\">\n                                                <div class=\"author-pic\">\n                        <img decoding=\"async\" src=\"https:\/\/www.akeneo.com\/wp-content\/uploads\/2022\/01\/photo-anthony-le-courtes-1.jpg\" alt=\"\">\n                    <\/div>\n                                        <div class=\"author-info\">\n                <p>\n                                            <strong>Anthony Le Courtes,<\/strong>\n                                                                DSI                                    <\/p>\n                                    <strong>@Legallais<\/strong>\n                            <\/div>\n        <\/div>\n    <\/div>                                <\/div>\n                                                            <div class=\"swiper-slide\">\n                                    \n<div class=\"testimonial-card testimonial-card-dark\">\n            <blockquote class=\"testimonial-card-quote\">\n            <p>\u00ab\u00a0Akeneo PIM nous offre une flexibilit\u00e9 dont on ne peut plus se passer.\u00a0\u00bb<\/p>\n        <\/blockquote>\n                <div class=\"author\">\n                                                <div class=\"author-pic\">\n                        <img decoding=\"async\" src=\"https:\/\/www.akeneo.com\/wp-content\/uploads\/2022\/01\/photo-emilien-chareyon.jpg\" alt=\"\">\n                    <\/div>\n                                        <div class=\"author-info\">\n                <p>\n                                                        <\/p>\n                            <\/div>\n        <\/div>\n    <\/div>                                <\/div>\n                                                            <div class=\"swiper-slide\">\n                                    \n<div class=\"testimonial-card testimonial-card-dark\">\n            <blockquote class=\"testimonial-card-quote\">\n            <p>\u00ab\u00a0100% de compl\u00e9tude des informations produit gr\u00e2ce \u00e0 Akeneo PIM\u00a0\u00bb<\/p>\n        <\/blockquote>\n                <div class=\"author\">\n                                                <div class=\"author-pic\">\n                        <img decoding=\"async\" src=\"https:\/\/www.akeneo.com\/wp-content\/uploads\/2022\/01\/photo-jimmy-nordth.jpg\" alt=\"\">\n                    <\/div>\n                                        <div class=\"author-info\">\n                <p>\n                                            <strong>Emilien Chareyron,<\/strong>\n                                                                Responsable E-commerce                                    <\/p>\n                                    <strong>@Babolat<\/strong>\n                            <\/div>\n        <\/div>\n    <\/div>                                <\/div>\n                                                    <\/div>\n                        <div class=\"swiper-pagination\"><\/div>\n                    <\/div>\n                            <\/div>\n        <\/div>\n    <\/div>\n<\/section>\n\n\n<section id=\"logos-block_7a1d3724f31f3e84ea25da75606bb9c4\" class=\"py-1 py-md-2\">\n  <div class=\"container\">\n    <div class=\"row\">\n      <div class=\"col-12\">\n                      <\/div>\n    <\/div>\n\n    \n                <div class=\"logos\">    \n        <div class=\"logo-carousel\">\n                                                        <img decoding=\"async\" class=\"logo-card-image\" src=\"https:\/\/www.akeneo.com\/wp-content\/uploads\/2025\/12\/Courir_logo.svg.png\" alt=\"\">\n                                      <img decoding=\"async\" class=\"logo-card-image\" src=\"https:\/\/www.akeneo.com\/wp-content\/uploads\/2021\/11\/logo-nature-et-decouvertes@2x.png\" alt=\"\">\n                                      <img decoding=\"async\" class=\"logo-card-image\" src=\"https:\/\/www.akeneo.com\/wp-content\/uploads\/2021\/11\/logo-intersport@2x.png\" alt=\"\">\n                                      <img decoding=\"async\" class=\"logo-card-image\" src=\"https:\/\/www.akeneo.com\/wp-content\/uploads\/2021\/11\/logo-backmarket@2x.png\" alt=\"\">\n                                      <img decoding=\"async\" class=\"logo-card-image\" src=\"https:\/\/www.akeneo.com\/wp-content\/uploads\/2025\/12\/E.Leclerc-Logo.wine_-scaled-e1764691499225.png\" alt=\"\">\n                                      <img decoding=\"async\" class=\"logo-card-image\" src=\"https:\/\/www.akeneo.com\/wp-content\/uploads\/2025\/12\/Smcp_logo.svg.png\" alt=\"\">\n                                      <img decoding=\"async\" class=\"logo-card-image\" src=\"https:\/\/www.akeneo.com\/wp-content\/uploads\/2025\/12\/Logo-SchmidtGroupe-RVB-HD-scaled.jpg\" alt=\"\">\n                                      <img decoding=\"async\" class=\"logo-card-image\" src=\"https:\/\/www.akeneo.com\/wp-content\/uploads\/2024\/03\/logo-gedimat.png\" alt=\"\">\n                                      <img decoding=\"async\" class=\"logo-card-image\" src=\"https:\/\/www.akeneo.com\/wp-content\/uploads\/2021\/02\/logo-legallais@2x.png\" alt=\"\">\n                                      <img decoding=\"async\" class=\"logo-card-image\" src=\"https:\/\/www.akeneo.com\/wp-content\/uploads\/2021\/11\/electrodepot.png\" alt=\"\">\n                      <\/div>\n        <div class=\"logo-carousel\">\n                                                        <img decoding=\"async\" class=\"logo-card-image\" src=\"https:\/\/www.akeneo.com\/wp-content\/uploads\/2025\/12\/Courir_logo.svg.png\" alt=\"\">\n                                      <img decoding=\"async\" class=\"logo-card-image\" src=\"https:\/\/www.akeneo.com\/wp-content\/uploads\/2021\/11\/logo-nature-et-decouvertes@2x.png\" alt=\"\">\n                                      <img decoding=\"async\" class=\"logo-card-image\" src=\"https:\/\/www.akeneo.com\/wp-content\/uploads\/2021\/11\/logo-intersport@2x.png\" alt=\"\">\n                                      <img decoding=\"async\" class=\"logo-card-image\" src=\"https:\/\/www.akeneo.com\/wp-content\/uploads\/2021\/11\/logo-backmarket@2x.png\" alt=\"\">\n                                      <img decoding=\"async\" class=\"logo-card-image\" src=\"https:\/\/www.akeneo.com\/wp-content\/uploads\/2025\/12\/E.Leclerc-Logo.wine_-scaled-e1764691499225.png\" alt=\"\">\n                                      <img decoding=\"async\" class=\"logo-card-image\" src=\"https:\/\/www.akeneo.com\/wp-content\/uploads\/2025\/12\/Smcp_logo.svg.png\" alt=\"\">\n                                      <img decoding=\"async\" class=\"logo-card-image\" src=\"https:\/\/www.akeneo.com\/wp-content\/uploads\/2025\/12\/Logo-SchmidtGroupe-RVB-HD-scaled.jpg\" alt=\"\">\n                                      <img decoding=\"async\" class=\"logo-card-image\" src=\"https:\/\/www.akeneo.com\/wp-content\/uploads\/2024\/03\/logo-gedimat.png\" alt=\"\">\n                                      <img decoding=\"async\" class=\"logo-card-image\" src=\"https:\/\/www.akeneo.com\/wp-content\/uploads\/2021\/02\/logo-legallais@2x.png\" alt=\"\">\n                                      <img decoding=\"async\" class=\"logo-card-image\" src=\"https:\/\/www.akeneo.com\/wp-content\/uploads\/2021\/11\/electrodepot.png\" alt=\"\">\n                      <\/div>\n      <\/div>\n            <\/div><\/section>\n\n\n<section class=\"py-3 py-md-6  \">\n        <div class=\"container\">\n        <div class=\"row\">\n            <div class=\"col-12\">\n                <div class=\"cta px-lg-8 py-3 bg-secondary\">\n                    <div class=\"cta-content\">\n                                                    <h2 class=\"cta-title text-gray-100\">\u00cates-vous pr\u00eat \u00e0 passer \u00e0 l\u2019\u00e9tape suivante ?<\/h2>\n                                                                            <div class=\"cta-text text-gray-100\">\n                                <p>Nos experts Akeneo sont l\u00e0 pour r\u00e9pondre \u00e0 toutes les questions que vous pourriez avoir sur nos produits et vous aider \u00e0 avancer dans votre voyage dans le PXM<\/p>\n                            <\/div>\n                                                                            <div class=\"cta-buttons\">\n                                                                    <div>\n                                        <a class=\"btn-lg btn btn-primary\" href=\"https:\/\/www.akeneo.com\/fr\/request-a-demo\/\"><span class=\"initial text\">Demander une d\u00e9mo<\/span><span class=\"background-text\">Demander une d\u00e9mo<\/span><span class=\"hovered text\">Demander une d\u00e9mo<\/span><\/a>                                    <\/div>\n                                                            <\/div>\n                                            <\/div>\n                                                                        <div class=\"cta-image\">\n                                <img decoding=\"async\" src=\"https:\/\/www.akeneo.com\/wp-content\/uploads\/2025\/05\/Web-assets-Call-to-Action-large-get-in-contact@2x.png\" alt=\"\">\n                            <\/div>\n                                                            <\/div>\n            <\/div>\n        <\/div>\n    <\/div>\n<\/section>","protected":false},"excerpt":{"rendered":"","protected":false},"author":1,"featured_media":0,"parent":0,"menu_order":0,"comment_status":"closed","ping_status":"closed","template":"","meta":{"_acf_changed":true,"footnotes":""},"class_list":["post-51002","page","type-page","status-publish","hentry"],"acf":[],"yoast_head":"<!-- This site is optimized with the Yoast SEO Premium plugin v26.7 (Yoast SEO v26.7) - https:\/\/yoast.com\/wordpress\/plugins\/seo\/ -->\n<title>On-Demand Resource Thank You | Akeneo<\/title>\n<meta name=\"robots\" content=\"noindex, nofollow\" \/>\n<meta property=\"og:locale\" content=\"fr_FR\" \/>\n<meta property=\"og:type\" content=\"article\" \/>\n<meta property=\"og:title\" content=\"On-Demand Resource Thank You | Akeneo\" \/>\n<meta property=\"og:url\" content=\"https:\/\/www.akeneo.com\/fr\/on-demand-resource-thank-you\/\" \/>\n<meta property=\"og:site_name\" content=\"Akeneo\" \/>\n<meta property=\"article:modified_time\" content=\"2024-08-30T04:30:26+00:00\" \/>\n<meta property=\"og:image\" content=\"https:\/\/www.akeneo.com\/wp-content\/uploads\/2024\/11\/generic_featuredimage_1200x1200.png\" \/>\n\t<meta property=\"og:image:width\" content=\"1200\" \/>\n\t<meta property=\"og:image:height\" content=\"1200\" \/>\n\t<meta property=\"og:image:type\" content=\"image\/png\" \/>\n<meta name=\"twitter:card\" content=\"summary_large_image\" \/>\n<script type=\"application\/ld+json\" class=\"yoast-schema-graph\">{\"@context\":\"https:\/\/schema.org\",\"@graph\":[{\"@type\":\"WebPage\",\"@id\":\"https:\/\/www.akeneo.com\/fr\/on-demand-resource-thank-you\/\",\"url\":\"https:\/\/www.akeneo.com\/fr\/on-demand-resource-thank-you\/\",\"name\":\"On-Demand Resource Thank You | Akeneo\",\"isPartOf\":{\"@id\":\"https:\/\/www.akeneo.com\/fr\/#website\"},\"datePublished\":\"2024-08-29T17:27:11+00:00\",\"dateModified\":\"2024-08-30T04:30:26+00:00\",\"inLanguage\":\"fr-FR\",\"potentialAction\":[{\"@type\":\"ReadAction\",\"target\":[\"https:\/\/www.akeneo.com\/fr\/on-demand-resource-thank-you\/\"]}]},{\"@type\":\"WebSite\",\"@id\":\"https:\/\/www.akeneo.com\/fr\/#website\",\"url\":\"https:\/\/www.akeneo.com\/fr\/\",\"name\":\"Akeneo\",\"description\":\"\",\"publisher\":{\"@id\":\"https:\/\/www.akeneo.com\/fr\/#organization\"},\"potentialAction\":[{\"@type\":\"SearchAction\",\"target\":{\"@type\":\"EntryPoint\",\"urlTemplate\":\"https:\/\/www.akeneo.com\/fr\/?s={search_term_string}\"},\"query-input\":{\"@type\":\"PropertyValueSpecification\",\"valueRequired\":true,\"valueName\":\"search_term_string\"}}],\"inLanguage\":\"fr-FR\"},{\"@type\":\"Organization\",\"@id\":\"https:\/\/www.akeneo.com\/fr\/#organization\",\"name\":\"Akeneo\",\"url\":\"https:\/\/www.akeneo.com\/fr\/\",\"logo\":{\"@type\":\"ImageObject\",\"inLanguage\":\"fr-FR\",\"@id\":\"https:\/\/www.akeneo.com\/fr\/#\/schema\/logo\/image\/\",\"url\":\"https:\/\/www.akeneo.com\/wp-content\/uploads\/2019\/08\/logo-kjus.png\",\"contentUrl\":\"https:\/\/www.akeneo.com\/wp-content\/uploads\/2019\/08\/logo-kjus.png\",\"width\":1,\"height\":1,\"caption\":\"Akeneo\"},\"image\":{\"@id\":\"https:\/\/www.akeneo.com\/fr\/#\/schema\/logo\/image\/\"}}]}<\/script>\n<!-- \/ Yoast SEO Premium plugin. -->","yoast_head_json":{"title":"On-Demand Resource Thank You | Akeneo","robots":{"index":"noindex","follow":"nofollow"},"og_locale":"fr_FR","og_type":"article","og_title":"On-Demand Resource Thank You | Akeneo","og_url":"https:\/\/www.akeneo.com\/fr\/on-demand-resource-thank-you\/","og_site_name":"Akeneo","article_modified_time":"2024-08-30T04:30:26+00:00","og_image":[{"width":1200,"height":1200,"url":"https:\/\/www.akeneo.com\/wp-content\/uploads\/2024\/11\/generic_featuredimage_1200x1200.png","type":"image\/png"}],"twitter_card":"summary_large_image","schema":{"@context":"https:\/\/schema.org","@graph":[{"@type":"WebPage","@id":"https:\/\/www.akeneo.com\/fr\/on-demand-resource-thank-you\/","url":"https:\/\/www.akeneo.com\/fr\/on-demand-resource-thank-you\/","name":"On-Demand Resource Thank You | Akeneo","isPartOf":{"@id":"https:\/\/www.akeneo.com\/fr\/#website"},"datePublished":"2024-08-29T17:27:11+00:00","dateModified":"2024-08-30T04:30:26+00:00","inLanguage":"fr-FR","potentialAction":[{"@type":"ReadAction","target":["https:\/\/www.akeneo.com\/fr\/on-demand-resource-thank-you\/"]}]},{"@type":"WebSite","@id":"https:\/\/www.akeneo.com\/fr\/#website","url":"https:\/\/www.akeneo.com\/fr\/","name":"Akeneo","description":"","publisher":{"@id":"https:\/\/www.akeneo.com\/fr\/#organization"},"potentialAction":[{"@type":"SearchAction","target":{"@type":"EntryPoint","urlTemplate":"https:\/\/www.akeneo.com\/fr\/?s={search_term_string}"},"query-input":{"@type":"PropertyValueSpecification","valueRequired":true,"valueName":"search_term_string"}}],"inLanguage":"fr-FR"},{"@type":"Organization","@id":"https:\/\/www.akeneo.com\/fr\/#organization","name":"Akeneo","url":"https:\/\/www.akeneo.com\/fr\/","logo":{"@type":"ImageObject","inLanguage":"fr-FR","@id":"https:\/\/www.akeneo.com\/fr\/#\/schema\/logo\/image\/","url":"https:\/\/www.akeneo.com\/wp-content\/uploads\/2019\/08\/logo-kjus.png","contentUrl":"https:\/\/www.akeneo.com\/wp-content\/uploads\/2019\/08\/logo-kjus.png","width":1,"height":1,"caption":"Akeneo"},"image":{"@id":"https:\/\/www.akeneo.com\/fr\/#\/schema\/logo\/image\/"}}]}},"_links":{"self":[{"href":"https:\/\/www.akeneo.com\/fr\/wp-json\/wp\/v2\/pages\/51002","targetHints":{"allow":["GET"]}}],"collection":[{"href":"https:\/\/www.akeneo.com\/fr\/wp-json\/wp\/v2\/pages"}],"about":[{"href":"https:\/\/www.akeneo.com\/fr\/wp-json\/wp\/v2\/types\/page"}],"author":[{"embeddable":true,"href":"https:\/\/www.akeneo.com\/fr\/wp-json\/wp\/v2\/users\/1"}],"replies":[{"embeddable":true,"href":"https:\/\/www.akeneo.com\/fr\/wp-json\/wp\/v2\/comments?post=51002"}],"version-history":[{"count":0,"href":"https:\/\/www.akeneo.com\/fr\/wp-json\/wp\/v2\/pages\/51002\/revisions"}],"wp:attachment":[{"href":"https:\/\/www.akeneo.com\/fr\/wp-json\/wp\/v2\/media?parent=51002"}],"curies":[{"name":"wp","href":"https:\/\/api.w.org\/{rel}","templated":true}]}}