{"id":50943,"date":"2024-08-29T16:56:11","date_gmt":"2024-08-29T16:56:11","guid":{"rendered":"https:\/\/www.akeneo.com\/?page_id=50943"},"modified":"2025-10-01T14:03:25","modified_gmt":"2025-10-01T14:03:25","slug":"whitepaper-thank-you","status":"publish","type":"page","link":"https:\/\/www.akeneo.com\/fr\/whitepaper-thank-you\/","title":{"rendered":"Whitepaper Thank You"},"content":{"rendered":"\n  <section class=\"hero hero-purple  \" >\n    <div class=\"container\">\n                            <div class=\"row justify-content-between align-items-center g-3\">\n                        <div class=\"col-lg-6\">\n                            <div class=\"hero-content\">\n                                                                \n                                \n                                                                    <h1 class=\"hero-title\">Merci beaucoup !<\/h1>\n                                                                                                    <div class=\"hero-text\">\n                                        <p>Tout est pr\u00eat. Nous venons de vous envoyer un e-mail avec un lien pour t\u00e9l\u00e9charger la ressource.<\/p>\n<p>Vous ne le trouvez pas ? V\u00e9rifiez votre dossier spam, il peut s&rsquo;y trouver.<\/p>\n                                    <\/div>\n                                                                                            <\/div>\n                        <\/div>\n                                                    <div class=\"col-lg-5\">\n                                                                    <div class=\"hero-image\">\n                                        <img decoding=\"async\" src=\"https:\/\/www.akeneo.com\/wp-content\/uploads\/2024\/08\/web-assets-Product-pim-growth-edition-Not-sure-which-edition.png\" alt=\"\">\n                                    <\/div>\n                                \n                                                            <\/div>\n                                            <\/div>\n\n                        <\/div>\n<\/section>  \n\n\n<section id=\"assets-articles-block_4aa4eabe6fb9c7b07efcf20eea9be846\" class=\"py-6 py-md-8 \">\n    <div class=\"container\">\n        <div class=\"row\">\n            <div class=\"col-12\">\n                <div class=\"mb-4  text-center\">\n                                            <h2 class=\"mb-0 text-primary-blackstar\">D\u00e9couvrez d&rsquo;autres ressources sur l&rsquo;Exp\u00e9rience Produit avec ces contenus :<\/h2>\n                    \n                                                        <\/div>\n            <\/div>\n        <\/div>\n                    <div class=\"row row-cols-lg-3 g-3\">\n                                    <div>\n    <div class=\"article-card  p-0\">\n        <div class=\"article-card-image \">\n            <img loading=\"lazy\" decoding=\"async\" width=\"2080\" height=\"1280\" src=\"https:\/\/www.akeneo.com\/wp-content\/uploads\/2026\/03\/web-assets-whitepaper-hero-gartner-reprint@2x.jpg\" class=\"attachment-post-thumbnail size-post-thumbnail wp-post-image\" alt=\"\" srcset=\"https:\/\/www.akeneo.com\/wp-content\/uploads\/2026\/03\/web-assets-whitepaper-hero-gartner-reprint@2x.jpg 2080w, https:\/\/www.akeneo.com\/wp-content\/uploads\/2026\/03\/web-assets-whitepaper-hero-gartner-reprint@2x-300x185.jpg 300w, https:\/\/www.akeneo.com\/wp-content\/uploads\/2026\/03\/web-assets-whitepaper-hero-gartner-reprint@2x-1024x630.jpg 1024w, https:\/\/www.akeneo.com\/wp-content\/uploads\/2026\/03\/web-assets-whitepaper-hero-gartner-reprint@2x-768x473.jpg 768w, https:\/\/www.akeneo.com\/wp-content\/uploads\/2026\/03\/web-assets-whitepaper-hero-gartner-reprint@2x-1536x945.jpg 1536w, https:\/\/www.akeneo.com\/wp-content\/uploads\/2026\/03\/web-assets-whitepaper-hero-gartner-reprint@2x-2048x1260.jpg 2048w, https:\/\/www.akeneo.com\/wp-content\/uploads\/2026\/03\/web-assets-whitepaper-hero-gartner-reprint@2x-1200x738.jpg 1200w, https:\/\/www.akeneo.com\/wp-content\/uploads\/2026\/03\/web-assets-whitepaper-hero-gartner-reprint@2x-800x492.jpg 800w, https:\/\/www.akeneo.com\/wp-content\/uploads\/2026\/03\/web-assets-whitepaper-hero-gartner-reprint@2x-81x50.jpg 81w\" sizes=\"auto, (max-width: 2080px) 100vw, 2080px\" \/>        <\/div>\n        <div class=\"article-card-content\">\n                            <div class=\"hero-tags mb-2 d-none d-md-block\">\n                    <span class=\"tag tag-lilac\">Rapport d\u2019analyste<\/span>\n                <\/div>\n            \n            <h4 class=\"article-card-title text-primary-blackstar\">Optimiser les donn\u00e9es produits pour le commerce agentique<\/h4>\n\n                            <p class=\"article-card-excerpt text-primary-blackstar\">\n                    Dans ce rapport Gartner\u00ae, d\u00e9couvrez pourquoi des donn\u00e9es produits structur\u00e9es, enrichies et&#8230;                <\/p>\n                        <a href=\"https:\/\/www.akeneo.com\/fr\/white-paper\/optimiser-donnees-produits-commerce-agentique\/\" class=\"article-card-link stretched-link\"><span class=\"hidden-text\"><\/span><\/a>\n        <\/div>\n    <\/div>\n<\/div>                                    <div>\n    <div class=\"article-card  p-0\">\n        <div class=\"article-card-image \">\n            <img loading=\"lazy\" decoding=\"async\" width=\"1040\" height=\"640\" src=\"https:\/\/www.akeneo.com\/wp-content\/uploads\/2026\/02\/Group-1.png\" class=\"attachment-post-thumbnail size-post-thumbnail wp-post-image\" alt=\"\" srcset=\"https:\/\/www.akeneo.com\/wp-content\/uploads\/2026\/02\/Group-1.png 1040w, https:\/\/www.akeneo.com\/wp-content\/uploads\/2026\/02\/Group-1-300x185.png 300w, https:\/\/www.akeneo.com\/wp-content\/uploads\/2026\/02\/Group-1-1024x630.png 1024w, https:\/\/www.akeneo.com\/wp-content\/uploads\/2026\/02\/Group-1-768x473.png 768w, https:\/\/www.akeneo.com\/wp-content\/uploads\/2026\/02\/Group-1-800x492.png 800w, https:\/\/www.akeneo.com\/wp-content\/uploads\/2026\/02\/Group-1-81x50.png 81w\" sizes=\"auto, (max-width: 1040px) 100vw, 1040px\" \/>        <\/div>\n        <div class=\"article-card-content\">\n                            <div class=\"hero-tags mb-2 d-none d-md-block\">\n                    <span class=\"tag tag-lilac\">Rapport d\u2019analyste<\/span>\n                <\/div>\n            \n            <h4 class=\"article-card-title text-primary-blackstar\">Buyer Experience Report Info-Tech : Akeneo Product Cloud<\/h4>\n\n                            <p class=\"article-card-excerpt text-primary-blackstar\">\n                    D\u00e9couvrez, \u00e0 travers le Buyer Experience Report SoftwareReviews, comment les utilisateurs&#8230;                <\/p>\n                        <a href=\"https:\/\/www.akeneo.com\/fr\/white-paper\/info-techs-buyer-experience-report-akeneo-product-cloud\/\" class=\"article-card-link stretched-link\"><span class=\"hidden-text\"><\/span><\/a>\n        <\/div>\n    <\/div>\n<\/div>                                    <div>\n    <div class=\"article-card  p-0\">\n        <div class=\"article-card-image \">\n            <img loading=\"lazy\" decoding=\"async\" width=\"1040\" height=\"640\" src=\"https:\/\/www.akeneo.com\/wp-content\/uploads\/2026\/01\/Akeneo-Infographic-thumbnail-EN.png\" class=\"attachment-post-thumbnail size-post-thumbnail wp-post-image\" alt=\"\" srcset=\"https:\/\/www.akeneo.com\/wp-content\/uploads\/2026\/01\/Akeneo-Infographic-thumbnail-EN.png 1040w, https:\/\/www.akeneo.com\/wp-content\/uploads\/2026\/01\/Akeneo-Infographic-thumbnail-EN-300x185.png 300w, https:\/\/www.akeneo.com\/wp-content\/uploads\/2026\/01\/Akeneo-Infographic-thumbnail-EN-1024x630.png 1024w, https:\/\/www.akeneo.com\/wp-content\/uploads\/2026\/01\/Akeneo-Infographic-thumbnail-EN-768x473.png 768w, https:\/\/www.akeneo.com\/wp-content\/uploads\/2026\/01\/Akeneo-Infographic-thumbnail-EN-800x492.png 800w, https:\/\/www.akeneo.com\/wp-content\/uploads\/2026\/01\/Akeneo-Infographic-thumbnail-EN-81x50.png 81w\" sizes=\"auto, (max-width: 1040px) 100vw, 1040px\" \/>        <\/div>\n        <div class=\"article-card-content\">\n                            <div class=\"hero-tags mb-2 d-none d-md-block\">\n                    <span class=\"tag tag-lilac\">Rapport d\u2019analyste<\/span>\n                <\/div>\n            \n            <h4 class=\"article-card-title text-primary-blackstar\">Akeneo reconnu leader du PIM pour la 4e ann\u00e9e cons\u00e9cutive par Info-Tech<\/h4>\n\n                            <p class=\"article-card-excerpt text-primary-blackstar\">\n                    D\u00e9couvrez les r\u00e9sultats du rapport PIM 2025 d\u2019Info-Tech et comprenez comment Akeneo aide les&#8230;                <\/p>\n                        <a href=\"https:\/\/www.akeneo.com\/fr\/white-paper\/akeneo-leader-pim-data-quadrant-info-tech\/\" class=\"article-card-link stretched-link\"><span class=\"hidden-text\"><\/span><\/a>\n        <\/div>\n    <\/div>\n<\/div>                            <\/div>\n            <\/div>\n<\/section>\n\n\n<section id=\"logos-block_20c486773f141cfa1dcda8e587c6c83a\" class=\"py-2 py-md-3\">\n      \n    \n                <div class=\"logos\">    \n        <div class=\"logo-carousel\">\n                                                        <img decoding=\"async\" class=\"logo-card-image\" src=\"https:\/\/www.akeneo.com\/wp-content\/uploads\/2025\/12\/Courir_logo.svg.png\" alt=\"\">\n                                      <img decoding=\"async\" class=\"logo-card-image\" src=\"https:\/\/www.akeneo.com\/wp-content\/uploads\/2021\/11\/logo-nature-et-decouvertes@2x.png\" alt=\"\">\n                                      <img decoding=\"async\" class=\"logo-card-image\" src=\"https:\/\/www.akeneo.com\/wp-content\/uploads\/2021\/11\/logo-intersport@2x.png\" alt=\"\">\n                                      <img decoding=\"async\" class=\"logo-card-image\" src=\"https:\/\/www.akeneo.com\/wp-content\/uploads\/2021\/11\/logo-backmarket@2x.png\" alt=\"\">\n                                      <img decoding=\"async\" class=\"logo-card-image\" src=\"https:\/\/www.akeneo.com\/wp-content\/uploads\/2025\/12\/E.Leclerc-Logo.wine_-scaled-e1764691499225.png\" alt=\"\">\n                                      <img decoding=\"async\" class=\"logo-card-image\" src=\"https:\/\/www.akeneo.com\/wp-content\/uploads\/2025\/12\/Smcp_logo.svg.png\" alt=\"\">\n                                      <img decoding=\"async\" class=\"logo-card-image\" src=\"https:\/\/www.akeneo.com\/wp-content\/uploads\/2025\/12\/Logo-SchmidtGroupe-RVB-HD-scaled.jpg\" alt=\"\">\n                                      <img decoding=\"async\" class=\"logo-card-image\" src=\"https:\/\/www.akeneo.com\/wp-content\/uploads\/2024\/03\/logo-gedimat.png\" alt=\"\">\n                                      <img decoding=\"async\" class=\"logo-card-image\" src=\"https:\/\/www.akeneo.com\/wp-content\/uploads\/2021\/02\/logo-legallais@2x.png\" alt=\"\">\n                                      <img decoding=\"async\" class=\"logo-card-image\" src=\"https:\/\/www.akeneo.com\/wp-content\/uploads\/2021\/11\/electrodepot.png\" alt=\"\">\n                      <\/div>\n        <div class=\"logo-carousel\">\n                                                        <img decoding=\"async\" class=\"logo-card-image\" src=\"https:\/\/www.akeneo.com\/wp-content\/uploads\/2025\/12\/Courir_logo.svg.png\" alt=\"\">\n                                      <img decoding=\"async\" class=\"logo-card-image\" src=\"https:\/\/www.akeneo.com\/wp-content\/uploads\/2021\/11\/logo-nature-et-decouvertes@2x.png\" alt=\"\">\n                                      <img decoding=\"async\" class=\"logo-card-image\" src=\"https:\/\/www.akeneo.com\/wp-content\/uploads\/2021\/11\/logo-intersport@2x.png\" alt=\"\">\n                                      <img decoding=\"async\" class=\"logo-card-image\" src=\"https:\/\/www.akeneo.com\/wp-content\/uploads\/2021\/11\/logo-backmarket@2x.png\" alt=\"\">\n                                      <img decoding=\"async\" class=\"logo-card-image\" src=\"https:\/\/www.akeneo.com\/wp-content\/uploads\/2025\/12\/E.Leclerc-Logo.wine_-scaled-e1764691499225.png\" alt=\"\">\n                                      <img decoding=\"async\" class=\"logo-card-image\" src=\"https:\/\/www.akeneo.com\/wp-content\/uploads\/2025\/12\/Smcp_logo.svg.png\" alt=\"\">\n                                      <img decoding=\"async\" class=\"logo-card-image\" src=\"https:\/\/www.akeneo.com\/wp-content\/uploads\/2025\/12\/Logo-SchmidtGroupe-RVB-HD-scaled.jpg\" alt=\"\">\n                                      <img decoding=\"async\" class=\"logo-card-image\" src=\"https:\/\/www.akeneo.com\/wp-content\/uploads\/2024\/03\/logo-gedimat.png\" alt=\"\">\n                                      <img decoding=\"async\" class=\"logo-card-image\" src=\"https:\/\/www.akeneo.com\/wp-content\/uploads\/2021\/02\/logo-legallais@2x.png\" alt=\"\">\n                                      <img decoding=\"async\" class=\"logo-card-image\" src=\"https:\/\/www.akeneo.com\/wp-content\/uploads\/2021\/11\/electrodepot.png\" alt=\"\">\n                      <\/div>\n      <\/div>\n          <\/section>\n\n\n<section class=\"py-3 py-md-6  \">\n        <div class=\"container\">\n        <div class=\"row\">\n            <div class=\"col-12\">\n                <div class=\"cta px-lg-8 py-3 bg-secondary\">\n                    <div class=\"cta-content\">\n                                                    <h2 class=\"cta-title text-gray-100\">\u00cates-vous pr\u00eat \u00e0 passer \u00e0 l\u2019\u00e9tape suivante ?<\/h2>\n                                                                            <div class=\"cta-text text-gray-100\">\n                                <p>Nos experts Akeneo sont l\u00e0 pour r\u00e9pondre \u00e0 toutes les questions que vous pourriez avoir sur nos produits et vous aider \u00e0 avancer dans votre voyage dans le PXM<\/p>\n                            <\/div>\n                                                                            <div class=\"cta-buttons\">\n                                                                    <div>\n                                        <a class=\"btn-lg btn btn-primary\" href=\"https:\/\/www.akeneo.com\/fr\/request-a-demo\/\"><span class=\"initial text\">Demander une d\u00e9mo<\/span><span class=\"background-text\">Demander une d\u00e9mo<\/span><span class=\"hovered text\">Demander une d\u00e9mo<\/span><\/a>                                    <\/div>\n                                                            <\/div>\n                                            <\/div>\n                                                                        <div class=\"cta-image\">\n                                <img decoding=\"async\" src=\"https:\/\/www.akeneo.com\/wp-content\/uploads\/2025\/05\/Web-assets-Call-to-Action-large-get-in-contact@2x.png\" alt=\"\">\n                            <\/div>\n                                                            <\/div>\n            <\/div>\n        <\/div>\n    <\/div>\n<\/section>","protected":false},"excerpt":{"rendered":"","protected":false},"author":46,"featured_media":0,"parent":0,"menu_order":0,"comment_status":"closed","ping_status":"closed","template":"","meta":{"_acf_changed":true,"footnotes":""},"class_list":["post-50943","page","type-page","status-publish","hentry"],"acf":[],"yoast_head":"<!-- This site is optimized with the Yoast SEO Premium plugin v27.4 (Yoast SEO v27.4) - https:\/\/yoast.com\/product\/yoast-seo-premium-wordpress\/ -->\n<title>Whitepaper Thank You | Akeneo<\/title>\n<meta name=\"robots\" content=\"noindex, nofollow\" \/>\n<meta property=\"og:locale\" content=\"fr_FR\" \/>\n<meta property=\"og:type\" content=\"article\" \/>\n<meta property=\"og:title\" content=\"Whitepaper Thank You | Akeneo\" \/>\n<meta property=\"og:url\" content=\"https:\/\/www.akeneo.com\/fr\/whitepaper-thank-you\/\" \/>\n<meta property=\"og:site_name\" content=\"Akeneo\" \/>\n<meta property=\"article:modified_time\" content=\"2025-10-01T14:03:25+00:00\" \/>\n<meta property=\"og:image\" content=\"https:\/\/www.akeneo.com\/wp-content\/uploads\/2024\/11\/generic_featuredimage_1200x1200.png\" \/>\n\t<meta property=\"og:image:width\" content=\"1200\" \/>\n\t<meta property=\"og:image:height\" content=\"1200\" \/>\n\t<meta property=\"og:image:type\" content=\"image\/png\" \/>\n<meta name=\"twitter:card\" content=\"summary_large_image\" \/>\n<script type=\"application\/ld+json\" class=\"yoast-schema-graph\">{\"@context\":\"https:\\\/\\\/schema.org\",\"@graph\":[{\"@type\":\"WebPage\",\"@id\":\"https:\\\/\\\/www.akeneo.com\\\/fr\\\/whitepaper-thank-you\\\/\",\"url\":\"https:\\\/\\\/www.akeneo.com\\\/fr\\\/whitepaper-thank-you\\\/\",\"name\":\"Whitepaper Thank You | Akeneo\",\"isPartOf\":{\"@id\":\"https:\\\/\\\/www.akeneo.com\\\/fr\\\/#website\"},\"datePublished\":\"2024-08-29T16:56:11+00:00\",\"dateModified\":\"2025-10-01T14:03:25+00:00\",\"inLanguage\":\"fr-FR\",\"potentialAction\":[{\"@type\":\"ReadAction\",\"target\":[\"https:\\\/\\\/www.akeneo.com\\\/fr\\\/whitepaper-thank-you\\\/\"]}]},{\"@type\":\"WebSite\",\"@id\":\"https:\\\/\\\/www.akeneo.com\\\/fr\\\/#website\",\"url\":\"https:\\\/\\\/www.akeneo.com\\\/fr\\\/\",\"name\":\"Akeneo\",\"description\":\"\",\"publisher\":{\"@id\":\"https:\\\/\\\/www.akeneo.com\\\/fr\\\/#organization\"},\"potentialAction\":[{\"@type\":\"SearchAction\",\"target\":{\"@type\":\"EntryPoint\",\"urlTemplate\":\"https:\\\/\\\/www.akeneo.com\\\/fr\\\/?s={search_term_string}\"},\"query-input\":{\"@type\":\"PropertyValueSpecification\",\"valueRequired\":true,\"valueName\":\"search_term_string\"}}],\"inLanguage\":\"fr-FR\"},{\"@type\":\"Organization\",\"@id\":\"https:\\\/\\\/www.akeneo.com\\\/fr\\\/#organization\",\"name\":\"Akeneo\",\"url\":\"https:\\\/\\\/www.akeneo.com\\\/fr\\\/\",\"logo\":{\"@type\":\"ImageObject\",\"inLanguage\":\"fr-FR\",\"@id\":\"https:\\\/\\\/www.akeneo.com\\\/fr\\\/#\\\/schema\\\/logo\\\/image\\\/\",\"url\":\"https:\\\/\\\/www.akeneo.com\\\/wp-content\\\/uploads\\\/2019\\\/08\\\/logo-kjus.png\",\"contentUrl\":\"https:\\\/\\\/www.akeneo.com\\\/wp-content\\\/uploads\\\/2019\\\/08\\\/logo-kjus.png\",\"width\":1,\"height\":1,\"caption\":\"Akeneo\"},\"image\":{\"@id\":\"https:\\\/\\\/www.akeneo.com\\\/fr\\\/#\\\/schema\\\/logo\\\/image\\\/\"}}]}<\/script>\n<!-- \/ Yoast SEO Premium plugin. -->","yoast_head_json":{"title":"Whitepaper Thank You | Akeneo","robots":{"index":"noindex","follow":"nofollow"},"og_locale":"fr_FR","og_type":"article","og_title":"Whitepaper Thank You | Akeneo","og_url":"https:\/\/www.akeneo.com\/fr\/whitepaper-thank-you\/","og_site_name":"Akeneo","article_modified_time":"2025-10-01T14:03:25+00:00","og_image":[{"width":1200,"height":1200,"url":"https:\/\/www.akeneo.com\/wp-content\/uploads\/2024\/11\/generic_featuredimage_1200x1200.png","type":"image\/png"}],"twitter_card":"summary_large_image","schema":{"@context":"https:\/\/schema.org","@graph":[{"@type":"WebPage","@id":"https:\/\/www.akeneo.com\/fr\/whitepaper-thank-you\/","url":"https:\/\/www.akeneo.com\/fr\/whitepaper-thank-you\/","name":"Whitepaper Thank You | Akeneo","isPartOf":{"@id":"https:\/\/www.akeneo.com\/fr\/#website"},"datePublished":"2024-08-29T16:56:11+00:00","dateModified":"2025-10-01T14:03:25+00:00","inLanguage":"fr-FR","potentialAction":[{"@type":"ReadAction","target":["https:\/\/www.akeneo.com\/fr\/whitepaper-thank-you\/"]}]},{"@type":"WebSite","@id":"https:\/\/www.akeneo.com\/fr\/#website","url":"https:\/\/www.akeneo.com\/fr\/","name":"Akeneo","description":"","publisher":{"@id":"https:\/\/www.akeneo.com\/fr\/#organization"},"potentialAction":[{"@type":"SearchAction","target":{"@type":"EntryPoint","urlTemplate":"https:\/\/www.akeneo.com\/fr\/?s={search_term_string}"},"query-input":{"@type":"PropertyValueSpecification","valueRequired":true,"valueName":"search_term_string"}}],"inLanguage":"fr-FR"},{"@type":"Organization","@id":"https:\/\/www.akeneo.com\/fr\/#organization","name":"Akeneo","url":"https:\/\/www.akeneo.com\/fr\/","logo":{"@type":"ImageObject","inLanguage":"fr-FR","@id":"https:\/\/www.akeneo.com\/fr\/#\/schema\/logo\/image\/","url":"https:\/\/www.akeneo.com\/wp-content\/uploads\/2019\/08\/logo-kjus.png","contentUrl":"https:\/\/www.akeneo.com\/wp-content\/uploads\/2019\/08\/logo-kjus.png","width":1,"height":1,"caption":"Akeneo"},"image":{"@id":"https:\/\/www.akeneo.com\/fr\/#\/schema\/logo\/image\/"}}]}},"_links":{"self":[{"href":"https:\/\/www.akeneo.com\/fr\/wp-json\/wp\/v2\/pages\/50943","targetHints":{"allow":["GET"]}}],"collection":[{"href":"https:\/\/www.akeneo.com\/fr\/wp-json\/wp\/v2\/pages"}],"about":[{"href":"https:\/\/www.akeneo.com\/fr\/wp-json\/wp\/v2\/types\/page"}],"author":[{"embeddable":true,"href":"https:\/\/www.akeneo.com\/fr\/wp-json\/wp\/v2\/users\/46"}],"replies":[{"embeddable":true,"href":"https:\/\/www.akeneo.com\/fr\/wp-json\/wp\/v2\/comments?post=50943"}],"version-history":[{"count":0,"href":"https:\/\/www.akeneo.com\/fr\/wp-json\/wp\/v2\/pages\/50943\/revisions"}],"wp:attachment":[{"href":"https:\/\/www.akeneo.com\/fr\/wp-json\/wp\/v2\/media?parent=50943"}],"curies":[{"name":"wp","href":"https:\/\/api.w.org\/{rel}","templated":true}]}}