{"id":48017,"date":"2024-02-12T09:18:08","date_gmt":"2024-02-12T09:18:08","guid":{"rendered":"https:\/\/www.akeneo.com\/roi-results-2\/"},"modified":"2024-09-20T08:19:03","modified_gmt":"2024-09-20T08:19:03","slug":"roi-results","status":"publish","type":"page","link":"https:\/\/www.akeneo.com\/fr\/roi-results\/","title":{"rendered":"ROI results"},"content":{"rendered":"\n<section id=\"content-block_609dec2e5e86ce3a93c1386eaa9b4bbd\" class=\"py-6 py-md-8 \">\n            <div class=\"container\">\n            <div class=\"row\">\n                <div class=\"col-12\">\n                                            <div class=\"text-center \">\n                                                                                        <div class=\"text-editor fs-md\">\n                                    <h1 class=\"center-txt\">Vos r\u00e9sultats<\/h1>\n<div class=\"result-image\"><\/div>\n<div class=\"roi-results\">\n<div class=\"roi-result\">\n<div class=\"header-roi manual\">\n<h2 class=\"no-margin white-txt\">Traitement manuel<\/h2>\n<\/div>\n<div class=\"content-roi\">\n<div class=\"roi-number-content\"><span id=\"total-price-manual\" class=\"roi-number-result\">0<\/span>\/month<\/div>\n<div>Pour traiter tous vos probl\u00e8mes de donn\u00e9es, il faudrait une \u00e9quipe m\u00e9tier de<span class=\"data-team\">1<\/span> <strong>personnes<\/strong> pour<span class=\"data-lines\">1000<\/span> <strong>produits.<\/strong>*<\/div>\n<\/div>\n<\/div>\n<div class=\"roi-result\">\n<div class=\"header-roi automatique\">\n<h2 class=\"no-margin white-txt\">Akeneo AI pour lAutomatisation de lExp\u00e9rience Produit (PX)<\/h2>\n<\/div>\n<div class=\"content-roi\">\n<div id=\"content-less\">\n<div class=\"roi-number-content\"><span id=\"plan-price\" class=\"roi-number-result\">0<\/span>\/month<\/div>\n<div>Automate the processing of your <span class=\"data-lines\">1000<\/span> <strong>products<\/strong> with Akeneo AI for PX and AI, <span class=\"data-modules\"> Categorization<\/span><\/div>\n<\/div>\n<div id=\"content-more\" style=\"display: none;\">\n<div class=\"roi-number-content\"><span class=\"roi-number-result more\">Demandez un devis personnalis\u00e9 <br \/>\u00e0 un expert d&rsquo;Akeneo.<br \/><\/span><\/div>\n<div>Les modules bas\u00e9s sur l&rsquo;IA pour la<span class=\"data-modules\">Cat\u00e9gorisationn<\/span> de la plateforme IA pour PX d&rsquo;Akeneo vous permettront de diviser par deux votre time-to-market !<\/div>\n<\/div>\n<div class=\"space\"><\/div>\n<p><a href=\"https:\/\/www.akeneo.com\/fr\/contact\/\" class=\"button gradient w-button\">Request a quote<\/a><\/div>\n<\/div>\n<\/div>\n<div class=\"space bigger\"><\/div>\n<div>\n<div class=\"center-txt module-end\">\n<h4><strong>*Une \u00e9quipe ne peut pas traiter un tel volume de donn\u00e9es \u00e0 la main.<\/strong><\/h4>\n<div>Nous estimons que les entreprises qui n&rsquo;ont pas automatis\u00e9 leur traitement de donn\u00e9es on<br \/> <strong><em> 75% de donn\u00e9es fiables<\/em><\/strong>. Ce qui laisse un pourcentage \u00e9lev\u00e9 d&rsquo;erreurs qui ont un impact sur l&rsquo;exp\u00e9rience client.<\/div>\n<\/div>\n<\/div>\n\n                                                                    <\/div>\n                                                    <\/div>\n                                        <\/div>\n            <\/div>\n        <\/div>\n    <\/section>\n\n\n\n<section id=\"content-block_6d68d2c1b2a92e7aec3204d7ac6240ae\" class=\"py-6 py-md-8 \">\n            <div class=\"container\">\n            <div class=\"row\">\n                <div class=\"col-12\">\n                                            <div class=\"text-left \">\n                                                                                <\/div>\n                                        <\/div>\n            <\/div>\n        <\/div>\n    <\/section>\n","protected":false},"excerpt":{"rendered":"","protected":false},"author":1,"featured_media":0,"parent":0,"menu_order":0,"comment_status":"closed","ping_status":"closed","template":"","meta":{"_acf_changed":false,"footnotes":""},"class_list":["post-48017","page","type-page","status-publish","hentry"],"acf":[],"yoast_head":"<!-- This site is optimized with the Yoast SEO Premium plugin v26.7 (Yoast SEO v26.7) - https:\/\/yoast.com\/wordpress\/plugins\/seo\/ -->\n<title>ROI results | Akeneo<\/title>\n<meta name=\"robots\" content=\"noindex, follow\" \/>\n<meta property=\"og:locale\" content=\"fr_FR\" \/>\n<meta property=\"og:type\" content=\"article\" \/>\n<meta property=\"og:title\" content=\"ROI results | Akeneo\" \/>\n<meta property=\"og:url\" content=\"https:\/\/www.akeneo.com\/fr\/roi-results\/\" \/>\n<meta property=\"og:site_name\" content=\"Akeneo\" \/>\n<meta property=\"article:modified_time\" content=\"2024-09-20T08:19:03+00:00\" \/>\n<meta property=\"og:image\" content=\"https:\/\/www.akeneo.com\/wp-content\/uploads\/2024\/11\/generic_featuredimage_1200x1200.png\" \/>\n\t<meta property=\"og:image:width\" content=\"1200\" \/>\n\t<meta property=\"og:image:height\" content=\"1200\" \/>\n\t<meta property=\"og:image:type\" content=\"image\/png\" \/>\n<meta name=\"twitter:card\" content=\"summary_large_image\" \/>\n<script type=\"application\/ld+json\" class=\"yoast-schema-graph\">{\"@context\":\"https:\/\/schema.org\",\"@graph\":[{\"@type\":\"WebPage\",\"@id\":\"https:\/\/www.akeneo.com\/fr\/roi-results\/\",\"url\":\"https:\/\/www.akeneo.com\/fr\/roi-results\/\",\"name\":\"ROI results | Akeneo\",\"isPartOf\":{\"@id\":\"https:\/\/www.akeneo.com\/fr\/#website\"},\"datePublished\":\"2024-02-12T09:18:08+00:00\",\"dateModified\":\"2024-09-20T08:19:03+00:00\",\"inLanguage\":\"fr-FR\",\"potentialAction\":[{\"@type\":\"ReadAction\",\"target\":[\"https:\/\/www.akeneo.com\/fr\/roi-results\/\"]}]},{\"@type\":\"WebSite\",\"@id\":\"https:\/\/www.akeneo.com\/fr\/#website\",\"url\":\"https:\/\/www.akeneo.com\/fr\/\",\"name\":\"Akeneo\",\"description\":\"\",\"publisher\":{\"@id\":\"https:\/\/www.akeneo.com\/fr\/#organization\"},\"potentialAction\":[{\"@type\":\"SearchAction\",\"target\":{\"@type\":\"EntryPoint\",\"urlTemplate\":\"https:\/\/www.akeneo.com\/fr\/?s={search_term_string}\"},\"query-input\":{\"@type\":\"PropertyValueSpecification\",\"valueRequired\":true,\"valueName\":\"search_term_string\"}}],\"inLanguage\":\"fr-FR\"},{\"@type\":\"Organization\",\"@id\":\"https:\/\/www.akeneo.com\/fr\/#organization\",\"name\":\"Akeneo\",\"url\":\"https:\/\/www.akeneo.com\/fr\/\",\"logo\":{\"@type\":\"ImageObject\",\"inLanguage\":\"fr-FR\",\"@id\":\"https:\/\/www.akeneo.com\/fr\/#\/schema\/logo\/image\/\",\"url\":\"https:\/\/www.akeneo.com\/wp-content\/uploads\/2019\/08\/logo-kjus.png\",\"contentUrl\":\"https:\/\/www.akeneo.com\/wp-content\/uploads\/2019\/08\/logo-kjus.png\",\"width\":1,\"height\":1,\"caption\":\"Akeneo\"},\"image\":{\"@id\":\"https:\/\/www.akeneo.com\/fr\/#\/schema\/logo\/image\/\"}}]}<\/script>\n<!-- \/ Yoast SEO Premium plugin. -->","yoast_head_json":{"title":"ROI results | Akeneo","robots":{"index":"noindex","follow":"follow"},"og_locale":"fr_FR","og_type":"article","og_title":"ROI results | Akeneo","og_url":"https:\/\/www.akeneo.com\/fr\/roi-results\/","og_site_name":"Akeneo","article_modified_time":"2024-09-20T08:19:03+00:00","og_image":[{"width":1200,"height":1200,"url":"https:\/\/www.akeneo.com\/wp-content\/uploads\/2024\/11\/generic_featuredimage_1200x1200.png","type":"image\/png"}],"twitter_card":"summary_large_image","schema":{"@context":"https:\/\/schema.org","@graph":[{"@type":"WebPage","@id":"https:\/\/www.akeneo.com\/fr\/roi-results\/","url":"https:\/\/www.akeneo.com\/fr\/roi-results\/","name":"ROI results | Akeneo","isPartOf":{"@id":"https:\/\/www.akeneo.com\/fr\/#website"},"datePublished":"2024-02-12T09:18:08+00:00","dateModified":"2024-09-20T08:19:03+00:00","inLanguage":"fr-FR","potentialAction":[{"@type":"ReadAction","target":["https:\/\/www.akeneo.com\/fr\/roi-results\/"]}]},{"@type":"WebSite","@id":"https:\/\/www.akeneo.com\/fr\/#website","url":"https:\/\/www.akeneo.com\/fr\/","name":"Akeneo","description":"","publisher":{"@id":"https:\/\/www.akeneo.com\/fr\/#organization"},"potentialAction":[{"@type":"SearchAction","target":{"@type":"EntryPoint","urlTemplate":"https:\/\/www.akeneo.com\/fr\/?s={search_term_string}"},"query-input":{"@type":"PropertyValueSpecification","valueRequired":true,"valueName":"search_term_string"}}],"inLanguage":"fr-FR"},{"@type":"Organization","@id":"https:\/\/www.akeneo.com\/fr\/#organization","name":"Akeneo","url":"https:\/\/www.akeneo.com\/fr\/","logo":{"@type":"ImageObject","inLanguage":"fr-FR","@id":"https:\/\/www.akeneo.com\/fr\/#\/schema\/logo\/image\/","url":"https:\/\/www.akeneo.com\/wp-content\/uploads\/2019\/08\/logo-kjus.png","contentUrl":"https:\/\/www.akeneo.com\/wp-content\/uploads\/2019\/08\/logo-kjus.png","width":1,"height":1,"caption":"Akeneo"},"image":{"@id":"https:\/\/www.akeneo.com\/fr\/#\/schema\/logo\/image\/"}}]}},"_links":{"self":[{"href":"https:\/\/www.akeneo.com\/fr\/wp-json\/wp\/v2\/pages\/48017","targetHints":{"allow":["GET"]}}],"collection":[{"href":"https:\/\/www.akeneo.com\/fr\/wp-json\/wp\/v2\/pages"}],"about":[{"href":"https:\/\/www.akeneo.com\/fr\/wp-json\/wp\/v2\/types\/page"}],"author":[{"embeddable":true,"href":"https:\/\/www.akeneo.com\/fr\/wp-json\/wp\/v2\/users\/1"}],"replies":[{"embeddable":true,"href":"https:\/\/www.akeneo.com\/fr\/wp-json\/wp\/v2\/comments?post=48017"}],"version-history":[{"count":0,"href":"https:\/\/www.akeneo.com\/fr\/wp-json\/wp\/v2\/pages\/48017\/revisions"}],"wp:attachment":[{"href":"https:\/\/www.akeneo.com\/fr\/wp-json\/wp\/v2\/media?parent=48017"}],"curies":[{"name":"wp","href":"https:\/\/api.w.org\/{rel}","templated":true}]}}