{"id":48014,"date":"2024-02-05T13:17:59","date_gmt":"2024-02-05T13:17:59","guid":{"rendered":"https:\/\/www.akeneo.com\/roi-calculator-2\/"},"modified":"2024-09-19T15:12:15","modified_gmt":"2024-09-19T15:12:15","slug":"roi-calculator","status":"publish","type":"page","link":"https:\/\/www.akeneo.com\/fr\/roi-calculator\/","title":{"rendered":"ROI calculator"},"content":{"rendered":"\n<section id=\"content-block_3f299a92436ecadc735ef49de0602323\" class=\" \">\n            <p><script src=\"https:\/\/code.jquery.com\/jquery-latest.min.js\" type=\"text\/javascript\"><\/script><\/p>\n<style>.hero--simple .hero-text{ max-width: unset; } .roi-header .hero-inner{ background: url(https:\/\/www.akeneo.com\/wp-content\/uploads\/2024\/02\/Frame-46@2x.png) bottom no-repeat #36145e; background-size: contain; border-radius: 8px; } .common-text, .common-text h1{ color: white; } h3{ font-weight: 500; font-size: 3rem; margin-top: 4rem; } h3 span{ color: #9452ba; } .range-block{ background: #efeff8; border-radius: 8px; padding: 2rem; } .range-title{ color: #9452ba; } .range-labels{ display: flex; justify-content: space-between; color: #605c64; } .slider { -webkit-appearance: none; width: 100%; height: 0; min-height: unset; border: none; padding: 0.5rem; margin: 2rem 0; border-radius: 5px; background: white; outline: none; opacity: 0.7; -webkit-transition: .2s; transition: opacity .2s; } .slider::-webkit-slider-thumb { -webkit-appearance: none; appearance: none; width: 25px; height: 25px; border-radius: 50%; background: #9452ba; cursor: pointer; } .slider::-moz-range-thumb { width: 25px; height: 25px; border-radius: 50%; background: #9452ba; cursor: pointer; } #field_154_11{ color: #605c64; } #field_154_3 legend{ display: none; } #field_154_3 label span{ color: #9452ba; } #field_154_3 .gchoice{ padding: 2rem; background: #efeff8; border-radius: 8px; font-weight: 500; }<\/style>\n    <\/section>\n\n\n\n  <section id=\"hero-block_6e7c60d6354ca3f5de7940f75fe339cd\" class=\"hero roi-header \">\n    <div class=\"container\">\n\n                    <div class=\"row\">\n                <div class=\"col-12\">\n                    <div class=\"hero-inner hero-inner-purple\">\n                    \n                    <div class=\"row\">\n                        <div class=\"col-md-10 col-lg-8 mx-md-auto\">\n                            <div class=\"hero-content text-center\">\n                                                                \n                                \n                                                                    <h1 class=\"hero-title\">Quel est le co\u00fbt pour votre entreprise de la fiabilisation des donn\u00e9es produits ?<\/h1>\n                                                                                                    <div class=\"hero-text\">\n                                        <p><p class=\"text-white\"> Une mauvaise qualit\u00e9 des donn\u00e9es produits a un impact significatif sur vos \u00e9quipes, qui se consacrent \u00e0 un processus manuel complexe et chronophage, et sur votre taux de conversion, qui est affect\u00e9 par les informations produits manquantes.<\/p>\n<\/p>\n                                    <\/div>\n                                                                                            <\/div>\n                        <\/div>\n                    <\/div>\n\n                                        <\/div>\n                <\/div>\n            <\/div>\n            <\/div>\n<\/section>  \n\n\n<section>\n<div class=\"container\">\n<div class=\"row\">\n<div class=\"col-12\">\n\n\n<section id=\"content-block_d2c226027377e984eef1ffb76f0a56b0\" class=\"py-6 py-md-8 \">\n            <div class=\"container\">\n            <div class=\"row\">\n                <div class=\"col-12\">\n                                            <div class=\"text-center \">\n                                                                                        <div class=\"text-editor fs-md\">\n                                    <style>\n.hero--simple .hero-text {<br \/>  max-width: unset;<br \/>}<br \/>.roi-header .hero-inner {<br \/>  background: url(https:\/\/www.akeneo.com\/wp-content\/uploads\/2024\/02\/Frame-46@2x.png)<br \/>    bottom no-repeat #36145e;<br \/>  background-size: contain;<br \/>  border-radius: 8px;<br \/>}<br \/>.common-text,<br \/>.common-text h1 {<br \/>  color: white;<br \/>}<br \/>h3 span {<br \/>  color: #9452ba;<br \/>}<br \/>.range-block {<br \/>  background: #efeff8;<br \/>  border-radius: 8px;<br \/>  padding: 2rem;<br \/>}<br \/>.range-title {<br \/>  color: #9452ba;<br \/>}<br \/>.range-labels {<br \/>  display: flex;<br \/>  justify-content: space-between;<br \/>  color: #605c64;<br \/>}<br \/>.slider {<br \/>  -webkit-appearance: none;<br \/>  width: 100%;<br \/>  height: 0;<br \/>  min-height: unset;<br \/>  border: none;<br \/>  padding: 0.5rem;<br \/>  margin: 2rem 0;<br \/>  border-radius: 5px;<br \/>  background: white;<br \/>  outline: none;<br \/>  opacity: 0.7;<br \/>  -webkit-transition: 0.2s;<br \/>  transition: opacity 0.2s;<br \/>}<br \/>.slider::-webkit-slider-thumb {<br \/>  -webkit-appearance: none;<br \/>  appearance: none;<br \/>  width: 25px;<br \/>  height: 25px;<br \/>  border-radius: 50%;<br \/>  background: #9452ba;<br \/>  cursor: pointer;<br \/>}<br \/>.slider::-moz-range-thumb {<br \/>  width: 25px;<br \/>  height: 25px;<br \/>  border-radius: 50%;<br \/>  background: #9452ba;<br \/>  cursor: pointer;<br \/>}<br \/>#field_143_11 {<br \/>  color: #605c64;<br \/>}<br \/>#field_143_3 legend {<br \/>  display: none;<br \/>}<br \/>#field_143_3 label span {<br \/>  color: #9452ba;<br \/>}<br \/>#field_143_3 .gchoice {<br \/>  padding: 2rem;<br \/>  background: #efeff8;<br \/>  border-radius: 8px;<br \/>  font-weight: 500;<br \/>  padding-left: 3rem;<br \/>}<\/p>\n<\/style>\n<h3><span>1.<\/span> Combien de produits votre \u00e9quipe doit-elle g\u00e9rer par mois ?<\/h3>\n<p>[gravityform id=\u00a0\u00bb143&Prime; title=\u00a0\u00bbfalse\u00a0\u00bb description=\u00a0\u00bbfalse\u00a0\u00bb]<br \/>\n<script> \n(function ($) {\n  $(\"#choice_143_3_1\").prop(\"checked\", false);\n  $(\"#choice_143_3_2\").prop(\"checked\", false);\n  $(\"#label_143_3_3\").prop(\"checked\", false);\n  $(\"#label_143_3_4\").prop(\"checked\", false);\n  var input = document.getElementById(\"price-range\"),\n    output = document.getElementById(\"range-value\");\n  input.oninput = function () {\n    var lineNumber = this.value;\n    output.innerHTML = lineNumber;\n  };\n  input.oninput();\n  $(\"#gform_submit_button_143\").on(\"click\", function (e) {\n    \/\/e.preventDefault();\n    var nbLines = $(\"#price-range\").val();\n    var nbModules = $(\n      \".roi-checkboxs-content input[type='checkbox']:checked\"\n    ).length;\n    var points = nbLines * nbModules;\n    var dataWorkerPrice = 5000;\n    var teamSize;\n    if (nbModules > 0) {\n      switch (nbModules) {\n        case 1:\n          teamSize = points \/ 3925;\n          break;\n        case 2:\n          teamSize = points \/ 3140;\n          break;\n        case 3:\n          teamSize = points \/ 2355;\n          break;\n        default:\n          teamSize = points \/ 1570;\n          break;\n      }\n      var totalManual = Math.round((teamSize * dataWorkerPrice) \/ 2);\n      var teamMember = Math.round(teamSize);\n      var modules = [];\n      if ($(\"#choice_143_3_1\").is(\":checked\")) {\n        modules.push(\"Categorization\");\n      }\n      if ($(\"#choice_143_3_2\").is(\":checked\")) {\n        modules.push(\"Extraction\");\n      }\n      if ($(\"#choice_143_3_3\").is(\":checked\")) {\n        modules.push(\"Normalization\");\n      }\n      if ($(\"#choice_143_3_4\").is(\":checked\")) {\n        modules.push(\"Matching\");\n      }\n      if (teamMember < 1) {\n        teamMember = 1;\n      }\n      \/\/\n      var formTotal = document.getElementById(\"input_143_6\");\n      var formLines = document.getElementById(\"input_143_7\");\n      var formModules = document.getElementById(\"input_143_8\");\n      var formTeams = document.getElementById(\"input_143_9\");\n      \/\/\n      formTotal.value = totalManual;\n      formLines.value = nbLines;\n      formModules.value = modules.join(\", \");\n      formTeams.value = teamMember;\n    }\n  });\n})(jQuery);\n\n<\/script><\/p>\n\n                                                                    <\/div>\n                                                    <\/div>\n                                        <\/div>\n            <\/div>\n        <\/div>\n    <\/section>\n\n\n<p><script><br \/>\n(function ($) {<br ><br \/>\n  const queryString = window.location.search;<br ><br \/>\n  const urlParams = new URLSearchParams(queryString);<br ><br \/>\n  var total = urlParams.get(\"total\");<br ><br \/>\n  var lines = urlParams.get(\"lines\");<br ><br \/>\n  var modules = urlParams.get(\"modules\");<br ><br \/>\n  var team = urlParams.get(\"team\");<br ><br \/>\n  $(\"#total-price-manual\").html(<br ><br \/>\n    total.toString().replace(\/\\B(?=(\\d{3})+(?!\\d))\/g, \" \")<br ><br \/>\n  );<br ><br \/>\n  $(\".data-lines\").html(lines);<br ><br \/>\n  $(\".data-modules\").html(modules);<br ><br \/>\n  $(\".data-team\").html(team);<br ><br \/>\n  var isExtra = false;<br ><br \/>\n  var isCatego = false;<br ><br \/>\n  var isMatching = false;<br ><br \/>\n  var isNorma = false;<br ><br \/>\n  if (modules.indexOf(\"Categorization\") !== -1) {<br ><br \/>\n    isCatego = true;<br ><br \/>\n  }<br ><br \/>\n  if (modules.indexOf(\"Extraction\") !== -1) {<br ><br \/>\n    isExtra = true;<br ><br \/>\n  }<br ><br \/>\n  if (modules.indexOf(\"Normalization\") !== -1) {<br ><br \/>\n    isNorma = true;<br ><br \/>\n  }<br ><br \/>\n  if (modules.indexOf(\"Matching\") !== -1) {<br ><br \/>\n    isMatching = true;<br ><br \/>\n  }<br ><br \/>\n  var plan = \"\";<br ><br \/>\n  if (isCatego && !isExtra && !isNorma && !isMatching) {<br ><br \/>\n    plan = \"pro\";<br ><br \/>\n  }<br ><br \/>\n  if (!isCatego && isExtra && !isNorma && !isMatching) {<br ><br \/>\n    plan = \"business\";<br ><br \/>\n  }<br ><br \/>\n  if (!isCatego && !isExtra && isNorma && !isMatching) {<br ><br \/>\n    plan = \"starter\";<br ><br \/>\n  }<br ><br \/>\n  if (!isCatego && !isExtra && !isNorma && isMatching) {<br ><br \/>\n    plan = \"pro\";<br ><br \/>\n  }<br ><br \/>\n  if (isCatego && isExtra && !isNorma && !isMatching) {<br ><br \/>\n    plan = \"business\";<br ><br \/>\n  }<br ><br \/>\n  if (isCatego && isExtra && isNorma && !isMatching) {<br ><br \/>\n    plan = \"business\";<br ><br \/>\n  }<br ><br \/>\n  if (isCatego && isExtra && isNorma && isMatching) {<br ><br \/>\n    plan = \"entreprise\";<br ><br \/>\n  }<br ><br \/>\n  if (isCatego && !isExtra && isNorma && !isMatching) {<br ><br \/>\n    plan = \"pro\";<br ><br \/>\n  }<br ><br \/>\n  if (isCatego && !isExtra && isNorma && isMatching) {<br ><br \/>\n    plan = \"entreprise\";<br ><br \/>\n  }<br ><br \/>\n  if (isCatego && !isExtra && !isNorma && isMatching) {<br ><br \/>\n    plan = \"entreprise\";<br ><br \/>\n  }<br ><br \/>\n  if (!isCatego && isExtra && isNorma && !isMatching) {<br ><br \/>\n    plan = \"business\";<br ><br \/>\n  }<br ><br \/>\n  if (!isCatego && isExtra && isNorma && isMatching) {<br ><br \/>\n    plan = \"business\";<br ><br \/>\n  }<br ><br \/>\n  if (!isCatego && !isExtra && isNorma && isMatching) {<br ><br \/>\n    plan = \"pro\";<br ><br \/>\n  }<br ><br \/>\n  var planPrice = 0;<br ><br \/>\n  if (plan == \"pro\") {<br ><br \/>\n    planPrice =<br ><br \/>\n      Math.round(lines * 0.12) > 300 ? Math.round(lines * 0.12) : \"300\";<br ><br \/>\n  } else if (plan == \"business\") {<br ><br \/>\n    planPrice = Math.round(lines * 0.2) > 600 ? Math.round(lines * 0.2) : \"600\";<br ><br \/>\n  } else if (plan == \"starter\") {<br ><br \/>\n    planPrice =<br ><br \/>\n      Math.round(lines * 0.07) > 100 ? Math.round(lines * 0.07) : \"100\";<br ><br \/>\n  }<br ><br \/>\n  $(\"#plan-price\").html(planPrice);<br ><br \/>\n  if (lines > 15000 || planPrice == 0) {<br ><br \/>\n    $(\"#content-more\").show();<br ><br \/>\n    $(\"#content-less\").hide();<br ><br \/>\n  } else {<br ><br \/>\n    $(\"#content-less\").show();<br ><br \/>\n    $(\"#content-more\").hide();<br ><br \/>\n  }<br ><br \/>\n})(jQuery);<br ><br \/>\n<\/script><\/p>\n<\/div>\n<\/div>\n<\/div>\n<\/section>","protected":false},"excerpt":{"rendered":"","protected":false},"author":1,"featured_media":41537,"parent":0,"menu_order":0,"comment_status":"closed","ping_status":"closed","template":"","meta":{"_acf_changed":true,"footnotes":""},"class_list":["post-48014","page","type-page","status-publish","has-post-thumbnail","hentry"],"acf":[],"yoast_head":"<!-- This site is optimized with the Yoast SEO Premium plugin v27.4 (Yoast SEO v27.4) - https:\/\/yoast.com\/product\/yoast-seo-premium-wordpress\/ -->\n<title>ROI calculator | Akeneo<\/title>\n<meta name=\"description\" content=\"Une mauvaise qualit\u00e9 des donn\u00e9es produits a un impact significatif sur vos \u00e9quipes, qui se consacrent \u00e0 un processus manuel complexe et chronophage, et sur votre taux de conversion, qui est affect\u00e9 par les informations produits manquantes.\" \/>\n<meta name=\"robots\" content=\"index, follow, max-snippet:-1, max-image-preview:large, max-video-preview:-1\" \/>\n<link rel=\"canonical\" href=\"https:\/\/www.akeneo.com\/fr\/roi-calculator\/\" \/>\n<meta property=\"og:locale\" content=\"fr_FR\" \/>\n<meta property=\"og:type\" content=\"article\" \/>\n<meta property=\"og:title\" content=\"ROI calculator | Akeneo\" \/>\n<meta property=\"og:description\" content=\"Une mauvaise qualit\u00e9 des donn\u00e9es produits a un impact significatif sur vos \u00e9quipes, qui se consacrent \u00e0 un processus manuel complexe et chronophage, et sur votre taux de conversion, qui est affect\u00e9 par les informations produits manquantes.\" \/>\n<meta property=\"og:url\" content=\"https:\/\/www.akeneo.com\/fr\/roi-calculator\/\" \/>\n<meta property=\"og:site_name\" content=\"Akeneo\" \/>\n<meta property=\"article:modified_time\" content=\"2024-09-19T15:12:15+00:00\" \/>\n<meta property=\"og:image\" content=\"https:\/\/www.akeneo.com\/wp-content\/uploads\/2024\/03\/akeneo-ico-CTA-ROIpage-580x380-1.png\" \/>\n\t<meta property=\"og:image:width\" content=\"1\" \/>\n\t<meta property=\"og:image:height\" content=\"1\" \/>\n\t<meta property=\"og:image:type\" content=\"image\/png\" \/>\n<meta name=\"twitter:card\" content=\"summary_large_image\" \/>\n<meta name=\"twitter:label1\" content=\"Dur\u00e9e de lecture estim\u00e9e\" \/>\n\t<meta name=\"twitter:data1\" content=\"1 minute\" \/>\n<script type=\"application\/ld+json\" class=\"yoast-schema-graph\">{\"@context\":\"https:\\\/\\\/schema.org\",\"@graph\":[{\"@type\":\"WebPage\",\"@id\":\"https:\\\/\\\/www.akeneo.com\\\/fr\\\/roi-calculator\\\/\",\"url\":\"https:\\\/\\\/www.akeneo.com\\\/fr\\\/roi-calculator\\\/\",\"name\":\"ROI calculator | Akeneo\",\"isPartOf\":{\"@id\":\"https:\\\/\\\/www.akeneo.com\\\/fr\\\/#website\"},\"primaryImageOfPage\":{\"@id\":\"https:\\\/\\\/www.akeneo.com\\\/fr\\\/roi-calculator\\\/#primaryimage\"},\"image\":{\"@id\":\"https:\\\/\\\/www.akeneo.com\\\/fr\\\/roi-calculator\\\/#primaryimage\"},\"thumbnailUrl\":\"https:\\\/\\\/www.akeneo.com\\\/wp-content\\\/uploads\\\/2024\\\/03\\\/akeneo-ico-CTA-ROIpage-580x380-1.png\",\"datePublished\":\"2024-02-05T13:17:59+00:00\",\"dateModified\":\"2024-09-19T15:12:15+00:00\",\"description\":\"Une mauvaise qualit\u00e9 des donn\u00e9es produits a un impact significatif sur vos \u00e9quipes, qui se consacrent \u00e0 un processus manuel complexe et chronophage, et sur votre taux de conversion, qui est affect\u00e9 par les informations produits manquantes.\",\"inLanguage\":\"fr-FR\",\"potentialAction\":[{\"@type\":\"ReadAction\",\"target\":[\"https:\\\/\\\/www.akeneo.com\\\/fr\\\/roi-calculator\\\/\"]}]},{\"@type\":\"ImageObject\",\"inLanguage\":\"fr-FR\",\"@id\":\"https:\\\/\\\/www.akeneo.com\\\/fr\\\/roi-calculator\\\/#primaryimage\",\"url\":\"https:\\\/\\\/www.akeneo.com\\\/wp-content\\\/uploads\\\/2024\\\/03\\\/akeneo-ico-CTA-ROIpage-580x380-1.png\",\"contentUrl\":\"https:\\\/\\\/www.akeneo.com\\\/wp-content\\\/uploads\\\/2024\\\/03\\\/akeneo-ico-CTA-ROIpage-580x380-1.png\"},{\"@type\":\"WebSite\",\"@id\":\"https:\\\/\\\/www.akeneo.com\\\/fr\\\/#website\",\"url\":\"https:\\\/\\\/www.akeneo.com\\\/fr\\\/\",\"name\":\"Akeneo\",\"description\":\"\",\"publisher\":{\"@id\":\"https:\\\/\\\/www.akeneo.com\\\/fr\\\/#organization\"},\"potentialAction\":[{\"@type\":\"SearchAction\",\"target\":{\"@type\":\"EntryPoint\",\"urlTemplate\":\"https:\\\/\\\/www.akeneo.com\\\/fr\\\/?s={search_term_string}\"},\"query-input\":{\"@type\":\"PropertyValueSpecification\",\"valueRequired\":true,\"valueName\":\"search_term_string\"}}],\"inLanguage\":\"fr-FR\"},{\"@type\":\"Organization\",\"@id\":\"https:\\\/\\\/www.akeneo.com\\\/fr\\\/#organization\",\"name\":\"Akeneo\",\"url\":\"https:\\\/\\\/www.akeneo.com\\\/fr\\\/\",\"logo\":{\"@type\":\"ImageObject\",\"inLanguage\":\"fr-FR\",\"@id\":\"https:\\\/\\\/www.akeneo.com\\\/fr\\\/#\\\/schema\\\/logo\\\/image\\\/\",\"url\":\"https:\\\/\\\/www.akeneo.com\\\/wp-content\\\/uploads\\\/2019\\\/08\\\/logo-kjus.png\",\"contentUrl\":\"https:\\\/\\\/www.akeneo.com\\\/wp-content\\\/uploads\\\/2019\\\/08\\\/logo-kjus.png\",\"width\":1,\"height\":1,\"caption\":\"Akeneo\"},\"image\":{\"@id\":\"https:\\\/\\\/www.akeneo.com\\\/fr\\\/#\\\/schema\\\/logo\\\/image\\\/\"}}]}<\/script>\n<!-- \/ Yoast SEO Premium plugin. -->","yoast_head_json":{"title":"ROI calculator | Akeneo","description":"Une mauvaise qualit\u00e9 des donn\u00e9es produits a un impact significatif sur vos \u00e9quipes, qui se consacrent \u00e0 un processus manuel complexe et chronophage, et sur votre taux de conversion, qui est affect\u00e9 par les informations produits manquantes.","robots":{"index":"index","follow":"follow","max-snippet":"max-snippet:-1","max-image-preview":"max-image-preview:large","max-video-preview":"max-video-preview:-1"},"canonical":"https:\/\/www.akeneo.com\/fr\/roi-calculator\/","og_locale":"fr_FR","og_type":"article","og_title":"ROI calculator | Akeneo","og_description":"Une mauvaise qualit\u00e9 des donn\u00e9es produits a un impact significatif sur vos \u00e9quipes, qui se consacrent \u00e0 un processus manuel complexe et chronophage, et sur votre taux de conversion, qui est affect\u00e9 par les informations produits manquantes.","og_url":"https:\/\/www.akeneo.com\/fr\/roi-calculator\/","og_site_name":"Akeneo","article_modified_time":"2024-09-19T15:12:15+00:00","og_image":[{"url":"https:\/\/www.akeneo.com\/wp-content\/uploads\/2024\/03\/akeneo-ico-CTA-ROIpage-580x380-1.png","width":1,"height":1,"type":"image\/png"}],"twitter_card":"summary_large_image","twitter_misc":{"Dur\u00e9e de lecture estim\u00e9e":"1 minute"},"schema":{"@context":"https:\/\/schema.org","@graph":[{"@type":"WebPage","@id":"https:\/\/www.akeneo.com\/fr\/roi-calculator\/","url":"https:\/\/www.akeneo.com\/fr\/roi-calculator\/","name":"ROI calculator | Akeneo","isPartOf":{"@id":"https:\/\/www.akeneo.com\/fr\/#website"},"primaryImageOfPage":{"@id":"https:\/\/www.akeneo.com\/fr\/roi-calculator\/#primaryimage"},"image":{"@id":"https:\/\/www.akeneo.com\/fr\/roi-calculator\/#primaryimage"},"thumbnailUrl":"https:\/\/www.akeneo.com\/wp-content\/uploads\/2024\/03\/akeneo-ico-CTA-ROIpage-580x380-1.png","datePublished":"2024-02-05T13:17:59+00:00","dateModified":"2024-09-19T15:12:15+00:00","description":"Une mauvaise qualit\u00e9 des donn\u00e9es produits a un impact significatif sur vos \u00e9quipes, qui se consacrent \u00e0 un processus manuel complexe et chronophage, et sur votre taux de conversion, qui est affect\u00e9 par les informations produits manquantes.","inLanguage":"fr-FR","potentialAction":[{"@type":"ReadAction","target":["https:\/\/www.akeneo.com\/fr\/roi-calculator\/"]}]},{"@type":"ImageObject","inLanguage":"fr-FR","@id":"https:\/\/www.akeneo.com\/fr\/roi-calculator\/#primaryimage","url":"https:\/\/www.akeneo.com\/wp-content\/uploads\/2024\/03\/akeneo-ico-CTA-ROIpage-580x380-1.png","contentUrl":"https:\/\/www.akeneo.com\/wp-content\/uploads\/2024\/03\/akeneo-ico-CTA-ROIpage-580x380-1.png"},{"@type":"WebSite","@id":"https:\/\/www.akeneo.com\/fr\/#website","url":"https:\/\/www.akeneo.com\/fr\/","name":"Akeneo","description":"","publisher":{"@id":"https:\/\/www.akeneo.com\/fr\/#organization"},"potentialAction":[{"@type":"SearchAction","target":{"@type":"EntryPoint","urlTemplate":"https:\/\/www.akeneo.com\/fr\/?s={search_term_string}"},"query-input":{"@type":"PropertyValueSpecification","valueRequired":true,"valueName":"search_term_string"}}],"inLanguage":"fr-FR"},{"@type":"Organization","@id":"https:\/\/www.akeneo.com\/fr\/#organization","name":"Akeneo","url":"https:\/\/www.akeneo.com\/fr\/","logo":{"@type":"ImageObject","inLanguage":"fr-FR","@id":"https:\/\/www.akeneo.com\/fr\/#\/schema\/logo\/image\/","url":"https:\/\/www.akeneo.com\/wp-content\/uploads\/2019\/08\/logo-kjus.png","contentUrl":"https:\/\/www.akeneo.com\/wp-content\/uploads\/2019\/08\/logo-kjus.png","width":1,"height":1,"caption":"Akeneo"},"image":{"@id":"https:\/\/www.akeneo.com\/fr\/#\/schema\/logo\/image\/"}}]}},"_links":{"self":[{"href":"https:\/\/www.akeneo.com\/fr\/wp-json\/wp\/v2\/pages\/48014","targetHints":{"allow":["GET"]}}],"collection":[{"href":"https:\/\/www.akeneo.com\/fr\/wp-json\/wp\/v2\/pages"}],"about":[{"href":"https:\/\/www.akeneo.com\/fr\/wp-json\/wp\/v2\/types\/page"}],"author":[{"embeddable":true,"href":"https:\/\/www.akeneo.com\/fr\/wp-json\/wp\/v2\/users\/1"}],"replies":[{"embeddable":true,"href":"https:\/\/www.akeneo.com\/fr\/wp-json\/wp\/v2\/comments?post=48014"}],"version-history":[{"count":0,"href":"https:\/\/www.akeneo.com\/fr\/wp-json\/wp\/v2\/pages\/48014\/revisions"}],"wp:featuredmedia":[{"embeddable":true,"href":"https:\/\/www.akeneo.com\/fr\/wp-json\/wp\/v2\/media\/41537"}],"wp:attachment":[{"href":"https:\/\/www.akeneo.com\/fr\/wp-json\/wp\/v2\/media?parent=48014"}],"curies":[{"name":"wp","href":"https:\/\/api.w.org\/{rel}","templated":true}]}}