{"id":48012,"date":"2023-12-04T19:59:00","date_gmt":"2023-12-04T19:59:00","guid":{"rendered":"https:\/\/www.akeneo.com\/unifai-communication-opt-in-2\/"},"modified":"2024-07-04T07:03:55","modified_gmt":"2024-07-04T07:03:55","slug":"unifai-communication-opt-in","status":"publish","type":"page","link":"https:\/\/www.akeneo.com\/fr\/unifai-communication-opt-in\/","title":{"rendered":"Unifai Communication Opt-In FR"},"content":{"rendered":"        \n<section id=\"form-block_809cba5ccb3d821464eff4f3072af589\" class=\"hero bg-light \" >\n  <div class=\"container\">\n    <div class=\"row justify-content-between align-items-center g-3\">\n      <div class=\"col-lg-6\">\n        <div class=\"hero-content\">\n                                <h1 class=\"hero-title\">Hello! Votre aventure avec nous ne s\u2019arr\u00eate pas! <\/h1>\n                                <div class=\"hero-text\">\n              <p>Votre pr\u00e9c\u00e9dente inscription chez Unifai vous ouvre la voie \u00e0 une exp\u00e9rience encore plus enrichissante avec Akeneo, sp\u00e9cialiste de l\u2019exp\u00e9rience produit.<\/p>\n<p>Il vous suffit de saisir votre adresse e-mail et de cliquer \u201cOui\u201d pour acc\u00e9der \u00e0 des informations exclusives, des conseils d&rsquo;experts et des avant-premi\u00e8res sur les derni\u00e8res tendances en gestion de l&rsquo;exp\u00e9rience produit ! Rejoignez une communaut\u00e9 de plus de 90 000 experts pour am\u00e9liorer votre exp\u00e9rience, et peut-\u00eatre recevoir un salut sp\u00e9cial de Ziggy, notre mascotte !<\/p>\n            <\/div>\n                  <\/div>\n      <\/div>\n\n      <div class=\"col-lg-5 \">\n        <div class=\"p-3  rounded-4 shadow mt-3 p-md-6 bg-body\">\n                                                          <script data-cookieconsent=\"ignore\" src=\"\/\/pages.akeneo.com\/js\/forms2\/js\/forms2.min.js\"><\/script>\n              <form id=\"mktoForm_109\"><\/form>\n              <script>\n                MktoForms2.loadForm(\"\/\/pages.akeneo.com\", \"343-FNN-684\", 109);\n                MktoForms2.whenReady(function(form) {\n                  if (form.getId() === 109) {\n                    form.onSuccess(function(vals) {\n                      if (vals.FirstName) {\n                        sessionStorage.setItem('mkto_firstName', vals.FirstName);\n                      }\n                    });\n                  }\n                });\n              <\/script>\n                              <\/div>\n      <\/div>      \n    <\/div>\n  <\/div>\n<\/section>\n","protected":false},"excerpt":{"rendered":"","protected":false},"author":1,"featured_media":25731,"parent":0,"menu_order":0,"comment_status":"closed","ping_status":"closed","template":"","meta":{"_acf_changed":false,"footnotes":""},"class_list":["post-48012","page","type-page","status-publish","has-post-thumbnail","hentry"],"acf":[],"yoast_head":"<!-- This site is optimized with the Yoast SEO Premium plugin v27.4 (Yoast SEO v27.4) - https:\/\/yoast.com\/product\/yoast-seo-premium-wordpress\/ -->\n<title>Unifai Communication Opt-In FR | Akeneo<\/title>\n<meta name=\"robots\" content=\"noindex, follow\" \/>\n<meta property=\"og:locale\" content=\"fr_FR\" \/>\n<meta property=\"og:type\" content=\"article\" \/>\n<meta property=\"og:title\" content=\"Unifai Communication Opt-In FR | Akeneo\" \/>\n<meta property=\"og:url\" content=\"https:\/\/www.akeneo.com\/fr\/unifai-communication-opt-in\/\" \/>\n<meta property=\"og:site_name\" content=\"Akeneo\" \/>\n<meta property=\"article:modified_time\" content=\"2024-07-04T07:03:55+00:00\" \/>\n<meta property=\"og:image\" content=\"https:\/\/www.akeneo.com\/wp-content\/uploads\/2022\/01\/akeneo-ico-ziggy-hello-1.png\" \/>\n\t<meta property=\"og:image:width\" content=\"1\" \/>\n\t<meta property=\"og:image:height\" content=\"1\" \/>\n\t<meta property=\"og:image:type\" content=\"image\/png\" \/>\n<meta name=\"twitter:card\" content=\"summary_large_image\" \/>\n<script type=\"application\/ld+json\" class=\"yoast-schema-graph\">{\"@context\":\"https:\\\/\\\/schema.org\",\"@graph\":[{\"@type\":\"WebPage\",\"@id\":\"https:\\\/\\\/www.akeneo.com\\\/fr\\\/unifai-communication-opt-in\\\/\",\"url\":\"https:\\\/\\\/www.akeneo.com\\\/fr\\\/unifai-communication-opt-in\\\/\",\"name\":\"Unifai Communication Opt-In FR | Akeneo\",\"isPartOf\":{\"@id\":\"https:\\\/\\\/www.akeneo.com\\\/fr\\\/#website\"},\"primaryImageOfPage\":{\"@id\":\"https:\\\/\\\/www.akeneo.com\\\/fr\\\/unifai-communication-opt-in\\\/#primaryimage\"},\"image\":{\"@id\":\"https:\\\/\\\/www.akeneo.com\\\/fr\\\/unifai-communication-opt-in\\\/#primaryimage\"},\"thumbnailUrl\":\"https:\\\/\\\/www.akeneo.com\\\/wp-content\\\/uploads\\\/2022\\\/01\\\/akeneo-ico-ziggy-hello-1.png\",\"datePublished\":\"2023-12-04T19:59:00+00:00\",\"dateModified\":\"2024-07-04T07:03:55+00:00\",\"inLanguage\":\"fr-FR\",\"potentialAction\":[{\"@type\":\"ReadAction\",\"target\":[\"https:\\\/\\\/www.akeneo.com\\\/fr\\\/unifai-communication-opt-in\\\/\"]}]},{\"@type\":\"ImageObject\",\"inLanguage\":\"fr-FR\",\"@id\":\"https:\\\/\\\/www.akeneo.com\\\/fr\\\/unifai-communication-opt-in\\\/#primaryimage\",\"url\":\"https:\\\/\\\/www.akeneo.com\\\/wp-content\\\/uploads\\\/2022\\\/01\\\/akeneo-ico-ziggy-hello-1.png\",\"contentUrl\":\"https:\\\/\\\/www.akeneo.com\\\/wp-content\\\/uploads\\\/2022\\\/01\\\/akeneo-ico-ziggy-hello-1.png\"},{\"@type\":\"WebSite\",\"@id\":\"https:\\\/\\\/www.akeneo.com\\\/fr\\\/#website\",\"url\":\"https:\\\/\\\/www.akeneo.com\\\/fr\\\/\",\"name\":\"Akeneo\",\"description\":\"\",\"publisher\":{\"@id\":\"https:\\\/\\\/www.akeneo.com\\\/fr\\\/#organization\"},\"potentialAction\":[{\"@type\":\"SearchAction\",\"target\":{\"@type\":\"EntryPoint\",\"urlTemplate\":\"https:\\\/\\\/www.akeneo.com\\\/fr\\\/?s={search_term_string}\"},\"query-input\":{\"@type\":\"PropertyValueSpecification\",\"valueRequired\":true,\"valueName\":\"search_term_string\"}}],\"inLanguage\":\"fr-FR\"},{\"@type\":\"Organization\",\"@id\":\"https:\\\/\\\/www.akeneo.com\\\/fr\\\/#organization\",\"name\":\"Akeneo\",\"url\":\"https:\\\/\\\/www.akeneo.com\\\/fr\\\/\",\"logo\":{\"@type\":\"ImageObject\",\"inLanguage\":\"fr-FR\",\"@id\":\"https:\\\/\\\/www.akeneo.com\\\/fr\\\/#\\\/schema\\\/logo\\\/image\\\/\",\"url\":\"https:\\\/\\\/www.akeneo.com\\\/wp-content\\\/uploads\\\/2019\\\/08\\\/logo-kjus.png\",\"contentUrl\":\"https:\\\/\\\/www.akeneo.com\\\/wp-content\\\/uploads\\\/2019\\\/08\\\/logo-kjus.png\",\"width\":1,\"height\":1,\"caption\":\"Akeneo\"},\"image\":{\"@id\":\"https:\\\/\\\/www.akeneo.com\\\/fr\\\/#\\\/schema\\\/logo\\\/image\\\/\"}}]}<\/script>\n<!-- \/ Yoast SEO Premium plugin. -->","yoast_head_json":{"title":"Unifai Communication Opt-In FR | Akeneo","robots":{"index":"noindex","follow":"follow"},"og_locale":"fr_FR","og_type":"article","og_title":"Unifai Communication Opt-In FR | Akeneo","og_url":"https:\/\/www.akeneo.com\/fr\/unifai-communication-opt-in\/","og_site_name":"Akeneo","article_modified_time":"2024-07-04T07:03:55+00:00","og_image":[{"url":"https:\/\/www.akeneo.com\/wp-content\/uploads\/2022\/01\/akeneo-ico-ziggy-hello-1.png","width":1,"height":1,"type":"image\/png"}],"twitter_card":"summary_large_image","schema":{"@context":"https:\/\/schema.org","@graph":[{"@type":"WebPage","@id":"https:\/\/www.akeneo.com\/fr\/unifai-communication-opt-in\/","url":"https:\/\/www.akeneo.com\/fr\/unifai-communication-opt-in\/","name":"Unifai Communication Opt-In FR | Akeneo","isPartOf":{"@id":"https:\/\/www.akeneo.com\/fr\/#website"},"primaryImageOfPage":{"@id":"https:\/\/www.akeneo.com\/fr\/unifai-communication-opt-in\/#primaryimage"},"image":{"@id":"https:\/\/www.akeneo.com\/fr\/unifai-communication-opt-in\/#primaryimage"},"thumbnailUrl":"https:\/\/www.akeneo.com\/wp-content\/uploads\/2022\/01\/akeneo-ico-ziggy-hello-1.png","datePublished":"2023-12-04T19:59:00+00:00","dateModified":"2024-07-04T07:03:55+00:00","inLanguage":"fr-FR","potentialAction":[{"@type":"ReadAction","target":["https:\/\/www.akeneo.com\/fr\/unifai-communication-opt-in\/"]}]},{"@type":"ImageObject","inLanguage":"fr-FR","@id":"https:\/\/www.akeneo.com\/fr\/unifai-communication-opt-in\/#primaryimage","url":"https:\/\/www.akeneo.com\/wp-content\/uploads\/2022\/01\/akeneo-ico-ziggy-hello-1.png","contentUrl":"https:\/\/www.akeneo.com\/wp-content\/uploads\/2022\/01\/akeneo-ico-ziggy-hello-1.png"},{"@type":"WebSite","@id":"https:\/\/www.akeneo.com\/fr\/#website","url":"https:\/\/www.akeneo.com\/fr\/","name":"Akeneo","description":"","publisher":{"@id":"https:\/\/www.akeneo.com\/fr\/#organization"},"potentialAction":[{"@type":"SearchAction","target":{"@type":"EntryPoint","urlTemplate":"https:\/\/www.akeneo.com\/fr\/?s={search_term_string}"},"query-input":{"@type":"PropertyValueSpecification","valueRequired":true,"valueName":"search_term_string"}}],"inLanguage":"fr-FR"},{"@type":"Organization","@id":"https:\/\/www.akeneo.com\/fr\/#organization","name":"Akeneo","url":"https:\/\/www.akeneo.com\/fr\/","logo":{"@type":"ImageObject","inLanguage":"fr-FR","@id":"https:\/\/www.akeneo.com\/fr\/#\/schema\/logo\/image\/","url":"https:\/\/www.akeneo.com\/wp-content\/uploads\/2019\/08\/logo-kjus.png","contentUrl":"https:\/\/www.akeneo.com\/wp-content\/uploads\/2019\/08\/logo-kjus.png","width":1,"height":1,"caption":"Akeneo"},"image":{"@id":"https:\/\/www.akeneo.com\/fr\/#\/schema\/logo\/image\/"}}]}},"_links":{"self":[{"href":"https:\/\/www.akeneo.com\/fr\/wp-json\/wp\/v2\/pages\/48012","targetHints":{"allow":["GET"]}}],"collection":[{"href":"https:\/\/www.akeneo.com\/fr\/wp-json\/wp\/v2\/pages"}],"about":[{"href":"https:\/\/www.akeneo.com\/fr\/wp-json\/wp\/v2\/types\/page"}],"author":[{"embeddable":true,"href":"https:\/\/www.akeneo.com\/fr\/wp-json\/wp\/v2\/users\/1"}],"replies":[{"embeddable":true,"href":"https:\/\/www.akeneo.com\/fr\/wp-json\/wp\/v2\/comments?post=48012"}],"version-history":[{"count":0,"href":"https:\/\/www.akeneo.com\/fr\/wp-json\/wp\/v2\/pages\/48012\/revisions"}],"wp:featuredmedia":[{"embeddable":true,"href":"https:\/\/www.akeneo.com\/fr\/wp-json\/wp\/v2\/media\/25731"}],"wp:attachment":[{"href":"https:\/\/www.akeneo.com\/fr\/wp-json\/wp\/v2\/media?parent=48012"}],"curies":[{"name":"wp","href":"https:\/\/api.w.org\/{rel}","templated":true}]}}