{"id":47990,"date":"2023-04-11T14:58:22","date_gmt":"2023-04-11T14:58:22","guid":{"rendered":"https:\/\/www.akeneo.com\/sap-commerce-cloud-2\/"},"modified":"2026-02-18T13:14:52","modified_gmt":"2026-02-18T13:14:52","slug":"sap-commerce-cloud","status":"publish","type":"page","link":"https:\/\/www.akeneo.com\/fr\/sap-commerce-cloud\/","title":{"rendered":"SAP Commerce Cloud"},"content":{"rendered":"\n  <section class=\"hero hero-light  \" >\n    <div class=\"container\">\n                            <div class=\"row justify-content-between align-items-center g-3\">\n                        <div class=\"col-lg-6\">\n                            <div class=\"hero-content\">\n                                                                \n                                \n                                                                    <h1 class=\"hero-title\">SAP Commerce Cloud<\/h1>\n                                                                                                    <div class=\"hero-text\">\n                                        <p>Sur un march\u00e9 de plus en plus concurrentiel, il ne suffit plus de se contenter de lister ses produits sur plusieurs sites. Les entreprises doivent proposer des exp\u00e9riences produits coh\u00e9rentes et engageantes partout o\u00f9 se trouvent leurs clients. Gr\u00e2ce \u00e0 Akeneo Product Cloud et \u00e0 SAP Commerce Cloud, vous augmentez la rentabilit\u00e9 de votre activit\u00e9 commerciale en offrant une exp\u00e9rience produit fluide et consistante \u00e0 chaque point de contact avec le client.<\/p>\n<p>Ensemble, nous veillons \u00e0 ce que les informations produits soient coh\u00e9rentes, convaincantes et \u00e0 jour sur tous les canaux de vente. Offrez aux consommateurs une exp\u00e9rience d\u2019achat riche et personnalis\u00e9e qui stimule les ventes, am\u00e9liore les marges, r\u00e9duit les retours produits et renforce l\u2019engagement des clients.<\/p>\n                                    <\/div>\n                                                                                                    <div class=\"hero-buttons\">\n                                                                                                                                    <div>\n                                                    <a class=\"btn btn-primary btn-lg\" href=\"https:\/\/www.akeneo.com\/wp-content\/uploads\/2023\/05\/sap_and_akeneo_infosheet.pdf\" target=\"_blank\"><span class=\"initial text\">T\u00e9l\u00e9charger l&rsquo;Infosheet<\/span><span class=\"background-text\">T\u00e9l\u00e9charger l&rsquo;Infosheet<\/span><span class=\"hovered text\">T\u00e9l\u00e9charger l&rsquo;Infosheet<\/span><\/a>                                                <\/div>\n                                                                                                                        <\/div>\n                                                            <\/div>\n                        <\/div>\n                                                    <div class=\"col-lg-5\">\n                                                                    <div class=\"hero-image\">\n                                        <img decoding=\"async\" src=\"https:\/\/www.akeneo.com\/wp-content\/uploads\/2023\/04\/web-assets-SAP-Commerce-Cloud-hero@2x-1122x1200.png\" alt=\"\">\n                                    <\/div>\n                                \n                                                            <\/div>\n                                            <\/div>\n\n                        <\/div>\n<\/section>  \n\n\n\n\n<section id=\"video-block_1ccb4bf481ce44b2346f61556e128359\" class=\"py-6 py-md-8\">\n  <div class=\"container\">\n    <div class=\"row \">\n              <div class=\"col-12\">\n                                                  <div>\n              <div class=\"ratio ratio-16x9 video-wrapper position-relative\">\n                                                  <div class=\"ratio ratio-16x9\"><iframe id=\"externalVideo\" class=\"\" loading=\"lazy\" width=\"650\" height=\"366\" src=\"https:\/\/www.youtube.com\/embed\/qFazMATspqI\" title=\"YouTube video player\" frameborder=\"0\" allow=\"accelerometer; autoplay; clipboard-write; encrypted-media; gyroscope; picture-in-picture; web-share\" allowfullscreen><\/iframe><\/div>\n                              <\/div>\n            <\/div>\n                                                <\/div>\n          <\/div>\n  <\/div>\n<\/section>\n\n\n  \n<section class=\"py-6 py-md-6\">\n    <div class=\"container\">\n        <div class=\"row\">\n            <div class=\"col-12\">\n                <div class=\"testimonial-card testimonial-card-has-quotes\">\n                                            <blockquote class=\"testimonial-card-quote\">\n                            <p>\u00c0 l&rsquo;\u00e8re du commerce ax\u00e9 sur l&rsquo;exp\u00e9rience, il est essentiel pour les marques et distributeurs de disposer d&rsquo;informations produits de qualit\u00e9. Les entreprises sont en concurrence pour lancer de nouveaux produits et maintenir leurs catalogues \u00e0 jour sur tous les canaux et dans tous les pays, et elles doivent le faire rapidement et \u00e0 grande \u00e9chelle. Elles ont besoin d&rsquo;une solution PIM sp\u00e9cialement con\u00e7ue pour garantir la qualit\u00e9 des donn\u00e9es produits et rationaliser leurs processus. Nous sommes ravis de nous associer \u00e0 Akeneo pour aider les marques et distributeurs \u00e0 offrir des exp\u00e9riences produits exceptionnelles dans le monde omnicanal d&rsquo;aujourd&rsquo;hui.<\/p>\n                        <\/blockquote>\n                                        <div class=\"author\">\n                                                                                    <div class=\"author-pic\">\n                                    <img decoding=\"async\" src=\"https:\/\/www.akeneo.com\/wp-content\/uploads\/2023\/04\/geert-sap-profile.png\" alt=\"\">\n                                <\/div>\n                                                                                                        <div class=\"author-info\">\n                                                                    <p>\n                                                                                    <strong>Geert Leeman<\/strong>\n                                                                                                                            CRO                                                                            <\/p>\n                                                                                                    <strong>@SAP CX<\/strong>\n                                                            <\/div>\n                                            <\/div>\n                <\/div>\n            <\/div>\n        <\/div>\n    <\/div>\n<\/section>\n\n\n<section id=\"assets-articles-block_ed9f3a605a716adbcf98acc357b1e301\" class=\"py-6 py-md-8 \">\n    <div class=\"container\">\n        <div class=\"row\">\n            <div class=\"col-12\">\n                <div class=\"mb-4  text-center\">\n                                            <h2 class=\"mb-0 text-primary-blackstar\">D\u00e9couvrir comment<\/h2>\n                    \n                                                        <\/div>\n            <\/div>\n        <\/div>\n                    <div class=\"row row-cols-lg-2 g-3\">\n                                    \n<div>\n    <div class=\"article-card  p-0\">\n                    <div class=\"article-card-image \">\n                <img decoding=\"async\" src=\"https:\/\/www.akeneo.com\/wp-content\/uploads\/2023\/04\/Explore-How.png\" alt=\"\">\n            <\/div>\n                <div class=\"article-card-content\">\n                            <p class=\"article-card-meta\">\n                    <span>F\u00e9v 02, 2023<\/span>\n                                    <\/p>\n                                        <h4 class=\"article-card-title text-primary-blackstar\">Akeneo\u2019s Product Information Management Solution disponible maintenant sur le SAP\u00ae Store<\/h4>\n                                                    <p class=\"article-card-excerpt text-primary-blackstar\">En s&rsquo;int\u00e9grant \u00e0 SAP Commerce Cloud, Akeneo Product Information Management offre un lieu unique po&#8230;<\/p>\n                        <a href=\"https:\/\/www.akeneo.com\/press-release\/akeneos-product-information-management-solution-now-available-on-sap-store\/ \" class=\"article-card-link stretched-link\"><span class=\"hidden-text\"><\/span><\/a>\n        <\/div>\n    <\/div>\n<\/div>                                    \n<div>\n    <div class=\"article-card  p-0\">\n                    <div class=\"article-card-image \">\n                <img decoding=\"async\" src=\"https:\/\/www.akeneo.com\/wp-content\/uploads\/2023\/04\/SAP-App-Store.png\" alt=\"\">\n            <\/div>\n                <div class=\"article-card-content\">\n                            <p class=\"article-card-meta\">\n                    <span>Mar 30, 2023<\/span>\n                                    <\/p>\n                                        <h4 class=\"article-card-title text-primary-blackstar\">Connecteur Akeneo pour SAP Commerce Cloud<\/h4>\n                                                    <p class=\"article-card-excerpt text-primary-blackstar\">Obtenez le Connecteur Akeneo pour SAP Commerce Cloud sur SAP App Store\r\n\r\n<\/p>\n                        <a href=\"https:\/\/store.sap.com\/dcp\/en\/product\/display-0000060879_live_v1\/akeneo-product-information-management\" class=\"article-card-link stretched-link\"><span class=\"hidden-text\"><\/span><\/a>\n        <\/div>\n    <\/div>\n<\/div>                            <\/div>\n            <\/div>\n<\/section>","protected":false},"excerpt":{"rendered":"","protected":false},"author":1,"featured_media":36393,"parent":0,"menu_order":0,"comment_status":"closed","ping_status":"closed","template":"","meta":{"_acf_changed":true,"footnotes":""},"class_list":["post-47990","page","type-page","status-publish","has-post-thumbnail","hentry"],"acf":[],"yoast_head":"<!-- This site is optimized with the Yoast SEO Premium plugin v26.7 (Yoast SEO v26.7) - https:\/\/yoast.com\/wordpress\/plugins\/seo\/ -->\n<title>SAP Commerce Cloud | Akeneo<\/title>\n<meta name=\"description\" content=\"La solution PIM en mode SaaS, simple et flexible, pour organiser et enrichir vos catalogues produits sur SAP Commerce Cloud\" \/>\n<meta name=\"robots\" content=\"index, follow, max-snippet:-1, max-image-preview:large, max-video-preview:-1\" \/>\n<link rel=\"canonical\" href=\"https:\/\/www.akeneo.com\/fr\/sap-commerce-cloud\/\" \/>\n<meta property=\"og:locale\" content=\"fr_FR\" \/>\n<meta property=\"og:type\" content=\"article\" \/>\n<meta property=\"og:title\" content=\"SAP Commerce Cloud | Akeneo\" \/>\n<meta property=\"og:description\" content=\"La solution PIM en mode SaaS, simple et flexible, pour organiser et enrichir vos catalogues produits sur SAP Commerce Cloud\" \/>\n<meta property=\"og:url\" content=\"https:\/\/www.akeneo.com\/fr\/sap-commerce-cloud\/\" \/>\n<meta property=\"og:site_name\" content=\"Akeneo\" \/>\n<meta property=\"article:modified_time\" content=\"2026-02-18T13:14:52+00:00\" \/>\n<meta property=\"og:image\" content=\"https:\/\/www.akeneo.com\/wp-content\/uploads\/2023\/04\/SAP-website-page.png\" \/>\n\t<meta property=\"og:image:width\" content=\"1\" \/>\n\t<meta property=\"og:image:height\" content=\"1\" \/>\n\t<meta property=\"og:image:type\" content=\"image\/png\" \/>\n<meta name=\"twitter:card\" content=\"summary_large_image\" \/>\n<meta name=\"twitter:label1\" content=\"Dur\u00e9e de lecture estim\u00e9e\" \/>\n\t<meta name=\"twitter:data1\" content=\"1 minute\" \/>\n<script type=\"application\/ld+json\" class=\"yoast-schema-graph\">{\"@context\":\"https:\/\/schema.org\",\"@graph\":[{\"@type\":\"WebPage\",\"@id\":\"https:\/\/www.akeneo.com\/fr\/sap-commerce-cloud\/\",\"url\":\"https:\/\/www.akeneo.com\/fr\/sap-commerce-cloud\/\",\"name\":\"SAP Commerce Cloud | Akeneo\",\"isPartOf\":{\"@id\":\"https:\/\/www.akeneo.com\/fr\/#website\"},\"primaryImageOfPage\":{\"@id\":\"https:\/\/www.akeneo.com\/fr\/sap-commerce-cloud\/#primaryimage\"},\"image\":{\"@id\":\"https:\/\/www.akeneo.com\/fr\/sap-commerce-cloud\/#primaryimage\"},\"thumbnailUrl\":\"https:\/\/www.akeneo.com\/wp-content\/uploads\/2023\/04\/SAP-website-page.png\",\"datePublished\":\"2023-04-11T14:58:22+00:00\",\"dateModified\":\"2026-02-18T13:14:52+00:00\",\"description\":\"La solution PIM en mode SaaS, simple et flexible, pour organiser et enrichir vos catalogues produits sur SAP Commerce Cloud\",\"inLanguage\":\"fr-FR\",\"potentialAction\":[{\"@type\":\"ReadAction\",\"target\":[\"https:\/\/www.akeneo.com\/fr\/sap-commerce-cloud\/\"]}]},{\"@type\":\"ImageObject\",\"inLanguage\":\"fr-FR\",\"@id\":\"https:\/\/www.akeneo.com\/fr\/sap-commerce-cloud\/#primaryimage\",\"url\":\"https:\/\/www.akeneo.com\/wp-content\/uploads\/2023\/04\/SAP-website-page.png\",\"contentUrl\":\"https:\/\/www.akeneo.com\/wp-content\/uploads\/2023\/04\/SAP-website-page.png\"},{\"@type\":\"WebSite\",\"@id\":\"https:\/\/www.akeneo.com\/fr\/#website\",\"url\":\"https:\/\/www.akeneo.com\/fr\/\",\"name\":\"Akeneo\",\"description\":\"\",\"publisher\":{\"@id\":\"https:\/\/www.akeneo.com\/fr\/#organization\"},\"potentialAction\":[{\"@type\":\"SearchAction\",\"target\":{\"@type\":\"EntryPoint\",\"urlTemplate\":\"https:\/\/www.akeneo.com\/fr\/?s={search_term_string}\"},\"query-input\":{\"@type\":\"PropertyValueSpecification\",\"valueRequired\":true,\"valueName\":\"search_term_string\"}}],\"inLanguage\":\"fr-FR\"},{\"@type\":\"Organization\",\"@id\":\"https:\/\/www.akeneo.com\/fr\/#organization\",\"name\":\"Akeneo\",\"url\":\"https:\/\/www.akeneo.com\/fr\/\",\"logo\":{\"@type\":\"ImageObject\",\"inLanguage\":\"fr-FR\",\"@id\":\"https:\/\/www.akeneo.com\/fr\/#\/schema\/logo\/image\/\",\"url\":\"https:\/\/www.akeneo.com\/wp-content\/uploads\/2019\/08\/logo-kjus.png\",\"contentUrl\":\"https:\/\/www.akeneo.com\/wp-content\/uploads\/2019\/08\/logo-kjus.png\",\"width\":1,\"height\":1,\"caption\":\"Akeneo\"},\"image\":{\"@id\":\"https:\/\/www.akeneo.com\/fr\/#\/schema\/logo\/image\/\"}}]}<\/script>\n<!-- \/ Yoast SEO Premium plugin. -->","yoast_head_json":{"title":"SAP Commerce Cloud | Akeneo","description":"La solution PIM en mode SaaS, simple et flexible, pour organiser et enrichir vos catalogues produits sur SAP Commerce Cloud","robots":{"index":"index","follow":"follow","max-snippet":"max-snippet:-1","max-image-preview":"max-image-preview:large","max-video-preview":"max-video-preview:-1"},"canonical":"https:\/\/www.akeneo.com\/fr\/sap-commerce-cloud\/","og_locale":"fr_FR","og_type":"article","og_title":"SAP Commerce Cloud | Akeneo","og_description":"La solution PIM en mode SaaS, simple et flexible, pour organiser et enrichir vos catalogues produits sur SAP Commerce Cloud","og_url":"https:\/\/www.akeneo.com\/fr\/sap-commerce-cloud\/","og_site_name":"Akeneo","article_modified_time":"2026-02-18T13:14:52+00:00","og_image":[{"url":"https:\/\/www.akeneo.com\/wp-content\/uploads\/2023\/04\/SAP-website-page.png","width":1,"height":1,"type":"image\/png"}],"twitter_card":"summary_large_image","twitter_misc":{"Dur\u00e9e de lecture estim\u00e9e":"1 minute"},"schema":{"@context":"https:\/\/schema.org","@graph":[{"@type":"WebPage","@id":"https:\/\/www.akeneo.com\/fr\/sap-commerce-cloud\/","url":"https:\/\/www.akeneo.com\/fr\/sap-commerce-cloud\/","name":"SAP Commerce Cloud | Akeneo","isPartOf":{"@id":"https:\/\/www.akeneo.com\/fr\/#website"},"primaryImageOfPage":{"@id":"https:\/\/www.akeneo.com\/fr\/sap-commerce-cloud\/#primaryimage"},"image":{"@id":"https:\/\/www.akeneo.com\/fr\/sap-commerce-cloud\/#primaryimage"},"thumbnailUrl":"https:\/\/www.akeneo.com\/wp-content\/uploads\/2023\/04\/SAP-website-page.png","datePublished":"2023-04-11T14:58:22+00:00","dateModified":"2026-02-18T13:14:52+00:00","description":"La solution PIM en mode SaaS, simple et flexible, pour organiser et enrichir vos catalogues produits sur SAP Commerce Cloud","inLanguage":"fr-FR","potentialAction":[{"@type":"ReadAction","target":["https:\/\/www.akeneo.com\/fr\/sap-commerce-cloud\/"]}]},{"@type":"ImageObject","inLanguage":"fr-FR","@id":"https:\/\/www.akeneo.com\/fr\/sap-commerce-cloud\/#primaryimage","url":"https:\/\/www.akeneo.com\/wp-content\/uploads\/2023\/04\/SAP-website-page.png","contentUrl":"https:\/\/www.akeneo.com\/wp-content\/uploads\/2023\/04\/SAP-website-page.png"},{"@type":"WebSite","@id":"https:\/\/www.akeneo.com\/fr\/#website","url":"https:\/\/www.akeneo.com\/fr\/","name":"Akeneo","description":"","publisher":{"@id":"https:\/\/www.akeneo.com\/fr\/#organization"},"potentialAction":[{"@type":"SearchAction","target":{"@type":"EntryPoint","urlTemplate":"https:\/\/www.akeneo.com\/fr\/?s={search_term_string}"},"query-input":{"@type":"PropertyValueSpecification","valueRequired":true,"valueName":"search_term_string"}}],"inLanguage":"fr-FR"},{"@type":"Organization","@id":"https:\/\/www.akeneo.com\/fr\/#organization","name":"Akeneo","url":"https:\/\/www.akeneo.com\/fr\/","logo":{"@type":"ImageObject","inLanguage":"fr-FR","@id":"https:\/\/www.akeneo.com\/fr\/#\/schema\/logo\/image\/","url":"https:\/\/www.akeneo.com\/wp-content\/uploads\/2019\/08\/logo-kjus.png","contentUrl":"https:\/\/www.akeneo.com\/wp-content\/uploads\/2019\/08\/logo-kjus.png","width":1,"height":1,"caption":"Akeneo"},"image":{"@id":"https:\/\/www.akeneo.com\/fr\/#\/schema\/logo\/image\/"}}]}},"_links":{"self":[{"href":"https:\/\/www.akeneo.com\/fr\/wp-json\/wp\/v2\/pages\/47990","targetHints":{"allow":["GET"]}}],"collection":[{"href":"https:\/\/www.akeneo.com\/fr\/wp-json\/wp\/v2\/pages"}],"about":[{"href":"https:\/\/www.akeneo.com\/fr\/wp-json\/wp\/v2\/types\/page"}],"author":[{"embeddable":true,"href":"https:\/\/www.akeneo.com\/fr\/wp-json\/wp\/v2\/users\/1"}],"replies":[{"embeddable":true,"href":"https:\/\/www.akeneo.com\/fr\/wp-json\/wp\/v2\/comments?post=47990"}],"version-history":[{"count":0,"href":"https:\/\/www.akeneo.com\/fr\/wp-json\/wp\/v2\/pages\/47990\/revisions"}],"wp:featuredmedia":[{"embeddable":true,"href":"https:\/\/www.akeneo.com\/fr\/wp-json\/wp\/v2\/media\/36393"}],"wp:attachment":[{"href":"https:\/\/www.akeneo.com\/fr\/wp-json\/wp\/v2\/media?parent=47990"}],"curies":[{"name":"wp","href":"https:\/\/api.w.org\/{rel}","templated":true}]}}