{"id":47931,"date":"2022-09-21T07:54:58","date_gmt":"2022-09-21T07:54:58","guid":{"rendered":"https:\/\/www.akeneo.com\/devenir-partenaire\/"},"modified":"2024-09-23T09:15:22","modified_gmt":"2024-09-23T09:15:22","slug":"devenir-partenaire","status":"publish","type":"page","link":"https:\/\/www.akeneo.com\/fr\/devenir-partenaire\/","title":{"rendered":"Devenir Partenaire Akeneo"},"content":{"rendered":"\n  <section class=\"hero hero-light  \" >\n    <div class=\"container\">\n                            <div class=\"row justify-content-between align-items-center g-3\">\n                        <div class=\"col-lg-6\">\n                            <div class=\"hero-content\">\n                                                                \n                                \n                                                                    <h1 class=\"hero-title\">Devenir un partenaire Akeneo<\/h1>\n                                                                                                    <div class=\"hero-text\">\n                                        <p><span style=\"font-weight: 400;\">Rejoignez l&rsquo;\u00e9cosyst\u00e8me international des partenaires technologiques et int\u00e9grateurs de solutions d&rsquo;Akeneo, qui se consacre \u00e0 aider nos clients pour cr\u00e9er des exp\u00e9riences produits convaincantes et coh\u00e9rentes. Acc\u00e9dez \u00e0 un r\u00e9seau d&rsquo;experts et de solutions technologiques qui travaillent au d\u00e9veloppement et \u00e0 la mise en \u0153uvre des strat\u00e9gies d\u2019exp\u00e9rience produit, et collaborez avec les meilleures acteurs du secteur pour optimiser la collecte, l&rsquo;enrichissement et l&rsquo;activation des informations produits.<\/span><\/p>\n                                    <\/div>\n                                                                                            <\/div>\n                        <\/div>\n                                                    <div class=\"col-lg-5\">\n                                                                    <div class=\"hero-image\">\n                                        <img decoding=\"async\" src=\"https:\/\/www.akeneo.com\/wp-content\/uploads\/2022\/12\/web-assets-Partners-hero@2x-1122x1200.png\" alt=\"\">\n                                    <\/div>\n                                \n                                                            <\/div>\n                                            <\/div>\n\n                        <\/div>\n<\/section>  \n\n\n\n<section id=\"logos-block_62af589cac4534b4ca8e2ca3bf9ef30e\" class=\"py-2 py-md-3\">\n            <div class=\"text-editor fs-md text-center mb-1 px-2 text-primary-blackstar fw-normal\">\n        <p>Rejoignez l&rsquo;\u00e9cosyst\u00e8me mondial de partenaires Akeneo<\/p>\n      <\/div>\n    \n                <div class=\"row row-cols-2 row-cols-md-3 row-cols-lg-6 g-3 \">\n                              <img decoding=\"async\" class=\"logo-card-image\" src=\"https:\/\/www.akeneo.com\/wp-content\/uploads\/2023\/02\/salesforce-logo.jpg\" alt=\"\">\n                                  <img decoding=\"async\" class=\"logo-card-image\" src=\"https:\/\/www.akeneo.com\/wp-content\/uploads\/2023\/02\/adobe-cc-logo.jpg\" alt=\"\">\n                                  <img decoding=\"async\" class=\"logo-card-image\" src=\"https:\/\/www.akeneo.com\/wp-content\/uploads\/2023\/02\/sap-logo.jpg\" alt=\"\">\n                                  <img decoding=\"async\" class=\"logo-card-image\" src=\"https:\/\/www.akeneo.com\/wp-content\/uploads\/2023\/02\/bynder-logo.jpg\" alt=\"\">\n                                  <img decoding=\"async\" class=\"logo-card-image\" src=\"https:\/\/www.akeneo.com\/wp-content\/uploads\/2023\/02\/big-commerce-logo.jpg\" alt=\"\">\n                                  <img decoding=\"async\" class=\"logo-card-image\" src=\"https:\/\/www.akeneo.com\/wp-content\/uploads\/2023\/02\/google-shopping-logo.jpg\" alt=\"\">\n                  <\/div>\n          \n    <\/section>\n\n\n<section id=\"content-block_b5646e6275def7db9f6b276cafb4f428\" class=\"py-6 py-md-8 \">\n    <div class=\"container\">\n        <div class=\"row justify-content-between align-items-center g-3 \">\n            <div class=\"col-lg-6\">\n                <div class=\"w-lg-70 mx-auto\">\n                                            <h2 class=\"text-primary-blackstar\">Les Partenaires Solutions \/ Int\u00e9grateurs<\/h2>\n                    \n                    \n                    <div class=\"text-editor fs-md text-primary-blackstar\">\n                                                    <p><span style=\"font-weight: 400;\">Les partenaires Solutions \/ Int\u00e9grateurs d\u2019Akeneo s&rsquo;assurent que les clients d&rsquo;Akeneo adoptent, int\u00e8grent et d\u00e9ploient avec succ\u00e8s Akeneo au sein de leur \u00e9cosyst\u00e8me technologique. Akeneo fournit \u00e0 ses partenaires int\u00e9grateurs un acc\u00e8s \u00e0 des formations et des certifications pour garantir la r\u00e9ussite de la mise en place d&rsquo;Akeneo PIM.<\/span><\/p>\n<p><strong>Vous souhaitez devenir partenaire d\u2019Akeneo ?<\/strong><\/p>\n                                                                    <\/div>\n                                                                        <a class=\"d-inline-block fs-md fw-medium mt-2  px-0 \" href=\"https:\/\/www.akeneo.com\/fr\/solution-partners\/\"><span class=\"initial text\">Partenaires Solution<svg class=\"svg-icon fs-sm ms-1\"><use xmlns:xlink=\"http:\/\/www.w3.org\/1999\/xlink\" xlink:href=\"https:\/\/www.akeneo.com\/wp-content\/themes\/akeneo\/assets\/sprite\/icons.svg#icon-chevron-right\"><\/use><\/svg><\/span><span class=\"background-text\">Partenaires Solution<svg class=\"svg-icon fs-sm ms-1\"><use xmlns:xlink=\"http:\/\/www.w3.org\/1999\/xlink\" xlink:href=\"https:\/\/www.akeneo.com\/wp-content\/themes\/akeneo\/assets\/sprite\/icons.svg#icon-chevron-right\"><\/use><\/svg><\/span><span class=\"hovered text\">Partenaires Solution<svg class=\"svg-icon fs-sm ms-1\"><use xmlns:xlink=\"http:\/\/www.w3.org\/1999\/xlink\" xlink:href=\"https:\/\/www.akeneo.com\/wp-content\/themes\/akeneo\/assets\/sprite\/icons.svg#icon-chevron-right\"><\/use><\/svg><\/span><\/a>                                                            <\/div>\n            <\/div>\n                            <div class=\"col-lg-6 text-center\">\n                                            <div class=\"torch-container\">\n                            <img decoding=\"async\" src=\"https:\/\/www.akeneo.com\/wp-content\/uploads\/2022\/01\/web-assets-Akeneo-Partners-Solution-Partners-1200x1200.png\" alt=\"\">\n                                                    <\/div>\n                    \n                                    <\/div>\n                    <\/div>\n    <\/div>\n<\/section>\n\n\n\n<section id=\"content-block_64bd324fdd23ea07031153477ea5ab2d\" class=\"py-6 py-md-8 \">\n    <div class=\"container\">\n        <div class=\"row justify-content-between align-items-center g-3 flex-lg-row-reverse\">\n            <div class=\"col-lg-6\">\n                <div class=\"w-lg-70 mx-auto\">\n                                            <h2 class=\"text-primary-blackstar\">Les Partenaires Technologiques<\/h2>\n                    \n                    \n                    <div class=\"text-editor fs-md text-primary-blackstar\">\n                                                    <p><span style=\"font-weight: 400;\">Les partenaires technologiques d&rsquo;Akeneo am\u00e9liorent le fonctionnement de la solution PIM en \u00e9tendant les capacit\u00e9s d&rsquo;Akeneo PIM avec des fonctionnalit\u00e9s suppl\u00e9mentaires ou des applications tierces. Les partenaires technologiques d&rsquo;Akeneo sont des experts des secteurs du e-commerce, de l&rsquo;impression, de la traduction et bien plus encore. Ils fournissent des modules suppl\u00e9mentaires pour cr\u00e9er une solution PXM compl\u00e8te et personnalis\u00e9e. <\/span><\/p>\n<p><strong>Vous souhaitez devenir partenaire technologique d\u2019Akeneo ?<\/strong><\/p>\n                                                                    <\/div>\n                                                                        <a class=\"d-inline-block fs-md fw-medium mt-2  px-0 \" href=\"https:\/\/www.akeneo.com\/fr\/technology-partners\/\"><span class=\"initial text\">Partenaire Technologique<svg class=\"svg-icon fs-sm ms-1\"><use xmlns:xlink=\"http:\/\/www.w3.org\/1999\/xlink\" xlink:href=\"https:\/\/www.akeneo.com\/wp-content\/themes\/akeneo\/assets\/sprite\/icons.svg#icon-chevron-right\"><\/use><\/svg><\/span><span class=\"background-text\">Partenaire Technologique<svg class=\"svg-icon fs-sm ms-1\"><use xmlns:xlink=\"http:\/\/www.w3.org\/1999\/xlink\" xlink:href=\"https:\/\/www.akeneo.com\/wp-content\/themes\/akeneo\/assets\/sprite\/icons.svg#icon-chevron-right\"><\/use><\/svg><\/span><span class=\"hovered text\">Partenaire Technologique<svg class=\"svg-icon fs-sm ms-1\"><use xmlns:xlink=\"http:\/\/www.w3.org\/1999\/xlink\" xlink:href=\"https:\/\/www.akeneo.com\/wp-content\/themes\/akeneo\/assets\/sprite\/icons.svg#icon-chevron-right\"><\/use><\/svg><\/span><\/a>                                                            <\/div>\n            <\/div>\n                            <div class=\"col-lg-6 text-center\">\n                                            <div class=\"torch-container\">\n                            <img decoding=\"async\" src=\"https:\/\/www.akeneo.com\/wp-content\/uploads\/2022\/01\/web-assets-Akeneo-Partners-Technology-Partners-1200x1200.png\" alt=\"\">\n                                                    <\/div>\n                    \n                                    <\/div>\n                    <\/div>\n    <\/div>\n<\/section>\n\n\n\n<section id=\"content-block_34adb004607cb9d10e9ee4572b4deff6\" class=\"py-6 py-md-8 \">\n    <div class=\"container\">\n        <div class=\"row justify-content-between align-items-center g-3 \">\n            <div class=\"col-lg-6\">\n                <div class=\"w-lg-70 mx-auto\">\n                                            <h2 class=\"text-primary-blackstar\">Akeneo App Store<\/h2>\n                    \n                    \n                    <div class=\"text-editor fs-md text-primary-blackstar\">\n                                                    <p><span style=\"font-weight: 400;\">Aujourd&rsquo;hui, les applications constituent le moyen le plus simple pour connecter Akeneo PIM aux meilleures technologies tierces en fournissant une solution facile \u00e0 connecter, configurable et interactive. En d\u00e9veloppant une application, vous pouvez \u00e9galement r\u00e9duire votre TCO gr\u00e2ce \u00e0 certaines fonctionnalit\u00e9s d&rsquo;application pr\u00e9d\u00e9finies comme l&rsquo;activation \u00e9tape par \u00e9tape et le filtrage ou le mapping des catalogues fournis par Akeneo, tout en b\u00e9n\u00e9ficiant de nouvelles fonctionnalit\u00e9s que nous continuons \u00e0 mettre en place tout au long de l&rsquo;ann\u00e9e. Rejoindre Akeneo App Store pr\u00e9sente notamment les avantages suivants :<\/span><\/p>\n<ul>\n<li style=\"font-weight: 400;\" aria-level=\"1\"><span style=\"font-weight: 400;\">Un kit de d\u00e9marrage pour les d\u00e9veloppeurs d\u2019applications Akeneo<\/span><\/li>\n<li style=\"font-weight: 400;\" aria-level=\"1\"><span style=\"font-weight: 400;\">Une meilleure visibilit\u00e9 des applications sur Akeneo App Store et dans Akeneo PIM<\/span><\/li>\n<li style=\"font-weight: 400;\" aria-level=\"1\"><span style=\"font-weight: 400;\">Un niveau de support renforc\u00e9 de la part d&rsquo;Akeneo<\/span><\/li>\n<li style=\"font-weight: 400;\" aria-level=\"1\"><span style=\"font-weight: 400;\">Une certification des applications Akeneo<\/span><\/li>\n<li style=\"font-weight: 400;\" aria-level=\"1\"><span style=\"font-weight: 400;\">Plus d\u2019opportunit\u00e9s de co-marketing (pour les applications certifi\u00e9es uniquement)<\/span><\/li>\n<\/ul>\n                                                                    <\/div>\n                                                                        <a class=\"d-inline-block fs-md fw-medium mt-2  px-0 \" href=\"https:\/\/apps.akeneo.com\/how-build-app-akeneo-pim\" target=\"_blank\"><span class=\"initial text\">En savoir plus<svg class=\"svg-icon fs-sm ms-1\"><use xmlns:xlink=\"http:\/\/www.w3.org\/1999\/xlink\" xlink:href=\"https:\/\/www.akeneo.com\/wp-content\/themes\/akeneo\/assets\/sprite\/icons.svg#icon-chevron-right\"><\/use><\/svg><\/span><span class=\"background-text\">En savoir plus<svg class=\"svg-icon fs-sm ms-1\"><use xmlns:xlink=\"http:\/\/www.w3.org\/1999\/xlink\" xlink:href=\"https:\/\/www.akeneo.com\/wp-content\/themes\/akeneo\/assets\/sprite\/icons.svg#icon-chevron-right\"><\/use><\/svg><\/span><span class=\"hovered text\">En savoir plus<svg class=\"svg-icon fs-sm ms-1\"><use xmlns:xlink=\"http:\/\/www.w3.org\/1999\/xlink\" xlink:href=\"https:\/\/www.akeneo.com\/wp-content\/themes\/akeneo\/assets\/sprite\/icons.svg#icon-chevron-right\"><\/use><\/svg><\/span><\/a>                                                            <\/div>\n            <\/div>\n                            <div class=\"col-lg-6 text-center\">\n                                            <div class=\"torch-container\">\n                            <img decoding=\"async\" src=\"https:\/\/www.akeneo.com\/wp-content\/uploads\/2022\/12\/web-assets-Become-Partners-Akeneo-App-Store-1200x1200.png\" alt=\"\">\n                                                    <\/div>\n                    \n                                    <\/div>\n                    <\/div>\n    <\/div>\n<\/section>\n\n\n\n<section class=\"py-3 py-md-6 position-relative\">\n            <div class=\"block-background block-background-top\"><\/div>\n        <div class=\"container\">\n        <div class=\"row\">\n            <div class=\"col-12\">\n                <div class=\"cta px-lg-8 py-3 bg-secondary\">\n                    <div class=\"cta-content\">\n                                                    <h2 class=\"cta-title text-gray-100\">\u00cates-vous pr\u00eats pour avancer dans votre strat\u00e9gie d&rsquo;exp\u00e9rience produit ?<\/h2>\n                                                                            <div class=\"cta-text text-gray-100\">\n                                <p>Nos experts Akeneo sont l\u00e0 pour r\u00e9pondre \u00e0 toutes vos questions sur nos produits et pour vous aider \u00e0 avancer dans votre parcours d&rsquo;exp\u00e9rience produit.<\/p>\n                            <\/div>\n                                                                            <div class=\"cta-buttons\">\n                                                                    <div>\n                                        <a class=\"btn-lg btn btn-primary\" href=\"https:\/\/www.akeneo.com\/demo\/\"><span class=\"initial text\">Request a demo<\/span><span class=\"background-text\">Request a demo<\/span><span class=\"hovered text\">Request a demo<\/span><\/a>                                    <\/div>\n                                                            <\/div>\n                                            <\/div>\n                                                                        <div class=\"cta-image\">\n                                <img decoding=\"async\" src=\"https:\/\/www.akeneo.com\/wp-content\/uploads\/2022\/01\/Web-assets-Call-to-Action-large-get-in-contact@2x.png\" alt=\"\">\n                            <\/div>\n                                                            <\/div>\n            <\/div>\n        <\/div>\n    <\/div>\n<\/section>","protected":false},"excerpt":{"rendered":"","protected":false},"author":1,"featured_media":33321,"parent":0,"menu_order":0,"comment_status":"closed","ping_status":"closed","template":"","meta":{"_acf_changed":true,"footnotes":""},"class_list":["post-47931","page","type-page","status-publish","has-post-thumbnail","hentry"],"acf":[],"yoast_head":"<!-- This site is optimized with the Yoast SEO Premium plugin v26.7 (Yoast SEO v26.7) - https:\/\/yoast.com\/wordpress\/plugins\/seo\/ -->\n<title>Devenir Partenaire Akeneo | Akeneo<\/title>\n<meta name=\"description\" content=\"Les partenaires technologiques et int\u00e9grateurs de solutions d&#039;Akeneo se consacrent \u00e0 aider nos clients pour cr\u00e9er des exp\u00e9riences produits convaincantes et coh\u00e9rentes.\" \/>\n<meta name=\"robots\" content=\"index, follow, max-snippet:-1, max-image-preview:large, max-video-preview:-1\" \/>\n<link rel=\"canonical\" href=\"https:\/\/www.akeneo.com\/fr\/devenir-partenaire\/\" \/>\n<meta property=\"og:locale\" content=\"fr_FR\" \/>\n<meta property=\"og:type\" content=\"article\" \/>\n<meta property=\"og:title\" content=\"Devenir Partenaire Akeneo | Akeneo\" \/>\n<meta property=\"og:description\" content=\"Les partenaires technologiques et int\u00e9grateurs de solutions d&#039;Akeneo se consacrent \u00e0 aider nos clients pour cr\u00e9er des exp\u00e9riences produits convaincantes et coh\u00e9rentes.\" \/>\n<meta property=\"og:url\" content=\"https:\/\/www.akeneo.com\/fr\/devenir-partenaire\/\" \/>\n<meta property=\"og:site_name\" content=\"Akeneo\" \/>\n<meta property=\"article:modified_time\" content=\"2024-09-23T09:15:22+00:00\" \/>\n<meta property=\"og:image\" content=\"https:\/\/www.akeneo.com\/wp-content\/uploads\/2022\/12\/akeneo-ico-featured-image-partners.jpg\" \/>\n\t<meta property=\"og:image:width\" content=\"1\" \/>\n\t<meta property=\"og:image:height\" content=\"1\" \/>\n\t<meta property=\"og:image:type\" content=\"image\/jpeg\" \/>\n<meta name=\"twitter:card\" content=\"summary_large_image\" \/>\n<meta name=\"twitter:label1\" content=\"Dur\u00e9e de lecture estim\u00e9e\" \/>\n\t<meta name=\"twitter:data1\" content=\"1 minute\" \/>\n<script type=\"application\/ld+json\" class=\"yoast-schema-graph\">{\"@context\":\"https:\/\/schema.org\",\"@graph\":[{\"@type\":\"WebPage\",\"@id\":\"https:\/\/www.akeneo.com\/fr\/devenir-partenaire\/\",\"url\":\"https:\/\/www.akeneo.com\/fr\/devenir-partenaire\/\",\"name\":\"Devenir Partenaire Akeneo | Akeneo\",\"isPartOf\":{\"@id\":\"https:\/\/www.akeneo.com\/fr\/#website\"},\"primaryImageOfPage\":{\"@id\":\"https:\/\/www.akeneo.com\/fr\/devenir-partenaire\/#primaryimage\"},\"image\":{\"@id\":\"https:\/\/www.akeneo.com\/fr\/devenir-partenaire\/#primaryimage\"},\"thumbnailUrl\":\"https:\/\/www.akeneo.com\/wp-content\/uploads\/2022\/12\/akeneo-ico-featured-image-partners.jpg\",\"datePublished\":\"2022-09-21T07:54:58+00:00\",\"dateModified\":\"2024-09-23T09:15:22+00:00\",\"description\":\"Les partenaires technologiques et int\u00e9grateurs de solutions d'Akeneo se consacrent \u00e0 aider nos clients pour cr\u00e9er des exp\u00e9riences produits convaincantes et coh\u00e9rentes.\",\"inLanguage\":\"fr-FR\",\"potentialAction\":[{\"@type\":\"ReadAction\",\"target\":[\"https:\/\/www.akeneo.com\/fr\/devenir-partenaire\/\"]}]},{\"@type\":\"ImageObject\",\"inLanguage\":\"fr-FR\",\"@id\":\"https:\/\/www.akeneo.com\/fr\/devenir-partenaire\/#primaryimage\",\"url\":\"https:\/\/www.akeneo.com\/wp-content\/uploads\/2022\/12\/akeneo-ico-featured-image-partners.jpg\",\"contentUrl\":\"https:\/\/www.akeneo.com\/wp-content\/uploads\/2022\/12\/akeneo-ico-featured-image-partners.jpg\"},{\"@type\":\"WebSite\",\"@id\":\"https:\/\/www.akeneo.com\/fr\/#website\",\"url\":\"https:\/\/www.akeneo.com\/fr\/\",\"name\":\"Akeneo\",\"description\":\"\",\"publisher\":{\"@id\":\"https:\/\/www.akeneo.com\/fr\/#organization\"},\"potentialAction\":[{\"@type\":\"SearchAction\",\"target\":{\"@type\":\"EntryPoint\",\"urlTemplate\":\"https:\/\/www.akeneo.com\/fr\/?s={search_term_string}\"},\"query-input\":{\"@type\":\"PropertyValueSpecification\",\"valueRequired\":true,\"valueName\":\"search_term_string\"}}],\"inLanguage\":\"fr-FR\"},{\"@type\":\"Organization\",\"@id\":\"https:\/\/www.akeneo.com\/fr\/#organization\",\"name\":\"Akeneo\",\"url\":\"https:\/\/www.akeneo.com\/fr\/\",\"logo\":{\"@type\":\"ImageObject\",\"inLanguage\":\"fr-FR\",\"@id\":\"https:\/\/www.akeneo.com\/fr\/#\/schema\/logo\/image\/\",\"url\":\"https:\/\/www.akeneo.com\/wp-content\/uploads\/2019\/08\/logo-kjus.png\",\"contentUrl\":\"https:\/\/www.akeneo.com\/wp-content\/uploads\/2019\/08\/logo-kjus.png\",\"width\":1,\"height\":1,\"caption\":\"Akeneo\"},\"image\":{\"@id\":\"https:\/\/www.akeneo.com\/fr\/#\/schema\/logo\/image\/\"}}]}<\/script>\n<!-- \/ Yoast SEO Premium plugin. -->","yoast_head_json":{"title":"Devenir Partenaire Akeneo | Akeneo","description":"Les partenaires technologiques et int\u00e9grateurs de solutions d'Akeneo se consacrent \u00e0 aider nos clients pour cr\u00e9er des exp\u00e9riences produits convaincantes et coh\u00e9rentes.","robots":{"index":"index","follow":"follow","max-snippet":"max-snippet:-1","max-image-preview":"max-image-preview:large","max-video-preview":"max-video-preview:-1"},"canonical":"https:\/\/www.akeneo.com\/fr\/devenir-partenaire\/","og_locale":"fr_FR","og_type":"article","og_title":"Devenir Partenaire Akeneo | Akeneo","og_description":"Les partenaires technologiques et int\u00e9grateurs de solutions d'Akeneo se consacrent \u00e0 aider nos clients pour cr\u00e9er des exp\u00e9riences produits convaincantes et coh\u00e9rentes.","og_url":"https:\/\/www.akeneo.com\/fr\/devenir-partenaire\/","og_site_name":"Akeneo","article_modified_time":"2024-09-23T09:15:22+00:00","og_image":[{"url":"https:\/\/www.akeneo.com\/wp-content\/uploads\/2022\/12\/akeneo-ico-featured-image-partners.jpg","width":1,"height":1,"type":"image\/jpeg"}],"twitter_card":"summary_large_image","twitter_misc":{"Dur\u00e9e de lecture estim\u00e9e":"1 minute"},"schema":{"@context":"https:\/\/schema.org","@graph":[{"@type":"WebPage","@id":"https:\/\/www.akeneo.com\/fr\/devenir-partenaire\/","url":"https:\/\/www.akeneo.com\/fr\/devenir-partenaire\/","name":"Devenir Partenaire Akeneo | Akeneo","isPartOf":{"@id":"https:\/\/www.akeneo.com\/fr\/#website"},"primaryImageOfPage":{"@id":"https:\/\/www.akeneo.com\/fr\/devenir-partenaire\/#primaryimage"},"image":{"@id":"https:\/\/www.akeneo.com\/fr\/devenir-partenaire\/#primaryimage"},"thumbnailUrl":"https:\/\/www.akeneo.com\/wp-content\/uploads\/2022\/12\/akeneo-ico-featured-image-partners.jpg","datePublished":"2022-09-21T07:54:58+00:00","dateModified":"2024-09-23T09:15:22+00:00","description":"Les partenaires technologiques et int\u00e9grateurs de solutions d'Akeneo se consacrent \u00e0 aider nos clients pour cr\u00e9er des exp\u00e9riences produits convaincantes et coh\u00e9rentes.","inLanguage":"fr-FR","potentialAction":[{"@type":"ReadAction","target":["https:\/\/www.akeneo.com\/fr\/devenir-partenaire\/"]}]},{"@type":"ImageObject","inLanguage":"fr-FR","@id":"https:\/\/www.akeneo.com\/fr\/devenir-partenaire\/#primaryimage","url":"https:\/\/www.akeneo.com\/wp-content\/uploads\/2022\/12\/akeneo-ico-featured-image-partners.jpg","contentUrl":"https:\/\/www.akeneo.com\/wp-content\/uploads\/2022\/12\/akeneo-ico-featured-image-partners.jpg"},{"@type":"WebSite","@id":"https:\/\/www.akeneo.com\/fr\/#website","url":"https:\/\/www.akeneo.com\/fr\/","name":"Akeneo","description":"","publisher":{"@id":"https:\/\/www.akeneo.com\/fr\/#organization"},"potentialAction":[{"@type":"SearchAction","target":{"@type":"EntryPoint","urlTemplate":"https:\/\/www.akeneo.com\/fr\/?s={search_term_string}"},"query-input":{"@type":"PropertyValueSpecification","valueRequired":true,"valueName":"search_term_string"}}],"inLanguage":"fr-FR"},{"@type":"Organization","@id":"https:\/\/www.akeneo.com\/fr\/#organization","name":"Akeneo","url":"https:\/\/www.akeneo.com\/fr\/","logo":{"@type":"ImageObject","inLanguage":"fr-FR","@id":"https:\/\/www.akeneo.com\/fr\/#\/schema\/logo\/image\/","url":"https:\/\/www.akeneo.com\/wp-content\/uploads\/2019\/08\/logo-kjus.png","contentUrl":"https:\/\/www.akeneo.com\/wp-content\/uploads\/2019\/08\/logo-kjus.png","width":1,"height":1,"caption":"Akeneo"},"image":{"@id":"https:\/\/www.akeneo.com\/fr\/#\/schema\/logo\/image\/"}}]}},"_links":{"self":[{"href":"https:\/\/www.akeneo.com\/fr\/wp-json\/wp\/v2\/pages\/47931","targetHints":{"allow":["GET"]}}],"collection":[{"href":"https:\/\/www.akeneo.com\/fr\/wp-json\/wp\/v2\/pages"}],"about":[{"href":"https:\/\/www.akeneo.com\/fr\/wp-json\/wp\/v2\/types\/page"}],"author":[{"embeddable":true,"href":"https:\/\/www.akeneo.com\/fr\/wp-json\/wp\/v2\/users\/1"}],"replies":[{"embeddable":true,"href":"https:\/\/www.akeneo.com\/fr\/wp-json\/wp\/v2\/comments?post=47931"}],"version-history":[{"count":0,"href":"https:\/\/www.akeneo.com\/fr\/wp-json\/wp\/v2\/pages\/47931\/revisions"}],"wp:featuredmedia":[{"embeddable":true,"href":"https:\/\/www.akeneo.com\/fr\/wp-json\/wp\/v2\/media\/33321"}],"wp:attachment":[{"href":"https:\/\/www.akeneo.com\/fr\/wp-json\/wp\/v2\/media?parent=47931"}],"curies":[{"name":"wp","href":"https:\/\/api.w.org\/{rel}","templated":true}]}}