{"id":47922,"date":"2022-09-01T09:56:21","date_gmt":"2022-09-01T09:56:21","guid":{"rendered":"https:\/\/www.akeneo.com\/salesforce-2\/"},"modified":"2026-01-29T13:27:25","modified_gmt":"2026-01-29T13:27:25","slug":"salesforce","status":"publish","type":"page","link":"https:\/\/www.akeneo.com\/fr\/salesforce\/","title":{"rendered":"Salesforce"},"content":{"rendered":"\n  <section class=\"hero hero-light  \" >\n    <div class=\"container\">\n                            <div class=\"row justify-content-between align-items-center g-3\">\n                        <div class=\"col-lg-6\">\n                            <div class=\"hero-content\">\n                                                                \n                                \n                                                                    <h1 class=\"hero-title\">Salesforce<\/h1>\n                                                                                                    <div class=\"hero-text\">\n                                        <p><span style=\"font-weight: 400;\">Int\u00e9gr\u00e9e de mani\u00e8re transparente, notre solution combin\u00e9e vous donne le pouvoir de cr\u00e9er, g\u00e9rer et offrir des exp\u00e9riences produit captivantes \u00e0 vos clients comme jamais auparavant.<\/span><\/p>\n<ul>\n<li><b>Augmentez vos revenus :<\/b><span style=\"font-weight: 400;\"> G\u00e9rez sans effort votre catalogue de produits pour cr\u00e9er des exp\u00e9riences d&rsquo;achat personnalis\u00e9es, augmenter les conversions et stimuler les revenus.<\/span><\/li>\n<li><b>Optimisez vos op\u00e9rations : <\/b><span style=\"font-weight: 400;\">Simplifiez la gestion des informations sur les produits pour enrichir, g\u00e9rer et distribuer efficacement les donn\u00e9es produit sur plusieurs canaux, r\u00e9duisant ainsi les t\u00e2ches manuelles fastidieuses.<\/span><\/li>\n<li><b>Am\u00e9liorez l&rsquo;exp\u00e9rience client : <\/b><span style=\"font-weight: 400;\">Offrez des exp\u00e9riences client exceptionnelles gr\u00e2ce \u00e0 des informations produit riches et coh\u00e9rentes.<\/span><\/li>\n<li><b>D\u00e9veloppez votre entreprise : <\/b><span style=\"font-weight: 400;\">\u00c0 mesure que votre entreprise se d\u00e9veloppe, notre solution conjointe \u00e9volue avec vous et est con\u00e7ue pour s&rsquo;adapter, en prenant en charge de nombreux produits, canaux et langues, facilitant ainsi l&rsquo;expansion de votre entreprise de commerce \u00e9lectronique \u00e0 l&rsquo;\u00e9chelle mondiale.<\/span><\/li>\n<li><b>Restez en avance sur la concurrence : <\/b><span style=\"font-weight: 400;\">Stimulez l&rsquo;innovation et l&rsquo;agilit\u00e9 dans votre strat\u00e9gie de commerce \u00e9lectronique en tirant parti de la puissance de notre solution conjointe pour lancer rapidement de nouveaux produits, mettre \u00e0 jour les tarifs et optimiser la merchandising, vous assurant ainsi de rester en t\u00eate de la concurrence.<\/span><\/li>\n<\/ul>\n                                    <\/div>\n                                                                                                    <div class=\"hero-buttons\">\n                                                                                                                                    <div>\n                                                    <a class=\"btn btn-primary btn-lg\" href=\"https:\/\/www.akeneo.com\/wp-content\/uploads\/2023\/06\/Akeneo-x-Salesforce-Infosheet-2.pdf\"><span class=\"initial text\">Download the Infosheet<\/span><span class=\"background-text\">Download the Infosheet<\/span><span class=\"hovered text\">Download the Infosheet<\/span><\/a>                                                <\/div>\n                                                                                                                        <\/div>\n                                                            <\/div>\n                        <\/div>\n                                                    <div class=\"col-lg-5\">\n                                                                    <div class=\"hero-image\">\n                                        <img decoding=\"async\" src=\"https:\/\/www.akeneo.com\/wp-content\/uploads\/2023\/06\/web-assets-Salesforce-hero@2x-1122x1200.png\" alt=\"\">\n                                    <\/div>\n                                \n                                                            <\/div>\n                                            <\/div>\n\n                        <\/div>\n<\/section>  \n\n\n\n  \n<section class=\"py-6 py-md-6\">\n    <div class=\"container\">\n        <div class=\"row\">\n            <div class=\"col-9 mx-auto\">\n                <div class=\"testimonial-card testimonial-card-has-quotes\">\n                                            <blockquote class=\"testimonial-card-quote\">\n                            <p>Alors qu&rsquo;Akeneo poursuit sa rapide expansion en Europe et en Am\u00e9rique du Nord, elle a r\u00e9cemment obtenu un investissement strat\u00e9gique de Salesforce Ventures. \u00ab\u00a0Nous sommes ravis de soutenir la plateforme innovante de PIM d&rsquo;Akeneo alors qu&rsquo;elle tire parti de Salesforce Commerce Cloud pour offrir des avantages am\u00e9lior\u00e9s \u00e0 nos clients communs<\/p>\n                        <\/blockquote>\n                                        <div class=\"author\">\n                                                                            <div class=\"author-info\">\n                                                                    <p>\n                                                                                    <strong>Alex Kayyal<\/strong>\n                                                                                                                            Partner                                                                            <\/p>\n                                                                                                    <strong>@Salesforce Ventures<\/strong>\n                                                            <\/div>\n                                            <\/div>\n                <\/div>\n            <\/div>\n        <\/div>\n    <\/div>\n<\/section>\n\n\n\n<section id=\"content-block_0c99d073ee603d804c6737fb4f144a38\" class=\"  pt-6\">\n            <div class=\"container\">\n            <div class=\"row\">\n                <div class=\"col-12\">\n                                            <div class=\"text-center \">\n                                                                                <\/div>\n                                        <\/div>\n            <\/div>\n        <\/div>\n    <\/section>\n\n\n\n<section id=\"content-block_24f275445646cfdcfbdabd87d9b23719\" class=\" \">\n    <div class=\"container\">\n        <div class=\"row justify-content-between align-items-center g-3 \">\n            <div class=\"col-lg-6\">\n                <div class=\"w-lg-70 mx-auto\">\n                                            <h2 class=\"text-primary-blackstar\">Apprenez de vos pairs<\/h2>\n                    \n                    \n                    <div class=\"text-editor fs-md text-primary-blackstar\">\n                                                    <p><span style=\"font-weight: 400;\">Babolat a cherch\u00e9 \u00e0 adopter une strat\u00e9gie de vente D2C pour mieux servir les joueurs de tennis du monde entier avec des donn\u00e9es produit de haute qualit\u00e9 pour une meilleure exp\u00e9rience client.<\/span><\/p>\n                                                                    <\/div>\n                                                                        <a class=\"d-inline-block fs-md fw-medium mt-2  px-0 \" href=\"https:\/\/www.akeneo.com\/fr\/customer-story\/babolat\/\"><span class=\"initial text\">Babolat<svg class=\"svg-icon fs-sm ms-1\"><use xmlns:xlink=\"http:\/\/www.w3.org\/1999\/xlink\" xlink:href=\"https:\/\/www.akeneo.com\/wp-content\/themes\/akeneo\/assets\/sprite\/icons.svg#icon-chevron-right\"><\/use><\/svg><\/span><span class=\"background-text\">Babolat<svg class=\"svg-icon fs-sm ms-1\"><use xmlns:xlink=\"http:\/\/www.w3.org\/1999\/xlink\" xlink:href=\"https:\/\/www.akeneo.com\/wp-content\/themes\/akeneo\/assets\/sprite\/icons.svg#icon-chevron-right\"><\/use><\/svg><\/span><span class=\"hovered text\">Babolat<svg class=\"svg-icon fs-sm ms-1\"><use xmlns:xlink=\"http:\/\/www.w3.org\/1999\/xlink\" xlink:href=\"https:\/\/www.akeneo.com\/wp-content\/themes\/akeneo\/assets\/sprite\/icons.svg#icon-chevron-right\"><\/use><\/svg><\/span><\/a>                                                            <\/div>\n            <\/div>\n                            <div class=\"col-lg-6 text-center\">\n                                            <div class=\"torch-container\">\n                            <img decoding=\"async\" src=\"https:\/\/www.akeneo.com\/wp-content\/uploads\/2022\/09\/web-assets-Salesforce-Learn-From-Your-Peers-1200x1200.png\" alt=\"\">\n                                                    <\/div>\n                    \n                                    <\/div>\n                    <\/div>\n    <\/div>\n<\/section>\n\n\n\n<section id=\"content-block_01a861c3201c2950ab37e4d02dbacc24\" class=\" \">\n    <div class=\"container\">\n        <div class=\"row justify-content-between align-items-center g-3 flex-lg-row-reverse\">\n            <div class=\"col-lg-6\">\n                <div class=\"w-lg-70 mx-auto\">\n                                            <h2 class=\"text-primary-blackstar\">Explorez comment <\/h2>\n                    \n                    \n                    <div class=\"text-editor fs-md text-primary-blackstar\">\n                                                    <p><span style=\"font-weight: 400;\">Akeneo est maintenant certifi\u00e9 Commerce Headless avec Salesforce Commerce Cloud<\/span><\/p>\n                                                                    <\/div>\n                                                                        <a class=\"d-inline-block fs-md fw-medium mt-2  px-0 \" href=\"https:\/\/www.akeneo.com\/blog\/akeneo-is-now-headless-commerce-certified-with-salesforce-commerce-cloud\/\"><span class=\"initial text\">Read More<svg class=\"svg-icon fs-sm ms-1\"><use xmlns:xlink=\"http:\/\/www.w3.org\/1999\/xlink\" xlink:href=\"https:\/\/www.akeneo.com\/wp-content\/themes\/akeneo\/assets\/sprite\/icons.svg#icon-chevron-right\"><\/use><\/svg><\/span><span class=\"background-text\">Read More<svg class=\"svg-icon fs-sm ms-1\"><use xmlns:xlink=\"http:\/\/www.w3.org\/1999\/xlink\" xlink:href=\"https:\/\/www.akeneo.com\/wp-content\/themes\/akeneo\/assets\/sprite\/icons.svg#icon-chevron-right\"><\/use><\/svg><\/span><span class=\"hovered text\">Read More<svg class=\"svg-icon fs-sm ms-1\"><use xmlns:xlink=\"http:\/\/www.w3.org\/1999\/xlink\" xlink:href=\"https:\/\/www.akeneo.com\/wp-content\/themes\/akeneo\/assets\/sprite\/icons.svg#icon-chevron-right\"><\/use><\/svg><\/span><\/a>                                                            <\/div>\n            <\/div>\n                            <div class=\"col-lg-6 text-center\">\n                                            <div class=\"torch-container\">\n                            <img decoding=\"async\" src=\"https:\/\/www.akeneo.com\/wp-content\/uploads\/2022\/09\/web-assets-Salesforce-Explore-How-1200x1200.png\" alt=\"\">\n                                                    <\/div>\n                    \n                                    <\/div>\n                    <\/div>\n    <\/div>\n<\/section>\n\n\n\n<section class=\"py-6 py-md-8 position-relative\">\n            <div class=\"block-background block-background-top\"><\/div>\n        <div class=\"container\">\n        <div class=\"row\">\n            <div class=\"col-12\">\n                <div class=\"cta px-lg-8 py-3 bg-secondary\">\n                    <div class=\"cta-content\">\n                                                    <h2 class=\"cta-title\">Get More Information<\/h2>\n                                                                            <div class=\"cta-text fs-xl\">\n                                <p>Find everything you need to know about Salesforce x Akeneo<\/p>\n                            <\/div>\n                                            <\/div>\n                                            <div class=\"cta-cards\">\n                            <div class=\"row row-cols-md-2 g-2\">\n                                                                    <div>\n                                        <a href=\"https:\/\/apps.akeneo.com\/apps\/akeneo-app-for-salesforce\" class=\"icon-card icon-card-framed icon-card-dark\">\n                                                                                        <div class=\"icon-card-content\">\n                                                <h6 class=\"icon-card-title\">Akeneo App Store<\/h6>\n                                                                                                    <p class=\"icon-card-description\">Get the Akeneo Connector for Salesforce Commerce Cloud in the Akeneo App Store<\/p>\n                                                                                                <span class=\"icon-card-link\">Akaneo Salesforce App <svg class=\"svg-icon fs-sm\"><use xmlns:xlink=\"http:\/\/www.w3.org\/1999\/xlink\" xlink:href=\"https:\/\/www.akeneo.com\/wp-content\/themes\/akeneo\/assets\/sprite\/icons.svg#icon-chevron-right\"><\/use><\/svg><\/span>\n                                            <\/div>\n                                        <\/a>\n                                    <\/div>\n                                                                    <div>\n                                        <a href=\"\" class=\"icon-card icon-card-framed icon-card-dark\">\n                                                                                        <div class=\"icon-card-content\">\n                                                <h6 class=\"icon-card-title\">Akeneo Partners<\/h6>\n                                                                                                    <p class=\"icon-card-description\">Connect with Salesforce<\/p>\n                                                                                                <span class=\"icon-card-link\"> <svg class=\"svg-icon fs-sm\"><use xmlns:xlink=\"http:\/\/www.w3.org\/1999\/xlink\" xlink:href=\"https:\/\/www.akeneo.com\/wp-content\/themes\/akeneo\/assets\/sprite\/icons.svg#icon-chevron-right\"><\/use><\/svg><\/span>\n                                            <\/div>\n                                        <\/a>\n                                    <\/div>\n                                                            <\/div>\n                        <\/div>\n                                    <\/div>\n            <\/div>\n        <\/div>\n    <\/div>\n<\/section>","protected":false},"excerpt":{"rendered":"","protected":false},"author":1,"featured_media":33641,"parent":0,"menu_order":0,"comment_status":"closed","ping_status":"closed","template":"","meta":{"_acf_changed":true,"footnotes":""},"class_list":["post-47922","page","type-page","status-publish","has-post-thumbnail","hentry"],"acf":[],"yoast_head":"<!-- This site is optimized with the Yoast SEO Premium plugin v26.7 (Yoast SEO v26.7) - https:\/\/yoast.com\/wordpress\/plugins\/seo\/ -->\n<title>Salesforce | Akeneo<\/title>\n<meta name=\"description\" content=\"By utilizing Akeneo\u2019s product information management solution, companies can easily consolidate, enrich, manage, and export product information to Salesforce, enabling boosted productivity and significantly improving time to market.\" \/>\n<meta name=\"robots\" content=\"index, follow, max-snippet:-1, max-image-preview:large, max-video-preview:-1\" \/>\n<link rel=\"canonical\" href=\"https:\/\/www.akeneo.com\/fr\/salesforce\/\" \/>\n<meta property=\"og:locale\" content=\"fr_FR\" \/>\n<meta property=\"og:type\" content=\"article\" \/>\n<meta property=\"og:title\" content=\"Salesforce | Akeneo\" \/>\n<meta property=\"og:description\" content=\"By utilizing Akeneo\u2019s product information management solution, companies can easily consolidate, enrich, manage, and export product information to Salesforce, enabling boosted productivity and significantly improving time to market.\" \/>\n<meta property=\"og:url\" content=\"https:\/\/www.akeneo.com\/fr\/salesforce\/\" \/>\n<meta property=\"og:site_name\" content=\"Akeneo\" \/>\n<meta property=\"article:modified_time\" content=\"2026-01-29T13:27:25+00:00\" \/>\n<meta property=\"og:image\" content=\"https:\/\/www.akeneo.com\/wp-content\/uploads\/2022\/12\/ecommercePartners_salesforce_app.png\" \/>\n\t<meta property=\"og:image:width\" content=\"1001\" \/>\n\t<meta property=\"og:image:height\" content=\"1001\" \/>\n\t<meta property=\"og:image:type\" content=\"image\/png\" \/>\n<meta name=\"twitter:card\" content=\"summary_large_image\" \/>\n<meta name=\"twitter:label1\" content=\"Dur\u00e9e de lecture estim\u00e9e\" \/>\n\t<meta name=\"twitter:data1\" content=\"1 minute\" \/>\n<script type=\"application\/ld+json\" class=\"yoast-schema-graph\">{\"@context\":\"https:\/\/schema.org\",\"@graph\":[{\"@type\":\"WebPage\",\"@id\":\"https:\/\/www.akeneo.com\/fr\/salesforce\/\",\"url\":\"https:\/\/www.akeneo.com\/fr\/salesforce\/\",\"name\":\"Salesforce | Akeneo\",\"isPartOf\":{\"@id\":\"https:\/\/www.akeneo.com\/fr\/#website\"},\"primaryImageOfPage\":{\"@id\":\"https:\/\/www.akeneo.com\/fr\/salesforce\/#primaryimage\"},\"image\":{\"@id\":\"https:\/\/www.akeneo.com\/fr\/salesforce\/#primaryimage\"},\"thumbnailUrl\":\"https:\/\/www.akeneo.com\/wp-content\/uploads\/2022\/12\/ecommercePartners_salesforce_app.png\",\"datePublished\":\"2022-09-01T09:56:21+00:00\",\"dateModified\":\"2026-01-29T13:27:25+00:00\",\"description\":\"By utilizing Akeneo\u2019s product information management solution, companies can easily consolidate, enrich, manage, and export product information to Salesforce, enabling boosted productivity and significantly improving time to market.\",\"inLanguage\":\"fr-FR\",\"potentialAction\":[{\"@type\":\"ReadAction\",\"target\":[\"https:\/\/www.akeneo.com\/fr\/salesforce\/\"]}]},{\"@type\":\"ImageObject\",\"inLanguage\":\"fr-FR\",\"@id\":\"https:\/\/www.akeneo.com\/fr\/salesforce\/#primaryimage\",\"url\":\"https:\/\/www.akeneo.com\/wp-content\/uploads\/2022\/12\/ecommercePartners_salesforce_app.png\",\"contentUrl\":\"https:\/\/www.akeneo.com\/wp-content\/uploads\/2022\/12\/ecommercePartners_salesforce_app.png\",\"width\":1001,\"height\":1001},{\"@type\":\"WebSite\",\"@id\":\"https:\/\/www.akeneo.com\/fr\/#website\",\"url\":\"https:\/\/www.akeneo.com\/fr\/\",\"name\":\"Akeneo\",\"description\":\"\",\"publisher\":{\"@id\":\"https:\/\/www.akeneo.com\/fr\/#organization\"},\"potentialAction\":[{\"@type\":\"SearchAction\",\"target\":{\"@type\":\"EntryPoint\",\"urlTemplate\":\"https:\/\/www.akeneo.com\/fr\/?s={search_term_string}\"},\"query-input\":{\"@type\":\"PropertyValueSpecification\",\"valueRequired\":true,\"valueName\":\"search_term_string\"}}],\"inLanguage\":\"fr-FR\"},{\"@type\":\"Organization\",\"@id\":\"https:\/\/www.akeneo.com\/fr\/#organization\",\"name\":\"Akeneo\",\"url\":\"https:\/\/www.akeneo.com\/fr\/\",\"logo\":{\"@type\":\"ImageObject\",\"inLanguage\":\"fr-FR\",\"@id\":\"https:\/\/www.akeneo.com\/fr\/#\/schema\/logo\/image\/\",\"url\":\"https:\/\/www.akeneo.com\/wp-content\/uploads\/2019\/08\/logo-kjus.png\",\"contentUrl\":\"https:\/\/www.akeneo.com\/wp-content\/uploads\/2019\/08\/logo-kjus.png\",\"width\":1,\"height\":1,\"caption\":\"Akeneo\"},\"image\":{\"@id\":\"https:\/\/www.akeneo.com\/fr\/#\/schema\/logo\/image\/\"}}]}<\/script>\n<!-- \/ Yoast SEO Premium plugin. -->","yoast_head_json":{"title":"Salesforce | Akeneo","description":"By utilizing Akeneo\u2019s product information management solution, companies can easily consolidate, enrich, manage, and export product information to Salesforce, enabling boosted productivity and significantly improving time to market.","robots":{"index":"index","follow":"follow","max-snippet":"max-snippet:-1","max-image-preview":"max-image-preview:large","max-video-preview":"max-video-preview:-1"},"canonical":"https:\/\/www.akeneo.com\/fr\/salesforce\/","og_locale":"fr_FR","og_type":"article","og_title":"Salesforce | Akeneo","og_description":"By utilizing Akeneo\u2019s product information management solution, companies can easily consolidate, enrich, manage, and export product information to Salesforce, enabling boosted productivity and significantly improving time to market.","og_url":"https:\/\/www.akeneo.com\/fr\/salesforce\/","og_site_name":"Akeneo","article_modified_time":"2026-01-29T13:27:25+00:00","og_image":[{"width":1001,"height":1001,"url":"https:\/\/www.akeneo.com\/wp-content\/uploads\/2022\/12\/ecommercePartners_salesforce_app.png","type":"image\/png"}],"twitter_card":"summary_large_image","twitter_misc":{"Dur\u00e9e de lecture estim\u00e9e":"1 minute"},"schema":{"@context":"https:\/\/schema.org","@graph":[{"@type":"WebPage","@id":"https:\/\/www.akeneo.com\/fr\/salesforce\/","url":"https:\/\/www.akeneo.com\/fr\/salesforce\/","name":"Salesforce | Akeneo","isPartOf":{"@id":"https:\/\/www.akeneo.com\/fr\/#website"},"primaryImageOfPage":{"@id":"https:\/\/www.akeneo.com\/fr\/salesforce\/#primaryimage"},"image":{"@id":"https:\/\/www.akeneo.com\/fr\/salesforce\/#primaryimage"},"thumbnailUrl":"https:\/\/www.akeneo.com\/wp-content\/uploads\/2022\/12\/ecommercePartners_salesforce_app.png","datePublished":"2022-09-01T09:56:21+00:00","dateModified":"2026-01-29T13:27:25+00:00","description":"By utilizing Akeneo\u2019s product information management solution, companies can easily consolidate, enrich, manage, and export product information to Salesforce, enabling boosted productivity and significantly improving time to market.","inLanguage":"fr-FR","potentialAction":[{"@type":"ReadAction","target":["https:\/\/www.akeneo.com\/fr\/salesforce\/"]}]},{"@type":"ImageObject","inLanguage":"fr-FR","@id":"https:\/\/www.akeneo.com\/fr\/salesforce\/#primaryimage","url":"https:\/\/www.akeneo.com\/wp-content\/uploads\/2022\/12\/ecommercePartners_salesforce_app.png","contentUrl":"https:\/\/www.akeneo.com\/wp-content\/uploads\/2022\/12\/ecommercePartners_salesforce_app.png","width":1001,"height":1001},{"@type":"WebSite","@id":"https:\/\/www.akeneo.com\/fr\/#website","url":"https:\/\/www.akeneo.com\/fr\/","name":"Akeneo","description":"","publisher":{"@id":"https:\/\/www.akeneo.com\/fr\/#organization"},"potentialAction":[{"@type":"SearchAction","target":{"@type":"EntryPoint","urlTemplate":"https:\/\/www.akeneo.com\/fr\/?s={search_term_string}"},"query-input":{"@type":"PropertyValueSpecification","valueRequired":true,"valueName":"search_term_string"}}],"inLanguage":"fr-FR"},{"@type":"Organization","@id":"https:\/\/www.akeneo.com\/fr\/#organization","name":"Akeneo","url":"https:\/\/www.akeneo.com\/fr\/","logo":{"@type":"ImageObject","inLanguage":"fr-FR","@id":"https:\/\/www.akeneo.com\/fr\/#\/schema\/logo\/image\/","url":"https:\/\/www.akeneo.com\/wp-content\/uploads\/2019\/08\/logo-kjus.png","contentUrl":"https:\/\/www.akeneo.com\/wp-content\/uploads\/2019\/08\/logo-kjus.png","width":1,"height":1,"caption":"Akeneo"},"image":{"@id":"https:\/\/www.akeneo.com\/fr\/#\/schema\/logo\/image\/"}}]}},"_links":{"self":[{"href":"https:\/\/www.akeneo.com\/fr\/wp-json\/wp\/v2\/pages\/47922","targetHints":{"allow":["GET"]}}],"collection":[{"href":"https:\/\/www.akeneo.com\/fr\/wp-json\/wp\/v2\/pages"}],"about":[{"href":"https:\/\/www.akeneo.com\/fr\/wp-json\/wp\/v2\/types\/page"}],"author":[{"embeddable":true,"href":"https:\/\/www.akeneo.com\/fr\/wp-json\/wp\/v2\/users\/1"}],"replies":[{"embeddable":true,"href":"https:\/\/www.akeneo.com\/fr\/wp-json\/wp\/v2\/comments?post=47922"}],"version-history":[{"count":0,"href":"https:\/\/www.akeneo.com\/fr\/wp-json\/wp\/v2\/pages\/47922\/revisions"}],"wp:featuredmedia":[{"embeddable":true,"href":"https:\/\/www.akeneo.com\/fr\/wp-json\/wp\/v2\/media\/33641"}],"wp:attachment":[{"href":"https:\/\/www.akeneo.com\/fr\/wp-json\/wp\/v2\/media?parent=47922"}],"curies":[{"name":"wp","href":"https:\/\/api.w.org\/{rel}","templated":true}]}}