{"id":47920,"date":"2022-09-01T09:54:31","date_gmt":"2022-09-01T09:54:31","guid":{"rendered":"https:\/\/www.akeneo.com\/bigcommerce-2\/"},"modified":"2024-09-23T09:20:22","modified_gmt":"2024-09-23T09:20:22","slug":"bigcommerce","status":"publish","type":"page","link":"https:\/\/www.akeneo.com\/fr\/bigcommerce\/","title":{"rendered":"BigCommerce"},"content":{"rendered":"\n  <section class=\"hero hero-light  \" >\n    <div class=\"container\">\n                            <div class=\"row justify-content-between align-items-center g-3\">\n                        <div class=\"col-lg-6\">\n                            <div class=\"hero-content\">\n                                                                \n                                \n                                                                    <h1 class=\"hero-title\">BigCommerce<\/h1>\n                                                                                                    <div class=\"hero-text\">\n                                        <p><span style=\"font-weight: 400;\">Akeneo permet aux marques et distributeurs utilisant BigCommerce de collecter, organiser, enrichir et am\u00e9liorer la qualit\u00e9 de leurs informations produits, tout en r\u00e9duisant le time-to-market. Akeneo est le seul partenaire PIM mondial de BigCommerce avec une int\u00e9gration prim\u00e9e : le Connecteur Akeneo pour BigCommerce. Les utilisateurs de BigCommerce peuvent :<\/span><\/p>\n<ul>\n<li style=\"font-weight: 400;\" aria-level=\"1\"><span style=\"font-weight: 400;\">Collecter automatiquement des informations produits \u00e0 partir de n&rsquo;importe quelle source, y compris les ERP, les portails fournisseurs, les feuilles de calcul et les fichiers .csv afin d&rsquo;am\u00e9liorer la collaboration et la productivit\u00e9 de l&rsquo;\u00e9quipe dans ses activit\u00e9s d&rsquo;enrichissement des informations produits.<\/span><\/li>\n<li style=\"font-weight: 400;\" aria-level=\"1\"><span style=\"font-weight: 400;\">Enrichir les catalogues produits gr\u00e2ce \u00e0 un ensemble de fonctionnalit\u00e9s flexibles, \u00e0 des capacit\u00e9s d&rsquo;automatisation performantes et \u00e0 des indicateurs exploitables permettant de cr\u00e9er et d&rsquo;am\u00e9liorer des catalogues produits contextualis\u00e9s.<\/span><\/li>\n<li style=\"font-weight: 400;\" aria-level=\"1\"><span style=\"font-weight: 400;\">Travailler avec une unique source dans une plateforme facile d\u2019utilisation afin d&rsquo;importer, de g\u00e9rer, d&rsquo;enrichir et de publier des donn\u00e9es produits, y compris des images, des vid\u00e9os et des supports, ainsi que des variantes de produits.<\/span><\/li>\n<li style=\"font-weight: 400;\" aria-level=\"1\"><span style=\"font-weight: 400;\">Cr\u00e9er des exp\u00e9riences produits convaincantes pour se distinguer de la concurrence et fid\u00e9liser la client\u00e8le.<\/span><\/li>\n<\/ul>\n                                    <\/div>\n                                                                                                    <div class=\"hero-buttons\">\n                                                                                                                                    <div>\n                                                    <a class=\"btn btn-primary btn-lg\" href=\"https:\/\/bonjour.akeneo.com\/akeneoconnectorbigcommerce\" target=\"_blank\"><span class=\"initial text\">Get the Connector<\/span><span class=\"background-text\">Get the Connector<\/span><span class=\"hovered text\">Get the Connector<\/span><\/a>                                                <\/div>\n                                                                                                                        <\/div>\n                                                            <\/div>\n                        <\/div>\n                                                    <div class=\"col-lg-5\">\n                                                                    <div class=\"hero-image\">\n                                        <img decoding=\"async\" src=\"https:\/\/www.akeneo.com\/wp-content\/uploads\/2023\/05\/web-assets-Bigcommerce-hero@2x-1123x1200.png\" alt=\"\">\n                                    <\/div>\n                                \n                                                            <\/div>\n                                            <\/div>\n\n                        <\/div>\n<\/section>  \n\n\n\n<section id=\"content-block_54be1a564a7ba5b2218205e89870501e\" class=\"py-6 py-md-8 \">\n            <div class=\"container\">\n            <div class=\"row\">\n                <div class=\"col-12\">\n                                            <div class=\"text-center \">\n                                                                                        <div class=\"text-editor fs-md\">\n                                    <style>.lesser-quote { width: 100rem; }<\/style>\n<div style=\"margin: 0 auto; text-align: center;\"><div class=\"ratio ratio-16x9\"><iframe loading=\"lazy\" title=\"YouTube video player\" src=\"https:\/\/www.youtube.com\/embed\/r7-MSTLlGdQ\" width=\"560\" height=\"315\" frameborder=\"0\" allowfullscreen=\"allowfullscreen\"><\/iframe><\/div><\/div>\n\n                                                                    <\/div>\n                                                    <\/div>\n                                        <\/div>\n            <\/div>\n        <\/div>\n    <\/section>\n\n\n\n  \n<section class=\"py-6 py-md-6\">\n    <div class=\"container\">\n        <div class=\"row\">\n            <div class=\"col-9 mx-auto\">\n                <div class=\"testimonial-card testimonial-card-has-quotes\">\n                                            <blockquote class=\"testimonial-card-quote\">\n                            <p>Notre partenariat avec Akeneo refl\u00e8te davantage notre engagement \u00e0 permettre aux commer\u00e7ants d&rsquo;acc\u00e9der aux fournisseurs technologiques et de services les plus performants du secteur<\/p>\n                        <\/blockquote>\n                                        <div class=\"author\">\n                                                                            <div class=\"author-info\">\n                                                                    <p>\n                                                                                    <strong>Russell Klein<\/strong>\n                                                                                                                            Chief Commercial Officer                                                                            <\/p>\n                                                                                                    <strong>BigCommerce<\/strong>\n                                                            <\/div>\n                                            <\/div>\n                <\/div>\n            <\/div>\n        <\/div>\n    <\/div>\n<\/section>\n\n\n<section id=\"assets-articles-block_88557417da0d9e8d91ad48655de0e6e7\" class=\"py-6 py-md-8 \">\n    <div class=\"container\">\n        <div class=\"row\">\n            <div class=\"col-12\">\n                <div class=\"mb-4  text-center\">\n                                            <h2 class=\"mb-0 text-primary-blackstar\">Vous souhaitez en savoir plus ? <\/h2>\n                    \n                                                        <\/div>\n            <\/div>\n        <\/div>\n            <\/div>\n<\/section>\n\n\n<section class=\"py-6 py-md-8 position-relative\">\n            <div class=\"block-background block-background-top\"><\/div>\n        <div class=\"container\">\n        <div class=\"row\">\n            <div class=\"col-12\">\n                <div class=\"cta px-lg-8 py-3 bg-secondary\">\n                    <div class=\"cta-content\">\n                                                    <h2 class=\"cta-title\">D\u00e9couvrez tout ce dont vous avez besoin sur BigCommerce x Akeneo<\/h2>\n                                                                            <div class=\"cta-text fs-xl\">\n                                <p>Obtenir le connecteur Akeneo pour BigCommerce sur Akeneo App Store<\/p>\n                            <\/div>\n                                            <\/div>\n                                            <div class=\"cta-cards\">\n                            <div class=\"row row-cols-md-2 g-2\">\n                                                                    <div>\n                                        <a href=\"https:\/\/apps.akeneo.com\/ \" class=\"icon-card icon-card-framed icon-card-dark\">\n                                                                                        <div class=\"icon-card-content\">\n                                                <h6 class=\"icon-card-title\">Akeneo App Store<\/h6>\n                                                                                                    <p class=\"icon-card-description\">Obtenir le connecteur Akeneo pour BigCommerce sur Akeneo App Store<\/p>\n                                                                                                <span class=\"icon-card-link\">Akeneo App Store <svg class=\"svg-icon fs-sm\"><use xmlns:xlink=\"http:\/\/www.w3.org\/1999\/xlink\" xlink:href=\"https:\/\/www.akeneo.com\/wp-content\/themes\/akeneo\/assets\/sprite\/icons.svg#icon-chevron-right\"><\/use><\/svg><\/span>\n                                            <\/div>\n                                        <\/a>\n                                    <\/div>\n                                                                    <div>\n                                        <a href=\"https:\/\/partners.akeneo.com\/bigcommerce \" class=\"icon-card icon-card-framed icon-card-dark\">\n                                                                                        <div class=\"icon-card-content\">\n                                                <h6 class=\"icon-card-title\">Les Partenaires d&rsquo;Akeneo<\/h6>\n                                                                                                    <p class=\"icon-card-description\">Connectez-vous \u00e0 BigCommerce<\/p>\n                                                                                                <span class=\"icon-card-link\">Akeneo Partners website <svg class=\"svg-icon fs-sm\"><use xmlns:xlink=\"http:\/\/www.w3.org\/1999\/xlink\" xlink:href=\"https:\/\/www.akeneo.com\/wp-content\/themes\/akeneo\/assets\/sprite\/icons.svg#icon-chevron-right\"><\/use><\/svg><\/span>\n                                            <\/div>\n                                        <\/a>\n                                    <\/div>\n                                                            <\/div>\n                        <\/div>\n                                    <\/div>\n            <\/div>\n        <\/div>\n    <\/div>\n<\/section>","protected":false},"excerpt":{"rendered":"","protected":false},"author":1,"featured_media":37047,"parent":0,"menu_order":0,"comment_status":"closed","ping_status":"closed","template":"","meta":{"_acf_changed":true,"footnotes":""},"class_list":["post-47920","page","type-page","status-publish","has-post-thumbnail","hentry"],"acf":[],"yoast_head":"<!-- This site is optimized with the Yoast SEO Premium plugin v26.7 (Yoast SEO v26.7) - https:\/\/yoast.com\/wordpress\/plugins\/seo\/ -->\n<title>BigCommerce | Akeneo<\/title>\n<meta name=\"description\" content=\"La premi\u00e8re solution de gestion des informations produits (PIM) pour les partenaires de BigCommerce.\" \/>\n<meta name=\"robots\" content=\"index, follow, max-snippet:-1, max-image-preview:large, max-video-preview:-1\" \/>\n<link rel=\"canonical\" href=\"https:\/\/www.akeneo.com\/fr\/bigcommerce\/\" \/>\n<meta property=\"og:locale\" content=\"fr_FR\" \/>\n<meta property=\"og:type\" content=\"article\" \/>\n<meta property=\"og:title\" content=\"BigCommerce | Akeneo\" \/>\n<meta property=\"og:description\" content=\"La premi\u00e8re solution de gestion des informations produits (PIM) pour les partenaires de BigCommerce.\" \/>\n<meta property=\"og:url\" content=\"https:\/\/www.akeneo.com\/fr\/bigcommerce\/\" \/>\n<meta property=\"og:site_name\" content=\"Akeneo\" \/>\n<meta property=\"article:modified_time\" content=\"2024-09-23T09:20:22+00:00\" \/>\n<meta property=\"og:image\" content=\"https:\/\/www.akeneo.com\/wp-content\/uploads\/2023\/05\/web-assets-Bigcommerce-hero@2x-958x1024.png\" \/>\n\t<meta property=\"og:image:width\" content=\"958\" \/>\n\t<meta property=\"og:image:height\" content=\"1024\" \/>\n\t<meta property=\"og:image:type\" content=\"image\/png\" \/>\n<meta name=\"twitter:card\" content=\"summary_large_image\" \/>\n<meta name=\"twitter:label1\" content=\"Dur\u00e9e de lecture estim\u00e9e\" \/>\n\t<meta name=\"twitter:data1\" content=\"1 minute\" \/>\n<script type=\"application\/ld+json\" class=\"yoast-schema-graph\">{\"@context\":\"https:\/\/schema.org\",\"@graph\":[{\"@type\":\"WebPage\",\"@id\":\"https:\/\/www.akeneo.com\/fr\/bigcommerce\/\",\"url\":\"https:\/\/www.akeneo.com\/fr\/bigcommerce\/\",\"name\":\"BigCommerce | Akeneo\",\"isPartOf\":{\"@id\":\"https:\/\/www.akeneo.com\/fr\/#website\"},\"primaryImageOfPage\":{\"@id\":\"https:\/\/www.akeneo.com\/fr\/bigcommerce\/#primaryimage\"},\"image\":{\"@id\":\"https:\/\/www.akeneo.com\/fr\/bigcommerce\/#primaryimage\"},\"thumbnailUrl\":\"https:\/\/www.akeneo.com\/wp-content\/uploads\/2023\/05\/web-assets-Bigcommerce-hero@2x.png\",\"datePublished\":\"2022-09-01T09:54:31+00:00\",\"dateModified\":\"2024-09-23T09:20:22+00:00\",\"description\":\"La premi\u00e8re solution de gestion des informations produits (PIM) pour les partenaires de BigCommerce.\",\"inLanguage\":\"fr-FR\",\"potentialAction\":[{\"@type\":\"ReadAction\",\"target\":[\"https:\/\/www.akeneo.com\/fr\/bigcommerce\/\"]}]},{\"@type\":\"ImageObject\",\"inLanguage\":\"fr-FR\",\"@id\":\"https:\/\/www.akeneo.com\/fr\/bigcommerce\/#primaryimage\",\"url\":\"https:\/\/www.akeneo.com\/wp-content\/uploads\/2023\/05\/web-assets-Bigcommerce-hero@2x.png\",\"contentUrl\":\"https:\/\/www.akeneo.com\/wp-content\/uploads\/2023\/05\/web-assets-Bigcommerce-hero@2x.png\",\"width\":2021,\"height\":2160},{\"@type\":\"WebSite\",\"@id\":\"https:\/\/www.akeneo.com\/fr\/#website\",\"url\":\"https:\/\/www.akeneo.com\/fr\/\",\"name\":\"Akeneo\",\"description\":\"\",\"publisher\":{\"@id\":\"https:\/\/www.akeneo.com\/fr\/#organization\"},\"potentialAction\":[{\"@type\":\"SearchAction\",\"target\":{\"@type\":\"EntryPoint\",\"urlTemplate\":\"https:\/\/www.akeneo.com\/fr\/?s={search_term_string}\"},\"query-input\":{\"@type\":\"PropertyValueSpecification\",\"valueRequired\":true,\"valueName\":\"search_term_string\"}}],\"inLanguage\":\"fr-FR\"},{\"@type\":\"Organization\",\"@id\":\"https:\/\/www.akeneo.com\/fr\/#organization\",\"name\":\"Akeneo\",\"url\":\"https:\/\/www.akeneo.com\/fr\/\",\"logo\":{\"@type\":\"ImageObject\",\"inLanguage\":\"fr-FR\",\"@id\":\"https:\/\/www.akeneo.com\/fr\/#\/schema\/logo\/image\/\",\"url\":\"https:\/\/www.akeneo.com\/wp-content\/uploads\/2019\/08\/logo-kjus.png\",\"contentUrl\":\"https:\/\/www.akeneo.com\/wp-content\/uploads\/2019\/08\/logo-kjus.png\",\"width\":1,\"height\":1,\"caption\":\"Akeneo\"},\"image\":{\"@id\":\"https:\/\/www.akeneo.com\/fr\/#\/schema\/logo\/image\/\"}}]}<\/script>\n<!-- \/ Yoast SEO Premium plugin. -->","yoast_head_json":{"title":"BigCommerce | Akeneo","description":"La premi\u00e8re solution de gestion des informations produits (PIM) pour les partenaires de BigCommerce.","robots":{"index":"index","follow":"follow","max-snippet":"max-snippet:-1","max-image-preview":"max-image-preview:large","max-video-preview":"max-video-preview:-1"},"canonical":"https:\/\/www.akeneo.com\/fr\/bigcommerce\/","og_locale":"fr_FR","og_type":"article","og_title":"BigCommerce | Akeneo","og_description":"La premi\u00e8re solution de gestion des informations produits (PIM) pour les partenaires de BigCommerce.","og_url":"https:\/\/www.akeneo.com\/fr\/bigcommerce\/","og_site_name":"Akeneo","article_modified_time":"2024-09-23T09:20:22+00:00","og_image":[{"width":958,"height":1024,"url":"https:\/\/www.akeneo.com\/wp-content\/uploads\/2023\/05\/web-assets-Bigcommerce-hero@2x-958x1024.png","type":"image\/png"}],"twitter_card":"summary_large_image","twitter_misc":{"Dur\u00e9e de lecture estim\u00e9e":"1 minute"},"schema":{"@context":"https:\/\/schema.org","@graph":[{"@type":"WebPage","@id":"https:\/\/www.akeneo.com\/fr\/bigcommerce\/","url":"https:\/\/www.akeneo.com\/fr\/bigcommerce\/","name":"BigCommerce | Akeneo","isPartOf":{"@id":"https:\/\/www.akeneo.com\/fr\/#website"},"primaryImageOfPage":{"@id":"https:\/\/www.akeneo.com\/fr\/bigcommerce\/#primaryimage"},"image":{"@id":"https:\/\/www.akeneo.com\/fr\/bigcommerce\/#primaryimage"},"thumbnailUrl":"https:\/\/www.akeneo.com\/wp-content\/uploads\/2023\/05\/web-assets-Bigcommerce-hero@2x.png","datePublished":"2022-09-01T09:54:31+00:00","dateModified":"2024-09-23T09:20:22+00:00","description":"La premi\u00e8re solution de gestion des informations produits (PIM) pour les partenaires de BigCommerce.","inLanguage":"fr-FR","potentialAction":[{"@type":"ReadAction","target":["https:\/\/www.akeneo.com\/fr\/bigcommerce\/"]}]},{"@type":"ImageObject","inLanguage":"fr-FR","@id":"https:\/\/www.akeneo.com\/fr\/bigcommerce\/#primaryimage","url":"https:\/\/www.akeneo.com\/wp-content\/uploads\/2023\/05\/web-assets-Bigcommerce-hero@2x.png","contentUrl":"https:\/\/www.akeneo.com\/wp-content\/uploads\/2023\/05\/web-assets-Bigcommerce-hero@2x.png","width":2021,"height":2160},{"@type":"WebSite","@id":"https:\/\/www.akeneo.com\/fr\/#website","url":"https:\/\/www.akeneo.com\/fr\/","name":"Akeneo","description":"","publisher":{"@id":"https:\/\/www.akeneo.com\/fr\/#organization"},"potentialAction":[{"@type":"SearchAction","target":{"@type":"EntryPoint","urlTemplate":"https:\/\/www.akeneo.com\/fr\/?s={search_term_string}"},"query-input":{"@type":"PropertyValueSpecification","valueRequired":true,"valueName":"search_term_string"}}],"inLanguage":"fr-FR"},{"@type":"Organization","@id":"https:\/\/www.akeneo.com\/fr\/#organization","name":"Akeneo","url":"https:\/\/www.akeneo.com\/fr\/","logo":{"@type":"ImageObject","inLanguage":"fr-FR","@id":"https:\/\/www.akeneo.com\/fr\/#\/schema\/logo\/image\/","url":"https:\/\/www.akeneo.com\/wp-content\/uploads\/2019\/08\/logo-kjus.png","contentUrl":"https:\/\/www.akeneo.com\/wp-content\/uploads\/2019\/08\/logo-kjus.png","width":1,"height":1,"caption":"Akeneo"},"image":{"@id":"https:\/\/www.akeneo.com\/fr\/#\/schema\/logo\/image\/"}}]}},"_links":{"self":[{"href":"https:\/\/www.akeneo.com\/fr\/wp-json\/wp\/v2\/pages\/47920","targetHints":{"allow":["GET"]}}],"collection":[{"href":"https:\/\/www.akeneo.com\/fr\/wp-json\/wp\/v2\/pages"}],"about":[{"href":"https:\/\/www.akeneo.com\/fr\/wp-json\/wp\/v2\/types\/page"}],"author":[{"embeddable":true,"href":"https:\/\/www.akeneo.com\/fr\/wp-json\/wp\/v2\/users\/1"}],"replies":[{"embeddable":true,"href":"https:\/\/www.akeneo.com\/fr\/wp-json\/wp\/v2\/comments?post=47920"}],"version-history":[{"count":0,"href":"https:\/\/www.akeneo.com\/fr\/wp-json\/wp\/v2\/pages\/47920\/revisions"}],"wp:featuredmedia":[{"embeddable":true,"href":"https:\/\/www.akeneo.com\/fr\/wp-json\/wp\/v2\/media\/37047"}],"wp:attachment":[{"href":"https:\/\/www.akeneo.com\/fr\/wp-json\/wp\/v2\/media?parent=47920"}],"curies":[{"name":"wp","href":"https:\/\/api.w.org\/{rel}","templated":true}]}}