{"id":47914,"date":"2022-06-15T13:22:10","date_gmt":"2022-06-15T13:22:10","guid":{"rendered":"https:\/\/www.akeneo.com\/adobe-2\/"},"modified":"2024-09-20T10:05:06","modified_gmt":"2024-09-20T10:05:06","slug":"adobe","status":"publish","type":"page","link":"https:\/\/www.akeneo.com\/fr\/adobe\/","title":{"rendered":"Adobe"},"content":{"rendered":"\n  <section class=\"hero hero-light  \" >\n    <div class=\"container\">\n                            <div class=\"row justify-content-between align-items-center g-3\">\n                        <div class=\"col-lg-6\">\n                            <div class=\"hero-content\">\n                                                                \n                                \n                                                                    <h1 class=\"hero-title\">Adobe<\/h1>\n                                                                                                    <div class=\"hero-text\">\n                                        <p><span style=\"font-weight: 400;\">Akeneo permet aux acteurs B2C et B2B d&rsquo;Adobe Commerce d&rsquo;am\u00e9liorer l&rsquo;exp\u00e9rience client et de booster la croissance en permettant \u00e0 des \u00e9quipes multidisciplinaires de commercialiser plus rapidement davantage de produits gr\u00e2ce \u00e0 des informations produits localis\u00e9es, coh\u00e9rentes et de qualit\u00e9 &#8211; et ce pour l&rsquo;ensemble des points de contact avec les clients.<\/span><\/p>\n<ul>\n<li style=\"font-weight: 400;\" aria-level=\"1\"><b>Vendre mieux : <\/b><span style=\"font-weight: 400;\">Am\u00e9liorez les performances de vos produits sur Adobe Commerce et sur tous les canaux de vente gr\u00e2ce \u00e0 une meilleure d\u00e9couvrabilit\u00e9 des produits, une conversion plus \u00e9lev\u00e9e et une r\u00e9duction des retours.<\/span><\/li>\n<li style=\"font-weight: 400;\" aria-level=\"1\"><b>Vendre plus vite : <\/b><span style=\"font-weight: 400;\">Acc\u00e9l\u00e9rez le time-to-market en g\u00e9rant les informations produits dans un r\u00e9f\u00e9rentiel unique permettant de renforcer l&rsquo;efficacit\u00e9 et l&rsquo;automatisation et en r\u00e9duisant les taches manuelles.<\/span><\/li>\n<li style=\"font-weight: 400;\" aria-level=\"1\"><b>Vendre plus :<\/b><span style=\"font-weight: 400;\"> Ciblez de nouvelles r\u00e9gions en g\u00e9rant plusieurs langues pour divers sites Adobe Commerce dans une interface utilisateur unique et conviviale.<\/span><\/li>\n<\/ul>\n                                    <\/div>\n                                                                                                    <div class=\"hero-buttons\">\n                                                                                                                                    <div>\n                                                    <a class=\"btn btn-primary btn-lg\" href=\"https:\/\/www.akeneo.com\/wp-content\/uploads\/2022\/06\/akeneo-adobe.pdf\"><span class=\"initial text\">En savoir plus<\/span><span class=\"background-text\">En savoir plus<\/span><span class=\"hovered text\">En savoir plus<\/span><\/a>                                                <\/div>\n                                                                                                                        <\/div>\n                                                            <\/div>\n                        <\/div>\n                                                    <div class=\"col-lg-5\">\n                                                                    <div class=\"hero-image\">\n                                        <img decoding=\"async\" src=\"https:\/\/www.akeneo.com\/wp-content\/uploads\/2023\/05\/web-assets-adobe-commerce-cloud-hero@2x-1122x1200.png\" alt=\"\">\n                                    <\/div>\n                                \n                                                            <\/div>\n                                            <\/div>\n\n                        <\/div>\n<\/section>  \n\n\n\n<section id=\"content-block_07d932ef2cc222567a722f43ac32ca10\" class=\"py-6 py-md-8 \">\n            <div class=\"container\">\n            <div class=\"row\">\n                <div class=\"col-12\">\n                                            <div class=\"text-center \">\n                                                                                        <div class=\"text-editor fs-md\">\n                                    <style>.lesser-quote { width: 100rem; }<\/style>\n<div style=\"margin: 0 auto; text-align: center;\"><div class=\"ratio ratio-16x9\"><iframe loading=\"lazy\" title=\"YouTube video player\" src=\"https:\/\/www.youtube.com\/embed\/PwmKpOoll9U\" width=\"560\" height=\"315\" frameborder=\"0\" allowfullscreen=\"allowfullscreen\"><\/iframe><\/div><\/div>\n\n                                                                    <\/div>\n                                                    <\/div>\n                                        <\/div>\n            <\/div>\n        <\/div>\n    <\/section>\n\n\n<section id=\"assets-articles-block_1d411416b97508b0d39c2787e0c0f982\" class=\"py-6 py-md-8 \">\n    <div class=\"container\">\n        <div class=\"row\">\n            <div class=\"col-12\">\n                <div class=\"mb-4  text-center\">\n                                            <h2 class=\"mb-0 text-primary-blackstar\">Apprenez de vos pairs<\/h2>\n                    \n                                                        <\/div>\n            <\/div>\n        <\/div>\n            <\/div>\n<\/section>\n\n<section id=\"assets-articles-block_6d2337053dbb7bdbdf395f16470e0edb\" class=\"py-6 py-md-8 bg-light\">\n    <div class=\"container\">\n        <div class=\"row\">\n            <div class=\"col-12\">\n                <div class=\"mb-4  text-center\">\n                                            <h2 class=\"mb-0 text-primary-blackstar\">D\u00e9couvrir comment<\/h2>\n                    \n                                                        <\/div>\n            <\/div>\n        <\/div>\n            <\/div>\n<\/section>","protected":false},"excerpt":{"rendered":"","protected":false},"author":1,"featured_media":37062,"parent":0,"menu_order":42,"comment_status":"closed","ping_status":"closed","template":"","meta":{"_acf_changed":true,"footnotes":""},"class_list":["post-47914","page","type-page","status-publish","has-post-thumbnail","hentry"],"acf":[],"yoast_head":"<!-- This site is optimized with the Yoast SEO Premium plugin v26.7 (Yoast SEO v26.7) - https:\/\/yoast.com\/wordpress\/plugins\/seo\/ -->\n<title>Adobe | Akeneo<\/title>\n<meta name=\"description\" content=\"Together, Akeneo and Adobe offer a best-in-class solution for businesses looking to optimize their ecommerce operations, deliver exceptional digital experiences, and drive revenue growth.\" \/>\n<meta name=\"robots\" content=\"index, follow, max-snippet:-1, max-image-preview:large, max-video-preview:-1\" \/>\n<link rel=\"canonical\" href=\"https:\/\/www.akeneo.com\/fr\/adobe\/\" \/>\n<meta property=\"og:locale\" content=\"fr_FR\" \/>\n<meta property=\"og:type\" content=\"article\" \/>\n<meta property=\"og:title\" content=\"Adobe | Akeneo\" \/>\n<meta property=\"og:description\" content=\"Together, Akeneo and Adobe offer a best-in-class solution for businesses looking to optimize their ecommerce operations, deliver exceptional digital experiences, and drive revenue growth.\" \/>\n<meta property=\"og:url\" content=\"https:\/\/www.akeneo.com\/fr\/adobe\/\" \/>\n<meta property=\"og:site_name\" content=\"Akeneo\" \/>\n<meta property=\"article:modified_time\" content=\"2024-09-20T10:05:06+00:00\" \/>\n<meta property=\"og:image\" content=\"https:\/\/www.akeneo.com\/wp-content\/uploads\/2023\/05\/web-assets-adobe-commerce-cloud-hero@2x.png\" \/>\n\t<meta property=\"og:image:width\" content=\"2020\" \/>\n\t<meta property=\"og:image:height\" content=\"2160\" \/>\n\t<meta property=\"og:image:type\" content=\"image\/png\" \/>\n<meta name=\"twitter:card\" content=\"summary_large_image\" \/>\n<meta name=\"twitter:label1\" content=\"Dur\u00e9e de lecture estim\u00e9e\" \/>\n\t<meta name=\"twitter:data1\" content=\"1 minute\" \/>\n<script type=\"application\/ld+json\" class=\"yoast-schema-graph\">{\"@context\":\"https:\/\/schema.org\",\"@graph\":[{\"@type\":\"WebPage\",\"@id\":\"https:\/\/www.akeneo.com\/fr\/adobe\/\",\"url\":\"https:\/\/www.akeneo.com\/fr\/adobe\/\",\"name\":\"Adobe | Akeneo\",\"isPartOf\":{\"@id\":\"https:\/\/www.akeneo.com\/fr\/#website\"},\"primaryImageOfPage\":{\"@id\":\"https:\/\/www.akeneo.com\/fr\/adobe\/#primaryimage\"},\"image\":{\"@id\":\"https:\/\/www.akeneo.com\/fr\/adobe\/#primaryimage\"},\"thumbnailUrl\":\"https:\/\/www.akeneo.com\/wp-content\/uploads\/2023\/05\/web-assets-adobe-commerce-cloud-hero@2x.png\",\"datePublished\":\"2022-06-15T13:22:10+00:00\",\"dateModified\":\"2024-09-20T10:05:06+00:00\",\"description\":\"Together, Akeneo and Adobe offer a best-in-class solution for businesses looking to optimize their ecommerce operations, deliver exceptional digital experiences, and drive revenue growth.\",\"inLanguage\":\"fr-FR\",\"potentialAction\":[{\"@type\":\"ReadAction\",\"target\":[\"https:\/\/www.akeneo.com\/fr\/adobe\/\"]}]},{\"@type\":\"ImageObject\",\"inLanguage\":\"fr-FR\",\"@id\":\"https:\/\/www.akeneo.com\/fr\/adobe\/#primaryimage\",\"url\":\"https:\/\/www.akeneo.com\/wp-content\/uploads\/2023\/05\/web-assets-adobe-commerce-cloud-hero@2x.png\",\"contentUrl\":\"https:\/\/www.akeneo.com\/wp-content\/uploads\/2023\/05\/web-assets-adobe-commerce-cloud-hero@2x.png\",\"width\":2020,\"height\":2160},{\"@type\":\"WebSite\",\"@id\":\"https:\/\/www.akeneo.com\/fr\/#website\",\"url\":\"https:\/\/www.akeneo.com\/fr\/\",\"name\":\"Akeneo\",\"description\":\"\",\"publisher\":{\"@id\":\"https:\/\/www.akeneo.com\/fr\/#organization\"},\"potentialAction\":[{\"@type\":\"SearchAction\",\"target\":{\"@type\":\"EntryPoint\",\"urlTemplate\":\"https:\/\/www.akeneo.com\/fr\/?s={search_term_string}\"},\"query-input\":{\"@type\":\"PropertyValueSpecification\",\"valueRequired\":true,\"valueName\":\"search_term_string\"}}],\"inLanguage\":\"fr-FR\"},{\"@type\":\"Organization\",\"@id\":\"https:\/\/www.akeneo.com\/fr\/#organization\",\"name\":\"Akeneo\",\"url\":\"https:\/\/www.akeneo.com\/fr\/\",\"logo\":{\"@type\":\"ImageObject\",\"inLanguage\":\"fr-FR\",\"@id\":\"https:\/\/www.akeneo.com\/fr\/#\/schema\/logo\/image\/\",\"url\":\"https:\/\/www.akeneo.com\/wp-content\/uploads\/2019\/08\/logo-kjus.png\",\"contentUrl\":\"https:\/\/www.akeneo.com\/wp-content\/uploads\/2019\/08\/logo-kjus.png\",\"width\":1,\"height\":1,\"caption\":\"Akeneo\"},\"image\":{\"@id\":\"https:\/\/www.akeneo.com\/fr\/#\/schema\/logo\/image\/\"}}]}<\/script>\n<!-- \/ Yoast SEO Premium plugin. -->","yoast_head_json":{"title":"Adobe | Akeneo","description":"Together, Akeneo and Adobe offer a best-in-class solution for businesses looking to optimize their ecommerce operations, deliver exceptional digital experiences, and drive revenue growth.","robots":{"index":"index","follow":"follow","max-snippet":"max-snippet:-1","max-image-preview":"max-image-preview:large","max-video-preview":"max-video-preview:-1"},"canonical":"https:\/\/www.akeneo.com\/fr\/adobe\/","og_locale":"fr_FR","og_type":"article","og_title":"Adobe | Akeneo","og_description":"Together, Akeneo and Adobe offer a best-in-class solution for businesses looking to optimize their ecommerce operations, deliver exceptional digital experiences, and drive revenue growth.","og_url":"https:\/\/www.akeneo.com\/fr\/adobe\/","og_site_name":"Akeneo","article_modified_time":"2024-09-20T10:05:06+00:00","og_image":[{"width":2020,"height":2160,"url":"https:\/\/www.akeneo.com\/wp-content\/uploads\/2023\/05\/web-assets-adobe-commerce-cloud-hero@2x.png","type":"image\/png"}],"twitter_card":"summary_large_image","twitter_misc":{"Dur\u00e9e de lecture estim\u00e9e":"1 minute"},"schema":{"@context":"https:\/\/schema.org","@graph":[{"@type":"WebPage","@id":"https:\/\/www.akeneo.com\/fr\/adobe\/","url":"https:\/\/www.akeneo.com\/fr\/adobe\/","name":"Adobe | Akeneo","isPartOf":{"@id":"https:\/\/www.akeneo.com\/fr\/#website"},"primaryImageOfPage":{"@id":"https:\/\/www.akeneo.com\/fr\/adobe\/#primaryimage"},"image":{"@id":"https:\/\/www.akeneo.com\/fr\/adobe\/#primaryimage"},"thumbnailUrl":"https:\/\/www.akeneo.com\/wp-content\/uploads\/2023\/05\/web-assets-adobe-commerce-cloud-hero@2x.png","datePublished":"2022-06-15T13:22:10+00:00","dateModified":"2024-09-20T10:05:06+00:00","description":"Together, Akeneo and Adobe offer a best-in-class solution for businesses looking to optimize their ecommerce operations, deliver exceptional digital experiences, and drive revenue growth.","inLanguage":"fr-FR","potentialAction":[{"@type":"ReadAction","target":["https:\/\/www.akeneo.com\/fr\/adobe\/"]}]},{"@type":"ImageObject","inLanguage":"fr-FR","@id":"https:\/\/www.akeneo.com\/fr\/adobe\/#primaryimage","url":"https:\/\/www.akeneo.com\/wp-content\/uploads\/2023\/05\/web-assets-adobe-commerce-cloud-hero@2x.png","contentUrl":"https:\/\/www.akeneo.com\/wp-content\/uploads\/2023\/05\/web-assets-adobe-commerce-cloud-hero@2x.png","width":2020,"height":2160},{"@type":"WebSite","@id":"https:\/\/www.akeneo.com\/fr\/#website","url":"https:\/\/www.akeneo.com\/fr\/","name":"Akeneo","description":"","publisher":{"@id":"https:\/\/www.akeneo.com\/fr\/#organization"},"potentialAction":[{"@type":"SearchAction","target":{"@type":"EntryPoint","urlTemplate":"https:\/\/www.akeneo.com\/fr\/?s={search_term_string}"},"query-input":{"@type":"PropertyValueSpecification","valueRequired":true,"valueName":"search_term_string"}}],"inLanguage":"fr-FR"},{"@type":"Organization","@id":"https:\/\/www.akeneo.com\/fr\/#organization","name":"Akeneo","url":"https:\/\/www.akeneo.com\/fr\/","logo":{"@type":"ImageObject","inLanguage":"fr-FR","@id":"https:\/\/www.akeneo.com\/fr\/#\/schema\/logo\/image\/","url":"https:\/\/www.akeneo.com\/wp-content\/uploads\/2019\/08\/logo-kjus.png","contentUrl":"https:\/\/www.akeneo.com\/wp-content\/uploads\/2019\/08\/logo-kjus.png","width":1,"height":1,"caption":"Akeneo"},"image":{"@id":"https:\/\/www.akeneo.com\/fr\/#\/schema\/logo\/image\/"}}]}},"_links":{"self":[{"href":"https:\/\/www.akeneo.com\/fr\/wp-json\/wp\/v2\/pages\/47914","targetHints":{"allow":["GET"]}}],"collection":[{"href":"https:\/\/www.akeneo.com\/fr\/wp-json\/wp\/v2\/pages"}],"about":[{"href":"https:\/\/www.akeneo.com\/fr\/wp-json\/wp\/v2\/types\/page"}],"author":[{"embeddable":true,"href":"https:\/\/www.akeneo.com\/fr\/wp-json\/wp\/v2\/users\/1"}],"replies":[{"embeddable":true,"href":"https:\/\/www.akeneo.com\/fr\/wp-json\/wp\/v2\/comments?post=47914"}],"version-history":[{"count":0,"href":"https:\/\/www.akeneo.com\/fr\/wp-json\/wp\/v2\/pages\/47914\/revisions"}],"wp:featuredmedia":[{"embeddable":true,"href":"https:\/\/www.akeneo.com\/fr\/wp-json\/wp\/v2\/media\/37062"}],"wp:attachment":[{"href":"https:\/\/www.akeneo.com\/fr\/wp-json\/wp\/v2\/media?parent=47914"}],"curies":[{"name":"wp","href":"https:\/\/api.w.org\/{rel}","templated":true}]}}