{"id":47898,"date":"2022-01-14T15:01:39","date_gmt":"2022-01-14T15:01:39","guid":{"rendered":"https:\/\/www.akeneo.com\/telecharger-akeneo-pim-community-edition\/"},"modified":"2025-09-25T15:23:27","modified_gmt":"2025-09-25T15:23:27","slug":"telecharger-akeneo-pim-community-edition","status":"publish","type":"page","link":"https:\/\/www.akeneo.com\/fr\/telecharger-akeneo-pim-community-edition\/","title":{"rendered":"T\u00e9l\u00e9charger Akeneo PIM Community Edition"},"content":{"rendered":"\n<section id=\"form-block_4c55fb1926461ecef01d307abbf59614\" class=\"hero bg-light \" >\n  <div class=\"container\">\n    <div class=\"row justify-content-between align-items-center g-3\">\n      <div class=\"col-lg-6\">\n        <div class=\"hero-content\">\n                      <div class=\"hero-tags\">\n              <span class=\"tag tag-white\">Akeneo PIM Community Edition<\/span>\n            <\/div>\n                                <h1 class=\"hero-title\">T\u00e9l\u00e9charger Akeneo PIM Community Edition<\/h1>\n                                <div class=\"hero-text\">\n              <p><span style=\"font-weight: 400;\">Une gestion efficace des informations produits aide les entreprises dans leur qu\u00eate de croisance. Chaque entreprise doit avoir acc\u00e8s aux fonctionnalit\u00e9s de base d\u2019un PIM. C\u2019est pourquoi, depuis le 1er jour chez Akeneo, nous avons d\u00e9velopp\u00e9 une version open-source et gratuite de notre PIM : Akeneo PIM Community Edition. Notre version PIM gratuite permet aux petites et moyennes entreprises de commencer \u00e0 centraliser, g\u00e9rer, enrichir et diffuser leurs informations produits \u00e0 faible co\u00fbt.<\/span><\/p>\n            <\/div>\n                  <\/div>\n      <\/div>\n\n      <div class=\"col-lg-5 \">\n        <div class=\"p-3  rounded-4 shadow mt-3 p-md-6 bg-body\">\n                                                          <script data-cookieconsent=\"ignore\" src=\"\/\/pages.akeneo.com\/js\/forms2\/js\/forms2.min.js\"><\/script> \n              <form id=\"mktoForm_1020\"><\/form> \n              <script>MktoForms2.loadForm(\"\/\/pages.akeneo.com\", \"343-FNN-684\", 1020);<\/script>\n                              <\/div>\n      <\/div>      \n    <\/div>\n  <\/div>\n<\/section>\n","protected":false},"excerpt":{"rendered":"","protected":false},"author":2,"featured_media":30866,"parent":0,"menu_order":0,"comment_status":"closed","ping_status":"closed","template":"","meta":{"_acf_changed":true,"footnotes":""},"class_list":["post-47898","page","type-page","status-publish","has-post-thumbnail","hentry"],"acf":[],"yoast_head":"<!-- This site is optimized with the Yoast SEO Premium plugin v26.7 (Yoast SEO v26.7) - https:\/\/yoast.com\/wordpress\/plugins\/seo\/ -->\n<title>T\u00e9l\u00e9charger Akeneo PIM Community Edition | Akeneo<\/title>\n<meta name=\"robots\" content=\"index, follow, max-snippet:-1, max-image-preview:large, max-video-preview:-1\" \/>\n<link rel=\"canonical\" href=\"https:\/\/www.akeneo.com\/fr\/telecharger-akeneo-pim-community-edition\/\" \/>\n<meta property=\"og:locale\" content=\"fr_FR\" \/>\n<meta property=\"og:type\" content=\"article\" \/>\n<meta property=\"og:title\" content=\"T\u00e9l\u00e9charger Akeneo PIM Community Edition | Akeneo\" \/>\n<meta property=\"og:url\" content=\"https:\/\/www.akeneo.com\/fr\/telecharger-akeneo-pim-community-edition\/\" \/>\n<meta property=\"og:site_name\" content=\"Akeneo\" \/>\n<meta property=\"article:modified_time\" content=\"2025-09-25T15:23:27+00:00\" \/>\n<meta property=\"og:image\" content=\"https:\/\/www.akeneo.com\/wp-content\/uploads\/2022\/06\/akeneo-ico-featured-image-akeneopim-community-edition-1.jpg\" \/>\n\t<meta property=\"og:image:width\" content=\"1\" \/>\n\t<meta property=\"og:image:height\" content=\"1\" \/>\n\t<meta property=\"og:image:type\" content=\"image\/jpeg\" \/>\n<meta name=\"twitter:card\" content=\"summary_large_image\" \/>\n<meta name=\"twitter:label1\" content=\"Dur\u00e9e de lecture estim\u00e9e\" \/>\n\t<meta name=\"twitter:data1\" content=\"1 minute\" \/>\n<script type=\"application\/ld+json\" class=\"yoast-schema-graph\">{\"@context\":\"https:\/\/schema.org\",\"@graph\":[{\"@type\":\"WebPage\",\"@id\":\"https:\/\/www.akeneo.com\/fr\/telecharger-akeneo-pim-community-edition\/\",\"url\":\"https:\/\/www.akeneo.com\/fr\/telecharger-akeneo-pim-community-edition\/\",\"name\":\"T\u00e9l\u00e9charger Akeneo PIM Community Edition | Akeneo\",\"isPartOf\":{\"@id\":\"https:\/\/www.akeneo.com\/fr\/#website\"},\"primaryImageOfPage\":{\"@id\":\"https:\/\/www.akeneo.com\/fr\/telecharger-akeneo-pim-community-edition\/#primaryimage\"},\"image\":{\"@id\":\"https:\/\/www.akeneo.com\/fr\/telecharger-akeneo-pim-community-edition\/#primaryimage\"},\"thumbnailUrl\":\"https:\/\/www.akeneo.com\/wp-content\/uploads\/2022\/06\/akeneo-ico-featured-image-akeneopim-community-edition-1.jpg\",\"datePublished\":\"2022-01-14T15:01:39+00:00\",\"dateModified\":\"2025-09-25T15:23:27+00:00\",\"inLanguage\":\"fr-FR\",\"potentialAction\":[{\"@type\":\"ReadAction\",\"target\":[\"https:\/\/www.akeneo.com\/fr\/telecharger-akeneo-pim-community-edition\/\"]}]},{\"@type\":\"ImageObject\",\"inLanguage\":\"fr-FR\",\"@id\":\"https:\/\/www.akeneo.com\/fr\/telecharger-akeneo-pim-community-edition\/#primaryimage\",\"url\":\"https:\/\/www.akeneo.com\/wp-content\/uploads\/2022\/06\/akeneo-ico-featured-image-akeneopim-community-edition-1.jpg\",\"contentUrl\":\"https:\/\/www.akeneo.com\/wp-content\/uploads\/2022\/06\/akeneo-ico-featured-image-akeneopim-community-edition-1.jpg\"},{\"@type\":\"WebSite\",\"@id\":\"https:\/\/www.akeneo.com\/fr\/#website\",\"url\":\"https:\/\/www.akeneo.com\/fr\/\",\"name\":\"Akeneo\",\"description\":\"\",\"publisher\":{\"@id\":\"https:\/\/www.akeneo.com\/fr\/#organization\"},\"potentialAction\":[{\"@type\":\"SearchAction\",\"target\":{\"@type\":\"EntryPoint\",\"urlTemplate\":\"https:\/\/www.akeneo.com\/fr\/?s={search_term_string}\"},\"query-input\":{\"@type\":\"PropertyValueSpecification\",\"valueRequired\":true,\"valueName\":\"search_term_string\"}}],\"inLanguage\":\"fr-FR\"},{\"@type\":\"Organization\",\"@id\":\"https:\/\/www.akeneo.com\/fr\/#organization\",\"name\":\"Akeneo\",\"url\":\"https:\/\/www.akeneo.com\/fr\/\",\"logo\":{\"@type\":\"ImageObject\",\"inLanguage\":\"fr-FR\",\"@id\":\"https:\/\/www.akeneo.com\/fr\/#\/schema\/logo\/image\/\",\"url\":\"https:\/\/www.akeneo.com\/wp-content\/uploads\/2019\/08\/logo-kjus.png\",\"contentUrl\":\"https:\/\/www.akeneo.com\/wp-content\/uploads\/2019\/08\/logo-kjus.png\",\"width\":1,\"height\":1,\"caption\":\"Akeneo\"},\"image\":{\"@id\":\"https:\/\/www.akeneo.com\/fr\/#\/schema\/logo\/image\/\"}}]}<\/script>\n<!-- \/ Yoast SEO Premium plugin. -->","yoast_head_json":{"title":"T\u00e9l\u00e9charger Akeneo PIM Community Edition | Akeneo","robots":{"index":"index","follow":"follow","max-snippet":"max-snippet:-1","max-image-preview":"max-image-preview:large","max-video-preview":"max-video-preview:-1"},"canonical":"https:\/\/www.akeneo.com\/fr\/telecharger-akeneo-pim-community-edition\/","og_locale":"fr_FR","og_type":"article","og_title":"T\u00e9l\u00e9charger Akeneo PIM Community Edition | Akeneo","og_url":"https:\/\/www.akeneo.com\/fr\/telecharger-akeneo-pim-community-edition\/","og_site_name":"Akeneo","article_modified_time":"2025-09-25T15:23:27+00:00","og_image":[{"url":"https:\/\/www.akeneo.com\/wp-content\/uploads\/2022\/06\/akeneo-ico-featured-image-akeneopim-community-edition-1.jpg","width":1,"height":1,"type":"image\/jpeg"}],"twitter_card":"summary_large_image","twitter_misc":{"Dur\u00e9e de lecture estim\u00e9e":"1 minute"},"schema":{"@context":"https:\/\/schema.org","@graph":[{"@type":"WebPage","@id":"https:\/\/www.akeneo.com\/fr\/telecharger-akeneo-pim-community-edition\/","url":"https:\/\/www.akeneo.com\/fr\/telecharger-akeneo-pim-community-edition\/","name":"T\u00e9l\u00e9charger Akeneo PIM Community Edition | Akeneo","isPartOf":{"@id":"https:\/\/www.akeneo.com\/fr\/#website"},"primaryImageOfPage":{"@id":"https:\/\/www.akeneo.com\/fr\/telecharger-akeneo-pim-community-edition\/#primaryimage"},"image":{"@id":"https:\/\/www.akeneo.com\/fr\/telecharger-akeneo-pim-community-edition\/#primaryimage"},"thumbnailUrl":"https:\/\/www.akeneo.com\/wp-content\/uploads\/2022\/06\/akeneo-ico-featured-image-akeneopim-community-edition-1.jpg","datePublished":"2022-01-14T15:01:39+00:00","dateModified":"2025-09-25T15:23:27+00:00","inLanguage":"fr-FR","potentialAction":[{"@type":"ReadAction","target":["https:\/\/www.akeneo.com\/fr\/telecharger-akeneo-pim-community-edition\/"]}]},{"@type":"ImageObject","inLanguage":"fr-FR","@id":"https:\/\/www.akeneo.com\/fr\/telecharger-akeneo-pim-community-edition\/#primaryimage","url":"https:\/\/www.akeneo.com\/wp-content\/uploads\/2022\/06\/akeneo-ico-featured-image-akeneopim-community-edition-1.jpg","contentUrl":"https:\/\/www.akeneo.com\/wp-content\/uploads\/2022\/06\/akeneo-ico-featured-image-akeneopim-community-edition-1.jpg"},{"@type":"WebSite","@id":"https:\/\/www.akeneo.com\/fr\/#website","url":"https:\/\/www.akeneo.com\/fr\/","name":"Akeneo","description":"","publisher":{"@id":"https:\/\/www.akeneo.com\/fr\/#organization"},"potentialAction":[{"@type":"SearchAction","target":{"@type":"EntryPoint","urlTemplate":"https:\/\/www.akeneo.com\/fr\/?s={search_term_string}"},"query-input":{"@type":"PropertyValueSpecification","valueRequired":true,"valueName":"search_term_string"}}],"inLanguage":"fr-FR"},{"@type":"Organization","@id":"https:\/\/www.akeneo.com\/fr\/#organization","name":"Akeneo","url":"https:\/\/www.akeneo.com\/fr\/","logo":{"@type":"ImageObject","inLanguage":"fr-FR","@id":"https:\/\/www.akeneo.com\/fr\/#\/schema\/logo\/image\/","url":"https:\/\/www.akeneo.com\/wp-content\/uploads\/2019\/08\/logo-kjus.png","contentUrl":"https:\/\/www.akeneo.com\/wp-content\/uploads\/2019\/08\/logo-kjus.png","width":1,"height":1,"caption":"Akeneo"},"image":{"@id":"https:\/\/www.akeneo.com\/fr\/#\/schema\/logo\/image\/"}}]}},"_links":{"self":[{"href":"https:\/\/www.akeneo.com\/fr\/wp-json\/wp\/v2\/pages\/47898","targetHints":{"allow":["GET"]}}],"collection":[{"href":"https:\/\/www.akeneo.com\/fr\/wp-json\/wp\/v2\/pages"}],"about":[{"href":"https:\/\/www.akeneo.com\/fr\/wp-json\/wp\/v2\/types\/page"}],"author":[{"embeddable":true,"href":"https:\/\/www.akeneo.com\/fr\/wp-json\/wp\/v2\/users\/2"}],"replies":[{"embeddable":true,"href":"https:\/\/www.akeneo.com\/fr\/wp-json\/wp\/v2\/comments?post=47898"}],"version-history":[{"count":0,"href":"https:\/\/www.akeneo.com\/fr\/wp-json\/wp\/v2\/pages\/47898\/revisions"}],"wp:featuredmedia":[{"embeddable":true,"href":"https:\/\/www.akeneo.com\/fr\/wp-json\/wp\/v2\/media\/30866"}],"wp:attachment":[{"href":"https:\/\/www.akeneo.com\/fr\/wp-json\/wp\/v2\/media?parent=47898"}],"curies":[{"name":"wp","href":"https:\/\/api.w.org\/{rel}","templated":true}]}}