{"id":47864,"date":"2021-11-25T08:12:08","date_gmt":"2021-11-25T08:12:08","guid":{"rendered":"https:\/\/www.akeneo.com\/solution-partners-2\/"},"modified":"2024-09-20T09:19:31","modified_gmt":"2024-09-20T09:19:31","slug":"solution-partners","status":"publish","type":"page","link":"https:\/\/www.akeneo.com\/fr\/solution-partners\/","title":{"rendered":"Partenaires Solution"},"content":{"rendered":"\n  <section class=\"hero hero-light  \" >\n    <div class=\"container\">\n                            <div class=\"row justify-content-between align-items-center g-3\">\n                        <div class=\"col-lg-6\">\n                            <div class=\"hero-content\">\n                                                                \n                                \n                                                                    <h1 class=\"hero-title\">Devenez Partenaire Solution <\/h1>\n                                                                                                    <div class=\"hero-text\">\n                                        <p>Les Partenaires Solutions d\u2019Akeneo accompagnent les clients d\u2019Akeneo pour qu\u2019ils adoptent, int\u00e8grent et d\u00e9ploient avec succ\u00e8s Akeneo PXM Studio au sein de leur environnement technologique. Les Partenaires Solutions d\u2019Akeneo ont par ailleurs acc\u00e8s \u00e0 des formations et des certifications, afin de garantir l\u2019impl\u00e9mentation d\u2019Akeneo PIM.<\/p>\n                                    <\/div>\n                                                                                                    <div class=\"hero-buttons\">\n                                                                                                                                    <div>\n                                                    <a class=\"btn btn-primary btn-lg\" href=\"https:\/\/www.akeneo.com\/fr\/contact\/\"><span class=\"initial text\">Contactez-nous<\/span><span class=\"background-text\">Contactez-nous<\/span><span class=\"hovered text\">Contactez-nous<\/span><\/a>                                                <\/div>\n                                                                                                                        <\/div>\n                                                            <\/div>\n                        <\/div>\n                                                    <div class=\"col-lg-5\">\n                                                                    <div class=\"hero-image\">\n                                        <img decoding=\"async\" src=\"https:\/\/www.akeneo.com\/wp-content\/uploads\/2022\/01\/web-assets-Solution-Partners-hero@2x-1122x1200.png\" alt=\"\">\n                                    <\/div>\n                                \n                                                            <\/div>\n                                            <\/div>\n\n                        <\/div>\n<\/section>  \n\n\n\n<section id=\"content-block_6be25152bd4b26993ae9c5354b3f2381\" class=\"py-6 py-md-8 \">\n    <div class=\"container\">\n        <div class=\"row justify-content-between align-items-center g-3 \">\n            <div class=\"col-lg-6\">\n                <div class=\"w-lg-70 mx-auto\">\n                                            <h2 class=\"text-primary-blackstar\">Acc\u00e9dez \u00e0 des experts<\/h2>\n                    \n                    \n                    <div class=\"text-editor fs-md text-primary-blackstar\">\n                                                    <p>Nos \u00e9quipes sont \u00e0 votre disposition pour vous aider \u00e0 tout moment, quelle que soit votre question. Lorsque vous devenez partenaire d\u2019Akeneo, vous b\u00e9n\u00e9ficiez du soutien de nos \u00e9quipes de vente et d\u2019avant-vente, de notre \u00e9quipe marketing et d\u2019un Channel Manager d\u00e9di\u00e9 pour vous aider tout au long de votre collaboration avec Akeneo. Quel que soit votre niveau de partenariat, vous avez acc\u00e8s \u00e0 un Channel Manager d\u00e9di\u00e9. C\u2019est ainsi que nous travaillons, cela fait partie du programme partenaire.<\/p>\n                                                                    <\/div>\n                                                                                <\/div>\n            <\/div>\n                            <div class=\"col-lg-6 text-center\">\n                                            <div class=\"torch-container\">\n                            <img decoding=\"async\" src=\"https:\/\/www.akeneo.com\/wp-content\/uploads\/2022\/01\/web-assets-your-success-Professional-Services-Trusted-1200x1200.png\" alt=\"\">\n                                                    <\/div>\n                    \n                                    <\/div>\n                    <\/div>\n    <\/div>\n<\/section>\n\n\n\n<section id=\"content-block_2ccb862a1c8208aeb9082ff75456de21\" class=\"py-6 py-md-8 \">\n    <div class=\"container\">\n        <div class=\"row justify-content-between align-items-center g-3 flex-lg-row-reverse\">\n            <div class=\"col-lg-6\">\n                <div class=\"w-lg-70 mx-auto\">\n                                            <h2 class=\"text-primary-blackstar\">Le meilleur Portail Partenaire jamais con\u00e7u<\/h2>\n                    \n                    \n                    <div class=\"text-editor fs-md text-primary-blackstar\">\n                                                    <p>Le Portail Partenaire d\u2019Akeneo facilite l\u2019\u00e9change de documents, l\u2019ouverture et le suivi des tickets de support, et permet d\u2019acc\u00e9der \u00e0 de nombreuses ressources y compris les informations de d\u00e9veloppement commercial pour nous assurer que vous ne manquiez jamais une opportunit\u00e9. C\u2019est un bon portail. En fait, c\u2019est le meilleur. On nous a souvent conseill\u00e9 de faire du Portail Partenaire un produit \u00e0 part enti\u00e8re, mais nous pr\u00e9f\u00e9rons le garder pour vous.<\/p>\n                                                                    <\/div>\n                                                                                <\/div>\n            <\/div>\n                            <div class=\"col-lg-6 text-center\">\n                                            <div class=\"torch-container\">\n                            <img decoding=\"async\" src=\"https:\/\/www.akeneo.com\/wp-content\/uploads\/2022\/01\/web-assets-Solution-Partners-Best.-Partner-portal.-Ever-1200x1200.png\" alt=\"\">\n                                                    <\/div>\n                    \n                                    <\/div>\n                    <\/div>\n    <\/div>\n<\/section>\n\n\n\n<section id=\"content-block_3142df2a896399b91f15fbe5faee159b\" class=\"py-6 py-md-8 \">\n    <div class=\"container\">\n        <div class=\"row justify-content-between align-items-center g-3 \">\n            <div class=\"col-lg-6\">\n                <div class=\"w-lg-70 mx-auto\">\n                                            <h2 class=\"text-primary-blackstar\">Gagnez des points pour plus de notori\u00e9t\u00e9 et de r\u00e9compenses<\/h2>\n                    \n                    \n                    <div class=\"text-editor fs-md text-primary-blackstar\">\n                                                    <p>Vous pouvez gagner des points et am\u00e9liorer votre classement parmi l\u2019ensemble de nos partenaires gr\u00e2ce \u00e0 vos projets, vos contributions et vos op\u00e9rations marketing. En augmentant votre score, vous gagnez en visibilit\u00e9, augmentez vos commissions et devenez un expert reconnu de la communaut\u00e9 Akeneo. Obtenir le niveau Silver ou Gold n\u2019est pas une question d\u2019argent. Il s\u2019agit surtout d\u2019\u00eatre impliqu\u00e9 et de contribuer \u00e0 la communaut\u00e9 Akeneo. C\u2019est tout.<\/p>\n                                                                    <\/div>\n                                                                                <\/div>\n            <\/div>\n                            <div class=\"col-lg-6 text-center\">\n                                            <div class=\"torch-container\">\n                            <img decoding=\"async\" src=\"https:\/\/www.akeneo.com\/wp-content\/uploads\/2022\/01\/web-assets-Solution-Partners-Earn-points-for-more-recognition-1200x1200.png\" alt=\"\">\n                                                    <\/div>\n                    \n                                    <\/div>\n                    <\/div>\n    <\/div>\n<\/section>\n\n\n\n  <section class=\"  py-6 py-md-8\">\n    <div class=\"container\">\n        <div class=\"row\">\n            <div class=\"col-xxl-10 mx-xxl-auto\">\n                                    <div class=\"text-center mb-6\">\n                        <h2 class=\"mb-0\">Pourquoi travailler avec Akeneo<\/h2>\n                    <\/div>\n                \n                                \n                \n                \n                    <div class=\"row row-cols-sm-2 row-cols-md-3 row-cols-xl-5 justify-content-center g-2\">\n                                                    <div>\n                                <div class=\"icon-card icon-card-framed text-center\">\n                                                                            <div class=\"icon-card-image\">\n                                            <img decoding=\"async\" src=\"https:\/\/www.akeneo.com\/wp-content\/uploads\/2024\/07\/akeneo-icon-product-quality@2x.svg\" alt=\"\">\n                                        <\/div>\n                                                                                                                <div class=\"icon-card-content\">\n                                                                                            <h6 class=\"icon-card-title\">Des produits PIM premiums<\/h6>\n                                                                                                                                <\/div>\n                                                                    <\/div>\n                            <\/div>\n                                                    <div>\n                                <div class=\"icon-card icon-card-framed text-center\">\n                                                                            <div class=\"icon-card-image\">\n                                            <img decoding=\"async\" src=\"https:\/\/www.akeneo.com\/wp-content\/uploads\/2024\/07\/akeneo-icon-marketing@2x.svg\" alt=\"\">\n                                        <\/div>\n                                                                                                                <div class=\"icon-card-content\">\n                                                                                            <h6 class=\"icon-card-title\">Des opportunit\u00e9s marketing et de g\u00e9n\u00e9ration de leads<\/h6>\n                                                                                                                                <\/div>\n                                                                    <\/div>\n                            <\/div>\n                                                    <div>\n                                <div class=\"icon-card icon-card-framed text-center\">\n                                                                            <div class=\"icon-card-image\">\n                                            <img decoding=\"async\" src=\"https:\/\/www.akeneo.com\/wp-content\/uploads\/2024\/07\/akeneo-icon-team@2x.svg\" alt=\"\">\n                                        <\/div>\n                                                                                                                <div class=\"icon-card-content\">\n                                                                                            <h6 class=\"icon-card-title\">Des partenariats collaboratifs et innovants<\/h6>\n                                                                                                                                <\/div>\n                                                                    <\/div>\n                            <\/div>\n                                            <\/div>\n                            <\/div>\n        <\/div>\n    <\/div>\n<\/section>  \n\n\n\n<section class=\"py-3 py-md-6 position-relative\">\n            <div class=\"block-background block-background-top\"><\/div>\n        <div class=\"container\">\n        <div class=\"row\">\n            <div class=\"col-12\">\n                <div class=\"cta px-lg-8 py-3 bg-secondary\">\n                    <div class=\"cta-content\">\n                                                    <h2 class=\"cta-title text-gray-100\">Besoin de trouver un Partenaire Solution ?<\/h2>\n                                                                                                    <div class=\"cta-buttons\">\n                                                                    <div>\n                                        <a class=\"btn-lg btn btn-primary\" href=\"https:\/\/partners.akeneo.com\/fr\/solution-partners\" target=\"_blank\"><span class=\"initial text\">Trouver un partenaire<svg class=\"svg-icon fs-sm ms-1\"><use xmlns:xlink=\"http:\/\/www.w3.org\/1999\/xlink\" xlink:href=\"https:\/\/www.akeneo.com\/wp-content\/themes\/akeneo\/assets\/sprite\/icons.svg#icon-link-external\"><\/use><\/svg><\/span><span class=\"background-text\">Trouver un partenaire<svg class=\"svg-icon fs-sm ms-1\"><use xmlns:xlink=\"http:\/\/www.w3.org\/1999\/xlink\" xlink:href=\"https:\/\/www.akeneo.com\/wp-content\/themes\/akeneo\/assets\/sprite\/icons.svg#icon-link-external\"><\/use><\/svg><\/span><span class=\"hovered text\">Trouver un partenaire<svg class=\"svg-icon fs-sm ms-1\"><use xmlns:xlink=\"http:\/\/www.w3.org\/1999\/xlink\" xlink:href=\"https:\/\/www.akeneo.com\/wp-content\/themes\/akeneo\/assets\/sprite\/icons.svg#icon-link-external\"><\/use><\/svg><\/span><\/a>                                    <\/div>\n                                                            <\/div>\n                                            <\/div>\n                                                                        <div class=\"cta-image\">\n                                <img decoding=\"async\" src=\"https:\/\/www.akeneo.com\/wp-content\/uploads\/2022\/01\/Web-assets-Call-to-Action-large-solution-partners@2x.png\" alt=\"\">\n                            <\/div>\n                                                            <\/div>\n            <\/div>\n        <\/div>\n    <\/div>\n<\/section>","protected":false},"excerpt":{"rendered":"","protected":false},"author":2,"featured_media":24581,"parent":0,"menu_order":0,"comment_status":"closed","ping_status":"closed","template":"","meta":{"_acf_changed":true,"footnotes":""},"class_list":["post-47864","page","type-page","status-publish","has-post-thumbnail","hentry"],"acf":[],"yoast_head":"<!-- This site is optimized with the Yoast SEO Premium plugin v26.7 (Yoast SEO v26.7) - https:\/\/yoast.com\/wordpress\/plugins\/seo\/ -->\n<title>Partenaires Solution | Akeneo<\/title>\n<meta name=\"robots\" content=\"index, follow, max-snippet:-1, max-image-preview:large, max-video-preview:-1\" \/>\n<link rel=\"canonical\" href=\"https:\/\/www.akeneo.com\/fr\/solution-partners\/\" \/>\n<meta property=\"og:locale\" content=\"fr_FR\" \/>\n<meta property=\"og:type\" content=\"article\" \/>\n<meta property=\"og:title\" content=\"Partenaires Solution | Akeneo\" \/>\n<meta property=\"og:url\" content=\"https:\/\/www.akeneo.com\/fr\/solution-partners\/\" \/>\n<meta property=\"og:site_name\" content=\"Akeneo\" \/>\n<meta property=\"article:modified_time\" content=\"2024-09-20T09:19:31+00:00\" \/>\n<meta property=\"og:image\" content=\"https:\/\/www.akeneo.com\/wp-content\/uploads\/2022\/01\/web-assets-Solution-Partners-hero@2x.png\" \/>\n\t<meta property=\"og:image:width\" content=\"2021\" \/>\n\t<meta property=\"og:image:height\" content=\"2161\" \/>\n\t<meta property=\"og:image:type\" content=\"image\/png\" \/>\n<meta name=\"twitter:card\" content=\"summary_large_image\" \/>\n<meta name=\"twitter:label1\" content=\"Dur\u00e9e de lecture estim\u00e9e\" \/>\n\t<meta name=\"twitter:data1\" content=\"1 minute\" \/>\n<script type=\"application\/ld+json\" class=\"yoast-schema-graph\">{\"@context\":\"https:\/\/schema.org\",\"@graph\":[{\"@type\":\"WebPage\",\"@id\":\"https:\/\/www.akeneo.com\/fr\/solution-partners\/\",\"url\":\"https:\/\/www.akeneo.com\/fr\/solution-partners\/\",\"name\":\"Partenaires Solution | Akeneo\",\"isPartOf\":{\"@id\":\"https:\/\/www.akeneo.com\/fr\/#website\"},\"primaryImageOfPage\":{\"@id\":\"https:\/\/www.akeneo.com\/fr\/solution-partners\/#primaryimage\"},\"image\":{\"@id\":\"https:\/\/www.akeneo.com\/fr\/solution-partners\/#primaryimage\"},\"thumbnailUrl\":\"https:\/\/www.akeneo.com\/wp-content\/uploads\/2022\/01\/web-assets-Solution-Partners-hero@2x.png\",\"datePublished\":\"2021-11-25T08:12:08+00:00\",\"dateModified\":\"2024-09-20T09:19:31+00:00\",\"inLanguage\":\"fr-FR\",\"potentialAction\":[{\"@type\":\"ReadAction\",\"target\":[\"https:\/\/www.akeneo.com\/fr\/solution-partners\/\"]}]},{\"@type\":\"ImageObject\",\"inLanguage\":\"fr-FR\",\"@id\":\"https:\/\/www.akeneo.com\/fr\/solution-partners\/#primaryimage\",\"url\":\"https:\/\/www.akeneo.com\/wp-content\/uploads\/2022\/01\/web-assets-Solution-Partners-hero@2x.png\",\"contentUrl\":\"https:\/\/www.akeneo.com\/wp-content\/uploads\/2022\/01\/web-assets-Solution-Partners-hero@2x.png\",\"width\":2021,\"height\":2161},{\"@type\":\"WebSite\",\"@id\":\"https:\/\/www.akeneo.com\/fr\/#website\",\"url\":\"https:\/\/www.akeneo.com\/fr\/\",\"name\":\"Akeneo\",\"description\":\"\",\"publisher\":{\"@id\":\"https:\/\/www.akeneo.com\/fr\/#organization\"},\"potentialAction\":[{\"@type\":\"SearchAction\",\"target\":{\"@type\":\"EntryPoint\",\"urlTemplate\":\"https:\/\/www.akeneo.com\/fr\/?s={search_term_string}\"},\"query-input\":{\"@type\":\"PropertyValueSpecification\",\"valueRequired\":true,\"valueName\":\"search_term_string\"}}],\"inLanguage\":\"fr-FR\"},{\"@type\":\"Organization\",\"@id\":\"https:\/\/www.akeneo.com\/fr\/#organization\",\"name\":\"Akeneo\",\"url\":\"https:\/\/www.akeneo.com\/fr\/\",\"logo\":{\"@type\":\"ImageObject\",\"inLanguage\":\"fr-FR\",\"@id\":\"https:\/\/www.akeneo.com\/fr\/#\/schema\/logo\/image\/\",\"url\":\"https:\/\/www.akeneo.com\/wp-content\/uploads\/2019\/08\/logo-kjus.png\",\"contentUrl\":\"https:\/\/www.akeneo.com\/wp-content\/uploads\/2019\/08\/logo-kjus.png\",\"width\":1,\"height\":1,\"caption\":\"Akeneo\"},\"image\":{\"@id\":\"https:\/\/www.akeneo.com\/fr\/#\/schema\/logo\/image\/\"}}]}<\/script>\n<!-- \/ Yoast SEO Premium plugin. -->","yoast_head_json":{"title":"Partenaires Solution | Akeneo","robots":{"index":"index","follow":"follow","max-snippet":"max-snippet:-1","max-image-preview":"max-image-preview:large","max-video-preview":"max-video-preview:-1"},"canonical":"https:\/\/www.akeneo.com\/fr\/solution-partners\/","og_locale":"fr_FR","og_type":"article","og_title":"Partenaires Solution | Akeneo","og_url":"https:\/\/www.akeneo.com\/fr\/solution-partners\/","og_site_name":"Akeneo","article_modified_time":"2024-09-20T09:19:31+00:00","og_image":[{"width":2021,"height":2161,"url":"https:\/\/www.akeneo.com\/wp-content\/uploads\/2022\/01\/web-assets-Solution-Partners-hero@2x.png","type":"image\/png"}],"twitter_card":"summary_large_image","twitter_misc":{"Dur\u00e9e de lecture estim\u00e9e":"1 minute"},"schema":{"@context":"https:\/\/schema.org","@graph":[{"@type":"WebPage","@id":"https:\/\/www.akeneo.com\/fr\/solution-partners\/","url":"https:\/\/www.akeneo.com\/fr\/solution-partners\/","name":"Partenaires Solution | Akeneo","isPartOf":{"@id":"https:\/\/www.akeneo.com\/fr\/#website"},"primaryImageOfPage":{"@id":"https:\/\/www.akeneo.com\/fr\/solution-partners\/#primaryimage"},"image":{"@id":"https:\/\/www.akeneo.com\/fr\/solution-partners\/#primaryimage"},"thumbnailUrl":"https:\/\/www.akeneo.com\/wp-content\/uploads\/2022\/01\/web-assets-Solution-Partners-hero@2x.png","datePublished":"2021-11-25T08:12:08+00:00","dateModified":"2024-09-20T09:19:31+00:00","inLanguage":"fr-FR","potentialAction":[{"@type":"ReadAction","target":["https:\/\/www.akeneo.com\/fr\/solution-partners\/"]}]},{"@type":"ImageObject","inLanguage":"fr-FR","@id":"https:\/\/www.akeneo.com\/fr\/solution-partners\/#primaryimage","url":"https:\/\/www.akeneo.com\/wp-content\/uploads\/2022\/01\/web-assets-Solution-Partners-hero@2x.png","contentUrl":"https:\/\/www.akeneo.com\/wp-content\/uploads\/2022\/01\/web-assets-Solution-Partners-hero@2x.png","width":2021,"height":2161},{"@type":"WebSite","@id":"https:\/\/www.akeneo.com\/fr\/#website","url":"https:\/\/www.akeneo.com\/fr\/","name":"Akeneo","description":"","publisher":{"@id":"https:\/\/www.akeneo.com\/fr\/#organization"},"potentialAction":[{"@type":"SearchAction","target":{"@type":"EntryPoint","urlTemplate":"https:\/\/www.akeneo.com\/fr\/?s={search_term_string}"},"query-input":{"@type":"PropertyValueSpecification","valueRequired":true,"valueName":"search_term_string"}}],"inLanguage":"fr-FR"},{"@type":"Organization","@id":"https:\/\/www.akeneo.com\/fr\/#organization","name":"Akeneo","url":"https:\/\/www.akeneo.com\/fr\/","logo":{"@type":"ImageObject","inLanguage":"fr-FR","@id":"https:\/\/www.akeneo.com\/fr\/#\/schema\/logo\/image\/","url":"https:\/\/www.akeneo.com\/wp-content\/uploads\/2019\/08\/logo-kjus.png","contentUrl":"https:\/\/www.akeneo.com\/wp-content\/uploads\/2019\/08\/logo-kjus.png","width":1,"height":1,"caption":"Akeneo"},"image":{"@id":"https:\/\/www.akeneo.com\/fr\/#\/schema\/logo\/image\/"}}]}},"_links":{"self":[{"href":"https:\/\/www.akeneo.com\/fr\/wp-json\/wp\/v2\/pages\/47864","targetHints":{"allow":["GET"]}}],"collection":[{"href":"https:\/\/www.akeneo.com\/fr\/wp-json\/wp\/v2\/pages"}],"about":[{"href":"https:\/\/www.akeneo.com\/fr\/wp-json\/wp\/v2\/types\/page"}],"author":[{"embeddable":true,"href":"https:\/\/www.akeneo.com\/fr\/wp-json\/wp\/v2\/users\/2"}],"replies":[{"embeddable":true,"href":"https:\/\/www.akeneo.com\/fr\/wp-json\/wp\/v2\/comments?post=47864"}],"version-history":[{"count":0,"href":"https:\/\/www.akeneo.com\/fr\/wp-json\/wp\/v2\/pages\/47864\/revisions"}],"wp:featuredmedia":[{"embeddable":true,"href":"https:\/\/www.akeneo.com\/fr\/wp-json\/wp\/v2\/media\/24581"}],"wp:attachment":[{"href":"https:\/\/www.akeneo.com\/fr\/wp-json\/wp\/v2\/media?parent=47864"}],"curies":[{"name":"wp","href":"https:\/\/api.w.org\/{rel}","templated":true}]}}