{"id":47860,"date":"2021-11-25T08:11:27","date_gmt":"2021-11-25T08:11:27","guid":{"rendered":"https:\/\/www.akeneo.com\/akeneo-partners-2\/"},"modified":"2024-09-20T11:26:48","modified_gmt":"2024-09-20T11:26:48","slug":"akeneo-partners","status":"publish","type":"page","link":"https:\/\/www.akeneo.com\/fr\/akeneo-partners\/","title":{"rendered":"Partenaires Akeneo"},"content":{"rendered":"\n  <section class=\"hero hero-light  \" >\n    <div class=\"container\">\n                            <div class=\"row justify-content-between align-items-center g-3\">\n                        <div class=\"col-lg-6\">\n                            <div class=\"hero-content\">\n                                                                \n                                \n                                                                    <h1 class=\"hero-title\">Des partenariats gagnants. Pour nos clients comme pour vous.<\/h1>\n                                                                                                    <div class=\"hero-text\">\n                                        <p>Akeneo s\u2019engage \u00e0 b\u00e2tir et maintenir un \u00e9cosyst\u00e8me majeur de partenaires qui offrent une expertise, un accompagnement de bout en bout  et des technologies innovantes pour aider nos clients \u00e0 mieux collecter, enrichir et g\u00e9rer leurs informations produits afin de cr\u00e9er des exp\u00e9riences produits convaincantes.<\/p>\n                                    <\/div>\n                                                                                                    <div class=\"hero-buttons\">\n                                                                                                                                    <div>\n                                                    <a class=\"btn btn-primary btn-lg\" href=\"https:\/\/www.akeneo.com\/fr\/contact\/\"><span class=\"initial text\">Contactez-nous<\/span><span class=\"background-text\">Contactez-nous<\/span><span class=\"hovered text\">Contactez-nous<\/span><\/a>                                                <\/div>\n                                                                                                                        <\/div>\n                                                            <\/div>\n                        <\/div>\n                                                    <div class=\"col-lg-5\">\n                                                                    <div class=\"hero-image\">\n                                        <img decoding=\"async\" src=\"https:\/\/www.akeneo.com\/wp-content\/uploads\/2024\/09\/web-assets-Akeneo-Partners-hero@2x.png\" alt=\"\">\n                                    <\/div>\n                                \n                                                            <\/div>\n                                            <\/div>\n\n                        <\/div>\n<\/section>  \n\n\n\n<section id=\"content-block_0ac6ebe2feade49ec70c4652a99893da\" class=\"  pt-6\">\n            <div class=\"container\">\n            <div class=\"row\">\n                <div class=\"col-12\">\n                                            <div class=\"text-center \">\n                                                                                                <h2><span>L\u2019\u00c9cosyst\u00e8me<\/span> Partenaire d\u2019Akeneo<\/h2>\n                                                                                                                <\/div>\n                                        <\/div>\n            <\/div>\n        <\/div>\n    <\/section>\n\n\n\n<section id=\"content-block_b7210ba3870a14435b1096ef22fd08f9\" class=\"py-6 py-md-8 \">\n    <div class=\"container\">\n        <div class=\"row justify-content-between align-items-center g-3 \">\n            <div class=\"col-lg-6\">\n                <div class=\"w-lg-70 mx-auto\">\n                                            <h2 class=\"text-primary-blackstar\">Qu\u2019est-ce qu\u2019un Partenaire Solution  ?<\/h2>\n                    \n                    \n                    <div class=\"text-editor fs-md text-primary-blackstar\">\n                                                    <p>Les Partenaires Solutions d\u2019Akeneo accompagnent nos clients pour s\u2019assurer qu\u2019ils adoptent, int\u00e8grent et d\u00e9ploient avec succ\u00e8s Akeneo PXM Studio au sein de leur infrastructure technologique. Ils ont ainsi acc\u00e8s \u00e0 des formations et des certifications pour garantir l\u2019impl\u00e9mentation d\u2019Akeneo PIM.<\/p>\n<p><strong>Vous souhaitez devenir Partenaire Solution  ?<\/strong><\/p>\n                                                                    <\/div>\n                                                                        <a class=\"d-inline-block fs-md fw-medium mt-2 btn btn-primary\" href=\"https:\/\/www.akeneo.com\/fr\/solution-partners\/\"><span class=\"initial text\">En savoir plus<\/span><span class=\"background-text\">En savoir plus<\/span><span class=\"hovered text\">En savoir plus<\/span><\/a>                                                            <\/div>\n            <\/div>\n                            <div class=\"col-lg-6 text-center\">\n                                            <div class=\"torch-container\">\n                            <img decoding=\"async\" src=\"https:\/\/www.akeneo.com\/wp-content\/uploads\/2022\/01\/web-assets-Akeneo-Partners-Solution-Partners-1200x1200.png\" alt=\"\">\n                                                    <\/div>\n                    \n                                    <\/div>\n                    <\/div>\n    <\/div>\n<\/section>\n\n\n\n<section id=\"content-block_d9850b9eb7d44c4ca3d3240d5456fb0a\" class=\"  pt-6\">\n            <div class=\"container\">\n            <div class=\"row\">\n                <div class=\"col-12\">\n                                            <div class=\"text-center \">\n                                                                                <\/div>\n                                        <\/div>\n            <\/div>\n        <\/div>\n    <\/section>\n\n\n\n<section id=\"content-block_5ed2646166baa7b91202af92043688d2\" class=\"py-6 py-md-8 \">\n    <div class=\"container\">\n        <div class=\"row justify-content-between align-items-center g-3 flex-lg-row-reverse\">\n            <div class=\"col-lg-6\">\n                <div class=\"w-lg-70 mx-auto\">\n                                            <h2 class=\"text-primary-blackstar\">Qu\u2019est-ce qu\u2019un Partenaire Technologique ?<\/h2>\n                    \n                    \n                    <div class=\"text-editor fs-md text-primary-blackstar\">\n                                                    <p>Les Partenaires Technologiques d\u2019Akeneo am\u00e9liorent votre exp\u00e9rience PIM en \u00e9tendant les capacit\u00e9s d\u2019Akeneo PIM avec des fonctionnalit\u00e9s suppl\u00e9mentaires ou des applications tierces. Les Partenaires Technologiques d\u2019Akeneo sont des experts du e-commerce, des supports imprim\u00e9s, de la traduction et bien plus. Ils sont l\u00e0 pour vous aider en vous fournissant les outils n\u00e9cessaires \u00e0 la cr\u00e9ation d\u2019une solution PIM compl\u00e8te et personnalis\u00e9e.<\/p>\n<p><strong>Vous souhaitez devenir Partenaire Technologique ?<\/strong><\/p>\n                                                                    <\/div>\n                                                                        <a class=\"d-inline-block fs-md fw-medium mt-2 btn btn-primary\" href=\"https:\/\/www.akeneo.com\/fr\/technology-partners\/\"><span class=\"initial text\">En savoir plus<\/span><span class=\"background-text\">En savoir plus<\/span><span class=\"hovered text\">En savoir plus<\/span><\/a>                                                            <\/div>\n            <\/div>\n                            <div class=\"col-lg-6 text-center\">\n                                            <div class=\"torch-container\">\n                            <img decoding=\"async\" src=\"https:\/\/www.akeneo.com\/wp-content\/uploads\/2022\/01\/web-assets-Akeneo-Partners-Technology-Partners-1200x1200.png\" alt=\"\">\n                                                    <\/div>\n                    \n                                    <\/div>\n                    <\/div>\n    <\/div>\n<\/section>\n\n\n\n<section id=\"content-block_d9850b9eb7d44c4ca3d3240d5456fb0a\" class=\"  pt-6\">\n            <div class=\"container\">\n            <div class=\"row\">\n                <div class=\"col-12\">\n                                            <div class=\"text-center \">\n                                                                                <\/div>\n                                        <\/div>\n            <\/div>\n        <\/div>\n    <\/section>\n\n\n\n<section id=\"content-block_70c1aa29d13ae01490a337f5e67bf58c\" class=\"py-6 py-md-8 \">\n    <div class=\"container\">\n        <div class=\"row justify-content-between align-items-center g-3 \">\n            <div class=\"col-lg-6\">\n                <div class=\"w-lg-70 mx-auto\">\n                                            <h2 class=\"text-primary-blackstar\">Choisir un partenaire Akeneo<\/h2>\n                    \n                    \n                    <div class=\"text-editor fs-md text-primary-blackstar\">\n                                                    <p>D\u00e9couvrez nos diff\u00e9rents partenaires approuv\u00e9s\/certifi\u00e9s pour vos besoins commerciaux. Qu\u2019il s\u2019agisse d\u2019int\u00e9grateurs pour vous aider dans le d\u00e9ploiement de votre solution ou de partenaires technologiques vous proposant des fonctionnalit\u00e9s suppl\u00e9mentaires, nous avons le partenaire parfait pour vous.<\/p>\n                                                                    <\/div>\n                                                                        <a class=\"d-inline-block fs-md fw-medium mt-2 btn btn-primary\" href=\"https:\/\/partners.akeneo.com\/fr\/solution-partners\" target=\"_blank\"><span class=\"initial text\">Trouver un partenaire<\/span><span class=\"background-text\">Trouver un partenaire<\/span><span class=\"hovered text\">Trouver un partenaire<\/span><\/a>                                                            <\/div>\n            <\/div>\n                            <div class=\"col-lg-6 text-center\">\n                                            <div class=\"torch-container\">\n                            <img decoding=\"async\" src=\"https:\/\/www.akeneo.com\/wp-content\/uploads\/2023\/06\/web-assets-Akeneo-Partners-eCommerce-Partners-1200x1200.png\" alt=\"\">\n                                                    <\/div>\n                    \n                                    <\/div>\n                    <\/div>\n    <\/div>\n<\/section>\n\n\n\n<section class=\"py-3 py-md-6 position-relative\">\n            <div class=\"block-background block-background-top\"><\/div>\n        <div class=\"container\">\n        <div class=\"row\">\n            <div class=\"col-12\">\n                <div class=\"cta px-lg-8 py-3 bg-secondary\">\n                    <div class=\"cta-content\">\n                                                    <h2 class=\"cta-title text-gray-100\">\u00cates-vous pr\u00eat \u00e0 passer \u00e0 l&rsquo;\u00e9tape suivante ?<\/h2>\n                                                                            <div class=\"cta-text text-gray-100\">\n                                <p>Nos experts Akeneo sont l\u00e0 pour r\u00e9pondre \u00e0 toutes les questions que vous pouvez vous poser sur nos produits et vous aider \u00e0 avancer dans votre parcours PXM.<\/p>\n                            <\/div>\n                                                                            <div class=\"cta-buttons\">\n                                                                    <div>\n                                        <a class=\"btn-lg btn btn-primary\" href=\"https:\/\/www.akeneo.com\/fr\/demo\/\"><span class=\"initial text\">Demander une d\u00e9monstration<\/span><span class=\"background-text\">Demander une d\u00e9monstration<\/span><span class=\"hovered text\">Demander une d\u00e9monstration<\/span><\/a>                                    <\/div>\n                                                            <\/div>\n                                            <\/div>\n                                                                        <div class=\"cta-image\">\n                                <img decoding=\"async\" src=\"https:\/\/www.akeneo.com\/wp-content\/uploads\/2022\/01\/Web-assets-Call-to-Action-large-get-in-contact@2x.png\" alt=\"\">\n                            <\/div>\n                                                            <\/div>\n            <\/div>\n        <\/div>\n    <\/div>\n<\/section>","protected":false},"excerpt":{"rendered":"","protected":false},"author":2,"featured_media":24551,"parent":0,"menu_order":0,"comment_status":"closed","ping_status":"closed","template":"","meta":{"_acf_changed":true,"footnotes":""},"class_list":["post-47860","page","type-page","status-publish","has-post-thumbnail","hentry"],"acf":[],"yoast_head":"<!-- This site is optimized with the Yoast SEO Premium plugin v27.4 (Yoast SEO v27.4) - https:\/\/yoast.com\/product\/yoast-seo-premium-wordpress\/ -->\n<title>Partenaires Akeneo | Akeneo<\/title>\n<meta name=\"robots\" content=\"index, follow, max-snippet:-1, max-image-preview:large, max-video-preview:-1\" \/>\n<link rel=\"canonical\" href=\"https:\/\/www.akeneo.com\/fr\/akeneo-partners\/\" \/>\n<meta property=\"og:locale\" content=\"fr_FR\" \/>\n<meta property=\"og:type\" content=\"article\" \/>\n<meta property=\"og:title\" content=\"Partenaires Akeneo | Akeneo\" \/>\n<meta property=\"og:url\" content=\"https:\/\/www.akeneo.com\/fr\/akeneo-partners\/\" \/>\n<meta property=\"og:site_name\" content=\"Akeneo\" \/>\n<meta property=\"article:modified_time\" content=\"2024-09-20T11:26:48+00:00\" \/>\n<meta property=\"og:image\" content=\"https:\/\/www.akeneo.com\/wp-content\/uploads\/2022\/01\/akeneo-ico-hero-akeneo-partners@2x.png\" \/>\n\t<meta property=\"og:image:width\" content=\"1\" \/>\n\t<meta property=\"og:image:height\" content=\"1\" \/>\n\t<meta property=\"og:image:type\" content=\"image\/png\" \/>\n<meta name=\"twitter:card\" content=\"summary_large_image\" \/>\n<meta name=\"twitter:label1\" content=\"Dur\u00e9e de lecture estim\u00e9e\" \/>\n\t<meta name=\"twitter:data1\" content=\"1 minute\" \/>\n<script type=\"application\/ld+json\" class=\"yoast-schema-graph\">{\"@context\":\"https:\\\/\\\/schema.org\",\"@graph\":[{\"@type\":\"WebPage\",\"@id\":\"https:\\\/\\\/www.akeneo.com\\\/fr\\\/akeneo-partners\\\/\",\"url\":\"https:\\\/\\\/www.akeneo.com\\\/fr\\\/akeneo-partners\\\/\",\"name\":\"Partenaires Akeneo | Akeneo\",\"isPartOf\":{\"@id\":\"https:\\\/\\\/www.akeneo.com\\\/fr\\\/#website\"},\"primaryImageOfPage\":{\"@id\":\"https:\\\/\\\/www.akeneo.com\\\/fr\\\/akeneo-partners\\\/#primaryimage\"},\"image\":{\"@id\":\"https:\\\/\\\/www.akeneo.com\\\/fr\\\/akeneo-partners\\\/#primaryimage\"},\"thumbnailUrl\":\"https:\\\/\\\/www.akeneo.com\\\/wp-content\\\/uploads\\\/2022\\\/01\\\/akeneo-ico-hero-akeneo-partners@2x.png\",\"datePublished\":\"2021-11-25T08:11:27+00:00\",\"dateModified\":\"2024-09-20T11:26:48+00:00\",\"inLanguage\":\"fr-FR\",\"potentialAction\":[{\"@type\":\"ReadAction\",\"target\":[\"https:\\\/\\\/www.akeneo.com\\\/fr\\\/akeneo-partners\\\/\"]}]},{\"@type\":\"ImageObject\",\"inLanguage\":\"fr-FR\",\"@id\":\"https:\\\/\\\/www.akeneo.com\\\/fr\\\/akeneo-partners\\\/#primaryimage\",\"url\":\"https:\\\/\\\/www.akeneo.com\\\/wp-content\\\/uploads\\\/2022\\\/01\\\/akeneo-ico-hero-akeneo-partners@2x.png\",\"contentUrl\":\"https:\\\/\\\/www.akeneo.com\\\/wp-content\\\/uploads\\\/2022\\\/01\\\/akeneo-ico-hero-akeneo-partners@2x.png\"},{\"@type\":\"WebSite\",\"@id\":\"https:\\\/\\\/www.akeneo.com\\\/fr\\\/#website\",\"url\":\"https:\\\/\\\/www.akeneo.com\\\/fr\\\/\",\"name\":\"Akeneo\",\"description\":\"\",\"publisher\":{\"@id\":\"https:\\\/\\\/www.akeneo.com\\\/fr\\\/#organization\"},\"potentialAction\":[{\"@type\":\"SearchAction\",\"target\":{\"@type\":\"EntryPoint\",\"urlTemplate\":\"https:\\\/\\\/www.akeneo.com\\\/fr\\\/?s={search_term_string}\"},\"query-input\":{\"@type\":\"PropertyValueSpecification\",\"valueRequired\":true,\"valueName\":\"search_term_string\"}}],\"inLanguage\":\"fr-FR\"},{\"@type\":\"Organization\",\"@id\":\"https:\\\/\\\/www.akeneo.com\\\/fr\\\/#organization\",\"name\":\"Akeneo\",\"url\":\"https:\\\/\\\/www.akeneo.com\\\/fr\\\/\",\"logo\":{\"@type\":\"ImageObject\",\"inLanguage\":\"fr-FR\",\"@id\":\"https:\\\/\\\/www.akeneo.com\\\/fr\\\/#\\\/schema\\\/logo\\\/image\\\/\",\"url\":\"https:\\\/\\\/www.akeneo.com\\\/wp-content\\\/uploads\\\/2019\\\/08\\\/logo-kjus.png\",\"contentUrl\":\"https:\\\/\\\/www.akeneo.com\\\/wp-content\\\/uploads\\\/2019\\\/08\\\/logo-kjus.png\",\"width\":1,\"height\":1,\"caption\":\"Akeneo\"},\"image\":{\"@id\":\"https:\\\/\\\/www.akeneo.com\\\/fr\\\/#\\\/schema\\\/logo\\\/image\\\/\"}}]}<\/script>\n<!-- \/ Yoast SEO Premium plugin. -->","yoast_head_json":{"title":"Partenaires Akeneo | Akeneo","robots":{"index":"index","follow":"follow","max-snippet":"max-snippet:-1","max-image-preview":"max-image-preview:large","max-video-preview":"max-video-preview:-1"},"canonical":"https:\/\/www.akeneo.com\/fr\/akeneo-partners\/","og_locale":"fr_FR","og_type":"article","og_title":"Partenaires Akeneo | Akeneo","og_url":"https:\/\/www.akeneo.com\/fr\/akeneo-partners\/","og_site_name":"Akeneo","article_modified_time":"2024-09-20T11:26:48+00:00","og_image":[{"url":"https:\/\/www.akeneo.com\/wp-content\/uploads\/2022\/01\/akeneo-ico-hero-akeneo-partners@2x.png","width":1,"height":1,"type":"image\/png"}],"twitter_card":"summary_large_image","twitter_misc":{"Dur\u00e9e de lecture estim\u00e9e":"1 minute"},"schema":{"@context":"https:\/\/schema.org","@graph":[{"@type":"WebPage","@id":"https:\/\/www.akeneo.com\/fr\/akeneo-partners\/","url":"https:\/\/www.akeneo.com\/fr\/akeneo-partners\/","name":"Partenaires Akeneo | Akeneo","isPartOf":{"@id":"https:\/\/www.akeneo.com\/fr\/#website"},"primaryImageOfPage":{"@id":"https:\/\/www.akeneo.com\/fr\/akeneo-partners\/#primaryimage"},"image":{"@id":"https:\/\/www.akeneo.com\/fr\/akeneo-partners\/#primaryimage"},"thumbnailUrl":"https:\/\/www.akeneo.com\/wp-content\/uploads\/2022\/01\/akeneo-ico-hero-akeneo-partners@2x.png","datePublished":"2021-11-25T08:11:27+00:00","dateModified":"2024-09-20T11:26:48+00:00","inLanguage":"fr-FR","potentialAction":[{"@type":"ReadAction","target":["https:\/\/www.akeneo.com\/fr\/akeneo-partners\/"]}]},{"@type":"ImageObject","inLanguage":"fr-FR","@id":"https:\/\/www.akeneo.com\/fr\/akeneo-partners\/#primaryimage","url":"https:\/\/www.akeneo.com\/wp-content\/uploads\/2022\/01\/akeneo-ico-hero-akeneo-partners@2x.png","contentUrl":"https:\/\/www.akeneo.com\/wp-content\/uploads\/2022\/01\/akeneo-ico-hero-akeneo-partners@2x.png"},{"@type":"WebSite","@id":"https:\/\/www.akeneo.com\/fr\/#website","url":"https:\/\/www.akeneo.com\/fr\/","name":"Akeneo","description":"","publisher":{"@id":"https:\/\/www.akeneo.com\/fr\/#organization"},"potentialAction":[{"@type":"SearchAction","target":{"@type":"EntryPoint","urlTemplate":"https:\/\/www.akeneo.com\/fr\/?s={search_term_string}"},"query-input":{"@type":"PropertyValueSpecification","valueRequired":true,"valueName":"search_term_string"}}],"inLanguage":"fr-FR"},{"@type":"Organization","@id":"https:\/\/www.akeneo.com\/fr\/#organization","name":"Akeneo","url":"https:\/\/www.akeneo.com\/fr\/","logo":{"@type":"ImageObject","inLanguage":"fr-FR","@id":"https:\/\/www.akeneo.com\/fr\/#\/schema\/logo\/image\/","url":"https:\/\/www.akeneo.com\/wp-content\/uploads\/2019\/08\/logo-kjus.png","contentUrl":"https:\/\/www.akeneo.com\/wp-content\/uploads\/2019\/08\/logo-kjus.png","width":1,"height":1,"caption":"Akeneo"},"image":{"@id":"https:\/\/www.akeneo.com\/fr\/#\/schema\/logo\/image\/"}}]}},"_links":{"self":[{"href":"https:\/\/www.akeneo.com\/fr\/wp-json\/wp\/v2\/pages\/47860","targetHints":{"allow":["GET"]}}],"collection":[{"href":"https:\/\/www.akeneo.com\/fr\/wp-json\/wp\/v2\/pages"}],"about":[{"href":"https:\/\/www.akeneo.com\/fr\/wp-json\/wp\/v2\/types\/page"}],"author":[{"embeddable":true,"href":"https:\/\/www.akeneo.com\/fr\/wp-json\/wp\/v2\/users\/2"}],"replies":[{"embeddable":true,"href":"https:\/\/www.akeneo.com\/fr\/wp-json\/wp\/v2\/comments?post=47860"}],"version-history":[{"count":0,"href":"https:\/\/www.akeneo.com\/fr\/wp-json\/wp\/v2\/pages\/47860\/revisions"}],"wp:featuredmedia":[{"embeddable":true,"href":"https:\/\/www.akeneo.com\/fr\/wp-json\/wp\/v2\/media\/24551"}],"wp:attachment":[{"href":"https:\/\/www.akeneo.com\/fr\/wp-json\/wp\/v2\/media?parent=47860"}],"curies":[{"name":"wp","href":"https:\/\/api.w.org\/{rel}","templated":true}]}}