{"id":47780,"date":"2021-11-17T08:38:31","date_gmt":"2021-11-17T08:38:31","guid":{"rendered":"https:\/\/www.akeneo.com\/start-free-trial-2\/"},"modified":"2025-11-06T16:40:59","modified_gmt":"2025-11-06T16:40:59","slug":"start-free-trial","status":"publish","type":"page","link":"https:\/\/www.akeneo.com\/fr\/start-free-trial\/","title":{"rendered":"Commencez votre essai gratuit"},"content":{"rendered":"\n  <section class=\"hero hero-light  \" >\n    <div class=\"container\">\n                            <div class=\"row justify-content-between align-items-center g-3\">\n                        <div class=\"col-lg-6\">\n                            <div class=\"hero-content\">\n                                                                \n                                \n                                                                    <h1 class=\"hero-title\">Commencez votre essai gratuit d\u2019Akeneo Product Cloud<\/h1>\n                                                                                                    <div class=\"hero-text\">\n                                        <p><span style=\"font-weight: 400;\">\u00c9liminez les difficult\u00e9s li\u00e9es \u00e0 l\u2019utilisation de feuilles de calcul ou d\u2019outils inadapt\u00e9s \u00e0 la gestion de vos informations produits. Con\u00e7ue pour les entreprises qui souhaitent centraliser, enrichir et diffuser leurs informations produits de fa\u00e7on optimale, Akeneo Product Cloud est la solution \u00e0 utiliser pour vous aider \u00e0 faire \u00e9voluer et \u00e0 d\u00e9velopper votre activit\u00e9.<\/span><\/p>\n                                    <\/div>\n                                                                                                    <div class=\"hero-buttons\">\n                                                                                                                                    <div>\n                                                    <a class=\"btn btn-primary btn-lg\" href=\"https:\/\/start.akeneo.com\/\" target=\"_blank\"><span class=\"initial text\">D\u00e9marrez votre essai gratuit<\/span><span class=\"background-text\">D\u00e9marrez votre essai gratuit<\/span><span class=\"hovered text\">D\u00e9marrez votre essai gratuit<\/span><\/a>                                                <\/div>\n                                                                                                                        <\/div>\n                                                            <\/div>\n                        <\/div>\n                                                    <div class=\"col-lg-5\">\n                                                                    <div class=\"hero-image\">\n                                        <img decoding=\"async\" src=\"https:\/\/www.akeneo.com\/wp-content\/uploads\/2022\/01\/web-assets-Start-Free-Trial-hero@2x-1122x1200.png\" alt=\"\">\n                                    <\/div>\n                                \n                                                            <\/div>\n                                            <\/div>\n\n                        <\/div>\n<\/section>  \n\n\n\n<section id=\"logos-block_447b3385ae576ea1ce83bdc646ffcc6f\" class=\"py-1 py-md-2\">\n  <div class=\"container\">\n    <div class=\"row\">\n      <div class=\"col-12\">\n                          <div class=\"text-editor fs-md text-center mb-4 text-primary-blackstar fw-normal\">\n            <p>Rejoignez plus de 900 entreprises clientes<\/p>\n          <\/div>\n              <\/div>\n    <\/div>\n\n    \n                  <div class=\"row row-cols-2 row-cols-md-3 row-cols-lg-6 g-3 justify-content-center logos\">\n                                  <img decoding=\"async\" class=\"logo-card-image\" src=\"https:\/\/www.akeneo.com\/wp-content\/uploads\/2021\/02\/logo-midland-scientific@2x.png\" alt=\"\">\n                                      <img decoding=\"async\" class=\"logo-card-image\" src=\"https:\/\/www.akeneo.com\/wp-content\/uploads\/2018\/06\/logo-fossil-2.png\" alt=\"\">\n                                      <img decoding=\"async\" class=\"logo-card-image\" src=\"https:\/\/www.akeneo.com\/wp-content\/uploads\/2021\/02\/logo-myer@2x.png\" alt=\"\">\n                                      <img decoding=\"async\" class=\"logo-card-image\" src=\"https:\/\/www.akeneo.com\/wp-content\/uploads\/2021\/07\/logo-staples-2@2x.png\" alt=\"\">\n                                      <img decoding=\"async\" class=\"logo-card-image\" src=\"https:\/\/www.akeneo.com\/wp-content\/uploads\/2020\/10\/logo-petra-2.png\" alt=\"\">\n                                      <img decoding=\"async\" class=\"logo-card-image\" src=\"https:\/\/www.akeneo.com\/wp-content\/uploads\/2019\/05\/logo-rural-king@2x-2.png\" alt=\"\">\n                      <\/div> \n            <\/div><\/section>\n\n\n<section id=\"content-block_9123599d2a9d123234ee8bf1e8030b4a\" class=\"py-6 py-md-8 \">\n    <div class=\"container\">\n        <div class=\"row justify-content-between align-items-center g-3 flex-lg-row-reverse\">\n            <div class=\"col-lg-6\">\n                <div class=\"w-lg-70 mx-auto\">\n                                            <h2 class=\"text-primary-blackstar\">D\u00e9couvrez Akeneo Product Cloud<\/h2>\n                    \n                    \n                    <div class=\"text-editor fs-md text-primary-blackstar\">\n                                                    <p><span style=\"font-weight: 400;\">Essayez gratuitement Akeneo Product Cloud pendant 14 jours et d\u00e9couvrez comment notre solution peut :<\/span><\/p>\n                                                                            <ul class=\"list-check\">\n                                                                    <li>Vous aider \u00e0 organiser et structurer vos informations produits tout en optimisant la gestion de votre catalogue produits<\/li>\n                                                                    <li>Soutenir votre activit\u00e9 lorsque vous \u00e9tendez le p\u00e9rim\u00e8tre de vos op\u00e9rations omnicanales et que vous vous lancez sur de nouvelles zones g\u00e9ographiques ou de nouveaux march\u00e9s<\/li>\n                                                                    <li>Vous permettre, ainsi qu\u2019\u00e0 vos \u00e9quipes, de contr\u00f4ler l\u2019exhaustivit\u00e9, l\u2019exactitude et la qualit\u00e9 de vos informations produits pour offrir les meilleures exp\u00e9riences clients gr\u00e2ce au PXM (Product Experience Management)<\/li>\n                                                                    <li>Vous aidez \u00e0 atteindre vos objectifs et ceux de votre entreprise, via diff\u00e9rentes possibilit\u00e9s.<\/li>\n                                                            <\/ul>\n                                            <\/div>\n                                                                                <\/div>\n            <\/div>\n                            <div class=\"col-lg-6 text-center\">\n                                            <img decoding=\"async\" src=\"https:\/\/www.akeneo.com\/wp-content\/uploads\/2022\/01\/web-assets-Start-Free-Trial-Discover-Akeneo-PIM-1200x1200.png\" alt=\"\">\n                    \n                                    <\/div>\n                    <\/div>\n    <\/div>\n<\/section>\n\n\n\n<section id=\"content-block_7bf0b445c85439851a811f3e1f088660\" class=\"py-6 py-md-8 \">\n    <div class=\"container\">\n        <div class=\"row justify-content-between align-items-center g-3 \">\n            <div class=\"col-lg-6\">\n                <div class=\"w-lg-70 mx-auto\">\n                                            <h2 class=\"text-primary-blackstar\">Faites-en l\u2019exp\u00e9rience !<\/h2>\n                    \n                    \n                    <div class=\"text-editor fs-md text-primary-blackstar\">\n                                                    <p><span style=\"font-weight: 400;\">Pour contribuer \u00e0 faire de votre exp\u00e9rience d\u2019essai une r\u00e9ussite pour vous et votre \u00e9quipe, nous avons inclus :<\/span><\/p>\n                                                                            <ul class=\"list-check\">\n                                                                    <li>Un catalogue type pour tester les capacit\u00e9s d\u2019Akeneo Product Cloud<\/li>\n                                                                    <li>Des tutoriels et exercices guid\u00e9s pour que vous soyez rapidement op\u00e9rationnels<\/li>\n                                                                    <li>Un soutien et une assistance personnalis\u00e9s pendant la p\u00e9riode d\u2019essai gratuite<\/li>\n                                                                    <li>Un aper\u00e7u des fonctionnalit\u00e9s suppl\u00e9mentaires de nos diff\u00e9rents packs<\/li>\n                                                            <\/ul>\n                                            <\/div>\n                                                                                <\/div>\n            <\/div>\n                            <div class=\"col-lg-6 text-center\">\n                                            <img decoding=\"async\" src=\"https:\/\/www.akeneo.com\/wp-content\/uploads\/2022\/01\/web-assets-Start-Free-Trial-And-Experience-It-1200x1200.png\" alt=\"\">\n                    \n                                    <\/div>\n                    <\/div>\n    <\/div>\n<\/section>\n\n\n\n<section class=\"py-3 py-md-6 position-relative\">\n            <div class=\"block-background block-background-top\"><\/div>\n        <div class=\"container\">\n        <div class=\"row\">\n            <div class=\"col-12\">\n                <div class=\"cta px-lg-8 py-3 bg-secondary\">\n                    <div class=\"cta-content\">\n                                                    <h2 class=\"cta-title text-gray-100\">D\u00e9couvrez comment Akeneo Product Cloud peut vous aider \u00e0 d\u00e9velopper votre croissance ! D\u00e9marrer maintenant<\/h2>\n                                                                                                    <div class=\"cta-buttons\">\n                                                                    <div>\n                                        <a class=\"btn-lg btn btn-primary\" href=\"https:\/\/start.akeneo.com\/\"><span class=\"initial text\">D\u00e9marrer maintenant<\/span><span class=\"background-text\">D\u00e9marrer maintenant<\/span><span class=\"hovered text\">D\u00e9marrer maintenant<\/span><\/a>                                    <\/div>\n                                                            <\/div>\n                                            <\/div>\n                                                                        <div class=\"cta-image\">\n                                <img decoding=\"async\" src=\"https:\/\/www.akeneo.com\/wp-content\/uploads\/2024\/09\/Web-assets-Call-to-Action-large-product-cloud@2x.png\" alt=\"\">\n                            <\/div>\n                                                            <\/div>\n            <\/div>\n        <\/div>\n    <\/div>\n<\/section>","protected":false},"excerpt":{"rendered":"","protected":false},"author":2,"featured_media":0,"parent":0,"menu_order":0,"comment_status":"closed","ping_status":"closed","template":"","meta":{"_acf_changed":true,"footnotes":""},"class_list":["post-47780","page","type-page","status-publish","hentry"],"acf":[],"yoast_head":"<!-- This site is optimized with the Yoast SEO Premium plugin v26.7 (Yoast SEO v26.7) - https:\/\/yoast.com\/wordpress\/plugins\/seo\/ -->\n<title>Commencez votre essai gratuit | Akeneo<\/title>\n<meta name=\"robots\" content=\"index, follow, max-snippet:-1, max-image-preview:large, max-video-preview:-1\" \/>\n<link rel=\"canonical\" href=\"https:\/\/www.akeneo.com\/fr\/start-free-trial\/\" \/>\n<meta property=\"og:locale\" content=\"fr_FR\" \/>\n<meta property=\"og:type\" content=\"article\" \/>\n<meta property=\"og:title\" content=\"Commencez votre essai gratuit | Akeneo\" \/>\n<meta property=\"og:url\" content=\"https:\/\/www.akeneo.com\/fr\/start-free-trial\/\" \/>\n<meta property=\"og:site_name\" content=\"Akeneo\" \/>\n<meta property=\"article:modified_time\" content=\"2025-11-06T16:40:59+00:00\" \/>\n<meta property=\"og:image\" content=\"https:\/\/www.akeneo.com\/wp-content\/uploads\/2024\/11\/generic_featuredimage_1200x1200.png\" \/>\n\t<meta property=\"og:image:width\" content=\"1200\" \/>\n\t<meta property=\"og:image:height\" content=\"1200\" \/>\n\t<meta property=\"og:image:type\" content=\"image\/png\" \/>\n<meta name=\"twitter:card\" content=\"summary_large_image\" \/>\n<script type=\"application\/ld+json\" class=\"yoast-schema-graph\">{\"@context\":\"https:\/\/schema.org\",\"@graph\":[{\"@type\":\"WebPage\",\"@id\":\"https:\/\/www.akeneo.com\/fr\/start-free-trial\/\",\"url\":\"https:\/\/www.akeneo.com\/fr\/start-free-trial\/\",\"name\":\"Commencez votre essai gratuit | Akeneo\",\"isPartOf\":{\"@id\":\"https:\/\/www.akeneo.com\/fr\/#website\"},\"datePublished\":\"2021-11-17T08:38:31+00:00\",\"dateModified\":\"2025-11-06T16:40:59+00:00\",\"inLanguage\":\"fr-FR\",\"potentialAction\":[{\"@type\":\"ReadAction\",\"target\":[\"https:\/\/www.akeneo.com\/fr\/start-free-trial\/\"]}]},{\"@type\":\"WebSite\",\"@id\":\"https:\/\/www.akeneo.com\/fr\/#website\",\"url\":\"https:\/\/www.akeneo.com\/fr\/\",\"name\":\"Akeneo\",\"description\":\"\",\"publisher\":{\"@id\":\"https:\/\/www.akeneo.com\/fr\/#organization\"},\"potentialAction\":[{\"@type\":\"SearchAction\",\"target\":{\"@type\":\"EntryPoint\",\"urlTemplate\":\"https:\/\/www.akeneo.com\/fr\/?s={search_term_string}\"},\"query-input\":{\"@type\":\"PropertyValueSpecification\",\"valueRequired\":true,\"valueName\":\"search_term_string\"}}],\"inLanguage\":\"fr-FR\"},{\"@type\":\"Organization\",\"@id\":\"https:\/\/www.akeneo.com\/fr\/#organization\",\"name\":\"Akeneo\",\"url\":\"https:\/\/www.akeneo.com\/fr\/\",\"logo\":{\"@type\":\"ImageObject\",\"inLanguage\":\"fr-FR\",\"@id\":\"https:\/\/www.akeneo.com\/fr\/#\/schema\/logo\/image\/\",\"url\":\"https:\/\/www.akeneo.com\/wp-content\/uploads\/2019\/08\/logo-kjus.png\",\"contentUrl\":\"https:\/\/www.akeneo.com\/wp-content\/uploads\/2019\/08\/logo-kjus.png\",\"width\":1,\"height\":1,\"caption\":\"Akeneo\"},\"image\":{\"@id\":\"https:\/\/www.akeneo.com\/fr\/#\/schema\/logo\/image\/\"}}]}<\/script>\n<!-- \/ Yoast SEO Premium plugin. -->","yoast_head_json":{"title":"Commencez votre essai gratuit | Akeneo","robots":{"index":"index","follow":"follow","max-snippet":"max-snippet:-1","max-image-preview":"max-image-preview:large","max-video-preview":"max-video-preview:-1"},"canonical":"https:\/\/www.akeneo.com\/fr\/start-free-trial\/","og_locale":"fr_FR","og_type":"article","og_title":"Commencez votre essai gratuit | Akeneo","og_url":"https:\/\/www.akeneo.com\/fr\/start-free-trial\/","og_site_name":"Akeneo","article_modified_time":"2025-11-06T16:40:59+00:00","og_image":[{"width":1200,"height":1200,"url":"https:\/\/www.akeneo.com\/wp-content\/uploads\/2024\/11\/generic_featuredimage_1200x1200.png","type":"image\/png"}],"twitter_card":"summary_large_image","schema":{"@context":"https:\/\/schema.org","@graph":[{"@type":"WebPage","@id":"https:\/\/www.akeneo.com\/fr\/start-free-trial\/","url":"https:\/\/www.akeneo.com\/fr\/start-free-trial\/","name":"Commencez votre essai gratuit | Akeneo","isPartOf":{"@id":"https:\/\/www.akeneo.com\/fr\/#website"},"datePublished":"2021-11-17T08:38:31+00:00","dateModified":"2025-11-06T16:40:59+00:00","inLanguage":"fr-FR","potentialAction":[{"@type":"ReadAction","target":["https:\/\/www.akeneo.com\/fr\/start-free-trial\/"]}]},{"@type":"WebSite","@id":"https:\/\/www.akeneo.com\/fr\/#website","url":"https:\/\/www.akeneo.com\/fr\/","name":"Akeneo","description":"","publisher":{"@id":"https:\/\/www.akeneo.com\/fr\/#organization"},"potentialAction":[{"@type":"SearchAction","target":{"@type":"EntryPoint","urlTemplate":"https:\/\/www.akeneo.com\/fr\/?s={search_term_string}"},"query-input":{"@type":"PropertyValueSpecification","valueRequired":true,"valueName":"search_term_string"}}],"inLanguage":"fr-FR"},{"@type":"Organization","@id":"https:\/\/www.akeneo.com\/fr\/#organization","name":"Akeneo","url":"https:\/\/www.akeneo.com\/fr\/","logo":{"@type":"ImageObject","inLanguage":"fr-FR","@id":"https:\/\/www.akeneo.com\/fr\/#\/schema\/logo\/image\/","url":"https:\/\/www.akeneo.com\/wp-content\/uploads\/2019\/08\/logo-kjus.png","contentUrl":"https:\/\/www.akeneo.com\/wp-content\/uploads\/2019\/08\/logo-kjus.png","width":1,"height":1,"caption":"Akeneo"},"image":{"@id":"https:\/\/www.akeneo.com\/fr\/#\/schema\/logo\/image\/"}}]}},"_links":{"self":[{"href":"https:\/\/www.akeneo.com\/fr\/wp-json\/wp\/v2\/pages\/47780","targetHints":{"allow":["GET"]}}],"collection":[{"href":"https:\/\/www.akeneo.com\/fr\/wp-json\/wp\/v2\/pages"}],"about":[{"href":"https:\/\/www.akeneo.com\/fr\/wp-json\/wp\/v2\/types\/page"}],"author":[{"embeddable":true,"href":"https:\/\/www.akeneo.com\/fr\/wp-json\/wp\/v2\/users\/2"}],"replies":[{"embeddable":true,"href":"https:\/\/www.akeneo.com\/fr\/wp-json\/wp\/v2\/comments?post=47780"}],"version-history":[{"count":0,"href":"https:\/\/www.akeneo.com\/fr\/wp-json\/wp\/v2\/pages\/47780\/revisions"}],"wp:attachment":[{"href":"https:\/\/www.akeneo.com\/fr\/wp-json\/wp\/v2\/media?parent=47780"}],"curies":[{"name":"wp","href":"https:\/\/api.w.org\/{rel}","templated":true}]}}