{"id":47767,"date":"2021-11-10T13:59:29","date_gmt":"2021-11-10T13:59:29","guid":{"rendered":"https:\/\/www.akeneo.com\/akeneo-syndication-2\/"},"modified":"2024-07-04T06:58:37","modified_gmt":"2024-07-04T06:58:37","slug":"akeneo-syndication","status":"publish","type":"page","link":"https:\/\/www.akeneo.com\/fr\/akeneo-syndication\/","title":{"rendered":"Akeneo Syndication"},"content":{"rendered":"        \n  <section class=\"hero   \" >\n    <div class=\"container\">\n                            <div class=\"row justify-content-between align-items-center g-3\">\n                        <div class=\"col-lg-6\">\n                            <div class=\"hero-content\">\n                                                                    <div class=\"hero-logo\" style=\"max-width: 17rem;\">\n                                        <img decoding=\"async\" src=\"https:\/\/www.akeneo.com\/wp-content\/uploads\/2022\/01\/akeneo-logo-syndication.svg\" alt=\"\">\n                                    <\/div>\n                                                                \n                                \n                                                                    <h1 class=\"hero-title\">Lib\u00e9rez votre potentiel de croissance omnicanale gr\u00e2ce \u00e0 la Syndication<\/h1>\n                                                                                                    <div class=\"hero-text\">\n                                        <p>\u00c0 l&rsquo;\u00e8re de l\u2019omnicanal, vous devez \u00eatre omnipr\u00e9sent et vendre toujours plus de produits \u00e0 plus de clients et ce dans un maximum d&rsquo;endroits. Une fois que vos donn\u00e9es produits sont exactes, compl\u00e8tes et contextualis\u00e9es pour chaque canal sp\u00e9cifique avec Akeneo PIM, elles sont pr\u00eates \u00e0 \u00eatre syndiqu\u00e9es. Une solution de syndication adapt\u00e9e vous permet de rationaliser de mani\u00e8re efficace la distribution de vos informations produits vers les milliers de boutiques en ligne tierces au sein desquelles vos acheteurs effectuent leurs achats.<\/p>\n                                    <\/div>\n                                                                                                    <div class=\"hero-buttons\">\n                                                                                                                                    <div>\n                                                    <a class=\"btn btn-primary btn-lg\" href=\"https:\/\/www.akeneo.com\/fr\/request-a-demo\/\"><span class=\"initial text\">Demander une d\u00e9monstration<\/span><span class=\"background-text\">Demander une d\u00e9monstration<\/span><span class=\"hovered text\">Demander une d\u00e9monstration<\/span><\/a>                                                <\/div>\n                                                                                                                        <\/div>\n                                                            <\/div>\n                        <\/div>\n                                                    <div class=\"col-lg-5\">\n                                                                    <div class=\"hero-image\">\n                                        <img decoding=\"async\" src=\"https:\/\/www.akeneo.com\/wp-content\/uploads\/2022\/01\/akeneo-ico-hero-syndication@2x.png\" alt=\"\">\n                                    <\/div>\n                                \n                                                            <\/div>\n                                            <\/div>\n\n                        <\/div>\n<\/section>  \n\n<section id=\"logos-block_5cc04ca06065fa9caec0922902d628e7\" class=\"py-2 py-md-3\">\n            <div class=\"text-editor fs-md text-center mb-1 px-2 text-primary-blackstar fw-normal\">\n        <p>Une solution reconnue<\/p>\n      <\/div>\n    \n    \n                  <div class=\"row row-cols-2 row-cols-md-3 row-cols-lg-6 g-3 justify-content-center logos\">\n                                  <img decoding=\"async\" class=\"logo-card-image\" src=\"https:\/\/www.akeneo.com\/wp-content\/uploads\/2017\/09\/logo-groupe-rg@2x-1.png\" alt=\"\">\n                                      <img decoding=\"async\" class=\"logo-card-image\" src=\"https:\/\/www.akeneo.com\/wp-content\/uploads\/2022\/01\/logo-tallink@2x-1.png\" alt=\"\">\n                                      <img decoding=\"async\" class=\"logo-card-image\" src=\"https:\/\/www.akeneo.com\/wp-content\/uploads\/2021\/02\/logo-bygghemma@2x-2.png\" alt=\"\">\n                                      <img decoding=\"async\" class=\"logo-card-image\" src=\"https:\/\/www.akeneo.com\/wp-content\/uploads\/2020\/10\/logo-intcomex@2x-1.png\" alt=\"\">\n                                      <img decoding=\"async\" class=\"logo-card-image\" src=\"https:\/\/www.akeneo.com\/wp-content\/uploads\/2022\/01\/logo-ecornaturasi@2x-1.png\" alt=\"\">\n                                      <img decoding=\"async\" class=\"logo-card-image\" src=\"https:\/\/www.akeneo.com\/wp-content\/uploads\/2020\/06\/logo-peavey-mart-2.png\" alt=\"\">\n                      <\/div> \n          <\/section>\n<section id=\"content-block_1f92986d5cd3b1472e2eaa08f7d8c75c\" class=\"  pt-6\">\n            <div class=\"container\">\n            <div class=\"row\">\n                <div class=\"col-12\">\n                                            <div class=\"text-center \">\n                                                                                <\/div>\n                                        <\/div>\n            <\/div>\n        <\/div>\n    <\/section>\n\n<section id=\"content-block_cccc79075f43e4dcd4fac57d9a0b942a\" class=\"py-6 py-md-8 \">\n    <div class=\"container\">\n        <div class=\"row justify-content-between align-items-center g-3 \">\n            <div class=\"col-lg-6\">\n                <div class=\"w-lg-70 mx-auto\">\n                                            <h2 class=\"text-primary-blackstar\">Personnalisez et syndiquez vos catalogues produits<\/h2>\n                    \n                    \n                    <div class=\"text-editor fs-md text-primary-blackstar\">\n                                                    <p>Offrez des exp\u00e9riences clients coh\u00e9rentes, convaincantes et contextualis\u00e9es sur les diff\u00e9rents canaux o\u00f9 vous vendez des produits, y compris les marketplaces grand public, les marketplaces sp\u00e9cialis\u00e9es et les plateformes de social selling dans le monde entier.<\/p>\n                                                                    <\/div>\n                                                                                <\/div>\n            <\/div>\n                            <div class=\"col-lg-6 text-center\">\n                                            <div class=\"torch-container\">\n                            <img decoding=\"async\" src=\"https:\/\/www.akeneo.com\/wp-content\/uploads\/2022\/01\/web-assets-solutions-ecommerce-Distribute-1200x1200.png\" alt=\"\">\n                                                    <\/div>\n                    \n                                    <\/div>\n                    <\/div>\n    <\/div>\n<\/section>\n\n<section id=\"content-block_75129cbc8c4dbe92dcd66c27cea287f4\" class=\"py-6 py-md-8 \">\n    <div class=\"container\">\n        <div class=\"row justify-content-between align-items-center g-3 flex-lg-row-reverse\">\n            <div class=\"col-lg-6\">\n                <div class=\"w-lg-70 mx-auto\">\n                                            <h2 class=\"text-primary-blackstar\">Pr\u00e9parez et g\u00e9rez les flux de donn\u00e9es<\/h2>\n                    \n                    \n                    <div class=\"text-editor fs-md text-primary-blackstar\">\n                                                    <p>Gr\u00e2ce aux fonctionnalit\u00e9s de gestion des flux de donn\u00e9es, vous pouvez acc\u00e9l\u00e9rer le time-to-market  en cr\u00e9ant des flux optimis\u00e9s et en cartographiant les informations produits enrichies et les contenus num\u00e9riques depuis Akeneo PIM vers vos canaux de vente.<\/p>\n                                                                    <\/div>\n                                                                                <\/div>\n            <\/div>\n                            <div class=\"col-lg-6 text-center\">\n                                            <div class=\"torch-container\">\n                            <img decoding=\"async\" src=\"https:\/\/www.akeneo.com\/wp-content\/uploads\/2022\/01\/akeneo-ico-datafeed@2x.png\" alt=\"\">\n                                                    <\/div>\n                    \n                                    <\/div>\n                    <\/div>\n    <\/div>\n<\/section>\n\n<section id=\"content-block_20f697e164211ef52ce0e8d42537cd20\" class=\"py-6 py-md-8 \">\n    <div class=\"container\">\n        <div class=\"row justify-content-between align-items-center g-3 \">\n            <div class=\"col-lg-6\">\n                <div class=\"w-lg-70 mx-auto\">\n                                            <h2 class=\"text-primary-blackstar\">Respectez les exigences de chaque canal<\/h2>\n                    \n                    \n                    <div class=\"text-editor fs-md text-primary-blackstar\">\n                                                    <p>Il n&rsquo;existe pas d\u2019exp\u00e9rience produit omnicanale unique. Chaque canal poss\u00e8de ses propres r\u00e8gles et ses bonnes pratiques. Suivez l&rsquo;\u00e9volution constante des exigences en mati\u00e8re de r\u00e9f\u00e9rencement des produits sur des dizaines, des centaines, voire des milliers de canaux, et d\u00e9veloppez votre activit\u00e9 en \u00e9tendant votre port\u00e9e sur tous ces canaux.<\/p>\n                                                                    <\/div>\n                                                                                <\/div>\n            <\/div>\n                            <div class=\"col-lg-6 text-center\">\n                                            <div class=\"torch-container\">\n                            <img decoding=\"async\" src=\"https:\/\/www.akeneo.com\/wp-content\/uploads\/2022\/01\/akeneo-ico-comply@2x.png\" alt=\"\">\n                                                    <\/div>\n                    \n                                    <\/div>\n                    <\/div>\n    <\/div>\n<\/section>\n\n<section id=\"content-block_b48967966c30f905acdd9f67583baa56\" class=\" bg-light pt-6\">\n            <div class=\"container\">\n            <div class=\"row\">\n                <div class=\"col-12\">\n                                            <div class=\"text-center \">\n                                                                                <\/div>\n                                        <\/div>\n            <\/div>\n        <\/div>\n    <\/section>\n\n<section id=\"content-block_2a500cdcc2053e743aa83d39fc5ffb02\" class=\"py-6 py-md-8 bg-gray-100\">\n    <div class=\"container\">\n        <div class=\"row justify-content-between align-items-center g-3 \">\n            <div class=\"col-lg-6\">\n                <div class=\"w-lg-70 mx-auto\">\n                                            <h2 class=\"text-primary-blackstar\">Akeneo Syndication dans Akeneo PXM Studio<\/h2>\n                    \n                    \n                    <div class=\"text-editor fs-md text-primary-blackstar\">\n                                                    <p>Akeneo PXM Studio offre un r\u00e9f\u00e9rentiel unique de toutes vos informations produits, pour toutes vos \u00e9quipes et pour tous vos canaux de vente.<\/p>\n                                                                    <\/div>\n                                                                        <a class=\"d-inline-block fs-md fw-medium mt-2  px-0 \" href=\"https:\/\/www.akeneo.com\/fr\/akeneo-pxm-studio\/\"><span class=\"initial text\">Akeneo PXM Studio<svg class=\"svg-icon fs-sm ms-1\"><use xmlns:xlink=\"http:\/\/www.w3.org\/1999\/xlink\" xlink:href=\"https:\/\/www.akeneo.com\/wp-content\/themes\/akeneo\/assets\/sprite\/icons.svg#icon-chevron-right\"><\/use><\/svg><\/span><span class=\"background-text\">Akeneo PXM Studio<svg class=\"svg-icon fs-sm ms-1\"><use xmlns:xlink=\"http:\/\/www.w3.org\/1999\/xlink\" xlink:href=\"https:\/\/www.akeneo.com\/wp-content\/themes\/akeneo\/assets\/sprite\/icons.svg#icon-chevron-right\"><\/use><\/svg><\/span><span class=\"hovered text\">Akeneo PXM Studio<svg class=\"svg-icon fs-sm ms-1\"><use xmlns:xlink=\"http:\/\/www.w3.org\/1999\/xlink\" xlink:href=\"https:\/\/www.akeneo.com\/wp-content\/themes\/akeneo\/assets\/sprite\/icons.svg#icon-chevron-right\"><\/use><\/svg><\/span><\/a>                                                            <\/div>\n            <\/div>\n                            <div class=\"col-lg-6 text-center\">\n                                            <div class=\"torch-container\">\n                            <img decoding=\"async\" src=\"https:\/\/www.akeneo.com\/wp-content\/uploads\/2022\/01\/akeneo-ico-akeneo-pxm-studio@2x.png\" alt=\"\">\n                                                    <\/div>\n                    \n                                    <\/div>\n                    <\/div>\n    <\/div>\n<\/section>\n\n<section class=\"py-6 py-md-8 position-relative\">\n            <div class=\"block-background block-background-top\"><\/div>\n        <div class=\"container\">\n        <div class=\"row\">\n            <div class=\"col-12\">\n                <div class=\"cta px-lg-8 py-3 bg-secondary\">\n                    <div class=\"cta-content\">\n                                                    <h2 class=\"cta-title\">\u00cates-vous pr\u00eat \u00e0 passer \u00e0 l\u2019\u00e9tape suivante ?<\/h2>\n                                                                            <div class=\"cta-text fs-xl\">\n                                <p>Nos experts Akeneo sont l\u00e0 pour r\u00e9pondre \u00e0 toutes les questions que vous pourriez avoir sur nos produits et vous aider \u00e0 avancer dans votre parcours PXM<\/p>\n                            <\/div>\n                                            <\/div>\n                                            <div class=\"cta-cards\">\n                            <div class=\"row row-cols-md-2 g-2\">\n                                                                    <div>\n                                        <a href=\"https:\/\/www.akeneo.com\/fr\/request-a-demo\/\" class=\"icon-card icon-card-framed icon-card-dark\">\n                                                                                        <div class=\"icon-card-content\">\n                                                <h6 class=\"icon-card-title\">Demander une d\u00e9monstration<\/h6>\n                                                                                                <span class=\"icon-card-link\">Contactez-nous d\u00e8s aujourd&rsquo;hui <svg class=\"svg-icon fs-sm\"><use xmlns:xlink=\"http:\/\/www.w3.org\/1999\/xlink\" xlink:href=\"https:\/\/www.akeneo.com\/wp-content\/themes\/akeneo\/assets\/sprite\/icons.svg#icon-chevron-right\"><\/use><\/svg><\/span>\n                                            <\/div>\n                                        <\/a>\n                                    <\/div>\n                                                                    <div>\n                                        <a href=\"https:\/\/www.akeneo.com\/fr\/pxm-maturity-path\/\" class=\"icon-card icon-card-framed icon-card-dark\">\n                                                                                        <div class=\"icon-card-content\">\n                                                <h6 class=\"icon-card-title\">Parcours de maturit\u00e9 PXM<\/h6>\n                                                                                                <span class=\"icon-card-link\">R\u00e9alisez l&rsquo;\u00e9valuation <svg class=\"svg-icon fs-sm\"><use xmlns:xlink=\"http:\/\/www.w3.org\/1999\/xlink\" xlink:href=\"https:\/\/www.akeneo.com\/wp-content\/themes\/akeneo\/assets\/sprite\/icons.svg#icon-chevron-right\"><\/use><\/svg><\/span>\n                                            <\/div>\n                                        <\/a>\n                                    <\/div>\n                                                            <\/div>\n                        <\/div>\n                                    <\/div>\n            <\/div>\n        <\/div>\n    <\/div>\n<\/section>","protected":false},"excerpt":{"rendered":"","protected":false},"author":2,"featured_media":24311,"parent":0,"menu_order":0,"comment_status":"closed","ping_status":"closed","template":"","meta":{"_acf_changed":false,"footnotes":""},"class_list":["post-47767","page","type-page","status-publish","has-post-thumbnail","hentry"],"acf":[],"yoast_head":"<!-- This site is optimized with the Yoast SEO Premium plugin v27.4 (Yoast SEO v27.4) - https:\/\/yoast.com\/product\/yoast-seo-premium-wordpress\/ -->\n<title>Akeneo Syndication | Akeneo<\/title>\n<meta name=\"robots\" content=\"index, follow, max-snippet:-1, max-image-preview:large, max-video-preview:-1\" \/>\n<link rel=\"canonical\" href=\"https:\/\/www.akeneo.com\/fr\/akeneo-syndication\/\" \/>\n<meta property=\"og:locale\" content=\"fr_FR\" \/>\n<meta property=\"og:type\" content=\"article\" \/>\n<meta property=\"og:title\" content=\"Akeneo Syndication | Akeneo\" \/>\n<meta property=\"og:url\" content=\"https:\/\/www.akeneo.com\/fr\/akeneo-syndication\/\" \/>\n<meta property=\"og:site_name\" content=\"Akeneo\" \/>\n<meta property=\"article:modified_time\" content=\"2024-07-04T06:58:37+00:00\" \/>\n<meta property=\"og:image\" content=\"https:\/\/www.akeneo.com\/wp-content\/uploads\/2022\/01\/akeneo-ico-hero-syndication@2x.png\" \/>\n\t<meta property=\"og:image:width\" content=\"1\" \/>\n\t<meta property=\"og:image:height\" content=\"1\" \/>\n\t<meta property=\"og:image:type\" content=\"image\/png\" \/>\n<meta name=\"twitter:card\" content=\"summary_large_image\" \/>\n<script type=\"application\/ld+json\" class=\"yoast-schema-graph\">{\"@context\":\"https:\\\/\\\/schema.org\",\"@graph\":[{\"@type\":\"WebPage\",\"@id\":\"https:\\\/\\\/www.akeneo.com\\\/fr\\\/akeneo-syndication\\\/\",\"url\":\"https:\\\/\\\/www.akeneo.com\\\/fr\\\/akeneo-syndication\\\/\",\"name\":\"Akeneo Syndication | Akeneo\",\"isPartOf\":{\"@id\":\"https:\\\/\\\/www.akeneo.com\\\/fr\\\/#website\"},\"primaryImageOfPage\":{\"@id\":\"https:\\\/\\\/www.akeneo.com\\\/fr\\\/akeneo-syndication\\\/#primaryimage\"},\"image\":{\"@id\":\"https:\\\/\\\/www.akeneo.com\\\/fr\\\/akeneo-syndication\\\/#primaryimage\"},\"thumbnailUrl\":\"https:\\\/\\\/www.akeneo.com\\\/wp-content\\\/uploads\\\/2022\\\/01\\\/akeneo-ico-hero-syndication@2x.png\",\"datePublished\":\"2021-11-10T13:59:29+00:00\",\"dateModified\":\"2024-07-04T06:58:37+00:00\",\"inLanguage\":\"fr-FR\",\"potentialAction\":[{\"@type\":\"ReadAction\",\"target\":[\"https:\\\/\\\/www.akeneo.com\\\/fr\\\/akeneo-syndication\\\/\"]}]},{\"@type\":\"ImageObject\",\"inLanguage\":\"fr-FR\",\"@id\":\"https:\\\/\\\/www.akeneo.com\\\/fr\\\/akeneo-syndication\\\/#primaryimage\",\"url\":\"https:\\\/\\\/www.akeneo.com\\\/wp-content\\\/uploads\\\/2022\\\/01\\\/akeneo-ico-hero-syndication@2x.png\",\"contentUrl\":\"https:\\\/\\\/www.akeneo.com\\\/wp-content\\\/uploads\\\/2022\\\/01\\\/akeneo-ico-hero-syndication@2x.png\"},{\"@type\":\"WebSite\",\"@id\":\"https:\\\/\\\/www.akeneo.com\\\/fr\\\/#website\",\"url\":\"https:\\\/\\\/www.akeneo.com\\\/fr\\\/\",\"name\":\"Akeneo\",\"description\":\"\",\"publisher\":{\"@id\":\"https:\\\/\\\/www.akeneo.com\\\/fr\\\/#organization\"},\"potentialAction\":[{\"@type\":\"SearchAction\",\"target\":{\"@type\":\"EntryPoint\",\"urlTemplate\":\"https:\\\/\\\/www.akeneo.com\\\/fr\\\/?s={search_term_string}\"},\"query-input\":{\"@type\":\"PropertyValueSpecification\",\"valueRequired\":true,\"valueName\":\"search_term_string\"}}],\"inLanguage\":\"fr-FR\"},{\"@type\":\"Organization\",\"@id\":\"https:\\\/\\\/www.akeneo.com\\\/fr\\\/#organization\",\"name\":\"Akeneo\",\"url\":\"https:\\\/\\\/www.akeneo.com\\\/fr\\\/\",\"logo\":{\"@type\":\"ImageObject\",\"inLanguage\":\"fr-FR\",\"@id\":\"https:\\\/\\\/www.akeneo.com\\\/fr\\\/#\\\/schema\\\/logo\\\/image\\\/\",\"url\":\"https:\\\/\\\/www.akeneo.com\\\/wp-content\\\/uploads\\\/2019\\\/08\\\/logo-kjus.png\",\"contentUrl\":\"https:\\\/\\\/www.akeneo.com\\\/wp-content\\\/uploads\\\/2019\\\/08\\\/logo-kjus.png\",\"width\":1,\"height\":1,\"caption\":\"Akeneo\"},\"image\":{\"@id\":\"https:\\\/\\\/www.akeneo.com\\\/fr\\\/#\\\/schema\\\/logo\\\/image\\\/\"}}]}<\/script>\n<!-- \/ Yoast SEO Premium plugin. -->","yoast_head_json":{"title":"Akeneo Syndication | Akeneo","robots":{"index":"index","follow":"follow","max-snippet":"max-snippet:-1","max-image-preview":"max-image-preview:large","max-video-preview":"max-video-preview:-1"},"canonical":"https:\/\/www.akeneo.com\/fr\/akeneo-syndication\/","og_locale":"fr_FR","og_type":"article","og_title":"Akeneo Syndication | Akeneo","og_url":"https:\/\/www.akeneo.com\/fr\/akeneo-syndication\/","og_site_name":"Akeneo","article_modified_time":"2024-07-04T06:58:37+00:00","og_image":[{"url":"https:\/\/www.akeneo.com\/wp-content\/uploads\/2022\/01\/akeneo-ico-hero-syndication@2x.png","width":1,"height":1,"type":"image\/png"}],"twitter_card":"summary_large_image","schema":{"@context":"https:\/\/schema.org","@graph":[{"@type":"WebPage","@id":"https:\/\/www.akeneo.com\/fr\/akeneo-syndication\/","url":"https:\/\/www.akeneo.com\/fr\/akeneo-syndication\/","name":"Akeneo Syndication | Akeneo","isPartOf":{"@id":"https:\/\/www.akeneo.com\/fr\/#website"},"primaryImageOfPage":{"@id":"https:\/\/www.akeneo.com\/fr\/akeneo-syndication\/#primaryimage"},"image":{"@id":"https:\/\/www.akeneo.com\/fr\/akeneo-syndication\/#primaryimage"},"thumbnailUrl":"https:\/\/www.akeneo.com\/wp-content\/uploads\/2022\/01\/akeneo-ico-hero-syndication@2x.png","datePublished":"2021-11-10T13:59:29+00:00","dateModified":"2024-07-04T06:58:37+00:00","inLanguage":"fr-FR","potentialAction":[{"@type":"ReadAction","target":["https:\/\/www.akeneo.com\/fr\/akeneo-syndication\/"]}]},{"@type":"ImageObject","inLanguage":"fr-FR","@id":"https:\/\/www.akeneo.com\/fr\/akeneo-syndication\/#primaryimage","url":"https:\/\/www.akeneo.com\/wp-content\/uploads\/2022\/01\/akeneo-ico-hero-syndication@2x.png","contentUrl":"https:\/\/www.akeneo.com\/wp-content\/uploads\/2022\/01\/akeneo-ico-hero-syndication@2x.png"},{"@type":"WebSite","@id":"https:\/\/www.akeneo.com\/fr\/#website","url":"https:\/\/www.akeneo.com\/fr\/","name":"Akeneo","description":"","publisher":{"@id":"https:\/\/www.akeneo.com\/fr\/#organization"},"potentialAction":[{"@type":"SearchAction","target":{"@type":"EntryPoint","urlTemplate":"https:\/\/www.akeneo.com\/fr\/?s={search_term_string}"},"query-input":{"@type":"PropertyValueSpecification","valueRequired":true,"valueName":"search_term_string"}}],"inLanguage":"fr-FR"},{"@type":"Organization","@id":"https:\/\/www.akeneo.com\/fr\/#organization","name":"Akeneo","url":"https:\/\/www.akeneo.com\/fr\/","logo":{"@type":"ImageObject","inLanguage":"fr-FR","@id":"https:\/\/www.akeneo.com\/fr\/#\/schema\/logo\/image\/","url":"https:\/\/www.akeneo.com\/wp-content\/uploads\/2019\/08\/logo-kjus.png","contentUrl":"https:\/\/www.akeneo.com\/wp-content\/uploads\/2019\/08\/logo-kjus.png","width":1,"height":1,"caption":"Akeneo"},"image":{"@id":"https:\/\/www.akeneo.com\/fr\/#\/schema\/logo\/image\/"}}]}},"_links":{"self":[{"href":"https:\/\/www.akeneo.com\/fr\/wp-json\/wp\/v2\/pages\/47767","targetHints":{"allow":["GET"]}}],"collection":[{"href":"https:\/\/www.akeneo.com\/fr\/wp-json\/wp\/v2\/pages"}],"about":[{"href":"https:\/\/www.akeneo.com\/fr\/wp-json\/wp\/v2\/types\/page"}],"author":[{"embeddable":true,"href":"https:\/\/www.akeneo.com\/fr\/wp-json\/wp\/v2\/users\/2"}],"replies":[{"embeddable":true,"href":"https:\/\/www.akeneo.com\/fr\/wp-json\/wp\/v2\/comments?post=47767"}],"version-history":[{"count":0,"href":"https:\/\/www.akeneo.com\/fr\/wp-json\/wp\/v2\/pages\/47767\/revisions"}],"wp:featuredmedia":[{"embeddable":true,"href":"https:\/\/www.akeneo.com\/fr\/wp-json\/wp\/v2\/media\/24311"}],"wp:attachment":[{"href":"https:\/\/www.akeneo.com\/fr\/wp-json\/wp\/v2\/media?parent=47767"}],"curies":[{"name":"wp","href":"https:\/\/api.w.org\/{rel}","templated":true}]}}