{"id":66264,"date":"2025-07-15T10:40:26","date_gmt":"2025-07-15T10:40:26","guid":{"rendered":"https:\/\/www.akeneo.com\/akeneo-product-cloud-demo\/"},"modified":"2026-03-24T10:55:07","modified_gmt":"2026-03-24T10:55:07","slug":"akeneo-product-cloud-demo","status":"publish","type":"page","link":"https:\/\/www.akeneo.com\/de\/lp\/akeneo-product-cloud-demo\/","title":{"rendered":"Akeneo Product Cloud Demo"},"content":{"rendered":"\n<section id=\"form\" class=\"hero bg-light image-background\" style=\"background-image: url(https:\/\/www.akeneo.com\/wp-content\/uploads\/2025\/07\/BG.png); !important\">\n  <div class=\"container\">\n    <div class=\"row justify-content-between align-items-center g-3\">\n      <div class=\"col-lg-6\">\n        <div class=\"hero-content\">\n                                <h1 class=\"hero-title\">Eine Product Cloud. Grenzenloses Produktpotenzial.<\/h1>\n                                <div class=\"hero-text\">\n              <p>Ihre Produktdaten sind nicht nur Informationen \u2013 sie sind Ihr Wettbewerbsvorteil. Mit der Akeneo Product Cloud k\u00f6nnen Sie Ihre Daten anreichern, verwalten und entlang der gesamten Customer Journey aktivieren, um unvergessliche Produkterlebnisse zu schaffen, die Kunden begeistern und Ihren Gesch\u00e4ftserfolg vorantreiben.<\/p>\n            <\/div>\n                  <\/div>\n      <\/div>\n\n      <div class=\"col-lg-5 \">\n        <div class=\"p-3  rounded-4 shadow mt-3 p-md-6 bg-body\">\n                                                          <script data-cookieconsent=\"ignore\" src=\"\/\/pages.akeneo.com\/js\/forms2\/js\/forms2.min.js\"><\/script> \n              <form id=\"mktoForm_1006\"><\/form> \n              <script>MktoForms2.loadForm(\"\/\/pages.akeneo.com\", \"343-FNN-684\", 1006);<\/script>\n                              <\/div>\n      <\/div>      \n    <\/div>\n  <\/div>\n<\/section>\n\n\n\n<section id=\"logos-block_2c9c69416a6f32a946813e3410995432\" class=\"py-1 py-md-2\">\n  <div class=\"container\">\n    <div class=\"row\">\n      <div class=\"col-12\">\n                      <\/div>\n    <\/div>\n\n    \n                <div class=\"logos\">    \n        <div class=\"logo-carousel\">\n                                  <img decoding=\"async\" class=\"logo-card-image\" src=\"https:\/\/www.akeneo.com\/wp-content\/uploads\/2021\/02\/logo-ads@2x-3.png\" alt=\"\">\n                                      <img decoding=\"async\" class=\"logo-card-image\" src=\"https:\/\/www.akeneo.com\/wp-content\/uploads\/2021\/02\/logo-city-furniture@2x-3.png\" alt=\"\">\n                                                            <img decoding=\"async\" class=\"logo-card-image\" src=\"https:\/\/www.akeneo.com\/wp-content\/uploads\/2018\/06\/logo-fossil-2.png\" alt=\"\">\n                                      <img decoding=\"async\" class=\"logo-card-image\" src=\"https:\/\/www.akeneo.com\/wp-content\/uploads\/2022\/01\/logo-franklin-electric@2x-2.png\" alt=\"\">\n                                      <img decoding=\"async\" class=\"logo-card-image\" src=\"https:\/\/www.akeneo.com\/wp-content\/uploads\/2019\/05\/logo-rural-king@2x-2.png\" alt=\"\">\n                                      <img decoding=\"async\" class=\"logo-card-image\" src=\"https:\/\/www.akeneo.com\/wp-content\/uploads\/2023\/11\/logo-kurt-geiger@2x.png\" alt=\"\">\n                                      <img decoding=\"async\" class=\"logo-card-image\" src=\"https:\/\/www.akeneo.com\/wp-content\/uploads\/2016\/02\/logo-nuxe@2x-2.png\" alt=\"\">\n                                      <img decoding=\"async\" class=\"logo-card-image\" src=\"https:\/\/www.akeneo.com\/wp-content\/uploads\/2021\/07\/logo-staples-2@2x.png\" alt=\"\">\n                                      <img decoding=\"async\" class=\"logo-card-image\" src=\"https:\/\/www.akeneo.com\/wp-content\/uploads\/2018\/10\/logo-myer@2x-2.png\" alt=\"\">\n                      <\/div>\n        <div class=\"logo-carousel\">\n                                  <img decoding=\"async\" class=\"logo-card-image\" src=\"https:\/\/www.akeneo.com\/wp-content\/uploads\/2021\/02\/logo-ads@2x-3.png\" alt=\"\">\n                                      <img decoding=\"async\" class=\"logo-card-image\" src=\"https:\/\/www.akeneo.com\/wp-content\/uploads\/2021\/02\/logo-city-furniture@2x-3.png\" alt=\"\">\n                                                            <img decoding=\"async\" class=\"logo-card-image\" src=\"https:\/\/www.akeneo.com\/wp-content\/uploads\/2018\/06\/logo-fossil-2.png\" alt=\"\">\n                                      <img decoding=\"async\" class=\"logo-card-image\" src=\"https:\/\/www.akeneo.com\/wp-content\/uploads\/2022\/01\/logo-franklin-electric@2x-2.png\" alt=\"\">\n                                      <img decoding=\"async\" class=\"logo-card-image\" src=\"https:\/\/www.akeneo.com\/wp-content\/uploads\/2019\/05\/logo-rural-king@2x-2.png\" alt=\"\">\n                                      <img decoding=\"async\" class=\"logo-card-image\" src=\"https:\/\/www.akeneo.com\/wp-content\/uploads\/2023\/11\/logo-kurt-geiger@2x.png\" alt=\"\">\n                                      <img decoding=\"async\" class=\"logo-card-image\" src=\"https:\/\/www.akeneo.com\/wp-content\/uploads\/2016\/02\/logo-nuxe@2x-2.png\" alt=\"\">\n                                      <img decoding=\"async\" class=\"logo-card-image\" src=\"https:\/\/www.akeneo.com\/wp-content\/uploads\/2021\/07\/logo-staples-2@2x.png\" alt=\"\">\n                                      <img decoding=\"async\" class=\"logo-card-image\" src=\"https:\/\/www.akeneo.com\/wp-content\/uploads\/2018\/10\/logo-myer@2x-2.png\" alt=\"\">\n                      <\/div>\n      <\/div>\n            <\/div><\/section>\n\n\n<section id=\"content-block_8c2ee15fa6e6c99f1001b053e6cc1026\" class=\"py-6 py-md-8 \">\n    <div class=\"container\">\n        <div class=\"row justify-content-between align-items-center g-3 flex-lg-row-reverse\">\n            <div class=\"col-lg-6\">\n                <div class=\"w-lg-70 mx-auto\">\n                                            <h2 class=\"text-primary-blackstar\">Eine Single Source of Truth f\u00fcr echtes Wachstum.<\/h2>\n                    \n                    \n                    <div class=\"text-editor fs-md text-primary-blackstar\">\n                                                    <p><span style=\"font-weight: 400;\" data-mce-style=\"font-weight: 400;\">Unsere von Experten durchgef\u00fchrte Demo zeigt Ihnen, wie Sie:<\/span><\/p>\n                                                                            <ul class=\"list-check\">\n                                                                    <li>Produktinformationen organisieren und strukturieren k\u00f6nnen<\/li>\n                                                                    <li>Ihr Unternehmen dabei unterst\u00fctzen k\u00f6nnen, Ihre Omnichannel-Aktivit\u00e4ten auszubauen und Ihre Reichweite auf neue Regionen oder M\u00e4rkte auszuweiten<\/li>\n                                                                    <li>Die Vollst\u00e4ndigkeit, Genauigkeit und Qualit\u00e4t Ihrer Produktinformationen sicherstellen k\u00f6nnen, um ein besseres Kundenerlebnis zu bie<\/li>\n                                                                    <li>Ihr Unternehmen dabei unterst\u00fctzen k\u00f6nnen, seine Ziele zu erreichen<\/li>\n                                                            <\/ul>\n                                            <\/div>\n                                                                        <a class=\"d-inline-block fs-md fw-medium mt-2 btn btn-primary\" href=\"#form\"><span class=\"initial text\">Demo anfordern<\/span><span class=\"background-text\">Demo anfordern<\/span><span class=\"hovered text\">Demo anfordern<\/span><\/a>                                                            <\/div>\n            <\/div>\n                            <div class=\"col-lg-6 text-center\">\n                    \n                                            <div class=\"ratio ratio-4x3\">\n                            <video autoplay=\"\" muted=\"\" loop=\"\" playsinline=\"\">\n                                <source src=\"https:\/\/www.akeneo.com\/wp-content\/uploads\/2025\/02\/Homepage-Animation-2025.webm\" type=\"video\/webm\">\n                                <source src=\"\" type=\"video\/webm\">Your browser does not support the video tag.                            <\/video>\n                        <\/div>\n                                    <\/div>\n                    <\/div>\n    <\/div>\n<\/section>\n\n\n\n\n<section id=\"video-block_cec18ba1da263abf8ec2eec2c12c15a7\" class=\"py-6 py-md-8\">\n  <div class=\"container\">\n    <div class=\"row \">\n              <div class=\"col-12\">\n                                                  <div>\n              <div class=\"ratio ratio-16x9 video-wrapper position-relative\">\n                                                  <div class=\"ratio ratio-16x9\"><iframe id=\"externalVideo\" class=\"\" loading=\"lazy\" width=\"650\" height=\"366\" src=\"https:\/\/www.youtube.com\/embed\/ySkEplmi3ng?si=-erx7TsWL7UtefHE\" title=\"YouTube video player\" frameborder=\"0\" allow=\"accelerometer; autoplay; clipboard-write; encrypted-media; gyroscope; picture-in-picture; web-share\" allowfullscreen><\/iframe><\/div>\n                              <\/div>\n            <\/div>\n                                                <\/div>\n          <\/div>\n  <\/div>\n<\/section>\n\n\n<section id=\"cards-block_5a2ab43d1fe2aebb68637b35bb265141\" class=\" py-6 py-md-8 bg-light \">\n  \n  <div class=\"container\">\n          <div class=\"row\">\n        <div class=\"col-md-10 col-lg-8 mx-md-auto\">\n          <div class=\" text-center mb-4\">\n                          <h2 class=\"mb-0 text-primary-blackstar\">Vorteile von Akeneo<\/h2>\n                                  <\/div>\n        <\/div>\n      <\/div>\n              <div class=\"row justify-content-center g-3 row-cols-lg-3\">\n                  <div>\n            <div class=\"basic-card  basic-card-move-up\">\n                            <div class=\"basic-card-content\">\n                                  <h4 class=\"basic-card-title\">\n                    Gesteigerte Conversion Rate um bis zu 60%                                      <\/h4>\n                                                <div class=\"basic-card-text\">\n                                      <p>Bieten Sie den Verbrauchern ein \u00fcberzeugendes Produkterlebnis, um Umsatz und Conversion Rates zu steigern.<\/p>\n                                                    <\/div>\n\n\n                              <\/div>\n            <\/div>\n          <\/div>\n                  <div>\n            <div class=\"basic-card  basic-card-move-up\">\n                            <div class=\"basic-card-content\">\n                                  <h4 class=\"basic-card-title\">\n                    Bis zu 70% k\u00fcrzere Time-to-Market                                      <\/h4>\n                                                <div class=\"basic-card-text\">\n                                      <p><span style=\"font-weight: 400;\">K\u00fcrzere Lagerzeit Ihrer Produkte.<\/span><\/p>\n                                                    <\/div>\n\n\n                              <\/div>\n            <\/div>\n          <\/div>\n                  <div>\n            <div class=\"basic-card  basic-card-move-up\">\n                            <div class=\"basic-card-content\">\n                                  <h4 class=\"basic-card-title\">\n                    Einfache Expansion in neue globale M\u00e4rkte                                      <\/h4>\n                                                <div class=\"basic-card-text\">\n                                      <p>Erschlie\u00dfen Sie neue M\u00e4rkte mit lokalisierten und kontextbezogenen Produkterlebnissen.<\/p>\n                                                    <\/div>\n\n\n                              <\/div>\n            <\/div>\n          <\/div>\n              <\/div>\n              <div class=\"mt-3 text-center\">\n        <a class=\"fs-md fw-medium btn btn-primary\" href=\"#form\"><span class=\"initial text\">Erfahren Sie wie es funktioniert<\/span><span class=\"background-text\">Erfahren Sie wie es funktioniert<\/span><span class=\"hovered text\">Erfahren Sie wie es funktioniert<\/span><\/a>      <\/div>\n      <\/div>\n<\/section>\n\n\n\n  \n<section class=\"testimonial-carousel\">\n    <div class=\"container-fluid\">\n        <div class=\"row\">\n            <div class=\"col-12\">\n                                    <div class=\"text-center mb-4\">\n                        <h2 class=\"mb-0 text-gray-100\">Akeneo Product Cloud hilft dem ganzen Team zum Erfolg<\/h2>\n                    <\/div>\n                                                    <div class=\"swiper\">\n                        <div class=\"swiper-wrapper\">\n                                                            <div class=\"swiper-slide\">\n                                    \n<div class=\"testimonial-card testimonial-card-dark\">\n            <blockquote class=\"testimonial-card-quote\">\n            <p>&#8222;Akeneo PIM ist mehr als eine L\u00f6sung \u2013 es ist ein Team, das einen w\u00e4hrend des gesamten Projekts begleitet.&#8220;<\/p>\n        <\/blockquote>\n                <div class=\"author\">\n                                                <div class=\"author-pic\">\n                        <img decoding=\"async\" src=\"https:\/\/www.akeneo.com\/wp-content\/uploads\/2022\/01\/photo-anthony-le-courtes-1.jpg\" alt=\"\">\n                    <\/div>\n                                        <div class=\"author-info\">\n                <p>\n                                            <strong>Anthony Le Courtes,<\/strong>\n                                                                CIO, Project Manager                                    <\/p>\n                                    <strong>@Legallais<\/strong>\n                            <\/div>\n        <\/div>\n    <\/div>                                <\/div>\n                                                            <div class=\"swiper-slide\">\n                                    \n<div class=\"testimonial-card testimonial-card-dark\">\n            <blockquote class=\"testimonial-card-quote\">\n            <p>&#8222;Wir sind Lichtjahre von dem Punkt entfernt, an dem wir ohne Akeneo st\u00fcnden.&#8220;<\/p>\n        <\/blockquote>\n                <div class=\"author\">\n                                                <div class=\"author-pic\">\n                        <img decoding=\"async\" src=\"https:\/\/www.akeneo.com\/wp-content\/uploads\/2022\/01\/photo-joshua-williams.jpg\" alt=\"\">\n                    <\/div>\n                                        <div class=\"author-info\">\n                <p>\n                                            <strong>Joshua Williams,<\/strong>\n                                                                Director of Digital and eCommerce Marketing                                    <\/p>\n                                    <strong>@Petra Industries<\/strong>\n                            <\/div>\n        <\/div>\n    <\/div>                                <\/div>\n                                                            <div class=\"swiper-slide\">\n                                    \n<div class=\"testimonial-card testimonial-card-dark\">\n            <blockquote class=\"testimonial-card-quote\">\n            <p>&#8222;Vor Akeneo haben wir Inhalte f\u00fcr etwa 200 Produkte pro Woche angereichert. Jetzt sind es bis zu 2.000 Produkte im selben Zeitraum.&#8220;<\/p>\n        <\/blockquote>\n                <div class=\"author\">\n                                                <div class=\"author-pic\">\n                        <img decoding=\"async\" src=\"https:\/\/www.akeneo.com\/wp-content\/uploads\/2022\/01\/photo-rodrigo-neves-1.jpg\" alt=\"\">\n                    <\/div>\n                                        <div class=\"author-info\">\n                <p>\n                                                        <\/p>\n                            <\/div>\n        <\/div>\n    <\/div>                                <\/div>\n                                                            <div class=\"swiper-slide\">\n                                    \n<div class=\"testimonial-card testimonial-card-dark\">\n            <blockquote class=\"testimonial-card-quote\">\n            <p>&#8222;Akeneo PIM hat uns geholfen, mehr Kunden zu finden und sie schneller mit gro\u00dfartigen Produkten zu versorgen!&#8220;<\/p>\n        <\/blockquote>\n                <div class=\"author\">\n                                                <div class=\"author-pic\">\n                        <img decoding=\"async\" src=\"https:\/\/www.akeneo.com\/wp-content\/uploads\/2022\/01\/photo-marie-lou-blais-1.jpg\" alt=\"\">\n                    <\/div>\n                                        <div class=\"author-info\">\n                <p>\n                                            <strong>Rodrigo Neves,<\/strong>\n                                                                Technology Officer                                    <\/p>\n                                    <strong>@Midland Scientific<\/strong>\n                            <\/div>\n        <\/div>\n    <\/div>                                <\/div>\n                                                    <\/div>\n                        <div class=\"swiper-pagination\"><\/div>\n                    <\/div>\n                            <\/div>\n        <\/div>\n    <\/div>\n<\/section>\n\n\n<section class=\"py-3 py-md-6  \">\n        <div class=\"container\">\n        <div class=\"row\">\n            <div class=\"col-12\">\n                <div class=\"cta px-lg-8 py-3 bg-secondary\">\n                    <div class=\"cta-content\">\n                                                    <h2 class=\"cta-title text-gray-100\">Schalten Sie Ihre Product Experience Strategie frei.<\/h2>\n                                                                            <div class=\"cta-text text-gray-100\">\n                                <p>Produktinformationen sind das Fundament Ihres Erfolgs. Erfahren Sie, wie Akeneo f\u00fchrende E-Commerce-Unternehmen dabei unterst\u00fctzt, entlang der gesamten Customer Journey konsistente, \u00fcberzeugende und hochwertige Produkterlebnisse zu schaffen.<\/p>\n                            <\/div>\n                                                                            <div class=\"cta-buttons\">\n                                                                    <div>\n                                        <a class=\"btn-lg btn btn-primary\" href=\"#form\"><span class=\"initial text\">Meine kostenlose Demo erhalten<\/span><span class=\"background-text\">Meine kostenlose Demo erhalten<\/span><span class=\"hovered text\">Meine kostenlose Demo erhalten<\/span><\/a>                                    <\/div>\n                                                            <\/div>\n                                            <\/div>\n                                                                        <div class=\"cta-image\">\n                                <img decoding=\"async\" src=\"https:\/\/www.akeneo.com\/wp-content\/uploads\/2025\/05\/Web-assets-Call-to-Action-large-get-in-contact@2x.png\" alt=\"\">\n                            <\/div>\n                                                            <\/div>\n            <\/div>\n        <\/div>\n    <\/div>\n<\/section>","protected":false},"excerpt":{"rendered":"","protected":false},"author":46,"featured_media":0,"parent":66265,"menu_order":0,"comment_status":"closed","ping_status":"closed","template":"landing-page-template.php","meta":{"_acf_changed":true,"footnotes":""},"class_list":["post-66264","page","type-page","status-publish","hentry"],"acf":[],"yoast_head":"<!-- This site is optimized with the Yoast SEO Premium plugin v26.7 (Yoast SEO v26.7) - https:\/\/yoast.com\/wordpress\/plugins\/seo\/ -->\n<title>Akeneo Product Cloud Demo | Akeneo<\/title>\n<meta name=\"robots\" content=\"noindex, nofollow\" \/>\n<meta property=\"og:locale\" content=\"de_DE\" \/>\n<meta property=\"og:type\" content=\"article\" \/>\n<meta property=\"og:title\" content=\"Akeneo Product Cloud Demo | Akeneo\" \/>\n<meta property=\"og:url\" content=\"https:\/\/www.akeneo.com\/de\/lp\/akeneo-product-cloud-demo\/\" \/>\n<meta property=\"og:site_name\" content=\"Akeneo\" \/>\n<meta property=\"article:modified_time\" content=\"2026-03-24T10:55:07+00:00\" \/>\n<meta property=\"og:image\" content=\"https:\/\/www.akeneo.com\/wp-content\/uploads\/2024\/11\/generic_featuredimage_1200x1200.png\" \/>\n\t<meta property=\"og:image:width\" content=\"1200\" \/>\n\t<meta property=\"og:image:height\" content=\"1200\" \/>\n\t<meta property=\"og:image:type\" content=\"image\/png\" \/>\n<meta name=\"twitter:card\" content=\"summary_large_image\" \/>\n<script type=\"application\/ld+json\" class=\"yoast-schema-graph\">{\"@context\":\"https:\/\/schema.org\",\"@graph\":[{\"@type\":\"WebPage\",\"@id\":\"https:\/\/www.akeneo.com\/de\/lp\/akeneo-product-cloud-demo\/\",\"url\":\"https:\/\/www.akeneo.com\/de\/lp\/akeneo-product-cloud-demo\/\",\"name\":\"Akeneo Product Cloud Demo | Akeneo\",\"isPartOf\":{\"@id\":\"https:\/\/www.akeneo.com\/de\/#website\"},\"datePublished\":\"2025-07-15T10:40:26+00:00\",\"dateModified\":\"2026-03-24T10:55:07+00:00\",\"breadcrumb\":{\"@id\":\"https:\/\/www.akeneo.com\/de\/lp\/akeneo-product-cloud-demo\/#breadcrumb\"},\"inLanguage\":\"de-DE\",\"potentialAction\":[{\"@type\":\"ReadAction\",\"target\":[\"https:\/\/www.akeneo.com\/de\/lp\/akeneo-product-cloud-demo\/\"]}]},{\"@type\":\"BreadcrumbList\",\"@id\":\"https:\/\/www.akeneo.com\/de\/lp\/akeneo-product-cloud-demo\/#breadcrumb\",\"itemListElement\":[{\"@type\":\"ListItem\",\"position\":1,\"name\":\"lp\",\"item\":\"https:\/\/www.akeneo.com\/de\/lp\/\"},{\"@type\":\"ListItem\",\"position\":2,\"name\":\"Akeneo Product Cloud Demo\"}]},{\"@type\":\"WebSite\",\"@id\":\"https:\/\/www.akeneo.com\/de\/#website\",\"url\":\"https:\/\/www.akeneo.com\/de\/\",\"name\":\"Akeneo\",\"description\":\"\",\"publisher\":{\"@id\":\"https:\/\/www.akeneo.com\/de\/#organization\"},\"potentialAction\":[{\"@type\":\"SearchAction\",\"target\":{\"@type\":\"EntryPoint\",\"urlTemplate\":\"https:\/\/www.akeneo.com\/de\/?s={search_term_string}\"},\"query-input\":{\"@type\":\"PropertyValueSpecification\",\"valueRequired\":true,\"valueName\":\"search_term_string\"}}],\"inLanguage\":\"de-DE\"},{\"@type\":\"Organization\",\"@id\":\"https:\/\/www.akeneo.com\/de\/#organization\",\"name\":\"Akeneo\",\"url\":\"https:\/\/www.akeneo.com\/de\/\",\"logo\":{\"@type\":\"ImageObject\",\"inLanguage\":\"de-DE\",\"@id\":\"https:\/\/www.akeneo.com\/de\/#\/schema\/logo\/image\/\",\"url\":\"https:\/\/www.akeneo.com\/wp-content\/uploads\/2019\/08\/logo-kjus.png\",\"contentUrl\":\"https:\/\/www.akeneo.com\/wp-content\/uploads\/2019\/08\/logo-kjus.png\",\"width\":1,\"height\":1,\"caption\":\"Akeneo\"},\"image\":{\"@id\":\"https:\/\/www.akeneo.com\/de\/#\/schema\/logo\/image\/\"}}]}<\/script>\n<!-- \/ Yoast SEO Premium plugin. -->","yoast_head_json":{"title":"Akeneo Product Cloud Demo | Akeneo","robots":{"index":"noindex","follow":"nofollow"},"og_locale":"de_DE","og_type":"article","og_title":"Akeneo Product Cloud Demo | Akeneo","og_url":"https:\/\/www.akeneo.com\/de\/lp\/akeneo-product-cloud-demo\/","og_site_name":"Akeneo","article_modified_time":"2026-03-24T10:55:07+00:00","og_image":[{"width":1200,"height":1200,"url":"https:\/\/www.akeneo.com\/wp-content\/uploads\/2024\/11\/generic_featuredimage_1200x1200.png","type":"image\/png"}],"twitter_card":"summary_large_image","schema":{"@context":"https:\/\/schema.org","@graph":[{"@type":"WebPage","@id":"https:\/\/www.akeneo.com\/de\/lp\/akeneo-product-cloud-demo\/","url":"https:\/\/www.akeneo.com\/de\/lp\/akeneo-product-cloud-demo\/","name":"Akeneo Product Cloud Demo | Akeneo","isPartOf":{"@id":"https:\/\/www.akeneo.com\/de\/#website"},"datePublished":"2025-07-15T10:40:26+00:00","dateModified":"2026-03-24T10:55:07+00:00","breadcrumb":{"@id":"https:\/\/www.akeneo.com\/de\/lp\/akeneo-product-cloud-demo\/#breadcrumb"},"inLanguage":"de-DE","potentialAction":[{"@type":"ReadAction","target":["https:\/\/www.akeneo.com\/de\/lp\/akeneo-product-cloud-demo\/"]}]},{"@type":"BreadcrumbList","@id":"https:\/\/www.akeneo.com\/de\/lp\/akeneo-product-cloud-demo\/#breadcrumb","itemListElement":[{"@type":"ListItem","position":1,"name":"lp","item":"https:\/\/www.akeneo.com\/de\/lp\/"},{"@type":"ListItem","position":2,"name":"Akeneo Product Cloud Demo"}]},{"@type":"WebSite","@id":"https:\/\/www.akeneo.com\/de\/#website","url":"https:\/\/www.akeneo.com\/de\/","name":"Akeneo","description":"","publisher":{"@id":"https:\/\/www.akeneo.com\/de\/#organization"},"potentialAction":[{"@type":"SearchAction","target":{"@type":"EntryPoint","urlTemplate":"https:\/\/www.akeneo.com\/de\/?s={search_term_string}"},"query-input":{"@type":"PropertyValueSpecification","valueRequired":true,"valueName":"search_term_string"}}],"inLanguage":"de-DE"},{"@type":"Organization","@id":"https:\/\/www.akeneo.com\/de\/#organization","name":"Akeneo","url":"https:\/\/www.akeneo.com\/de\/","logo":{"@type":"ImageObject","inLanguage":"de-DE","@id":"https:\/\/www.akeneo.com\/de\/#\/schema\/logo\/image\/","url":"https:\/\/www.akeneo.com\/wp-content\/uploads\/2019\/08\/logo-kjus.png","contentUrl":"https:\/\/www.akeneo.com\/wp-content\/uploads\/2019\/08\/logo-kjus.png","width":1,"height":1,"caption":"Akeneo"},"image":{"@id":"https:\/\/www.akeneo.com\/de\/#\/schema\/logo\/image\/"}}]}},"_links":{"self":[{"href":"https:\/\/www.akeneo.com\/de\/wp-json\/wp\/v2\/pages\/66264","targetHints":{"allow":["GET"]}}],"collection":[{"href":"https:\/\/www.akeneo.com\/de\/wp-json\/wp\/v2\/pages"}],"about":[{"href":"https:\/\/www.akeneo.com\/de\/wp-json\/wp\/v2\/types\/page"}],"author":[{"embeddable":true,"href":"https:\/\/www.akeneo.com\/de\/wp-json\/wp\/v2\/users\/46"}],"replies":[{"embeddable":true,"href":"https:\/\/www.akeneo.com\/de\/wp-json\/wp\/v2\/comments?post=66264"}],"version-history":[{"count":0,"href":"https:\/\/www.akeneo.com\/de\/wp-json\/wp\/v2\/pages\/66264\/revisions"}],"up":[{"embeddable":true,"href":"https:\/\/www.akeneo.com\/de\/wp-json\/wp\/v2\/pages\/66265"}],"wp:attachment":[{"href":"https:\/\/www.akeneo.com\/de\/wp-json\/wp\/v2\/media?parent=66264"}],"curies":[{"name":"wp","href":"https:\/\/api.w.org\/{rel}","templated":true}]}}