{"id":61583,"date":"2025-05-20T21:33:05","date_gmt":"2025-05-20T21:33:05","guid":{"rendered":"https:\/\/www.akeneo.com\/?page_id=61583"},"modified":"2025-05-21T10:00:09","modified_gmt":"2025-05-21T10:00:09","slug":"product-data-ai-readiness-self-assessment","status":"publish","type":"page","link":"https:\/\/www.akeneo.com\/de\/product-data-ai-readiness-self-assessment\/","title":{"rendered":"Product Data AI Readiness &#8211; Self Assessment"},"content":{"rendered":"\n  <section class=\"hero hero-purple  \" >\n    <div class=\"container\">\n                            <div class=\"row justify-content-between align-items-center g-3\">\n                        <div class=\"col-lg-6\">\n                            <div class=\"hero-content\">\n                                                                \n                                \n                                                                    <h1 class=\"hero-title\">Product Data AI Readiness &#8211; Self Assessment<\/h1>\n                                                                                                    <div class=\"hero-text\">\n                                        <p>Machen Sie diesen kurzen Selbsttest, um herauszufinden, wie gut Ihre Organisation auf den Einsatz von KI vorbereitet ist. Beantworten Sie einfach sechs Fragen in etwa 5 Minuten, und wir zeigen Ihnen, wie weit Ihre Produktdaten bereits f\u00fcr KI geeignet sind. Au\u00dferdem erhalten Sie wertvolle Empfehlungen, wie Sie Ihre Daten optimieren k\u00f6nnen, um Wachstum zu f\u00f6rdern und erstklassige Produkterfahrungen zu erm\u00f6glichen.<\/p>\n                                    <\/div>\n                                                                                                    <div class=\"hero-buttons\">\n                                                                                                                                    <div>\n                                                    <a class=\"btn btn-primary btn-lg\" href=\"#self-assessment\"><span class=\"initial text\">Jetzt starten<\/span><span class=\"background-text\">Jetzt starten<\/span><span class=\"hovered text\">Jetzt starten<\/span><\/a>                                                <\/div>\n                                                                                                                        <\/div>\n                                                            <\/div>\n                        <\/div>\n                                                    <div class=\"col-lg-5\">\n                                                                    <div class=\"hero-image\">\n                                        <img decoding=\"async\" src=\"https:\/\/www.akeneo.com\/wp-content\/uploads\/2024\/09\/web-assets-ai-for-PX-hero.png\" alt=\"\">\n                                    <\/div>\n                                \n                                                            <\/div>\n                                            <\/div>\n\n                        <\/div>\n<\/section>  \n\n\n\n<section id=\"content-block_69adc4e251ee02f9927c5abe4ecb6267\" class=\"py-6 py-md-8 \">\n    <div class=\"container\">\n        <div class=\"row justify-content-between align-items-center g-3 \">\n            <div class=\"col-lg-6\">\n                <div class=\"w-lg-70 mx-auto\">\n                                            <h2 class=\"text-primary-blackstar\">Definieren Sie Ihren eigenen Erfolg<\/h2>\n                    \n                    \n                    <div class=\"text-editor fs-md text-primary-blackstar\">\n                                                    <p>K\u00fcnstliche Intelligenz (KI) ist ein leistungsf\u00e4higes Werkzeug \u2013 aber kein Wundermittel.<\/p>\n<p>Sie kann keine eigenen Gedanken entwickeln, sondern verarbeitet und nutzt nur die Daten, die ihr zuvor beigebracht wurden. KI erkennt Muster in diesen Daten und trifft darauf basierend intelligente Vorhersagen. Dabei h\u00e4ngt die Qualit\u00e4t der Ergebnisse direkt von der Qualit\u00e4t der zugrunde liegenden Produktinformationen ab.<\/p>\n<p>Deshalb ist es entscheidend, vor dem Einsatz von KI eine sorgf\u00e4ltige Analyse Ihrer Daten durchzuf\u00fchren. Stellen Sie sicher, dass Ihre Daten konsistent, vollst\u00e4ndig und umfassend sind, um die besten Resultate zu erzielen.<\/p>\n<p>Lassen Sie uns die 6 wesentlichen Kriterien betrachten, die Ihre Daten erf\u00fcllen sollten, um das volle Potenzial der KI-Technologie auszusch\u00f6pfen \u2013 und bewerten Sie dabei direkt, wie gut Ihre Produktdaten bereits auf KI vorbereitet sind.<\/p>\n                                                                    <\/div>\n                                                                                <\/div>\n            <\/div>\n                            <div class=\"col-lg-6 text-center\">\n                                            <img decoding=\"async\" src=\"https:\/\/www.akeneo.com\/wp-content\/uploads\/2023\/09\/web-assets-ai-for-PX-collect-and-cleanse.png\" alt=\"\">\n                    \n                                    <\/div>\n                    <\/div>\n    <\/div>\n<\/section>\n\n\n\n<section id=\"cards-block_2d4746f64ab18d3630819d292e4e6c95\" class=\" py-6 py-md-8  \">\n  \n  <div class=\"container\">\n          <div class=\"row\">\n        <div class=\"col-md-10 col-lg-8 mx-md-auto\">\n          <div class=\" text-center mb-4\">\n                          <h2 class=\"mb-0 text-primary-blackstar\">Was ist KI f\u00fcr PX?<\/h2>\n                                      <div class=\"text-editor fs-md mt-2\">\n                <p>In einer Welt, in der KI in aller Munde ist, kann es schwierig sein zu verstehen, wie k\u00fcnstliche Intelligenz (KI) f\u00fcr Product Experience (PX) eingesetzt wird und welche Vorteile dies f\u00fcr Ihr Unternehmen haben kann. Bei KI f\u00fcr PX geht es darum, einige der innovativsten KI-Technologien zu nutzen, um effiziente, hyperpersonalisierte Product Experience \u00fcber eine Reihe von digitalen und physischen Touchpoints zu schaffen. Das Potenzial dieser Technologien wurde bereits in den h\u00f6chsten T\u00f6nen gelobt, aber drei davon sind es wert, nochmals erw\u00e4hnt zu werden:<\/p>\n              <\/div>\n                      <\/div>\n        <\/div>\n      <\/div>\n              <div class=\"row justify-content-center g-3 row-cols-lg-3\">\n                  <div>\n            <div class=\"basic-card  basic-card-move-up\">\n                              <div class=\"basic-card-image\" style=\"max-width:\">\n                  <img decoding=\"async\"  src=\"https:\/\/www.akeneo.com\/wp-content\/uploads\/2023\/09\/Files@2x.png\" alt=\"\">\n                <\/div>\n                            <div class=\"basic-card-content\">\n                                  <h4 class=\"basic-card-title\">\n                    Automatische Generierung von Produktinhalten                                      <\/h4>\n                                                <div class=\"basic-card-text\">\n                                      <p>Generieren Sie Produktinhalte, die auf jeden einzelnen Markt, jede Sprache und jede Plattform zugeschnitten sind, und steigern Sie so die Gesch\u00e4ftsm\u00f6glichkeiten und die Reichweite Ihrer Marke.<\/p>\n                                                    <\/div>\n\n\n                              <\/div>\n            <\/div>\n          <\/div>\n                  <div>\n            <div class=\"basic-card  basic-card-move-up\">\n                              <div class=\"basic-card-image\" style=\"max-width:\">\n                  <img decoding=\"async\"  src=\"https:\/\/www.akeneo.com\/wp-content\/uploads\/2023\/09\/Raise@2x.png\" alt=\"\">\n                <\/div>\n                            <div class=\"basic-card-content\">\n                                  <h4 class=\"basic-card-title\">\n                    Verbesserte Arbeitsautomatisierung                                      <\/h4>\n                                                <div class=\"basic-card-text\">\n                                      <p>Beseitigen Sie langwierige manuelle Aufgaben und steigern Sie die betriebliche Effizienz und die Zufriedenheit der Mitarbeiter.<\/p>\n                                                    <\/div>\n\n\n                              <\/div>\n            <\/div>\n          <\/div>\n                  <div>\n            <div class=\"basic-card  basic-card-move-up\">\n                              <div class=\"basic-card-image\" style=\"max-width:\">\n                  <img decoding=\"async\"  src=\"https:\/\/www.akeneo.com\/wp-content\/uploads\/2023\/09\/Contact@2x.png\" alt=\"\">\n                <\/div>\n                            <div class=\"basic-card-content\">\n                                  <h4 class=\"basic-card-title\">\n                    Intelligenter Kundensupport                                      <\/h4>\n                                                <div class=\"basic-card-text\">\n                                      <p>KI kann dazu beitragen, Kundensupport-Teams zu entlasten und sie hocheffizient zu machen, was wiederum zu einer h\u00f6heren Kundenzufriedenheit f\u00fchrt.<\/p>\n                                                    <\/div>\n\n\n                              <\/div>\n            <\/div>\n          <\/div>\n              <\/div>\n              <div class=\"mt-3 text-center\">\n              <\/div>\n      <\/div>\n<\/section>\n\n\n\n<section id=\"self-assessment\" class=\"\">\n  <div class=\"container\">\n    <div class=\"row\">\n      <div class=\"col-12\">\n        <div class=\"embed-survey\" data-url=\"pdaireadiness?lang=en\"><\/div>\n      <\/div>\n    <\/div>\n  <\/div>\n<\/section>\n\n  <script defer async src=\"https:\/\/s.pointerpro.com\/js\/embed.js\"><\/script>\n\n\n\n<section class=\"py-6 py-md-8 \">\n        <div class=\"container\">\n        <div class=\"row\">\n            <div class=\"col-12\">\n                <div class=\"cta px-lg-8 py-3 bg-secondary\">\n                    <div class=\"cta-content\">\n                                                    <h2 class=\"cta-title\">Sind Sie bereit, den n\u00e4chsten Schritt zu tun?<\/h2>\n                                                                            <div class=\"cta-text fs-xl\">\n                                <p>Unsere Akeneo-Experten sind hier, um alle Ihre Fragen zu unseren Produkten zu beantworten und Ihnen zu helfen, auf Ihrer PXM-Reise voranzukommen.<\/p>\n                            <\/div>\n                                            <\/div>\n                                            <div class=\"cta-cards\">\n                            <div class=\"row row-cols-md-2 g-2\">\n                                                                    <div>\n                                        <a href=\"https:\/\/www.akeneo.com\/de\/demo\/\" class=\"icon-card icon-card-framed icon-card-dark\">\n                                                                                        <div class=\"icon-card-content\">\n                                                <h6 class=\"icon-card-title\">Demo anfordern<\/h6>\n                                                                                                <span class=\"icon-card-link\">Verbinden Sie sich mit uns <svg class=\"svg-icon fs-sm\"><use xmlns:xlink=\"http:\/\/www.w3.org\/1999\/xlink\" xlink:href=\"https:\/\/www.akeneo.com\/wp-content\/themes\/akeneo\/assets\/sprite\/icons.svg#icon-chevron-right\"><\/use><\/svg><\/span>\n                                            <\/div>\n                                        <\/a>\n                                    <\/div>\n                                                                    <div>\n                                        <a href=\"https:\/\/www.akeneo.com\/de\/compare-packages\/\" class=\"icon-card icon-card-framed icon-card-dark\">\n                                                                                        <div class=\"icon-card-content\">\n                                                <h6 class=\"icon-card-title\">Entdecken Sie die Akeneo PIM-Editionen<\/h6>\n                                                                                                <span class=\"icon-card-link\">Editionen vergleichen <svg class=\"svg-icon fs-sm\"><use xmlns:xlink=\"http:\/\/www.w3.org\/1999\/xlink\" xlink:href=\"https:\/\/www.akeneo.com\/wp-content\/themes\/akeneo\/assets\/sprite\/icons.svg#icon-chevron-right\"><\/use><\/svg><\/span>\n                                            <\/div>\n                                        <\/a>\n                                    <\/div>\n                                                            <\/div>\n                        <\/div>\n                                    <\/div>\n            <\/div>\n        <\/div>\n    <\/div>\n<\/section>","protected":false},"excerpt":{"rendered":"","protected":false},"author":12,"featured_media":52995,"parent":0,"menu_order":0,"comment_status":"closed","ping_status":"closed","template":"","meta":{"_acf_changed":true,"footnotes":""},"class_list":["post-61583","page","type-page","status-publish","has-post-thumbnail","hentry"],"acf":[],"yoast_head":"<!-- This site is optimized with the Yoast SEO Premium plugin v26.7 (Yoast SEO v26.7) - https:\/\/yoast.com\/wordpress\/plugins\/seo\/ -->\n<title>Product Data AI Readiness - Self Assessment | Akeneo<\/title>\n<meta name=\"robots\" content=\"index, follow, max-snippet:-1, max-image-preview:large, max-video-preview:-1\" \/>\n<link rel=\"canonical\" href=\"https:\/\/www.akeneo.com\/de\/product-data-ai-readiness-self-assessment\/\" \/>\n<meta property=\"og:locale\" content=\"de_DE\" \/>\n<meta property=\"og:type\" content=\"article\" \/>\n<meta property=\"og:title\" content=\"Product Data AI Readiness - Self Assessment | Akeneo\" \/>\n<meta property=\"og:url\" content=\"https:\/\/www.akeneo.com\/de\/product-data-ai-readiness-self-assessment\/\" \/>\n<meta property=\"og:site_name\" content=\"Akeneo\" \/>\n<meta property=\"article:modified_time\" content=\"2025-05-21T10:00:09+00:00\" \/>\n<meta property=\"og:image\" content=\"https:\/\/www.akeneo.com\/wp-content\/uploads\/2024\/09\/web-assets-ai-for-PX-hero.png\" \/>\n\t<meta property=\"og:image:width\" content=\"1010\" \/>\n\t<meta property=\"og:image:height\" content=\"1081\" \/>\n\t<meta property=\"og:image:type\" content=\"image\/png\" \/>\n<meta name=\"twitter:card\" content=\"summary_large_image\" \/>\n<meta name=\"twitter:label1\" content=\"Gesch\u00e4tzte Lesezeit\" \/>\n\t<meta name=\"twitter:data1\" content=\"1 Minute\" \/>\n<script type=\"application\/ld+json\" class=\"yoast-schema-graph\">{\"@context\":\"https:\/\/schema.org\",\"@graph\":[{\"@type\":\"WebPage\",\"@id\":\"https:\/\/www.akeneo.com\/de\/product-data-ai-readiness-self-assessment\/\",\"url\":\"https:\/\/www.akeneo.com\/de\/product-data-ai-readiness-self-assessment\/\",\"name\":\"Product Data AI Readiness - Self Assessment | Akeneo\",\"isPartOf\":{\"@id\":\"https:\/\/www.akeneo.com\/de\/#website\"},\"primaryImageOfPage\":{\"@id\":\"https:\/\/www.akeneo.com\/de\/product-data-ai-readiness-self-assessment\/#primaryimage\"},\"image\":{\"@id\":\"https:\/\/www.akeneo.com\/de\/product-data-ai-readiness-self-assessment\/#primaryimage\"},\"thumbnailUrl\":\"https:\/\/www.akeneo.com\/wp-content\/uploads\/2024\/09\/web-assets-ai-for-PX-hero.png\",\"datePublished\":\"2025-05-20T21:33:05+00:00\",\"dateModified\":\"2025-05-21T10:00:09+00:00\",\"inLanguage\":\"de-DE\",\"potentialAction\":[{\"@type\":\"ReadAction\",\"target\":[\"https:\/\/www.akeneo.com\/de\/product-data-ai-readiness-self-assessment\/\"]}]},{\"@type\":\"ImageObject\",\"inLanguage\":\"de-DE\",\"@id\":\"https:\/\/www.akeneo.com\/de\/product-data-ai-readiness-self-assessment\/#primaryimage\",\"url\":\"https:\/\/www.akeneo.com\/wp-content\/uploads\/2024\/09\/web-assets-ai-for-PX-hero.png\",\"contentUrl\":\"https:\/\/www.akeneo.com\/wp-content\/uploads\/2024\/09\/web-assets-ai-for-PX-hero.png\",\"width\":1010,\"height\":1081},{\"@type\":\"WebSite\",\"@id\":\"https:\/\/www.akeneo.com\/de\/#website\",\"url\":\"https:\/\/www.akeneo.com\/de\/\",\"name\":\"Akeneo\",\"description\":\"\",\"publisher\":{\"@id\":\"https:\/\/www.akeneo.com\/de\/#organization\"},\"potentialAction\":[{\"@type\":\"SearchAction\",\"target\":{\"@type\":\"EntryPoint\",\"urlTemplate\":\"https:\/\/www.akeneo.com\/de\/?s={search_term_string}\"},\"query-input\":{\"@type\":\"PropertyValueSpecification\",\"valueRequired\":true,\"valueName\":\"search_term_string\"}}],\"inLanguage\":\"de-DE\"},{\"@type\":\"Organization\",\"@id\":\"https:\/\/www.akeneo.com\/de\/#organization\",\"name\":\"Akeneo\",\"url\":\"https:\/\/www.akeneo.com\/de\/\",\"logo\":{\"@type\":\"ImageObject\",\"inLanguage\":\"de-DE\",\"@id\":\"https:\/\/www.akeneo.com\/de\/#\/schema\/logo\/image\/\",\"url\":\"https:\/\/www.akeneo.com\/wp-content\/uploads\/2019\/08\/logo-kjus.png\",\"contentUrl\":\"https:\/\/www.akeneo.com\/wp-content\/uploads\/2019\/08\/logo-kjus.png\",\"width\":1,\"height\":1,\"caption\":\"Akeneo\"},\"image\":{\"@id\":\"https:\/\/www.akeneo.com\/de\/#\/schema\/logo\/image\/\"}}]}<\/script>\n<!-- \/ Yoast SEO Premium plugin. -->","yoast_head_json":{"title":"Product Data AI Readiness - Self Assessment | Akeneo","robots":{"index":"index","follow":"follow","max-snippet":"max-snippet:-1","max-image-preview":"max-image-preview:large","max-video-preview":"max-video-preview:-1"},"canonical":"https:\/\/www.akeneo.com\/de\/product-data-ai-readiness-self-assessment\/","og_locale":"de_DE","og_type":"article","og_title":"Product Data AI Readiness - Self Assessment | Akeneo","og_url":"https:\/\/www.akeneo.com\/de\/product-data-ai-readiness-self-assessment\/","og_site_name":"Akeneo","article_modified_time":"2025-05-21T10:00:09+00:00","og_image":[{"width":1010,"height":1081,"url":"https:\/\/www.akeneo.com\/wp-content\/uploads\/2024\/09\/web-assets-ai-for-PX-hero.png","type":"image\/png"}],"twitter_card":"summary_large_image","twitter_misc":{"Gesch\u00e4tzte Lesezeit":"1 Minute"},"schema":{"@context":"https:\/\/schema.org","@graph":[{"@type":"WebPage","@id":"https:\/\/www.akeneo.com\/de\/product-data-ai-readiness-self-assessment\/","url":"https:\/\/www.akeneo.com\/de\/product-data-ai-readiness-self-assessment\/","name":"Product Data AI Readiness - Self Assessment | Akeneo","isPartOf":{"@id":"https:\/\/www.akeneo.com\/de\/#website"},"primaryImageOfPage":{"@id":"https:\/\/www.akeneo.com\/de\/product-data-ai-readiness-self-assessment\/#primaryimage"},"image":{"@id":"https:\/\/www.akeneo.com\/de\/product-data-ai-readiness-self-assessment\/#primaryimage"},"thumbnailUrl":"https:\/\/www.akeneo.com\/wp-content\/uploads\/2024\/09\/web-assets-ai-for-PX-hero.png","datePublished":"2025-05-20T21:33:05+00:00","dateModified":"2025-05-21T10:00:09+00:00","inLanguage":"de-DE","potentialAction":[{"@type":"ReadAction","target":["https:\/\/www.akeneo.com\/de\/product-data-ai-readiness-self-assessment\/"]}]},{"@type":"ImageObject","inLanguage":"de-DE","@id":"https:\/\/www.akeneo.com\/de\/product-data-ai-readiness-self-assessment\/#primaryimage","url":"https:\/\/www.akeneo.com\/wp-content\/uploads\/2024\/09\/web-assets-ai-for-PX-hero.png","contentUrl":"https:\/\/www.akeneo.com\/wp-content\/uploads\/2024\/09\/web-assets-ai-for-PX-hero.png","width":1010,"height":1081},{"@type":"WebSite","@id":"https:\/\/www.akeneo.com\/de\/#website","url":"https:\/\/www.akeneo.com\/de\/","name":"Akeneo","description":"","publisher":{"@id":"https:\/\/www.akeneo.com\/de\/#organization"},"potentialAction":[{"@type":"SearchAction","target":{"@type":"EntryPoint","urlTemplate":"https:\/\/www.akeneo.com\/de\/?s={search_term_string}"},"query-input":{"@type":"PropertyValueSpecification","valueRequired":true,"valueName":"search_term_string"}}],"inLanguage":"de-DE"},{"@type":"Organization","@id":"https:\/\/www.akeneo.com\/de\/#organization","name":"Akeneo","url":"https:\/\/www.akeneo.com\/de\/","logo":{"@type":"ImageObject","inLanguage":"de-DE","@id":"https:\/\/www.akeneo.com\/de\/#\/schema\/logo\/image\/","url":"https:\/\/www.akeneo.com\/wp-content\/uploads\/2019\/08\/logo-kjus.png","contentUrl":"https:\/\/www.akeneo.com\/wp-content\/uploads\/2019\/08\/logo-kjus.png","width":1,"height":1,"caption":"Akeneo"},"image":{"@id":"https:\/\/www.akeneo.com\/de\/#\/schema\/logo\/image\/"}}]}},"_links":{"self":[{"href":"https:\/\/www.akeneo.com\/de\/wp-json\/wp\/v2\/pages\/61583","targetHints":{"allow":["GET"]}}],"collection":[{"href":"https:\/\/www.akeneo.com\/de\/wp-json\/wp\/v2\/pages"}],"about":[{"href":"https:\/\/www.akeneo.com\/de\/wp-json\/wp\/v2\/types\/page"}],"author":[{"embeddable":true,"href":"https:\/\/www.akeneo.com\/de\/wp-json\/wp\/v2\/users\/12"}],"replies":[{"embeddable":true,"href":"https:\/\/www.akeneo.com\/de\/wp-json\/wp\/v2\/comments?post=61583"}],"version-history":[{"count":0,"href":"https:\/\/www.akeneo.com\/de\/wp-json\/wp\/v2\/pages\/61583\/revisions"}],"wp:featuredmedia":[{"embeddable":true,"href":"https:\/\/www.akeneo.com\/de\/wp-json\/wp\/v2\/media\/52995"}],"wp:attachment":[{"href":"https:\/\/www.akeneo.com\/de\/wp-json\/wp\/v2\/media?parent=61583"}],"curies":[{"name":"wp","href":"https:\/\/api.w.org\/{rel}","templated":true}]}}