{"id":50479,"date":"2022-09-21T07:54:58","date_gmt":"2022-09-21T07:54:58","guid":{"rendered":"https:\/\/www.akeneo.com\/werden-sie-akeneo-partner\/"},"modified":"2024-09-23T09:16:02","modified_gmt":"2024-09-23T09:16:02","slug":"werden-sie-akeneo-partner","status":"publish","type":"page","link":"https:\/\/www.akeneo.com\/de\/werden-sie-akeneo-partner\/","title":{"rendered":"Werden Sie Akeneo Partner"},"content":{"rendered":"\n  <section class=\"hero hero-light  \" >\n    <div class=\"container\">\n                            <div class=\"row justify-content-between align-items-center g-3\">\n                        <div class=\"col-lg-6\">\n                            <div class=\"hero-content\">\n                                                                \n                                \n                                                                    <h1 class=\"hero-title\">Werden Sie Akeneo Partner<\/h1>\n                                                                                                    <div class=\"hero-text\">\n                                        <p><span style=\"font-weight: 400;\">Schlie\u00dfen Sie sich dem erstklassigen \u00d6kosystem von Akeneo Technologiepartnern und Systemintegratoren an, die sich daf\u00fcr einsetzen, Kunden \u00fcberzeugende, konsistente Produkterlebnisse zu bieten. Erhalten Sie Zugang zu einem Netzwerk von Branchenexperten und L\u00f6sungen, die an der Entwicklung und Umsetzung von Product Experience Strategien arbeiten und mit den besten Technologien zusammenarbeiten, um die Erfassung, die Anreicherung und die Aktivierung von Produktinformationen zu optimieren.<\/span><\/p>\n                                    <\/div>\n                                                                                            <\/div>\n                        <\/div>\n                                                    <div class=\"col-lg-5\">\n                                                                    <div class=\"hero-image\">\n                                        <img decoding=\"async\" src=\"https:\/\/www.akeneo.com\/wp-content\/uploads\/2022\/12\/web-assets-Partners-hero@2x-1122x1200.png\" alt=\"\">\n                                    <\/div>\n                                \n                                                            <\/div>\n                                            <\/div>\n\n                        <\/div>\n<\/section>  \n\n\n\n<section id=\"logos-block_f75f95c6ad66fb8d902a781995ed573e\" class=\"py-2 py-md-3\">\n            <div class=\"text-editor fs-md text-center mb-1 px-2 text-primary-blackstar fw-normal\">\n        <p><span style=\"font-weight: 400;\">Treten Sie einem Netzwerk von erstklassigen Akeneo Partnern bei<\/span><\/p>\n      <\/div>\n    \n                <div class=\"row row-cols-2 row-cols-md-3 row-cols-lg-6 g-3 justify-content-center\">\n                              <img decoding=\"async\" class=\"logo-card-image\" src=\"https:\/\/www.akeneo.com\/wp-content\/uploads\/2023\/02\/salesforce-logo.jpg\" alt=\"\">\n                                  <img decoding=\"async\" class=\"logo-card-image\" src=\"https:\/\/www.akeneo.com\/wp-content\/uploads\/2023\/02\/adobe-cc-logo.jpg\" alt=\"\">\n                                  <img decoding=\"async\" class=\"logo-card-image\" src=\"https:\/\/www.akeneo.com\/wp-content\/uploads\/2023\/02\/sap-logo.jpg\" alt=\"\">\n                                  <img decoding=\"async\" class=\"logo-card-image\" src=\"https:\/\/www.akeneo.com\/wp-content\/uploads\/2023\/02\/bynder-logo.jpg\" alt=\"\">\n                                  <img decoding=\"async\" class=\"logo-card-image\" src=\"https:\/\/www.akeneo.com\/wp-content\/uploads\/2023\/02\/big-commerce-logo.jpg\" alt=\"\">\n                                  <img decoding=\"async\" class=\"logo-card-image\" src=\"https:\/\/www.akeneo.com\/wp-content\/uploads\/2023\/02\/google-shopping-logo.jpg\" alt=\"\">\n                  <\/div>\n          \n    <\/section>\n\n\n<section id=\"content-block_fd224729adddb2c36a9083ee941488a3\" class=\"py-6 py-md-8 \">\n    <div class=\"container\">\n        <div class=\"row justify-content-between align-items-center g-3 \">\n            <div class=\"col-lg-6\">\n                <div class=\"w-lg-70 mx-auto\">\n                                            <h2 class=\"text-primary-blackstar\">Systemintegratoren<\/h2>\n                    \n                    \n                    <div class=\"text-editor fs-md text-primary-blackstar\">\n                                                    <p><span style=\"font-weight: 400;\">Akeneos Systemintegratoren liefern erg\u00e4nzende Dienstleistungen, um sicherzustellen, dass Kunden Akeneo erfolgreich in ihr Technologie-\u00d6kosystem einf\u00fcgen. Akeneo bietet seinen Systemintegratoren Zugang zu Schulungen und Zertifizierungen, um eine erfolgreiche Implementierung von Akeneo PIM sicherzustellen.<\/span><\/p>\n                                                                    <\/div>\n                                                                        <a class=\"d-inline-block fs-md fw-medium mt-2  px-0 \" href=\"https:\/\/www.akeneo.com\/de\/solution-partners\/\"><span class=\"initial text\">Jetzt beitreten<svg class=\"svg-icon fs-sm ms-1\"><use xmlns:xlink=\"http:\/\/www.w3.org\/1999\/xlink\" xlink:href=\"https:\/\/www.akeneo.com\/wp-content\/themes\/akeneo\/assets\/sprite\/icons.svg#icon-chevron-right\"><\/use><\/svg><\/span><span class=\"background-text\">Jetzt beitreten<svg class=\"svg-icon fs-sm ms-1\"><use xmlns:xlink=\"http:\/\/www.w3.org\/1999\/xlink\" xlink:href=\"https:\/\/www.akeneo.com\/wp-content\/themes\/akeneo\/assets\/sprite\/icons.svg#icon-chevron-right\"><\/use><\/svg><\/span><span class=\"hovered text\">Jetzt beitreten<svg class=\"svg-icon fs-sm ms-1\"><use xmlns:xlink=\"http:\/\/www.w3.org\/1999\/xlink\" xlink:href=\"https:\/\/www.akeneo.com\/wp-content\/themes\/akeneo\/assets\/sprite\/icons.svg#icon-chevron-right\"><\/use><\/svg><\/span><\/a>                                                            <\/div>\n            <\/div>\n                            <div class=\"col-lg-6 text-center\">\n                                            <div class=\"torch-container\">\n                            <img decoding=\"async\" src=\"https:\/\/www.akeneo.com\/wp-content\/uploads\/2022\/01\/web-assets-Akeneo-Partners-Solution-Partners-1200x1200.png\" alt=\"\">\n                                                    <\/div>\n                    \n                                    <\/div>\n                    <\/div>\n    <\/div>\n<\/section>\n\n\n\n<section id=\"content-block_c4e26705a061e12c3e278a167f303f8b\" class=\"py-6 py-md-8 \">\n    <div class=\"container\">\n        <div class=\"row justify-content-between align-items-center g-3 flex-lg-row-reverse\">\n            <div class=\"col-lg-6\">\n                <div class=\"w-lg-70 mx-auto\">\n                                            <h2 class=\"text-primary-blackstar\">Technologiepartner<\/h2>\n                    \n                    \n                    <div class=\"text-editor fs-md text-primary-blackstar\">\n                                                    <p><span style=\"font-weight: 400;\">Akeneos Technologiepartner verbessern die PIM-Erfahrung, indem sie die Funktionalit\u00e4t von Akeneo PIM mit zus\u00e4tzlichen Funktionen oder Anwendungen von Drittanbietern erweitern. Sie sind Experten in den Bereichen eCommerce, Druck, \u00dcbersetzung und mehr. Sie bieten zus\u00e4tzliche Verbindungswerkzeuge, um eine vollst\u00e4ndige und ma\u00dfgeschneiderte PIM-L\u00f6sung zu schaffen.<\/span><\/p>\n                                                                    <\/div>\n                                                                        <a class=\"d-inline-block fs-md fw-medium mt-2  px-0 \" href=\"https:\/\/www.akeneo.com\/de\/technology-partners\/\"><span class=\"initial text\">Jetzt beitreten<svg class=\"svg-icon fs-sm ms-1\"><use xmlns:xlink=\"http:\/\/www.w3.org\/1999\/xlink\" xlink:href=\"https:\/\/www.akeneo.com\/wp-content\/themes\/akeneo\/assets\/sprite\/icons.svg#icon-chevron-right\"><\/use><\/svg><\/span><span class=\"background-text\">Jetzt beitreten<svg class=\"svg-icon fs-sm ms-1\"><use xmlns:xlink=\"http:\/\/www.w3.org\/1999\/xlink\" xlink:href=\"https:\/\/www.akeneo.com\/wp-content\/themes\/akeneo\/assets\/sprite\/icons.svg#icon-chevron-right\"><\/use><\/svg><\/span><span class=\"hovered text\">Jetzt beitreten<svg class=\"svg-icon fs-sm ms-1\"><use xmlns:xlink=\"http:\/\/www.w3.org\/1999\/xlink\" xlink:href=\"https:\/\/www.akeneo.com\/wp-content\/themes\/akeneo\/assets\/sprite\/icons.svg#icon-chevron-right\"><\/use><\/svg><\/span><\/a>                                                            <\/div>\n            <\/div>\n                            <div class=\"col-lg-6 text-center\">\n                                            <div class=\"torch-container\">\n                            <img decoding=\"async\" src=\"https:\/\/www.akeneo.com\/wp-content\/uploads\/2022\/01\/web-assets-Akeneo-Partners-Technology-Partners-1200x1200.png\" alt=\"\">\n                                                    <\/div>\n                    \n                                    <\/div>\n                    <\/div>\n    <\/div>\n<\/section>\n\n\n\n<section id=\"content-block_7e76b41478135999ae56461e88aa08a1\" class=\"py-6 py-md-8 \">\n    <div class=\"container\">\n        <div class=\"row justify-content-between align-items-center g-3 \">\n            <div class=\"col-lg-6\">\n                <div class=\"w-lg-70 mx-auto\">\n                                            <h2 class=\"text-primary-blackstar\">Akeneo App Store<\/h2>\n                    \n                    \n                    <div class=\"text-editor fs-md text-primary-blackstar\">\n                                                    <p><span style=\"font-weight: 400;\">Heutzutage sind Apps eine makellose M\u00f6glichkeit, Akeneo PIM mit den besten Technologien von Drittanbietern zu verbinden. Durch die Erstellung einer App k\u00f6nnen Sie Ihre TCO durch einige vorgefertigte App-Funktionen, wie step-by-step Activation und Filterung, oder Mapping-Kataloge, die von Akeneo zur Verf\u00fcgung gestellt werden, reduzieren. Au\u00dferdem profitieren Sie von neuen Funktionen, die wir im Laufe des Jahres ver\u00f6ffentlichen. Einige der Vorteile einer Mitgliedschaft im Akeneo App Store sind:<\/span><\/p>\n<p>&nbsp;<\/p>\n<ul>\n<li style=\"font-weight: 400;\" aria-level=\"1\"><span style=\"font-weight: 400;\">Das Akeneo App Entwickler-Startpaket<\/span><\/li>\n<li style=\"font-weight: 400;\" aria-level=\"1\"><span style=\"font-weight: 400;\">H\u00f6here Sichtbarkeit f\u00fcr Apps im Akeneo App Store und innerhalb von Akeneo PIM<\/span><\/li>\n<li style=\"font-weight: 400;\" aria-level=\"1\"><span style=\"font-weight: 400;\">Erh\u00f6hte Unterst\u00fctzung durch Akeneo<\/span><\/li>\n<li style=\"font-weight: 400;\" aria-level=\"1\"><span style=\"font-weight: 400;\">Akeneo App-Zertifizierung<\/span><\/li>\n<li style=\"font-weight: 400;\" aria-level=\"1\"><span style=\"font-weight: 400;\">Mehr Co-Marketing-M\u00f6glichkeiten (nur f\u00fcr zertifizierte Apps)<\/span><\/li>\n<\/ul>\n                                                                    <\/div>\n                                                                        <a class=\"d-inline-block fs-md fw-medium mt-2  px-0 \" href=\"https:\/\/api.akeneo.com\/apps\/overview.html \" target=\"_blank\"><span class=\"initial text\">Mehr erfahren<svg class=\"svg-icon fs-sm ms-1\"><use xmlns:xlink=\"http:\/\/www.w3.org\/1999\/xlink\" xlink:href=\"https:\/\/www.akeneo.com\/wp-content\/themes\/akeneo\/assets\/sprite\/icons.svg#icon-chevron-right\"><\/use><\/svg><\/span><span class=\"background-text\">Mehr erfahren<svg class=\"svg-icon fs-sm ms-1\"><use xmlns:xlink=\"http:\/\/www.w3.org\/1999\/xlink\" xlink:href=\"https:\/\/www.akeneo.com\/wp-content\/themes\/akeneo\/assets\/sprite\/icons.svg#icon-chevron-right\"><\/use><\/svg><\/span><span class=\"hovered text\">Mehr erfahren<svg class=\"svg-icon fs-sm ms-1\"><use xmlns:xlink=\"http:\/\/www.w3.org\/1999\/xlink\" xlink:href=\"https:\/\/www.akeneo.com\/wp-content\/themes\/akeneo\/assets\/sprite\/icons.svg#icon-chevron-right\"><\/use><\/svg><\/span><\/a>                                                            <\/div>\n            <\/div>\n                            <div class=\"col-lg-6 text-center\">\n                                            <div class=\"torch-container\">\n                            <img decoding=\"async\" src=\"https:\/\/www.akeneo.com\/wp-content\/uploads\/2022\/12\/web-assets-Become-Partners-Akeneo-App-Store-1200x1200.png\" alt=\"\">\n                                                    <\/div>\n                    \n                                    <\/div>\n                    <\/div>\n    <\/div>\n<\/section>\n\n\n\n<section id=\"content-block_c224284868c40fb2e16810da968900a9\" class=\"py-6 py-md-8 \">\n    <div class=\"container\">\n        <div class=\"row justify-content-between align-items-center g-3 flex-lg-row-reverse\">\n            <div class=\"col-lg-6\">\n                <div class=\"w-lg-70 mx-auto\">\n                                            <h2 class=\"text-primary-blackstar\">Akeneo Partner Akademy<\/h2>\n                    \n                    \n                    <div class=\"text-editor fs-md text-primary-blackstar\">\n                                                    <p>Erschlie\u00dfen Sie das volle Potenzial Ihrer F\u00e4higkeiten! Melden Sie sich jetzt an, um exklusiven Zugang zu unserer umfassenden Kursbibliothek und dem Onboarding zu erhalten. Erweitern Sie Ihr Fachwissen und erwerben Sie die notwendigen F\u00e4higkeiten, um Akeneo-Kunden erstklassige Dienstleistungen zu bieten. Treten Sie unserer Plattform bei und machen Sie den n\u00e4chsten Schritt, um Ihre beruflichen F\u00e4higkeiten zu verbessern.<\/p>\n                                                                    <\/div>\n                                                                        <a class=\"d-inline-block fs-md fw-medium mt-2  px-0 \" href=\"https:\/\/partner-akademy.akeneo.com\/\" target=\"_blank\"><span class=\"initial text\">Jetzt Anmelden<svg class=\"svg-icon fs-sm ms-1\"><use xmlns:xlink=\"http:\/\/www.w3.org\/1999\/xlink\" xlink:href=\"https:\/\/www.akeneo.com\/wp-content\/themes\/akeneo\/assets\/sprite\/icons.svg#icon-chevron-right\"><\/use><\/svg><\/span><span class=\"background-text\">Jetzt Anmelden<svg class=\"svg-icon fs-sm ms-1\"><use xmlns:xlink=\"http:\/\/www.w3.org\/1999\/xlink\" xlink:href=\"https:\/\/www.akeneo.com\/wp-content\/themes\/akeneo\/assets\/sprite\/icons.svg#icon-chevron-right\"><\/use><\/svg><\/span><span class=\"hovered text\">Jetzt Anmelden<svg class=\"svg-icon fs-sm ms-1\"><use xmlns:xlink=\"http:\/\/www.w3.org\/1999\/xlink\" xlink:href=\"https:\/\/www.akeneo.com\/wp-content\/themes\/akeneo\/assets\/sprite\/icons.svg#icon-chevron-right\"><\/use><\/svg><\/span><\/a>                                                            <\/div>\n            <\/div>\n                            <div class=\"col-lg-6 text-center\">\n                                            <div class=\"torch-container\">\n                            <img decoding=\"async\" src=\"https:\/\/www.akeneo.com\/wp-content\/uploads\/2024\/04\/web-assets-Become-Partners-Akeneo-Partner-Akademy-1200x1200.png\" alt=\"\">\n                                                    <\/div>\n                    \n                                    <\/div>\n                    <\/div>\n    <\/div>\n<\/section>\n\n\n\n<section class=\"py-3 py-md-6 position-relative\">\n            <div class=\"block-background block-background-top\"><\/div>\n        <div class=\"container\">\n        <div class=\"row\">\n            <div class=\"col-12\">\n                <div class=\"cta px-lg-8 py-3 bg-secondary\">\n                    <div class=\"cta-content\">\n                                                    <h2 class=\"cta-title text-gray-100\">Sind Sie bereit f\u00fcr den n\u00e4chsten Schritt?<\/h2>\n                                                                            <div class=\"cta-text text-gray-100\">\n                                <p>Unsere Akeneo-Experten beantworten Ihnen gerne alle Fragen zu unseren Produkten und helfen Ihnen dabei, auf Ihrer PXM-Reise voranzukommen.<\/p>\n                            <\/div>\n                                                                            <div class=\"cta-buttons\">\n                                                                    <div>\n                                        <a class=\"btn-lg btn btn-primary\" href=\"https:\/\/www.akeneo.com\/de\/demo\/\"><span class=\"initial text\">Demo anfordern<\/span><span class=\"background-text\">Demo anfordern<\/span><span class=\"hovered text\">Demo anfordern<\/span><\/a>                                    <\/div>\n                                                            <\/div>\n                                            <\/div>\n                                                                        <div class=\"cta-image\">\n                                <img decoding=\"async\" src=\"https:\/\/www.akeneo.com\/wp-content\/uploads\/2022\/01\/Web-assets-Call-to-Action-large-get-in-contact@2x.png\" alt=\"\">\n                            <\/div>\n                                                            <\/div>\n            <\/div>\n        <\/div>\n    <\/div>\n<\/section>","protected":false},"excerpt":{"rendered":"","protected":false},"author":1,"featured_media":33319,"parent":0,"menu_order":0,"comment_status":"closed","ping_status":"closed","template":"","meta":{"_acf_changed":true,"footnotes":""},"class_list":["post-50479","page","type-page","status-publish","has-post-thumbnail","hentry"],"acf":[],"yoast_head":"<!-- This site is optimized with the Yoast SEO Premium plugin v27.4 (Yoast SEO v27.4) - https:\/\/yoast.com\/product\/yoast-seo-premium-wordpress\/ -->\n<title>Werden Sie Akeneo Partner | Akeneo<\/title>\n<meta name=\"description\" content=\"Treten Sie unserem erstklassigen \u00d6kosystem von Technologiepartnern und Systemintegratoren bei\" \/>\n<meta name=\"robots\" content=\"index, follow, max-snippet:-1, max-image-preview:large, max-video-preview:-1\" \/>\n<link rel=\"canonical\" href=\"https:\/\/www.akeneo.com\/de\/werden-sie-akeneo-partner\/\" \/>\n<meta property=\"og:locale\" content=\"de_DE\" \/>\n<meta property=\"og:type\" content=\"article\" \/>\n<meta property=\"og:title\" content=\"Werden Sie Akeneo Partner | Akeneo\" \/>\n<meta property=\"og:description\" content=\"Treten Sie unserem erstklassigen \u00d6kosystem von Technologiepartnern und Systemintegratoren bei\" \/>\n<meta property=\"og:url\" content=\"https:\/\/www.akeneo.com\/de\/werden-sie-akeneo-partner\/\" \/>\n<meta property=\"og:site_name\" content=\"Akeneo\" \/>\n<meta property=\"article:modified_time\" content=\"2024-09-23T09:16:02+00:00\" \/>\n<meta property=\"og:image\" content=\"https:\/\/www.akeneo.com\/wp-content\/uploads\/2022\/12\/akeneo-ico-featured-image-partners.jpg\" \/>\n\t<meta property=\"og:image:width\" content=\"1\" \/>\n\t<meta property=\"og:image:height\" content=\"1\" \/>\n\t<meta property=\"og:image:type\" content=\"image\/jpeg\" \/>\n<meta name=\"twitter:card\" content=\"summary_large_image\" \/>\n<meta name=\"twitter:label1\" content=\"Gesch\u00e4tzte Lesezeit\" \/>\n\t<meta name=\"twitter:data1\" content=\"1 Minute\" \/>\n<script type=\"application\/ld+json\" class=\"yoast-schema-graph\">{\"@context\":\"https:\\\/\\\/schema.org\",\"@graph\":[{\"@type\":\"WebPage\",\"@id\":\"https:\\\/\\\/www.akeneo.com\\\/de\\\/werden-sie-akeneo-partner\\\/\",\"url\":\"https:\\\/\\\/www.akeneo.com\\\/de\\\/werden-sie-akeneo-partner\\\/\",\"name\":\"Werden Sie Akeneo Partner | Akeneo\",\"isPartOf\":{\"@id\":\"https:\\\/\\\/www.akeneo.com\\\/de\\\/#website\"},\"primaryImageOfPage\":{\"@id\":\"https:\\\/\\\/www.akeneo.com\\\/de\\\/werden-sie-akeneo-partner\\\/#primaryimage\"},\"image\":{\"@id\":\"https:\\\/\\\/www.akeneo.com\\\/de\\\/werden-sie-akeneo-partner\\\/#primaryimage\"},\"thumbnailUrl\":\"https:\\\/\\\/www.akeneo.com\\\/wp-content\\\/uploads\\\/2022\\\/12\\\/akeneo-ico-featured-image-partners.jpg\",\"datePublished\":\"2022-09-21T07:54:58+00:00\",\"dateModified\":\"2024-09-23T09:16:02+00:00\",\"description\":\"Treten Sie unserem erstklassigen \u00d6kosystem von Technologiepartnern und Systemintegratoren bei\",\"inLanguage\":\"de-DE\",\"potentialAction\":[{\"@type\":\"ReadAction\",\"target\":[\"https:\\\/\\\/www.akeneo.com\\\/de\\\/werden-sie-akeneo-partner\\\/\"]}]},{\"@type\":\"ImageObject\",\"inLanguage\":\"de-DE\",\"@id\":\"https:\\\/\\\/www.akeneo.com\\\/de\\\/werden-sie-akeneo-partner\\\/#primaryimage\",\"url\":\"https:\\\/\\\/www.akeneo.com\\\/wp-content\\\/uploads\\\/2022\\\/12\\\/akeneo-ico-featured-image-partners.jpg\",\"contentUrl\":\"https:\\\/\\\/www.akeneo.com\\\/wp-content\\\/uploads\\\/2022\\\/12\\\/akeneo-ico-featured-image-partners.jpg\"},{\"@type\":\"WebSite\",\"@id\":\"https:\\\/\\\/www.akeneo.com\\\/de\\\/#website\",\"url\":\"https:\\\/\\\/www.akeneo.com\\\/de\\\/\",\"name\":\"Akeneo\",\"description\":\"\",\"publisher\":{\"@id\":\"https:\\\/\\\/www.akeneo.com\\\/de\\\/#organization\"},\"potentialAction\":[{\"@type\":\"SearchAction\",\"target\":{\"@type\":\"EntryPoint\",\"urlTemplate\":\"https:\\\/\\\/www.akeneo.com\\\/de\\\/?s={search_term_string}\"},\"query-input\":{\"@type\":\"PropertyValueSpecification\",\"valueRequired\":true,\"valueName\":\"search_term_string\"}}],\"inLanguage\":\"de-DE\"},{\"@type\":\"Organization\",\"@id\":\"https:\\\/\\\/www.akeneo.com\\\/de\\\/#organization\",\"name\":\"Akeneo\",\"url\":\"https:\\\/\\\/www.akeneo.com\\\/de\\\/\",\"logo\":{\"@type\":\"ImageObject\",\"inLanguage\":\"de-DE\",\"@id\":\"https:\\\/\\\/www.akeneo.com\\\/de\\\/#\\\/schema\\\/logo\\\/image\\\/\",\"url\":\"https:\\\/\\\/www.akeneo.com\\\/wp-content\\\/uploads\\\/2019\\\/08\\\/logo-kjus.png\",\"contentUrl\":\"https:\\\/\\\/www.akeneo.com\\\/wp-content\\\/uploads\\\/2019\\\/08\\\/logo-kjus.png\",\"width\":1,\"height\":1,\"caption\":\"Akeneo\"},\"image\":{\"@id\":\"https:\\\/\\\/www.akeneo.com\\\/de\\\/#\\\/schema\\\/logo\\\/image\\\/\"}}]}<\/script>\n<!-- \/ Yoast SEO Premium plugin. -->","yoast_head_json":{"title":"Werden Sie Akeneo Partner | Akeneo","description":"Treten Sie unserem erstklassigen \u00d6kosystem von Technologiepartnern und Systemintegratoren bei","robots":{"index":"index","follow":"follow","max-snippet":"max-snippet:-1","max-image-preview":"max-image-preview:large","max-video-preview":"max-video-preview:-1"},"canonical":"https:\/\/www.akeneo.com\/de\/werden-sie-akeneo-partner\/","og_locale":"de_DE","og_type":"article","og_title":"Werden Sie Akeneo Partner | Akeneo","og_description":"Treten Sie unserem erstklassigen \u00d6kosystem von Technologiepartnern und Systemintegratoren bei","og_url":"https:\/\/www.akeneo.com\/de\/werden-sie-akeneo-partner\/","og_site_name":"Akeneo","article_modified_time":"2024-09-23T09:16:02+00:00","og_image":[{"url":"https:\/\/www.akeneo.com\/wp-content\/uploads\/2022\/12\/akeneo-ico-featured-image-partners.jpg","width":1,"height":1,"type":"image\/jpeg"}],"twitter_card":"summary_large_image","twitter_misc":{"Gesch\u00e4tzte Lesezeit":"1 Minute"},"schema":{"@context":"https:\/\/schema.org","@graph":[{"@type":"WebPage","@id":"https:\/\/www.akeneo.com\/de\/werden-sie-akeneo-partner\/","url":"https:\/\/www.akeneo.com\/de\/werden-sie-akeneo-partner\/","name":"Werden Sie Akeneo Partner | Akeneo","isPartOf":{"@id":"https:\/\/www.akeneo.com\/de\/#website"},"primaryImageOfPage":{"@id":"https:\/\/www.akeneo.com\/de\/werden-sie-akeneo-partner\/#primaryimage"},"image":{"@id":"https:\/\/www.akeneo.com\/de\/werden-sie-akeneo-partner\/#primaryimage"},"thumbnailUrl":"https:\/\/www.akeneo.com\/wp-content\/uploads\/2022\/12\/akeneo-ico-featured-image-partners.jpg","datePublished":"2022-09-21T07:54:58+00:00","dateModified":"2024-09-23T09:16:02+00:00","description":"Treten Sie unserem erstklassigen \u00d6kosystem von Technologiepartnern und Systemintegratoren bei","inLanguage":"de-DE","potentialAction":[{"@type":"ReadAction","target":["https:\/\/www.akeneo.com\/de\/werden-sie-akeneo-partner\/"]}]},{"@type":"ImageObject","inLanguage":"de-DE","@id":"https:\/\/www.akeneo.com\/de\/werden-sie-akeneo-partner\/#primaryimage","url":"https:\/\/www.akeneo.com\/wp-content\/uploads\/2022\/12\/akeneo-ico-featured-image-partners.jpg","contentUrl":"https:\/\/www.akeneo.com\/wp-content\/uploads\/2022\/12\/akeneo-ico-featured-image-partners.jpg"},{"@type":"WebSite","@id":"https:\/\/www.akeneo.com\/de\/#website","url":"https:\/\/www.akeneo.com\/de\/","name":"Akeneo","description":"","publisher":{"@id":"https:\/\/www.akeneo.com\/de\/#organization"},"potentialAction":[{"@type":"SearchAction","target":{"@type":"EntryPoint","urlTemplate":"https:\/\/www.akeneo.com\/de\/?s={search_term_string}"},"query-input":{"@type":"PropertyValueSpecification","valueRequired":true,"valueName":"search_term_string"}}],"inLanguage":"de-DE"},{"@type":"Organization","@id":"https:\/\/www.akeneo.com\/de\/#organization","name":"Akeneo","url":"https:\/\/www.akeneo.com\/de\/","logo":{"@type":"ImageObject","inLanguage":"de-DE","@id":"https:\/\/www.akeneo.com\/de\/#\/schema\/logo\/image\/","url":"https:\/\/www.akeneo.com\/wp-content\/uploads\/2019\/08\/logo-kjus.png","contentUrl":"https:\/\/www.akeneo.com\/wp-content\/uploads\/2019\/08\/logo-kjus.png","width":1,"height":1,"caption":"Akeneo"},"image":{"@id":"https:\/\/www.akeneo.com\/de\/#\/schema\/logo\/image\/"}}]}},"_links":{"self":[{"href":"https:\/\/www.akeneo.com\/de\/wp-json\/wp\/v2\/pages\/50479","targetHints":{"allow":["GET"]}}],"collection":[{"href":"https:\/\/www.akeneo.com\/de\/wp-json\/wp\/v2\/pages"}],"about":[{"href":"https:\/\/www.akeneo.com\/de\/wp-json\/wp\/v2\/types\/page"}],"author":[{"embeddable":true,"href":"https:\/\/www.akeneo.com\/de\/wp-json\/wp\/v2\/users\/1"}],"replies":[{"embeddable":true,"href":"https:\/\/www.akeneo.com\/de\/wp-json\/wp\/v2\/comments?post=50479"}],"version-history":[{"count":0,"href":"https:\/\/www.akeneo.com\/de\/wp-json\/wp\/v2\/pages\/50479\/revisions"}],"wp:featuredmedia":[{"embeddable":true,"href":"https:\/\/www.akeneo.com\/de\/wp-json\/wp\/v2\/media\/33319"}],"wp:attachment":[{"href":"https:\/\/www.akeneo.com\/de\/wp-json\/wp\/v2\/media?parent=50479"}],"curies":[{"name":"wp","href":"https:\/\/api.w.org\/{rel}","templated":true}]}}