{"id":48015,"date":"2024-02-05T13:17:59","date_gmt":"2024-02-05T13:17:59","guid":{"rendered":"https:\/\/www.akeneo.com\/roi-calculator-2\/"},"modified":"2024-07-04T07:03:56","modified_gmt":"2024-07-04T07:03:56","slug":"roi-calculator","status":"publish","type":"page","link":"https:\/\/www.akeneo.com\/de\/roi-calculator\/","title":{"rendered":"ROI calculator"},"content":{"rendered":"        \n<section id=\"content-block_d3ee5e6a1a0db7e5c84cde49cd0e6611\" class=\" \">\n            <p><script src=\"https:\/\/code.jquery.com\/jquery-latest.min.js\" type=\"text\/javascript\"><\/script><\/p>\n<style>.hero--simple .hero-text{ max-width: unset; } .roi-header .hero-inner{ background: url(https:\/\/www.akeneo.com\/wp-content\/uploads\/2024\/02\/Frame-46@2x.png) bottom no-repeat #36145e; background-size: contain; border-radius: 8px; } .common-text, .common-text h1{ color: white; } h3{ font-weight: 500; font-size: 3rem; margin-top: 4rem; } h3 span{ color: #9452ba; } .range-block{ background: #efeff8; border-radius: 8px; padding: 2rem; } .range-title{ color: #9452ba; } .range-labels{ display: flex; justify-content: space-between; color: #605c64; } .slider { -webkit-appearance: none; width: 100%; height: 0; min-height: unset; border: none; padding: 0.5rem; margin: 2rem 0; border-radius: 5px; background: white; outline: none; opacity: 0.7; -webkit-transition: .2s; transition: opacity .2s; } .slider::-webkit-slider-thumb { -webkit-appearance: none; appearance: none; width: 25px; height: 25px; border-radius: 50%; background: #9452ba; cursor: pointer; } .slider::-moz-range-thumb { width: 25px; height: 25px; border-radius: 50%; background: #9452ba; cursor: pointer; } #field_156_11{ color: #605c64; } #field_156_3 legend{ display: none; } #field_156_3 label span{ color: #9452ba; } #field_156_3 .gchoice{ padding: 2rem; background: #efeff8; border-radius: 8px; font-weight: 500; }<\/style>\n    <\/section>\n\n  <section id=\"hero-block_47ab7044c7e6b1f128d6bc3f5deef848\" class=\"hero roi-header \">\n    <div class=\"container\">\n\n                    <div class=\"row\">\n                <div class=\"col-12\">\n                    <div class=\"hero-inner hero-inner-blue\">\n                    \n                    <div class=\"row\">\n                        <div class=\"col-md-10 col-lg-8 mx-md-auto\">\n                            <div class=\"hero-content text-center\">\n                                                                \n                                \n                                                                    <h1 class=\"hero-title\">Wie viel kostet es Ihr Unternehmen, die Zuverl\u00e4ssigkeit von Produktdaten zu verbessern?<\/h1>\n                                                                                                    <div class=\"hero-text\">\n                                        <p><p>Eine schlechte Produktdatenqualit\u00e4t hat sowohl erhebliche Auswirkungen auf Ihre Teams, die sich einem komplexen und zeitaufw\u00e4ndigen manuellen Prozess widmen, als auch auf Ihre Conversionrate, die durch fehlende Produktinformationen beeintr\u00e4chtigt wird.<\/p>\n<\/p>\n                                    <\/div>\n                                                                                            <\/div>\n                        <\/div>\n                    <\/div>\n\n                                        <\/div>\n                <\/div>\n            <\/div>\n            <\/div>\n<\/section>  \n\n<section id=\"content-block_da11f0bb9fd629a5e195dec6aa9d8a47\" class=\"py-6 py-md-8 \">\n            <div class=\"container\">\n            <div class=\"row\">\n                <div class=\"col-12\">\n                                            <div class=\"text-center \">\n                                                                                        <div class=\"text-editor fs-md\">\n                                    <h3><span>1.<\/span>Wie viele Produkte muss Ihr Team pro Monat bearbeiten?<\/h3>\n<p>[gravityform id=&#8220;145&#8243; title=&#8220;false&#8220; description=&#8220;false&#8220;]<script>  $(document).ready(function() {    $(\"#choice_156_3_1\").prop(\"checked\", false);    $(\"#choice_156_3_2\").prop(\"checked\", false);    $(\"#label_156_3_3\").prop(\"checked\", false);    $(\"#label_156_3_4\").prop(\"checked\", false);    var input = document.getElementById('price-range'),    output = document.getElementById('range-value');    input.oninput = function(){      var lineNumber = this.value;            output.innerHTML = lineNumber;    };    input.oninput();    $(\"#gform_submit_button_156\").on(\"click\", function(e){      \/\/e.preventDefault();      var nbLines = $(\"#price-range\").val();      var nbModules = $(\".roi-checkboxs-content input[type='checkbox']:checked\").length;      var points = nbLines*nbModules;      var dataWorkerPrice = 5000;      var teamSize;      if(nbModules > 0){        switch(nbModules){          case 1:          teamSize = points\/3925;          break;          case 2:          teamSize = points\/3140;          break;          case 3:          teamSize = points\/2355;          break;          default:          teamSize = points\/1570;          break;        }        var totalManual = Math.round((teamSize*dataWorkerPrice)\/2);        var teamMember = Math.round(teamSize);        var modules = [];        if($(\"#choice_156_3_1\").is(\":checked\")){          modules.push('Categorization');        }        if($(\"#choice_156_3_2\").is(\":checked\")){        modules.push('Extraction');        }        if($(\"#choice_156_3_3\").is(\":checked\")){          modules.push('Normalization');        }        if($(\"#choice_156_3_4\").is(\":checked\")){          modules.push('Matching');        }           if(teamMember < 1){          teamMember = 1;        }\/\/var formTotal = document.getElementById(\"input_156_6\");var formLines = document.getElementById(\"input_156_7\");var formModules = document.getElementById(\"input_156_8\");var formTeams = document.getElementById(\"input_156_9\");\/\/formTotal.value = totalManual;formLines.value = nbLines;formModules.value = modules.join(\", \");formTeams.value = teamMember;      }    });  });<\/script><\/p>\n\n                                                                    <\/div>\n                                                    <\/div>\n                                        <\/div>\n            <\/div>\n        <\/div>\n    <\/section>\n","protected":false},"excerpt":{"rendered":"","protected":false},"author":1,"featured_media":41537,"parent":0,"menu_order":0,"comment_status":"closed","ping_status":"closed","template":"","meta":{"_acf_changed":false,"footnotes":""},"class_list":["post-48015","page","type-page","status-publish","has-post-thumbnail","hentry"],"acf":[],"yoast_head":"<!-- This site is optimized with the Yoast SEO Premium plugin v27.4 (Yoast SEO v27.4) - https:\/\/yoast.com\/product\/yoast-seo-premium-wordpress\/ -->\n<title>ROI-Rechner | Akeneo<\/title>\n<meta name=\"description\" content=\"Wie viel kostet es Ihr Unternehmen, die Zuverl\u00e4ssigkeit von Produktdaten zu verbessern? Eine schlechte Produktdatenqualit\u00e4t hat sowohl erhebliche Auswirkungen auf Ihre Teams, die sich einem komplexen und zeitaufw\u00e4ndigen manuellen Prozess widmen, als auch auf Ihre Conversionrate, die durch fehlende Produktinformationen beeintr\u00e4chtigt wird.\" \/>\n<meta name=\"robots\" content=\"index, follow, max-snippet:-1, max-image-preview:large, max-video-preview:-1\" \/>\n<link rel=\"canonical\" href=\"https:\/\/www.akeneo.com\/de\/roi-calculator\/\" \/>\n<meta property=\"og:locale\" content=\"de_DE\" \/>\n<meta property=\"og:type\" content=\"article\" \/>\n<meta property=\"og:title\" content=\"ROI-Rechner | Akeneo\" \/>\n<meta property=\"og:description\" content=\"Wie viel kostet es Ihr Unternehmen, die Zuverl\u00e4ssigkeit von Produktdaten zu verbessern? Eine schlechte Produktdatenqualit\u00e4t hat sowohl erhebliche Auswirkungen auf Ihre Teams, die sich einem komplexen und zeitaufw\u00e4ndigen manuellen Prozess widmen, als auch auf Ihre Conversionrate, die durch fehlende Produktinformationen beeintr\u00e4chtigt wird.\" \/>\n<meta property=\"og:url\" content=\"https:\/\/www.akeneo.com\/de\/roi-calculator\/\" \/>\n<meta property=\"og:site_name\" content=\"Akeneo\" \/>\n<meta property=\"article:modified_time\" content=\"2024-07-04T07:03:56+00:00\" \/>\n<meta property=\"og:image\" content=\"https:\/\/www.akeneo.com\/wp-content\/uploads\/2024\/03\/akeneo-ico-CTA-ROIpage-580x380-1.png\" \/>\n\t<meta property=\"og:image:width\" content=\"1\" \/>\n\t<meta property=\"og:image:height\" content=\"1\" \/>\n\t<meta property=\"og:image:type\" content=\"image\/png\" \/>\n<meta name=\"twitter:card\" content=\"summary_large_image\" \/>\n<script type=\"application\/ld+json\" class=\"yoast-schema-graph\">{\"@context\":\"https:\\\/\\\/schema.org\",\"@graph\":[{\"@type\":\"WebPage\",\"@id\":\"https:\\\/\\\/www.akeneo.com\\\/de\\\/roi-calculator\\\/\",\"url\":\"https:\\\/\\\/www.akeneo.com\\\/de\\\/roi-calculator\\\/\",\"name\":\"ROI-Rechner | Akeneo\",\"isPartOf\":{\"@id\":\"https:\\\/\\\/www.akeneo.com\\\/de\\\/#website\"},\"primaryImageOfPage\":{\"@id\":\"https:\\\/\\\/www.akeneo.com\\\/de\\\/roi-calculator\\\/#primaryimage\"},\"image\":{\"@id\":\"https:\\\/\\\/www.akeneo.com\\\/de\\\/roi-calculator\\\/#primaryimage\"},\"thumbnailUrl\":\"https:\\\/\\\/www.akeneo.com\\\/wp-content\\\/uploads\\\/2024\\\/03\\\/akeneo-ico-CTA-ROIpage-580x380-1.png\",\"datePublished\":\"2024-02-05T13:17:59+00:00\",\"dateModified\":\"2024-07-04T07:03:56+00:00\",\"description\":\"Wie viel kostet es Ihr Unternehmen, die Zuverl\u00e4ssigkeit von Produktdaten zu verbessern? Eine schlechte Produktdatenqualit\u00e4t hat sowohl erhebliche Auswirkungen auf Ihre Teams, die sich einem komplexen und zeitaufw\u00e4ndigen manuellen Prozess widmen, als auch auf Ihre Conversionrate, die durch fehlende Produktinformationen beeintr\u00e4chtigt wird.\",\"inLanguage\":\"de-DE\",\"potentialAction\":[{\"@type\":\"ReadAction\",\"target\":[\"https:\\\/\\\/www.akeneo.com\\\/de\\\/roi-calculator\\\/\"]}]},{\"@type\":\"ImageObject\",\"inLanguage\":\"de-DE\",\"@id\":\"https:\\\/\\\/www.akeneo.com\\\/de\\\/roi-calculator\\\/#primaryimage\",\"url\":\"https:\\\/\\\/www.akeneo.com\\\/wp-content\\\/uploads\\\/2024\\\/03\\\/akeneo-ico-CTA-ROIpage-580x380-1.png\",\"contentUrl\":\"https:\\\/\\\/www.akeneo.com\\\/wp-content\\\/uploads\\\/2024\\\/03\\\/akeneo-ico-CTA-ROIpage-580x380-1.png\"},{\"@type\":\"WebSite\",\"@id\":\"https:\\\/\\\/www.akeneo.com\\\/de\\\/#website\",\"url\":\"https:\\\/\\\/www.akeneo.com\\\/de\\\/\",\"name\":\"Akeneo\",\"description\":\"\",\"publisher\":{\"@id\":\"https:\\\/\\\/www.akeneo.com\\\/de\\\/#organization\"},\"potentialAction\":[{\"@type\":\"SearchAction\",\"target\":{\"@type\":\"EntryPoint\",\"urlTemplate\":\"https:\\\/\\\/www.akeneo.com\\\/de\\\/?s={search_term_string}\"},\"query-input\":{\"@type\":\"PropertyValueSpecification\",\"valueRequired\":true,\"valueName\":\"search_term_string\"}}],\"inLanguage\":\"de-DE\"},{\"@type\":\"Organization\",\"@id\":\"https:\\\/\\\/www.akeneo.com\\\/de\\\/#organization\",\"name\":\"Akeneo\",\"url\":\"https:\\\/\\\/www.akeneo.com\\\/de\\\/\",\"logo\":{\"@type\":\"ImageObject\",\"inLanguage\":\"de-DE\",\"@id\":\"https:\\\/\\\/www.akeneo.com\\\/de\\\/#\\\/schema\\\/logo\\\/image\\\/\",\"url\":\"https:\\\/\\\/www.akeneo.com\\\/wp-content\\\/uploads\\\/2019\\\/08\\\/logo-kjus.png\",\"contentUrl\":\"https:\\\/\\\/www.akeneo.com\\\/wp-content\\\/uploads\\\/2019\\\/08\\\/logo-kjus.png\",\"width\":1,\"height\":1,\"caption\":\"Akeneo\"},\"image\":{\"@id\":\"https:\\\/\\\/www.akeneo.com\\\/de\\\/#\\\/schema\\\/logo\\\/image\\\/\"}}]}<\/script>\n<!-- \/ Yoast SEO Premium plugin. -->","yoast_head_json":{"title":"ROI-Rechner | Akeneo","description":"Wie viel kostet es Ihr Unternehmen, die Zuverl\u00e4ssigkeit von Produktdaten zu verbessern? Eine schlechte Produktdatenqualit\u00e4t hat sowohl erhebliche Auswirkungen auf Ihre Teams, die sich einem komplexen und zeitaufw\u00e4ndigen manuellen Prozess widmen, als auch auf Ihre Conversionrate, die durch fehlende Produktinformationen beeintr\u00e4chtigt wird.","robots":{"index":"index","follow":"follow","max-snippet":"max-snippet:-1","max-image-preview":"max-image-preview:large","max-video-preview":"max-video-preview:-1"},"canonical":"https:\/\/www.akeneo.com\/de\/roi-calculator\/","og_locale":"de_DE","og_type":"article","og_title":"ROI-Rechner | Akeneo","og_description":"Wie viel kostet es Ihr Unternehmen, die Zuverl\u00e4ssigkeit von Produktdaten zu verbessern? Eine schlechte Produktdatenqualit\u00e4t hat sowohl erhebliche Auswirkungen auf Ihre Teams, die sich einem komplexen und zeitaufw\u00e4ndigen manuellen Prozess widmen, als auch auf Ihre Conversionrate, die durch fehlende Produktinformationen beeintr\u00e4chtigt wird.","og_url":"https:\/\/www.akeneo.com\/de\/roi-calculator\/","og_site_name":"Akeneo","article_modified_time":"2024-07-04T07:03:56+00:00","og_image":[{"url":"https:\/\/www.akeneo.com\/wp-content\/uploads\/2024\/03\/akeneo-ico-CTA-ROIpage-580x380-1.png","width":1,"height":1,"type":"image\/png"}],"twitter_card":"summary_large_image","schema":{"@context":"https:\/\/schema.org","@graph":[{"@type":"WebPage","@id":"https:\/\/www.akeneo.com\/de\/roi-calculator\/","url":"https:\/\/www.akeneo.com\/de\/roi-calculator\/","name":"ROI-Rechner | Akeneo","isPartOf":{"@id":"https:\/\/www.akeneo.com\/de\/#website"},"primaryImageOfPage":{"@id":"https:\/\/www.akeneo.com\/de\/roi-calculator\/#primaryimage"},"image":{"@id":"https:\/\/www.akeneo.com\/de\/roi-calculator\/#primaryimage"},"thumbnailUrl":"https:\/\/www.akeneo.com\/wp-content\/uploads\/2024\/03\/akeneo-ico-CTA-ROIpage-580x380-1.png","datePublished":"2024-02-05T13:17:59+00:00","dateModified":"2024-07-04T07:03:56+00:00","description":"Wie viel kostet es Ihr Unternehmen, die Zuverl\u00e4ssigkeit von Produktdaten zu verbessern? Eine schlechte Produktdatenqualit\u00e4t hat sowohl erhebliche Auswirkungen auf Ihre Teams, die sich einem komplexen und zeitaufw\u00e4ndigen manuellen Prozess widmen, als auch auf Ihre Conversionrate, die durch fehlende Produktinformationen beeintr\u00e4chtigt wird.","inLanguage":"de-DE","potentialAction":[{"@type":"ReadAction","target":["https:\/\/www.akeneo.com\/de\/roi-calculator\/"]}]},{"@type":"ImageObject","inLanguage":"de-DE","@id":"https:\/\/www.akeneo.com\/de\/roi-calculator\/#primaryimage","url":"https:\/\/www.akeneo.com\/wp-content\/uploads\/2024\/03\/akeneo-ico-CTA-ROIpage-580x380-1.png","contentUrl":"https:\/\/www.akeneo.com\/wp-content\/uploads\/2024\/03\/akeneo-ico-CTA-ROIpage-580x380-1.png"},{"@type":"WebSite","@id":"https:\/\/www.akeneo.com\/de\/#website","url":"https:\/\/www.akeneo.com\/de\/","name":"Akeneo","description":"","publisher":{"@id":"https:\/\/www.akeneo.com\/de\/#organization"},"potentialAction":[{"@type":"SearchAction","target":{"@type":"EntryPoint","urlTemplate":"https:\/\/www.akeneo.com\/de\/?s={search_term_string}"},"query-input":{"@type":"PropertyValueSpecification","valueRequired":true,"valueName":"search_term_string"}}],"inLanguage":"de-DE"},{"@type":"Organization","@id":"https:\/\/www.akeneo.com\/de\/#organization","name":"Akeneo","url":"https:\/\/www.akeneo.com\/de\/","logo":{"@type":"ImageObject","inLanguage":"de-DE","@id":"https:\/\/www.akeneo.com\/de\/#\/schema\/logo\/image\/","url":"https:\/\/www.akeneo.com\/wp-content\/uploads\/2019\/08\/logo-kjus.png","contentUrl":"https:\/\/www.akeneo.com\/wp-content\/uploads\/2019\/08\/logo-kjus.png","width":1,"height":1,"caption":"Akeneo"},"image":{"@id":"https:\/\/www.akeneo.com\/de\/#\/schema\/logo\/image\/"}}]}},"_links":{"self":[{"href":"https:\/\/www.akeneo.com\/de\/wp-json\/wp\/v2\/pages\/48015","targetHints":{"allow":["GET"]}}],"collection":[{"href":"https:\/\/www.akeneo.com\/de\/wp-json\/wp\/v2\/pages"}],"about":[{"href":"https:\/\/www.akeneo.com\/de\/wp-json\/wp\/v2\/types\/page"}],"author":[{"embeddable":true,"href":"https:\/\/www.akeneo.com\/de\/wp-json\/wp\/v2\/users\/1"}],"replies":[{"embeddable":true,"href":"https:\/\/www.akeneo.com\/de\/wp-json\/wp\/v2\/comments?post=48015"}],"version-history":[{"count":0,"href":"https:\/\/www.akeneo.com\/de\/wp-json\/wp\/v2\/pages\/48015\/revisions"}],"wp:featuredmedia":[{"embeddable":true,"href":"https:\/\/www.akeneo.com\/de\/wp-json\/wp\/v2\/media\/41537"}],"wp:attachment":[{"href":"https:\/\/www.akeneo.com\/de\/wp-json\/wp\/v2\/media?parent=48015"}],"curies":[{"name":"wp","href":"https:\/\/api.w.org\/{rel}","templated":true}]}}