{"id":47991,"date":"2023-04-11T14:58:22","date_gmt":"2023-04-11T14:58:22","guid":{"rendered":"https:\/\/www.akeneo.com\/sap-commerce-cloud-2\/"},"modified":"2026-02-18T13:15:10","modified_gmt":"2026-02-18T13:15:10","slug":"sap-commerce-cloud","status":"publish","type":"page","link":"https:\/\/www.akeneo.com\/de\/sap-commerce-cloud\/","title":{"rendered":"SAP Commerce Cloud"},"content":{"rendered":"\n  <section class=\"hero hero-light  \" >\n    <div class=\"container\">\n                            <div class=\"row justify-content-between align-items-center g-3\">\n                        <div class=\"col-lg-6\">\n                            <div class=\"hero-content\">\n                                                                \n                                \n                                                                    <h1 class=\"hero-title\">SAP Commerce Cloud<\/h1>\n                                                                                                    <div class=\"hero-text\">\n                                        <p>In einem zunehmend wettbewerbsintensiven Markt reicht es nicht mehr aus, Produkte auf mehreren Websites aufzulisten. Unternehmen m\u00fcssen \u00fcberall dort, wo ihre Kunden sind, konsistente und ansprechende Product Experience bieten. Mit der Akeneo Product Cloud und der SAP Commerce Cloud steigern Sie die Rentabilit\u00e4t Ihres Gesch\u00e4ftsbetriebs, indem Sie an jedem Touchpoint mit dem Kunden ein nahtloses und konsistentes Produkterlebnis bieten.<\/p>\n<p>Gemeinsam sorgen wir daf\u00fcr, dass die Produktinformationen \u00fcber alle Verkaufskan\u00e4le hinweg konsistent, \u00fcberzeugend und aktuell sind. Bieten Sie Ihren Kunden ein umfassendes und personalisiertes Einkaufserlebnis, das den Umsatz steigert, die Gewinnspannen verbessert, die Produktr\u00fcckgaben reduziert und die Kundenbindung st\u00e4rkt.<\/p>\n                                    <\/div>\n                                                                                                    <div class=\"hero-buttons\">\n                                                                                                                                    <div>\n                                                    <a class=\"btn btn-primary btn-lg\" href=\"https:\/\/www.akeneo.com\/wp-content\/uploads\/2023\/05\/sap_and_akeneo_infosheet.pdf\" target=\"_blank\"><span class=\"initial text\">Infoblatt herunterladen<\/span><span class=\"background-text\">Infoblatt herunterladen<\/span><span class=\"hovered text\">Infoblatt herunterladen<\/span><\/a>                                                <\/div>\n                                                                                                                        <\/div>\n                                                            <\/div>\n                        <\/div>\n                                                    <div class=\"col-lg-5\">\n                                                                    <div class=\"hero-image\">\n                                        <img decoding=\"async\" src=\"https:\/\/www.akeneo.com\/wp-content\/uploads\/2023\/04\/web-assets-SAP-Commerce-Cloud-hero@2x-1122x1200.png\" alt=\"\">\n                                    <\/div>\n                                \n                                                            <\/div>\n                                            <\/div>\n\n                        <\/div>\n<\/section>  \n\n\n\n<section id=\"content-block_ca8785f77031e0492d8f2d5da2b5fd10\" class=\"py-6 py-md-8 \">\n            <div class=\"container\">\n            <div class=\"row\">\n                <div class=\"col-12\">\n                                            <div class=\"text-center \">\n                                                                                        <div class=\"text-editor fs-md\">\n                                    <style>.lesser-quote { width: 100rem; }<\/style>\n<div style=\"margin: 0 auto; text-align: center;\"><div class=\"ratio ratio-16x9\"><iframe loading=\"lazy\" width=\"650\" height=\"366\" src=\"https:\/\/www.youtube.com\/embed\/qFazMATspqI?si=QwUduhm5b1H6JSiW\" title=\"YouTube video player\" frameborder=\"0\" allow=\"accelerometer; autoplay; clipboard-write; encrypted-media; gyroscope; picture-in-picture; web-share\" allowfullscreen><\/iframe><\/div><\/div>\n\n                                                                    <\/div>\n                                                    <\/div>\n                                        <\/div>\n            <\/div>\n        <\/div>\n    <\/section>\n\n\n\n  \n<section class=\"py-6 py-md-6\">\n    <div class=\"container\">\n        <div class=\"row\">\n            <div class=\"col-12\">\n                <div class=\"testimonial-card testimonial-card-has-quotes\">\n                                            <blockquote class=\"testimonial-card-quote\">\n                            <p>Im Zeitalter des erlebnisorientierten Handels ist es f\u00fcr Marken und Einzelh\u00e4ndler von entscheidender Bedeutung, \u00fcber qualitativ hochwertige Produktinformationen zu verf\u00fcgen. Sie stehen im Wettbewerb, um neue Produkte auf den Markt zu bringen und ihre Kataloge auf allen Kan\u00e4len und in allen L\u00e4ndern auf dem neuesten Stand zu halten, und sie m\u00fcssen dies schnell und in gro\u00dfem Umfang tun. Sie ben\u00f6tigen eine speziell entwickelte PIM-L\u00f6sung, um die Qualit\u00e4t der Produktdaten zu gew\u00e4hrleisten und ihre Prozesse zu rationalisieren. Wir freuen uns, mit Akeneo zusammenzuarbeiten, um Marken und Einzelh\u00e4ndler dabei zu unterst\u00fctzen, in der heutigen Omnichannel-Welt au\u00dfergew\u00f6hnliche Product Experiences  zu bieten.<\/p>\n                        <\/blockquote>\n                                        <div class=\"author\">\n                                                                            <div class=\"author-info\">\n                                                                    <p>\n                                                                                    <strong>Geert Leeman<\/strong>\n                                                                                                                            COO                                                                            <\/p>\n                                                                                                    <strong>@SAP CX<\/strong>\n                                                            <\/div>\n                                            <\/div>\n                <\/div>\n            <\/div>\n        <\/div>\n    <\/div>\n<\/section>\n\n\n<section id=\"assets-articles-block_a92ce0f11a250e2b8e93843f32da865d\" class=\"py-6 py-md-8 \">\n    <div class=\"container\">\n        <div class=\"row\">\n            <div class=\"col-12\">\n                <div class=\"mb-4  text-center\">\n                                            <h2 class=\"mb-0 text-primary-blackstar\">Mehr herausfinden<\/h2>\n                    \n                                                        <\/div>\n            <\/div>\n        <\/div>\n                    <div class=\"row row-cols-lg-3 g-3\">\n                                    \n<div>\n    <div class=\"article-card  p-0\">\n                    <div class=\"article-card-image ratio ratio-16x9\">\n                <img decoding=\"async\" src=\"https:\/\/www.akeneo.com\/wp-content\/uploads\/2023\/04\/Explore-How.png\" alt=\"\">\n            <\/div>\n                <div class=\"article-card-content\">\n                            <p class=\"article-card-meta\">\n                    <span>Feb 02, 2023<\/span>\n                                    <\/p>\n                                        <h4 class=\"article-card-title text-primary-blackstar\">Akeneo&#8217;s Produktinformationsmanagement-L\u00f6sung jetzt im SAP\u00ae Store verf\u00fcgbar<\/h4>\n                                                    <p class=\"article-card-excerpt text-primary-blackstar\">Durch die Integration mit SAP Commerce Cloud bietet Akeneo Product Information Management einen zent&#8230;<\/p>\n                        <a href=\"https:\/\/www.akeneo.com\/press-release\/akeneos-product-information-management-solution-now-available-on-sap-store\/ \" class=\"article-card-link stretched-link\"><span class=\"hidden-text\"><\/span><\/a>\n        <\/div>\n    <\/div>\n<\/div>                                    \n<div>\n    <div class=\"article-card  p-0\">\n                    <div class=\"article-card-image ratio ratio-16x9\">\n                <img decoding=\"async\" src=\"https:\/\/www.akeneo.com\/wp-content\/uploads\/2023\/04\/SAP-App-Store.png\" alt=\"\">\n            <\/div>\n                <div class=\"article-card-content\">\n                            <p class=\"article-card-meta\">\n                    <span>Mrz 30, 2023<\/span>\n                                    <\/p>\n                                        <h4 class=\"article-card-title text-primary-blackstar\">Akeneo Adaptor f\u00fcr SAP Commerce Cloud<\/h4>\n                                                    <p class=\"article-card-excerpt text-primary-blackstar\">Holen Sie sich den Akeneo Adaptor f\u00fcr SAP Commerce Cloud im SAP App Store<\/p>\n                        <a href=\"https:\/\/store.sap.com\/dcp\/en\/product\/display-0000060879_live_v1\/akeneo-product-information-management  \" class=\"article-card-link stretched-link\"><span class=\"hidden-text\"><\/span><\/a>\n        <\/div>\n    <\/div>\n<\/div>                                    \n<div>\n    <div class=\"article-card  p-0\">\n                    <div class=\"article-card-image ratio ratio-16x9\">\n                <img decoding=\"async\" src=\"https:\/\/www.akeneo.com\/wp-content\/uploads\/2023\/04\/SAP-App-Store.png\" alt=\"\">\n            <\/div>\n                <div class=\"article-card-content\">\n                            <p class=\"article-card-meta\">\n                    <span>Mrz 30, 2023<\/span>\n                                    <\/p>\n                                        <h4 class=\"article-card-title text-primary-blackstar\">Get the Akeneo Adaptor<\/h4>\n                                                    <p class=\"article-card-excerpt text-primary-blackstar\">Get the Akeneo Adaptor for SAP Commerce Cloud in the SAP App Store<\/p>\n                        <a href=\"https:\/\/store.sap.com\/dcp\/en\/product\/display-0000060879_live_v1\/akeneo-product-information-management  \" class=\"article-card-link stretched-link\"><span class=\"hidden-text\"><\/span><\/a>\n        <\/div>\n    <\/div>\n<\/div>                            <\/div>\n            <\/div>\n<\/section>","protected":false},"excerpt":{"rendered":"","protected":false},"author":1,"featured_media":36394,"parent":0,"menu_order":0,"comment_status":"closed","ping_status":"closed","template":"","meta":{"_acf_changed":true,"footnotes":""},"class_list":["post-47991","page","type-page","status-publish","has-post-thumbnail","hentry"],"acf":[],"yoast_head":"<!-- This site is optimized with the Yoast SEO Premium plugin v27.4 (Yoast SEO v27.4) - https:\/\/yoast.com\/product\/yoast-seo-premium-wordpress\/ -->\n<title>SAP Commerce Cloud | Akeneo<\/title>\n<meta name=\"description\" content=\"Die einfache und flexible SaaS-basierte PIM-L\u00f6sung, um Ihre Produktkataloge in der SAP Commerce Cloud zu organisieren und zu erweitern.\" \/>\n<meta name=\"robots\" content=\"index, follow, max-snippet:-1, max-image-preview:large, max-video-preview:-1\" \/>\n<link rel=\"canonical\" href=\"https:\/\/www.akeneo.com\/de\/sap-commerce-cloud\/\" \/>\n<meta property=\"og:locale\" content=\"de_DE\" \/>\n<meta property=\"og:type\" content=\"article\" \/>\n<meta property=\"og:title\" content=\"SAP Commerce Cloud | Akeneo\" \/>\n<meta property=\"og:description\" content=\"Die einfache und flexible SaaS-basierte PIM-L\u00f6sung, um Ihre Produktkataloge in der SAP Commerce Cloud zu organisieren und zu erweitern.\" \/>\n<meta property=\"og:url\" content=\"https:\/\/www.akeneo.com\/de\/sap-commerce-cloud\/\" \/>\n<meta property=\"og:site_name\" content=\"Akeneo\" \/>\n<meta property=\"article:modified_time\" content=\"2026-02-18T13:15:10+00:00\" \/>\n<meta property=\"og:image\" content=\"https:\/\/www.akeneo.com\/wp-content\/uploads\/2023\/04\/SAP-website-page.png\" \/>\n\t<meta property=\"og:image:width\" content=\"1\" \/>\n\t<meta property=\"og:image:height\" content=\"1\" \/>\n\t<meta property=\"og:image:type\" content=\"image\/png\" \/>\n<meta name=\"twitter:card\" content=\"summary_large_image\" \/>\n<meta name=\"twitter:label1\" content=\"Gesch\u00e4tzte Lesezeit\" \/>\n\t<meta name=\"twitter:data1\" content=\"1 Minute\" \/>\n<script type=\"application\/ld+json\" class=\"yoast-schema-graph\">{\"@context\":\"https:\\\/\\\/schema.org\",\"@graph\":[{\"@type\":\"WebPage\",\"@id\":\"https:\\\/\\\/www.akeneo.com\\\/de\\\/sap-commerce-cloud\\\/\",\"url\":\"https:\\\/\\\/www.akeneo.com\\\/de\\\/sap-commerce-cloud\\\/\",\"name\":\"SAP Commerce Cloud | Akeneo\",\"isPartOf\":{\"@id\":\"https:\\\/\\\/www.akeneo.com\\\/de\\\/#website\"},\"primaryImageOfPage\":{\"@id\":\"https:\\\/\\\/www.akeneo.com\\\/de\\\/sap-commerce-cloud\\\/#primaryimage\"},\"image\":{\"@id\":\"https:\\\/\\\/www.akeneo.com\\\/de\\\/sap-commerce-cloud\\\/#primaryimage\"},\"thumbnailUrl\":\"https:\\\/\\\/www.akeneo.com\\\/wp-content\\\/uploads\\\/2023\\\/04\\\/SAP-website-page.png\",\"datePublished\":\"2023-04-11T14:58:22+00:00\",\"dateModified\":\"2026-02-18T13:15:10+00:00\",\"description\":\"Die einfache und flexible SaaS-basierte PIM-L\u00f6sung, um Ihre Produktkataloge in der SAP Commerce Cloud zu organisieren und zu erweitern.\",\"inLanguage\":\"de-DE\",\"potentialAction\":[{\"@type\":\"ReadAction\",\"target\":[\"https:\\\/\\\/www.akeneo.com\\\/de\\\/sap-commerce-cloud\\\/\"]}]},{\"@type\":\"ImageObject\",\"inLanguage\":\"de-DE\",\"@id\":\"https:\\\/\\\/www.akeneo.com\\\/de\\\/sap-commerce-cloud\\\/#primaryimage\",\"url\":\"https:\\\/\\\/www.akeneo.com\\\/wp-content\\\/uploads\\\/2023\\\/04\\\/SAP-website-page.png\",\"contentUrl\":\"https:\\\/\\\/www.akeneo.com\\\/wp-content\\\/uploads\\\/2023\\\/04\\\/SAP-website-page.png\"},{\"@type\":\"WebSite\",\"@id\":\"https:\\\/\\\/www.akeneo.com\\\/de\\\/#website\",\"url\":\"https:\\\/\\\/www.akeneo.com\\\/de\\\/\",\"name\":\"Akeneo\",\"description\":\"\",\"publisher\":{\"@id\":\"https:\\\/\\\/www.akeneo.com\\\/de\\\/#organization\"},\"potentialAction\":[{\"@type\":\"SearchAction\",\"target\":{\"@type\":\"EntryPoint\",\"urlTemplate\":\"https:\\\/\\\/www.akeneo.com\\\/de\\\/?s={search_term_string}\"},\"query-input\":{\"@type\":\"PropertyValueSpecification\",\"valueRequired\":true,\"valueName\":\"search_term_string\"}}],\"inLanguage\":\"de-DE\"},{\"@type\":\"Organization\",\"@id\":\"https:\\\/\\\/www.akeneo.com\\\/de\\\/#organization\",\"name\":\"Akeneo\",\"url\":\"https:\\\/\\\/www.akeneo.com\\\/de\\\/\",\"logo\":{\"@type\":\"ImageObject\",\"inLanguage\":\"de-DE\",\"@id\":\"https:\\\/\\\/www.akeneo.com\\\/de\\\/#\\\/schema\\\/logo\\\/image\\\/\",\"url\":\"https:\\\/\\\/www.akeneo.com\\\/wp-content\\\/uploads\\\/2019\\\/08\\\/logo-kjus.png\",\"contentUrl\":\"https:\\\/\\\/www.akeneo.com\\\/wp-content\\\/uploads\\\/2019\\\/08\\\/logo-kjus.png\",\"width\":1,\"height\":1,\"caption\":\"Akeneo\"},\"image\":{\"@id\":\"https:\\\/\\\/www.akeneo.com\\\/de\\\/#\\\/schema\\\/logo\\\/image\\\/\"}}]}<\/script>\n<!-- \/ Yoast SEO Premium plugin. -->","yoast_head_json":{"title":"SAP Commerce Cloud | Akeneo","description":"Die einfache und flexible SaaS-basierte PIM-L\u00f6sung, um Ihre Produktkataloge in der SAP Commerce Cloud zu organisieren und zu erweitern.","robots":{"index":"index","follow":"follow","max-snippet":"max-snippet:-1","max-image-preview":"max-image-preview:large","max-video-preview":"max-video-preview:-1"},"canonical":"https:\/\/www.akeneo.com\/de\/sap-commerce-cloud\/","og_locale":"de_DE","og_type":"article","og_title":"SAP Commerce Cloud | Akeneo","og_description":"Die einfache und flexible SaaS-basierte PIM-L\u00f6sung, um Ihre Produktkataloge in der SAP Commerce Cloud zu organisieren und zu erweitern.","og_url":"https:\/\/www.akeneo.com\/de\/sap-commerce-cloud\/","og_site_name":"Akeneo","article_modified_time":"2026-02-18T13:15:10+00:00","og_image":[{"url":"https:\/\/www.akeneo.com\/wp-content\/uploads\/2023\/04\/SAP-website-page.png","width":1,"height":1,"type":"image\/png"}],"twitter_card":"summary_large_image","twitter_misc":{"Gesch\u00e4tzte Lesezeit":"1 Minute"},"schema":{"@context":"https:\/\/schema.org","@graph":[{"@type":"WebPage","@id":"https:\/\/www.akeneo.com\/de\/sap-commerce-cloud\/","url":"https:\/\/www.akeneo.com\/de\/sap-commerce-cloud\/","name":"SAP Commerce Cloud | Akeneo","isPartOf":{"@id":"https:\/\/www.akeneo.com\/de\/#website"},"primaryImageOfPage":{"@id":"https:\/\/www.akeneo.com\/de\/sap-commerce-cloud\/#primaryimage"},"image":{"@id":"https:\/\/www.akeneo.com\/de\/sap-commerce-cloud\/#primaryimage"},"thumbnailUrl":"https:\/\/www.akeneo.com\/wp-content\/uploads\/2023\/04\/SAP-website-page.png","datePublished":"2023-04-11T14:58:22+00:00","dateModified":"2026-02-18T13:15:10+00:00","description":"Die einfache und flexible SaaS-basierte PIM-L\u00f6sung, um Ihre Produktkataloge in der SAP Commerce Cloud zu organisieren und zu erweitern.","inLanguage":"de-DE","potentialAction":[{"@type":"ReadAction","target":["https:\/\/www.akeneo.com\/de\/sap-commerce-cloud\/"]}]},{"@type":"ImageObject","inLanguage":"de-DE","@id":"https:\/\/www.akeneo.com\/de\/sap-commerce-cloud\/#primaryimage","url":"https:\/\/www.akeneo.com\/wp-content\/uploads\/2023\/04\/SAP-website-page.png","contentUrl":"https:\/\/www.akeneo.com\/wp-content\/uploads\/2023\/04\/SAP-website-page.png"},{"@type":"WebSite","@id":"https:\/\/www.akeneo.com\/de\/#website","url":"https:\/\/www.akeneo.com\/de\/","name":"Akeneo","description":"","publisher":{"@id":"https:\/\/www.akeneo.com\/de\/#organization"},"potentialAction":[{"@type":"SearchAction","target":{"@type":"EntryPoint","urlTemplate":"https:\/\/www.akeneo.com\/de\/?s={search_term_string}"},"query-input":{"@type":"PropertyValueSpecification","valueRequired":true,"valueName":"search_term_string"}}],"inLanguage":"de-DE"},{"@type":"Organization","@id":"https:\/\/www.akeneo.com\/de\/#organization","name":"Akeneo","url":"https:\/\/www.akeneo.com\/de\/","logo":{"@type":"ImageObject","inLanguage":"de-DE","@id":"https:\/\/www.akeneo.com\/de\/#\/schema\/logo\/image\/","url":"https:\/\/www.akeneo.com\/wp-content\/uploads\/2019\/08\/logo-kjus.png","contentUrl":"https:\/\/www.akeneo.com\/wp-content\/uploads\/2019\/08\/logo-kjus.png","width":1,"height":1,"caption":"Akeneo"},"image":{"@id":"https:\/\/www.akeneo.com\/de\/#\/schema\/logo\/image\/"}}]}},"_links":{"self":[{"href":"https:\/\/www.akeneo.com\/de\/wp-json\/wp\/v2\/pages\/47991","targetHints":{"allow":["GET"]}}],"collection":[{"href":"https:\/\/www.akeneo.com\/de\/wp-json\/wp\/v2\/pages"}],"about":[{"href":"https:\/\/www.akeneo.com\/de\/wp-json\/wp\/v2\/types\/page"}],"author":[{"embeddable":true,"href":"https:\/\/www.akeneo.com\/de\/wp-json\/wp\/v2\/users\/1"}],"replies":[{"embeddable":true,"href":"https:\/\/www.akeneo.com\/de\/wp-json\/wp\/v2\/comments?post=47991"}],"version-history":[{"count":0,"href":"https:\/\/www.akeneo.com\/de\/wp-json\/wp\/v2\/pages\/47991\/revisions"}],"wp:featuredmedia":[{"embeddable":true,"href":"https:\/\/www.akeneo.com\/de\/wp-json\/wp\/v2\/media\/36394"}],"wp:attachment":[{"href":"https:\/\/www.akeneo.com\/de\/wp-json\/wp\/v2\/media?parent=47991"}],"curies":[{"name":"wp","href":"https:\/\/api.w.org\/{rel}","templated":true}]}}