{"id":47923,"date":"2022-09-01T09:56:21","date_gmt":"2022-09-01T09:56:21","guid":{"rendered":"https:\/\/www.akeneo.com\/salesforce-2\/"},"modified":"2026-01-29T11:47:06","modified_gmt":"2026-01-29T11:47:06","slug":"salesforce","status":"publish","type":"page","link":"https:\/\/www.akeneo.com\/de\/salesforce\/","title":{"rendered":"Salesforce"},"content":{"rendered":"\n  <section class=\"hero hero-light  \" >\n    <div class=\"container\">\n                            <div class=\"row justify-content-between align-items-center g-3\">\n                        <div class=\"col-lg-6\">\n                            <div class=\"hero-content\">\n                                                                \n                                \n                                                                    <h1 class=\"hero-title\">Salesforce<\/h1>\n                                                                                                    <div class=\"hero-text\">\n                                        <p>Nahtlos integriert, erm\u00f6glicht unsere kombinierte L\u00f6sung Ihnen, \u00fcberzeugende Produkt-Erlebnisse f\u00fcr Ihre Kunden zu schaffen, zu verwalten und zu liefern wie nie zuvor.<\/p>\n<ul>\n<li><b>Umsatz steigern:\u00a0<\/b>Verwalten Sie m\u00fchelos Ihr Produktkatalog, um personalisierte Einkaufserlebnisse zu schaffen, Conversions zu steigern und den Umsatz zu erh\u00f6hen.<\/li>\n<li><b>Betriebsabl\u00e4ufe optimieren:\u00a0<\/b>Vereinfachen Sie den Prozess der Produktinformationenverwaltung, um Produktinformationen effizient anzureichern, zu verwalten und \u00fcber verschiedene Kan\u00e4le zu verteilen, was manuelle und zeitaufw\u00e4ndige Aufgaben reduziert.<\/li>\n<li><b>Kundenerlebnis verbessern:<\/b>\u00a0Liefern Sie au\u00dfergew\u00f6hnliche Kundenerlebnisse mit reichen und konsistenten Produktinformationen.<\/li>\n<li><b>Skalieren Sie Ihr Unternehmen:<\/b>\u00a0Mit dem Wachstum Ihres Unternehmens w\u00e4chst auch unsere gemeinsame L\u00f6sung mit Ihnen und ist darauf ausgelegt, viele Produkte, Kan\u00e4le und Sprachen zu unterst\u00fctzen, um die weltweite Expansion Ihres E-Commerce-Gesch\u00e4fts zu erleichtern.<\/li>\n<li><b>Bleiben Sie der Konkurrenz einen Schritt voraus:\u00a0<\/b>Treiben Sie Innovation und Agilit\u00e4t in Ihrer E-Commerce-Strategie voran, indem Sie die Kraft unserer gemeinsamen L\u00f6sung nutzen, um neue Produkte schnell einzuf\u00fchren, Preise zu aktualisieren und das Merchandising zu optimieren, um sicherzustellen, dass Sie der Konkurrenz immer einen Schritt voraus sind.<\/li>\n<\/ul>\n                                    <\/div>\n                                                                                                    <div class=\"hero-buttons\">\n                                                                                                                                    <div>\n                                                    <a class=\"btn btn-primary btn-lg\" href=\"https:\/\/www.akeneo.com\/wp-content\/uploads\/2023\/06\/Akeneo-x-Salesforce-Infosheet-2.pdf\"><span class=\"initial text\">Download the Infosheet<\/span><span class=\"background-text\">Download the Infosheet<\/span><span class=\"hovered text\">Download the Infosheet<\/span><\/a>                                                <\/div>\n                                                                                                                        <\/div>\n                                                            <\/div>\n                        <\/div>\n                                                    <div class=\"col-lg-5\">\n                                                                    <div class=\"hero-image\">\n                                        <img decoding=\"async\" src=\"https:\/\/www.akeneo.com\/wp-content\/uploads\/2023\/06\/web-assets-Salesforce-hero@2x-1122x1200.png\" alt=\"\">\n                                    <\/div>\n                                \n                                                            <\/div>\n                                            <\/div>\n\n                        <\/div>\n<\/section>  \n\n\n\n\n<section id=\"video-block_7b681f3860e331668c735c14dcbe3192\" class=\"py-6 py-md-8\">\n  <div class=\"container\">\n    <div class=\"row row-cols-lg-2 justify-content-center g-3\">\n              <div class=\"col-12\">\n                                                  <div>\n              <div class=\"ratio ratio-16x9 video-wrapper position-relative\">\n                                                  <div class=\"ratio ratio-16x9\"><iframe id=\"externalVideo\" class=\"\" loading=\"lazy\" width=\"650\" height=\"366\" src=\"https:\/\/www.youtube.com\/embed\/B9WwaSQB81w?si=aF8YHERYSvxpBVWf\" title=\"YouTube video player\" frameborder=\"0\" allow=\"accelerometer; autoplay; clipboard-write; encrypted-media; gyroscope; picture-in-picture; web-share\" allowfullscreen><\/iframe><\/div>\n                              <\/div>\n            <\/div>\n                                                <\/div>\n          <\/div>\n  <\/div>\n<\/section>\n\n\n  \n<section class=\"py-6 py-md-6\">\n    <div class=\"container\">\n        <div class=\"row\">\n            <div class=\"col-9 mx-auto\">\n                <div class=\"testimonial-card testimonial-card-has-quotes\">\n                                            <blockquote class=\"testimonial-card-quote\">\n                            <p>Akeneo setzt seine schnelle Expansion in Europa und Nordamerika fort und hat sich k\u00fcrzlich eine strategische Investition von Salesforce Ventures gesichert. \u201eWir freuen uns, die innovative PIM-Plattform von Akeneo zu unterst\u00fctzen, da sie die Salesforce Commerce Cloud nutzt, um unseren gemeinsamen Kunden mehr Vorteile zu bieten<\/p>\n                        <\/blockquote>\n                                        <div class=\"author\">\n                                                                            <div class=\"author-info\">\n                                                                    <p>\n                                                                                    <strong>Alex Kayyal<\/strong>\n                                                                                                                            Partner                                                                            <\/p>\n                                                                                                    <strong>@Salesforce Ventures<\/strong>\n                                                            <\/div>\n                                            <\/div>\n                <\/div>\n            <\/div>\n        <\/div>\n    <\/div>\n<\/section>\n\n\n\n<section id=\"content-block_c09cdc20cc41d533e198dfb348b54363\" class=\"py-6 py-md-8 \">\n    <div class=\"container\">\n        <div class=\"row justify-content-between align-items-center g-3 \">\n            <div class=\"col-lg-6\">\n                <div class=\"w-lg-70 mx-auto\">\n                                            <h2 class=\"text-primary-blackstar\">Lernen Sie von Ihren Kollegen<\/h2>\n                    \n                    \n                    <div class=\"text-editor fs-md text-primary-blackstar\">\n                                                    <p>Babolat strebte die Einf\u00fchrung einer D2C-Vertriebsstrategie an, um Tennis-Spieler weltweit mit hochwertigen Produktinformationen f\u00fcr ein besseres Kundenerlebnis besser zu bedienen.<\/p>\n                                                                    <\/div>\n                                                                        <a class=\"d-inline-block fs-md fw-medium mt-2  px-0 \" href=\"https:\/\/www.akeneo.com\/customer-story\/babolat\/\"><span class=\"initial text\">Learn more about Babolat<svg class=\"svg-icon fs-sm ms-1\"><use xmlns:xlink=\"http:\/\/www.w3.org\/1999\/xlink\" xlink:href=\"https:\/\/www.akeneo.com\/wp-content\/themes\/akeneo\/assets\/sprite\/icons.svg#icon-chevron-right\"><\/use><\/svg><\/span><span class=\"background-text\">Learn more about Babolat<svg class=\"svg-icon fs-sm ms-1\"><use xmlns:xlink=\"http:\/\/www.w3.org\/1999\/xlink\" xlink:href=\"https:\/\/www.akeneo.com\/wp-content\/themes\/akeneo\/assets\/sprite\/icons.svg#icon-chevron-right\"><\/use><\/svg><\/span><span class=\"hovered text\">Learn more about Babolat<svg class=\"svg-icon fs-sm ms-1\"><use xmlns:xlink=\"http:\/\/www.w3.org\/1999\/xlink\" xlink:href=\"https:\/\/www.akeneo.com\/wp-content\/themes\/akeneo\/assets\/sprite\/icons.svg#icon-chevron-right\"><\/use><\/svg><\/span><\/a>                                                            <\/div>\n            <\/div>\n                            <div class=\"col-lg-6 text-center\">\n                                            <div class=\"torch-container\">\n                            <img decoding=\"async\" src=\"https:\/\/www.akeneo.com\/wp-content\/uploads\/2024\/09\/web-assets-Salesforce-Learn-From-Your-Peers-1200x1200.png\" alt=\"\">\n                                                    <\/div>\n                    \n                                    <\/div>\n                    <\/div>\n    <\/div>\n<\/section>\n\n\n\n<section id=\"content-block_c631a9a22c70558df3c3a54d53675ed4\" class=\"py-6 py-md-8 \">\n    <div class=\"container\">\n        <div class=\"row justify-content-between align-items-center g-3 flex-lg-row-reverse\">\n            <div class=\"col-lg-6\">\n                <div class=\"w-lg-70 mx-auto\">\n                                            <h2 class=\"text-primary-blackstar\">Erkunden Sie, wie<\/h2>\n                    \n                    \n                    <div class=\"text-editor fs-md text-primary-blackstar\">\n                                                    <p>Akeneo ist jetzt Headless Commerce-zertifiziert mit Salesforce Commerce Cloud<\/p>\n                                                                    <\/div>\n                                                                        <a class=\"d-inline-block fs-md fw-medium mt-2  px-0 \" href=\"https:\/\/www.akeneo.com\/blog\/akeneo-is-now-headless-commerce-certified-with-salesforce-commerce-cloud\/\"><span class=\"initial text\">Read More<svg class=\"svg-icon fs-sm ms-1\"><use xmlns:xlink=\"http:\/\/www.w3.org\/1999\/xlink\" xlink:href=\"https:\/\/www.akeneo.com\/wp-content\/themes\/akeneo\/assets\/sprite\/icons.svg#icon-chevron-right\"><\/use><\/svg><\/span><span class=\"background-text\">Read More<svg class=\"svg-icon fs-sm ms-1\"><use xmlns:xlink=\"http:\/\/www.w3.org\/1999\/xlink\" xlink:href=\"https:\/\/www.akeneo.com\/wp-content\/themes\/akeneo\/assets\/sprite\/icons.svg#icon-chevron-right\"><\/use><\/svg><\/span><span class=\"hovered text\">Read More<svg class=\"svg-icon fs-sm ms-1\"><use xmlns:xlink=\"http:\/\/www.w3.org\/1999\/xlink\" xlink:href=\"https:\/\/www.akeneo.com\/wp-content\/themes\/akeneo\/assets\/sprite\/icons.svg#icon-chevron-right\"><\/use><\/svg><\/span><\/a>                                                            <\/div>\n            <\/div>\n                            <div class=\"col-lg-6 text-center\">\n                                            <div class=\"torch-container\">\n                            <img decoding=\"async\" src=\"https:\/\/www.akeneo.com\/wp-content\/uploads\/2024\/09\/web-assets-Salesforce-Explore-How-1200x1200.png\" alt=\"\">\n                                                    <\/div>\n                    \n                                    <\/div>\n                    <\/div>\n    <\/div>\n<\/section>\n\n\n\n<section class=\"py-6 py-md-8 position-relative\">\n            <div class=\"block-background block-background-top\"><\/div>\n        <div class=\"container\">\n        <div class=\"row\">\n            <div class=\"col-12\">\n                <div class=\"cta px-lg-8 py-3 bg-secondary\">\n                    <div class=\"cta-content\">\n                                                    <h2 class=\"cta-title\">Get More Information<\/h2>\n                                                                            <div class=\"cta-text fs-xl\">\n                                <p>Find everything you need to know about Salesforce x Akeneo<\/p>\n                            <\/div>\n                                            <\/div>\n                                            <div class=\"cta-cards\">\n                            <div class=\"row row-cols-md-2 g-2\">\n                                                                    <div>\n                                        <a href=\"https:\/\/apps.akeneo.com\/apps\/akeneo-app-for-salesforce\" class=\"icon-card icon-card-framed icon-card-dark\">\n                                                                                        <div class=\"icon-card-content\">\n                                                <h6 class=\"icon-card-title\">Akeneo App Store<\/h6>\n                                                                                                    <p class=\"icon-card-description\">Get the Akeneo Connector for Salesforce Commerce Cloud in the Akeneo App Store<\/p>\n                                                                                                <span class=\"icon-card-link\">Akeneo Salesforce App <svg class=\"svg-icon fs-sm\"><use xmlns:xlink=\"http:\/\/www.w3.org\/1999\/xlink\" xlink:href=\"https:\/\/www.akeneo.com\/wp-content\/themes\/akeneo\/assets\/sprite\/icons.svg#icon-chevron-right\"><\/use><\/svg><\/span>\n                                            <\/div>\n                                        <\/a>\n                                    <\/div>\n                                                                    <div>\n                                        <a href=\"https:\/\/partners.akeneo.com\/salesforce\" class=\"icon-card icon-card-framed icon-card-dark\">\n                                                                                        <div class=\"icon-card-content\">\n                                                <h6 class=\"icon-card-title\">Akeneo Partners<\/h6>\n                                                                                                    <p class=\"icon-card-description\">Connect with Salesforce<\/p>\n                                                                                                <span class=\"icon-card-link\">Akeneo Partners website <svg class=\"svg-icon fs-sm\"><use xmlns:xlink=\"http:\/\/www.w3.org\/1999\/xlink\" xlink:href=\"https:\/\/www.akeneo.com\/wp-content\/themes\/akeneo\/assets\/sprite\/icons.svg#icon-chevron-right\"><\/use><\/svg><\/span>\n                                            <\/div>\n                                        <\/a>\n                                    <\/div>\n                                                            <\/div>\n                        <\/div>\n                                    <\/div>\n            <\/div>\n        <\/div>\n    <\/div>\n<\/section>","protected":false},"excerpt":{"rendered":"","protected":false},"author":1,"featured_media":33641,"parent":0,"menu_order":0,"comment_status":"closed","ping_status":"closed","template":"","meta":{"_acf_changed":true,"footnotes":""},"class_list":["post-47923","page","type-page","status-publish","has-post-thumbnail","hentry"],"acf":[],"yoast_head":"<!-- This site is optimized with the Yoast SEO Premium plugin v26.7 (Yoast SEO v26.7) - https:\/\/yoast.com\/wordpress\/plugins\/seo\/ -->\n<title>Salesforce | Akeneo<\/title>\n<meta name=\"description\" content=\"By utilizing Akeneo\u2019s product information management solution, companies can easily consolidate, enrich, manage, and export product information to Salesforce, enabling boosted productivity and significantly improving time to market.\" \/>\n<meta name=\"robots\" content=\"index, follow, max-snippet:-1, max-image-preview:large, max-video-preview:-1\" \/>\n<link rel=\"canonical\" href=\"https:\/\/www.akeneo.com\/de\/salesforce\/\" \/>\n<meta property=\"og:locale\" content=\"de_DE\" \/>\n<meta property=\"og:type\" content=\"article\" \/>\n<meta property=\"og:title\" content=\"Salesforce | Akeneo\" \/>\n<meta property=\"og:description\" content=\"By utilizing Akeneo\u2019s product information management solution, companies can easily consolidate, enrich, manage, and export product information to Salesforce, enabling boosted productivity and significantly improving time to market.\" \/>\n<meta property=\"og:url\" content=\"https:\/\/www.akeneo.com\/de\/salesforce\/\" \/>\n<meta property=\"og:site_name\" content=\"Akeneo\" \/>\n<meta property=\"article:modified_time\" content=\"2026-01-29T11:47:06+00:00\" \/>\n<meta property=\"og:image\" content=\"https:\/\/www.akeneo.com\/wp-content\/uploads\/2022\/12\/ecommercePartners_salesforce_app.png\" \/>\n\t<meta property=\"og:image:width\" content=\"1001\" \/>\n\t<meta property=\"og:image:height\" content=\"1001\" \/>\n\t<meta property=\"og:image:type\" content=\"image\/png\" \/>\n<meta name=\"twitter:card\" content=\"summary_large_image\" \/>\n<meta name=\"twitter:label1\" content=\"Gesch\u00e4tzte Lesezeit\" \/>\n\t<meta name=\"twitter:data1\" content=\"1 Minute\" \/>\n<script type=\"application\/ld+json\" class=\"yoast-schema-graph\">{\"@context\":\"https:\/\/schema.org\",\"@graph\":[{\"@type\":\"WebPage\",\"@id\":\"https:\/\/www.akeneo.com\/de\/salesforce\/\",\"url\":\"https:\/\/www.akeneo.com\/de\/salesforce\/\",\"name\":\"Salesforce | Akeneo\",\"isPartOf\":{\"@id\":\"https:\/\/www.akeneo.com\/de\/#website\"},\"primaryImageOfPage\":{\"@id\":\"https:\/\/www.akeneo.com\/de\/salesforce\/#primaryimage\"},\"image\":{\"@id\":\"https:\/\/www.akeneo.com\/de\/salesforce\/#primaryimage\"},\"thumbnailUrl\":\"https:\/\/www.akeneo.com\/wp-content\/uploads\/2022\/12\/ecommercePartners_salesforce_app.png\",\"datePublished\":\"2022-09-01T09:56:21+00:00\",\"dateModified\":\"2026-01-29T11:47:06+00:00\",\"description\":\"By utilizing Akeneo\u2019s product information management solution, companies can easily consolidate, enrich, manage, and export product information to Salesforce, enabling boosted productivity and significantly improving time to market.\",\"inLanguage\":\"de-DE\",\"potentialAction\":[{\"@type\":\"ReadAction\",\"target\":[\"https:\/\/www.akeneo.com\/de\/salesforce\/\"]}]},{\"@type\":\"ImageObject\",\"inLanguage\":\"de-DE\",\"@id\":\"https:\/\/www.akeneo.com\/de\/salesforce\/#primaryimage\",\"url\":\"https:\/\/www.akeneo.com\/wp-content\/uploads\/2022\/12\/ecommercePartners_salesforce_app.png\",\"contentUrl\":\"https:\/\/www.akeneo.com\/wp-content\/uploads\/2022\/12\/ecommercePartners_salesforce_app.png\",\"width\":1001,\"height\":1001},{\"@type\":\"WebSite\",\"@id\":\"https:\/\/www.akeneo.com\/de\/#website\",\"url\":\"https:\/\/www.akeneo.com\/de\/\",\"name\":\"Akeneo\",\"description\":\"\",\"publisher\":{\"@id\":\"https:\/\/www.akeneo.com\/de\/#organization\"},\"potentialAction\":[{\"@type\":\"SearchAction\",\"target\":{\"@type\":\"EntryPoint\",\"urlTemplate\":\"https:\/\/www.akeneo.com\/de\/?s={search_term_string}\"},\"query-input\":{\"@type\":\"PropertyValueSpecification\",\"valueRequired\":true,\"valueName\":\"search_term_string\"}}],\"inLanguage\":\"de-DE\"},{\"@type\":\"Organization\",\"@id\":\"https:\/\/www.akeneo.com\/de\/#organization\",\"name\":\"Akeneo\",\"url\":\"https:\/\/www.akeneo.com\/de\/\",\"logo\":{\"@type\":\"ImageObject\",\"inLanguage\":\"de-DE\",\"@id\":\"https:\/\/www.akeneo.com\/de\/#\/schema\/logo\/image\/\",\"url\":\"https:\/\/www.akeneo.com\/wp-content\/uploads\/2019\/08\/logo-kjus.png\",\"contentUrl\":\"https:\/\/www.akeneo.com\/wp-content\/uploads\/2019\/08\/logo-kjus.png\",\"width\":1,\"height\":1,\"caption\":\"Akeneo\"},\"image\":{\"@id\":\"https:\/\/www.akeneo.com\/de\/#\/schema\/logo\/image\/\"}}]}<\/script>\n<!-- \/ Yoast SEO Premium plugin. -->","yoast_head_json":{"title":"Salesforce | Akeneo","description":"By utilizing Akeneo\u2019s product information management solution, companies can easily consolidate, enrich, manage, and export product information to Salesforce, enabling boosted productivity and significantly improving time to market.","robots":{"index":"index","follow":"follow","max-snippet":"max-snippet:-1","max-image-preview":"max-image-preview:large","max-video-preview":"max-video-preview:-1"},"canonical":"https:\/\/www.akeneo.com\/de\/salesforce\/","og_locale":"de_DE","og_type":"article","og_title":"Salesforce | Akeneo","og_description":"By utilizing Akeneo\u2019s product information management solution, companies can easily consolidate, enrich, manage, and export product information to Salesforce, enabling boosted productivity and significantly improving time to market.","og_url":"https:\/\/www.akeneo.com\/de\/salesforce\/","og_site_name":"Akeneo","article_modified_time":"2026-01-29T11:47:06+00:00","og_image":[{"width":1001,"height":1001,"url":"https:\/\/www.akeneo.com\/wp-content\/uploads\/2022\/12\/ecommercePartners_salesforce_app.png","type":"image\/png"}],"twitter_card":"summary_large_image","twitter_misc":{"Gesch\u00e4tzte Lesezeit":"1 Minute"},"schema":{"@context":"https:\/\/schema.org","@graph":[{"@type":"WebPage","@id":"https:\/\/www.akeneo.com\/de\/salesforce\/","url":"https:\/\/www.akeneo.com\/de\/salesforce\/","name":"Salesforce | Akeneo","isPartOf":{"@id":"https:\/\/www.akeneo.com\/de\/#website"},"primaryImageOfPage":{"@id":"https:\/\/www.akeneo.com\/de\/salesforce\/#primaryimage"},"image":{"@id":"https:\/\/www.akeneo.com\/de\/salesforce\/#primaryimage"},"thumbnailUrl":"https:\/\/www.akeneo.com\/wp-content\/uploads\/2022\/12\/ecommercePartners_salesforce_app.png","datePublished":"2022-09-01T09:56:21+00:00","dateModified":"2026-01-29T11:47:06+00:00","description":"By utilizing Akeneo\u2019s product information management solution, companies can easily consolidate, enrich, manage, and export product information to Salesforce, enabling boosted productivity and significantly improving time to market.","inLanguage":"de-DE","potentialAction":[{"@type":"ReadAction","target":["https:\/\/www.akeneo.com\/de\/salesforce\/"]}]},{"@type":"ImageObject","inLanguage":"de-DE","@id":"https:\/\/www.akeneo.com\/de\/salesforce\/#primaryimage","url":"https:\/\/www.akeneo.com\/wp-content\/uploads\/2022\/12\/ecommercePartners_salesforce_app.png","contentUrl":"https:\/\/www.akeneo.com\/wp-content\/uploads\/2022\/12\/ecommercePartners_salesforce_app.png","width":1001,"height":1001},{"@type":"WebSite","@id":"https:\/\/www.akeneo.com\/de\/#website","url":"https:\/\/www.akeneo.com\/de\/","name":"Akeneo","description":"","publisher":{"@id":"https:\/\/www.akeneo.com\/de\/#organization"},"potentialAction":[{"@type":"SearchAction","target":{"@type":"EntryPoint","urlTemplate":"https:\/\/www.akeneo.com\/de\/?s={search_term_string}"},"query-input":{"@type":"PropertyValueSpecification","valueRequired":true,"valueName":"search_term_string"}}],"inLanguage":"de-DE"},{"@type":"Organization","@id":"https:\/\/www.akeneo.com\/de\/#organization","name":"Akeneo","url":"https:\/\/www.akeneo.com\/de\/","logo":{"@type":"ImageObject","inLanguage":"de-DE","@id":"https:\/\/www.akeneo.com\/de\/#\/schema\/logo\/image\/","url":"https:\/\/www.akeneo.com\/wp-content\/uploads\/2019\/08\/logo-kjus.png","contentUrl":"https:\/\/www.akeneo.com\/wp-content\/uploads\/2019\/08\/logo-kjus.png","width":1,"height":1,"caption":"Akeneo"},"image":{"@id":"https:\/\/www.akeneo.com\/de\/#\/schema\/logo\/image\/"}}]}},"_links":{"self":[{"href":"https:\/\/www.akeneo.com\/de\/wp-json\/wp\/v2\/pages\/47923","targetHints":{"allow":["GET"]}}],"collection":[{"href":"https:\/\/www.akeneo.com\/de\/wp-json\/wp\/v2\/pages"}],"about":[{"href":"https:\/\/www.akeneo.com\/de\/wp-json\/wp\/v2\/types\/page"}],"author":[{"embeddable":true,"href":"https:\/\/www.akeneo.com\/de\/wp-json\/wp\/v2\/users\/1"}],"replies":[{"embeddable":true,"href":"https:\/\/www.akeneo.com\/de\/wp-json\/wp\/v2\/comments?post=47923"}],"version-history":[{"count":0,"href":"https:\/\/www.akeneo.com\/de\/wp-json\/wp\/v2\/pages\/47923\/revisions"}],"wp:featuredmedia":[{"embeddable":true,"href":"https:\/\/www.akeneo.com\/de\/wp-json\/wp\/v2\/media\/33641"}],"wp:attachment":[{"href":"https:\/\/www.akeneo.com\/de\/wp-json\/wp\/v2\/media?parent=47923"}],"curies":[{"name":"wp","href":"https:\/\/api.w.org\/{rel}","templated":true}]}}