{"id":47915,"date":"2022-06-15T13:22:10","date_gmt":"2022-06-15T13:22:10","guid":{"rendered":"https:\/\/www.akeneo.com\/adobe-2\/"},"modified":"2024-09-20T10:05:37","modified_gmt":"2024-09-20T10:05:37","slug":"adobe","status":"publish","type":"page","link":"https:\/\/www.akeneo.com\/de\/adobe\/","title":{"rendered":"Adobe"},"content":{"rendered":"\n  <section class=\"hero hero-light  \" >\n    <div class=\"container\">\n                            <div class=\"row justify-content-between align-items-center g-3\">\n                        <div class=\"col-lg-6\">\n                            <div class=\"hero-content\">\n                                                                \n                                \n                                                                    <h1 class=\"hero-title\">Adobe<\/h1>\n                                                                                                    <div class=\"hero-text\">\n                                        <p><span style=\"font-weight: 400;\">Akeneo erm\u00f6glicht es B2C- und B2B-H\u00e4ndlern auf Adobe Commerce, das Kundenerlebnis zu verbessern und Wachstum zu generieren. Funktions\u00fcbergreifende Teams werden so in die Lage versetzt mehr Produkte mit hochwertigen, konsistenten und lokalisierten Produktinformationen schneller auf den Markt zu bringen \u2013 f\u00fcr eCommerce und \u00fcber alle Touchpoints hinweg.<\/span><\/p>\n<ul>\n<li style=\"font-weight: 400;\" aria-level=\"1\"><b>Besser verkaufen: <\/b><span style=\"font-weight: 400;\">Verbessern Sie die Leistung von Produkten auf Adobe Commerce und in allen Vertriebskan\u00e4len durch eine bessere Produktauffindbarkeit, eine h\u00f6here Conversion Rate und weniger Retouren.<\/span><\/li>\n<li style=\"font-weight: 400;\" aria-level=\"1\"><b>Schneller verkaufen:<\/b><span style=\"font-weight: 400;\"> Beschleunigen Sie die Markteinf\u00fchrung durch die Verwaltung von Produktinformationen in einem zentralen Arbeitsbereich \u2013 mit h\u00f6herer Effizienz und Automatisierung und weniger manueller Arbeit.<\/span><\/li>\n<li style=\"font-weight: 400;\" aria-level=\"1\"><b>Mehr verkaufen:<\/b><span style=\"font-weight: 400;\"> Expandieren Sie in neue Regionen, indem Sie mehrere Sprachen f\u00fcr verschiedene Adobe Commerce-Stores in einer einzigen, einfach zu bedienenden Benutzeroberfl\u00e4che verwalten.<\/span><\/li>\n<\/ul>\n                                    <\/div>\n                                                                                                    <div class=\"hero-buttons\">\n                                                                                                                                    <div>\n                                                    <a class=\"btn btn-primary btn-lg\" href=\"https:\/\/www.akeneo.com\/wp-content\/uploads\/2022\/06\/akeneo-adobe.pdf\" target=\"_blank\"><span class=\"initial text\">Download the Infosheet<\/span><span class=\"background-text\">Download the Infosheet<\/span><span class=\"hovered text\">Download the Infosheet<\/span><\/a>                                                <\/div>\n                                                                                                                        <\/div>\n                                                            <\/div>\n                        <\/div>\n                                                    <div class=\"col-lg-5\">\n                                                                    <div class=\"hero-image\">\n                                        <img decoding=\"async\" src=\"https:\/\/www.akeneo.com\/wp-content\/uploads\/2023\/05\/web-assets-adobe-commerce-cloud-hero@2x-1122x1200.png\" alt=\"\">\n                                    <\/div>\n                                \n                                                            <\/div>\n                                            <\/div>\n\n                        <\/div>\n<\/section>  \n\n\n\n<section id=\"content-block_8b28a45b5c2b7c5c55ee4c46ffa7435d\" class=\"py-6 py-md-8 \">\n            <div class=\"container\">\n            <div class=\"row\">\n                <div class=\"col-12\">\n                                            <div class=\"text-center \">\n                                                                                        <div class=\"text-editor fs-md\">\n                                    <style>.lesser-quote { width: 100rem; }<\/style>\n<div style=\"margin: 0 auto; text-align: center;\"><div class=\"ratio ratio-16x9\"><iframe loading=\"lazy\" title=\"YouTube video player\" src=\"https:\/\/www.youtube.com\/embed\/PwmKpOoll9U\" width=\"560\" height=\"315\" frameborder=\"0\" allowfullscreen=\"allowfullscreen\"><\/iframe><\/div><\/div>\n\n                                                                    <\/div>\n                                                    <\/div>\n                                        <\/div>\n            <\/div>\n        <\/div>\n    <\/section>\n\n\n<section id=\"assets-articles-block_673a4556ee5aac829cf4267fec89d0e7\" class=\"py-6 py-md-8 \">\n    <div class=\"container\">\n        <div class=\"row\">\n            <div class=\"col-12\">\n                <div class=\"mb-4  text-center\">\n                                            <h2 class=\"mb-0 text-primary-blackstar\">Learn From Your Peers<\/h2>\n                    \n                                                        <\/div>\n            <\/div>\n        <\/div>\n            <\/div>\n<\/section>\n\n<section id=\"assets-articles-block_2bcd82d90f8d04255cb893d64367234e\" class=\"py-6 py-md-8 bg-light\">\n    <div class=\"container\">\n        <div class=\"row\">\n            <div class=\"col-12\">\n                <div class=\"mb-4  text-center\">\n                                            <h2 class=\"mb-0 text-primary-blackstar\">Erfahren Sie, wie<\/h2>\n                    \n                                                        <\/div>\n            <\/div>\n        <\/div>\n            <\/div>\n<\/section>","protected":false},"excerpt":{"rendered":"","protected":false},"author":1,"featured_media":37062,"parent":0,"menu_order":42,"comment_status":"closed","ping_status":"closed","template":"","meta":{"_acf_changed":true,"footnotes":""},"class_list":["post-47915","page","type-page","status-publish","has-post-thumbnail","hentry"],"acf":[],"yoast_head":"<!-- This site is optimized with the Yoast SEO Premium plugin v26.7 (Yoast SEO v26.7) - https:\/\/yoast.com\/wordpress\/plugins\/seo\/ -->\n<title>Adobe | Akeneo<\/title>\n<meta name=\"description\" content=\"Together, Akeneo and Adobe offer a best-in-class solution for businesses looking to optimize their ecommerce operations, deliver exceptional digital experiences, and drive revenue growth.\" \/>\n<meta name=\"robots\" content=\"index, follow, max-snippet:-1, max-image-preview:large, max-video-preview:-1\" \/>\n<link rel=\"canonical\" href=\"https:\/\/www.akeneo.com\/de\/adobe\/\" \/>\n<meta property=\"og:locale\" content=\"de_DE\" \/>\n<meta property=\"og:type\" content=\"article\" \/>\n<meta property=\"og:title\" content=\"Adobe | Akeneo\" \/>\n<meta property=\"og:description\" content=\"Together, Akeneo and Adobe offer a best-in-class solution for businesses looking to optimize their ecommerce operations, deliver exceptional digital experiences, and drive revenue growth.\" \/>\n<meta property=\"og:url\" content=\"https:\/\/www.akeneo.com\/de\/adobe\/\" \/>\n<meta property=\"og:site_name\" content=\"Akeneo\" \/>\n<meta property=\"article:modified_time\" content=\"2024-09-20T10:05:37+00:00\" \/>\n<meta property=\"og:image\" content=\"https:\/\/www.akeneo.com\/wp-content\/uploads\/2023\/05\/web-assets-adobe-commerce-cloud-hero@2x.png\" \/>\n\t<meta property=\"og:image:width\" content=\"2020\" \/>\n\t<meta property=\"og:image:height\" content=\"2160\" \/>\n\t<meta property=\"og:image:type\" content=\"image\/png\" \/>\n<meta name=\"twitter:card\" content=\"summary_large_image\" \/>\n<meta name=\"twitter:label1\" content=\"Gesch\u00e4tzte Lesezeit\" \/>\n\t<meta name=\"twitter:data1\" content=\"1 Minute\" \/>\n<script type=\"application\/ld+json\" class=\"yoast-schema-graph\">{\"@context\":\"https:\/\/schema.org\",\"@graph\":[{\"@type\":\"WebPage\",\"@id\":\"https:\/\/www.akeneo.com\/de\/adobe\/\",\"url\":\"https:\/\/www.akeneo.com\/de\/adobe\/\",\"name\":\"Adobe | Akeneo\",\"isPartOf\":{\"@id\":\"https:\/\/www.akeneo.com\/de\/#website\"},\"primaryImageOfPage\":{\"@id\":\"https:\/\/www.akeneo.com\/de\/adobe\/#primaryimage\"},\"image\":{\"@id\":\"https:\/\/www.akeneo.com\/de\/adobe\/#primaryimage\"},\"thumbnailUrl\":\"https:\/\/www.akeneo.com\/wp-content\/uploads\/2023\/05\/web-assets-adobe-commerce-cloud-hero@2x.png\",\"datePublished\":\"2022-06-15T13:22:10+00:00\",\"dateModified\":\"2024-09-20T10:05:37+00:00\",\"description\":\"Together, Akeneo and Adobe offer a best-in-class solution for businesses looking to optimize their ecommerce operations, deliver exceptional digital experiences, and drive revenue growth.\",\"inLanguage\":\"de-DE\",\"potentialAction\":[{\"@type\":\"ReadAction\",\"target\":[\"https:\/\/www.akeneo.com\/de\/adobe\/\"]}]},{\"@type\":\"ImageObject\",\"inLanguage\":\"de-DE\",\"@id\":\"https:\/\/www.akeneo.com\/de\/adobe\/#primaryimage\",\"url\":\"https:\/\/www.akeneo.com\/wp-content\/uploads\/2023\/05\/web-assets-adobe-commerce-cloud-hero@2x.png\",\"contentUrl\":\"https:\/\/www.akeneo.com\/wp-content\/uploads\/2023\/05\/web-assets-adobe-commerce-cloud-hero@2x.png\",\"width\":2020,\"height\":2160},{\"@type\":\"WebSite\",\"@id\":\"https:\/\/www.akeneo.com\/de\/#website\",\"url\":\"https:\/\/www.akeneo.com\/de\/\",\"name\":\"Akeneo\",\"description\":\"\",\"publisher\":{\"@id\":\"https:\/\/www.akeneo.com\/de\/#organization\"},\"potentialAction\":[{\"@type\":\"SearchAction\",\"target\":{\"@type\":\"EntryPoint\",\"urlTemplate\":\"https:\/\/www.akeneo.com\/de\/?s={search_term_string}\"},\"query-input\":{\"@type\":\"PropertyValueSpecification\",\"valueRequired\":true,\"valueName\":\"search_term_string\"}}],\"inLanguage\":\"de-DE\"},{\"@type\":\"Organization\",\"@id\":\"https:\/\/www.akeneo.com\/de\/#organization\",\"name\":\"Akeneo\",\"url\":\"https:\/\/www.akeneo.com\/de\/\",\"logo\":{\"@type\":\"ImageObject\",\"inLanguage\":\"de-DE\",\"@id\":\"https:\/\/www.akeneo.com\/de\/#\/schema\/logo\/image\/\",\"url\":\"https:\/\/www.akeneo.com\/wp-content\/uploads\/2019\/08\/logo-kjus.png\",\"contentUrl\":\"https:\/\/www.akeneo.com\/wp-content\/uploads\/2019\/08\/logo-kjus.png\",\"width\":1,\"height\":1,\"caption\":\"Akeneo\"},\"image\":{\"@id\":\"https:\/\/www.akeneo.com\/de\/#\/schema\/logo\/image\/\"}}]}<\/script>\n<!-- \/ Yoast SEO Premium plugin. -->","yoast_head_json":{"title":"Adobe | Akeneo","description":"Together, Akeneo and Adobe offer a best-in-class solution for businesses looking to optimize their ecommerce operations, deliver exceptional digital experiences, and drive revenue growth.","robots":{"index":"index","follow":"follow","max-snippet":"max-snippet:-1","max-image-preview":"max-image-preview:large","max-video-preview":"max-video-preview:-1"},"canonical":"https:\/\/www.akeneo.com\/de\/adobe\/","og_locale":"de_DE","og_type":"article","og_title":"Adobe | Akeneo","og_description":"Together, Akeneo and Adobe offer a best-in-class solution for businesses looking to optimize their ecommerce operations, deliver exceptional digital experiences, and drive revenue growth.","og_url":"https:\/\/www.akeneo.com\/de\/adobe\/","og_site_name":"Akeneo","article_modified_time":"2024-09-20T10:05:37+00:00","og_image":[{"width":2020,"height":2160,"url":"https:\/\/www.akeneo.com\/wp-content\/uploads\/2023\/05\/web-assets-adobe-commerce-cloud-hero@2x.png","type":"image\/png"}],"twitter_card":"summary_large_image","twitter_misc":{"Gesch\u00e4tzte Lesezeit":"1 Minute"},"schema":{"@context":"https:\/\/schema.org","@graph":[{"@type":"WebPage","@id":"https:\/\/www.akeneo.com\/de\/adobe\/","url":"https:\/\/www.akeneo.com\/de\/adobe\/","name":"Adobe | Akeneo","isPartOf":{"@id":"https:\/\/www.akeneo.com\/de\/#website"},"primaryImageOfPage":{"@id":"https:\/\/www.akeneo.com\/de\/adobe\/#primaryimage"},"image":{"@id":"https:\/\/www.akeneo.com\/de\/adobe\/#primaryimage"},"thumbnailUrl":"https:\/\/www.akeneo.com\/wp-content\/uploads\/2023\/05\/web-assets-adobe-commerce-cloud-hero@2x.png","datePublished":"2022-06-15T13:22:10+00:00","dateModified":"2024-09-20T10:05:37+00:00","description":"Together, Akeneo and Adobe offer a best-in-class solution for businesses looking to optimize their ecommerce operations, deliver exceptional digital experiences, and drive revenue growth.","inLanguage":"de-DE","potentialAction":[{"@type":"ReadAction","target":["https:\/\/www.akeneo.com\/de\/adobe\/"]}]},{"@type":"ImageObject","inLanguage":"de-DE","@id":"https:\/\/www.akeneo.com\/de\/adobe\/#primaryimage","url":"https:\/\/www.akeneo.com\/wp-content\/uploads\/2023\/05\/web-assets-adobe-commerce-cloud-hero@2x.png","contentUrl":"https:\/\/www.akeneo.com\/wp-content\/uploads\/2023\/05\/web-assets-adobe-commerce-cloud-hero@2x.png","width":2020,"height":2160},{"@type":"WebSite","@id":"https:\/\/www.akeneo.com\/de\/#website","url":"https:\/\/www.akeneo.com\/de\/","name":"Akeneo","description":"","publisher":{"@id":"https:\/\/www.akeneo.com\/de\/#organization"},"potentialAction":[{"@type":"SearchAction","target":{"@type":"EntryPoint","urlTemplate":"https:\/\/www.akeneo.com\/de\/?s={search_term_string}"},"query-input":{"@type":"PropertyValueSpecification","valueRequired":true,"valueName":"search_term_string"}}],"inLanguage":"de-DE"},{"@type":"Organization","@id":"https:\/\/www.akeneo.com\/de\/#organization","name":"Akeneo","url":"https:\/\/www.akeneo.com\/de\/","logo":{"@type":"ImageObject","inLanguage":"de-DE","@id":"https:\/\/www.akeneo.com\/de\/#\/schema\/logo\/image\/","url":"https:\/\/www.akeneo.com\/wp-content\/uploads\/2019\/08\/logo-kjus.png","contentUrl":"https:\/\/www.akeneo.com\/wp-content\/uploads\/2019\/08\/logo-kjus.png","width":1,"height":1,"caption":"Akeneo"},"image":{"@id":"https:\/\/www.akeneo.com\/de\/#\/schema\/logo\/image\/"}}]}},"_links":{"self":[{"href":"https:\/\/www.akeneo.com\/de\/wp-json\/wp\/v2\/pages\/47915","targetHints":{"allow":["GET"]}}],"collection":[{"href":"https:\/\/www.akeneo.com\/de\/wp-json\/wp\/v2\/pages"}],"about":[{"href":"https:\/\/www.akeneo.com\/de\/wp-json\/wp\/v2\/types\/page"}],"author":[{"embeddable":true,"href":"https:\/\/www.akeneo.com\/de\/wp-json\/wp\/v2\/users\/1"}],"replies":[{"embeddable":true,"href":"https:\/\/www.akeneo.com\/de\/wp-json\/wp\/v2\/comments?post=47915"}],"version-history":[{"count":0,"href":"https:\/\/www.akeneo.com\/de\/wp-json\/wp\/v2\/pages\/47915\/revisions"}],"wp:featuredmedia":[{"embeddable":true,"href":"https:\/\/www.akeneo.com\/de\/wp-json\/wp\/v2\/media\/37062"}],"wp:attachment":[{"href":"https:\/\/www.akeneo.com\/de\/wp-json\/wp\/v2\/media?parent=47915"}],"curies":[{"name":"wp","href":"https:\/\/api.w.org\/{rel}","templated":true}]}}