{"id":47865,"date":"2021-11-25T08:12:08","date_gmt":"2021-11-25T08:12:08","guid":{"rendered":"https:\/\/www.akeneo.com\/solution-partners-2\/"},"modified":"2024-09-20T09:20:38","modified_gmt":"2024-09-20T09:20:38","slug":"solution-partners","status":"publish","type":"page","link":"https:\/\/www.akeneo.com\/de\/solution-partners\/","title":{"rendered":"Solution Partner"},"content":{"rendered":"\n  <section class=\"hero hero-light  \" >\n    <div class=\"container\">\n                            <div class=\"row justify-content-between align-items-center g-3\">\n                        <div class=\"col-lg-6\">\n                            <div class=\"hero-content\">\n                                                                \n                                \n                                                                    <h1 class=\"hero-title\">Systemintegrator werden<\/h1>\n                                                                                                    <div class=\"hero-text\">\n                                        <p>Akeneo-Systemintegratoren sind Solution-Partner, die Akeneo-Kunden erg\u00e4nzende Dienstleistungen bieten: Sie stellen sicher, dass Akeneo-Kunden Akeneo PXM Studio innerhalb ihrer technologischen Infrastruktur erfolgreich einf\u00fchren, integrieren und anwenden. Dazu haben Solution-Partner Zugang zu Schulungen und Zertifizierungen.<\/p>\n                                    <\/div>\n                                                                                                    <div class=\"hero-buttons\">\n                                                                                                                                    <div>\n                                                    <a class=\"btn btn-primary btn-lg\" href=\"https:\/\/www.akeneo.com\/de\/contact\/\"><span class=\"initial text\">Kontaktieren Sie uns<\/span><span class=\"background-text\">Kontaktieren Sie uns<\/span><span class=\"hovered text\">Kontaktieren Sie uns<\/span><\/a>                                                <\/div>\n                                                                                                                        <\/div>\n                                                            <\/div>\n                        <\/div>\n                                                    <div class=\"col-lg-5\">\n                                                                    <div class=\"hero-image\">\n                                        <img decoding=\"async\" src=\"https:\/\/www.akeneo.com\/wp-content\/uploads\/2022\/01\/web-assets-Solution-Partners-hero@2x-1122x1200.png\" alt=\"\">\n                                    <\/div>\n                                \n                                                            <\/div>\n                                            <\/div>\n\n                        <\/div>\n<\/section>  \n\n\n\n<section id=\"content-block_0e1453b3b2ba965d8d9a76042448ef8a\" class=\"py-6 py-md-8 \">\n    <div class=\"container\">\n        <div class=\"row justify-content-between align-items-center g-3 \">\n            <div class=\"col-lg-6\">\n                <div class=\"w-lg-70 mx-auto\">\n                                            <h2 class=\"text-primary-blackstar\">Zugang zu Experten<\/h2>\n                    \n                    \n                    <div class=\"text-editor fs-md text-primary-blackstar\">\n                                                    <p>Unsere Teams stehen Ihnen jederzeit f\u00fcr Fragen zur Verf\u00fcgung. Als Partner von Akeneo erhalten Sie Unterst\u00fctzung von unseren Vertriebs- und Pre-Sales-Teams, unserem Marketing-Team und einem pers\u00f6nlichen Channel Manager, die Sie auf dem Weg mit Akeneo begleiten. Unabh\u00e4ngig von Ihrer Partnerstufe, ist ein eigener Channel Manager Teil unseres Partnerprogramms.<\/p>\n                                                                    <\/div>\n                                                                                <\/div>\n            <\/div>\n                            <div class=\"col-lg-6 text-center\">\n                                            <div class=\"torch-container\">\n                            <img decoding=\"async\" src=\"https:\/\/www.akeneo.com\/wp-content\/uploads\/2022\/01\/web-assets-your-success-Professional-Services-Trusted-1200x1200.png\" alt=\"\">\n                                                    <\/div>\n                    \n                                    <\/div>\n                    <\/div>\n    <\/div>\n<\/section>\n\n\n\n<section id=\"content-block_4fa5d29618c58f9ba60fbee67f50a3fd\" class=\"py-6 py-md-8 \">\n    <div class=\"container\">\n        <div class=\"row justify-content-between align-items-center g-3 flex-lg-row-reverse\">\n            <div class=\"col-lg-6\">\n                <div class=\"w-lg-70 mx-auto\">\n                                            <h2 class=\"text-primary-blackstar\">Das beste Partnerportal aller Zeiten<\/h2>\n                    \n                    \n                    <div class=\"text-editor fs-md text-primary-blackstar\">\n                                                    <p>Das hauseigene Partnerportal von Akeneo macht es leichter, Dokumente auszutauschen, Support-Tickets zu \u00f6ffnen und zu verfolgen sowie Anleitungs- und Marketingvideos zu finden. Wir sammeln sogar Informationen \u00fcber Folgeverk\u00e4ufe und senden sie Ihnen so schnell wie m\u00f6glich zu, damit Sie keine Verkaufschance verpassen. Unser Partnerportal ist nicht nur ein gutes Portal, sondern das beste. Uns wurde wiederholt nahegelegt, es zu einem eigenst\u00e4ndigen Produkt zu machen \u2013 aber wir m\u00f6chten es lieber exklusiv f\u00fcr Sie bereitstellen.<\/p>\n                                                                    <\/div>\n                                                                                <\/div>\n            <\/div>\n                            <div class=\"col-lg-6 text-center\">\n                                            <div class=\"torch-container\">\n                            <img decoding=\"async\" src=\"https:\/\/www.akeneo.com\/wp-content\/uploads\/2022\/01\/web-assets-Solution-Partners-Best.-Partner-portal.-Ever-1200x1200.png\" alt=\"\">\n                                                    <\/div>\n                    \n                                    <\/div>\n                    <\/div>\n    <\/div>\n<\/section>\n\n\n\n<section id=\"content-block_dae79ecda638f94c79c2d8bb91d0dc19\" class=\"py-6 py-md-8 \">\n    <div class=\"container\">\n        <div class=\"row justify-content-between align-items-center g-3 \">\n            <div class=\"col-lg-6\">\n                <div class=\"w-lg-70 mx-auto\">\n                                            <h2 class=\"text-primary-blackstar\">Sammeln Sie Punkte als Anerkennung und Belohnung<\/h2>\n                    \n                    \n                    <div class=\"text-editor fs-md text-primary-blackstar\">\n                                                    <p>Durch Projekte, Beitr\u00e4ge und Marketing-Aktionen k\u00f6nnen Sie Punkte sammeln und Ihr Partner-Ranking verbessern. Je h\u00f6her Ihre Punktzahl ist, desto mehr Sichtbarkeit erlangen Sie, desto h\u00f6her sind Ihre Provisionen und desto mehr werden Sie als Experte in der Akeneo-Community anerkannt. Beim Erreichen der Silber- oder Goldstufe geht es nicht um Geld. Es geht darum, sich in der Akeneo-Community zu engagieren und einen Beitrag zu leisten. Punkt.<\/p>\n                                                                    <\/div>\n                                                                                <\/div>\n            <\/div>\n                            <div class=\"col-lg-6 text-center\">\n                                            <div class=\"torch-container\">\n                            <img decoding=\"async\" src=\"https:\/\/www.akeneo.com\/wp-content\/uploads\/2022\/01\/web-assets-Solution-Partners-Earn-points-for-more-recognition-1200x1200.png\" alt=\"\">\n                                                    <\/div>\n                    \n                                    <\/div>\n                    <\/div>\n    <\/div>\n<\/section>\n\n\n\n  <section class=\"  py-6 py-md-8\">\n    <div class=\"container\">\n        <div class=\"row\">\n            <div class=\"col-xxl-10 mx-xxl-auto\">\n                                    <div class=\"text-center mb-6\">\n                        <h2 class=\"mb-0\">Warum Sie mit Akeneo zusammenarbeiten sollten<\/h2>\n                    <\/div>\n                \n                                \n                \n                \n                    <div class=\"row row-cols-sm-2 row-cols-md-3 row-cols-xl-5 justify-content-center g-2\">\n                                                    <div>\n                                <div class=\"icon-card icon-card-framed text-center\">\n                                                                            <div class=\"icon-card-image\">\n                                            <img decoding=\"async\" src=\"https:\/\/www.akeneo.com\/wp-content\/uploads\/2024\/07\/akeneo-icon-product-quality@2x.svg\" alt=\"\">\n                                        <\/div>\n                                                                                                                <div class=\"icon-card-content\">\n                                                                                            <h6 class=\"icon-card-title\">Erstklassige Akeneo-Produkte<\/h6>\n                                                                                                                                <\/div>\n                                                                    <\/div>\n                            <\/div>\n                                                    <div>\n                                <div class=\"icon-card icon-card-framed text-center\">\n                                                                            <div class=\"icon-card-image\">\n                                            <img decoding=\"async\" src=\"https:\/\/www.akeneo.com\/wp-content\/uploads\/2024\/07\/akeneo-icon-marketing@2x.svg\" alt=\"\">\n                                        <\/div>\n                                                                                                                <div class=\"icon-card-content\">\n                                                                                            <h6 class=\"icon-card-title\">M\u00f6glichkeiten f\u00fcr Marketing und Lead-Generierung<\/h6>\n                                                                                                                                <\/div>\n                                                                    <\/div>\n                            <\/div>\n                                                    <div>\n                                <div class=\"icon-card icon-card-framed text-center\">\n                                                                            <div class=\"icon-card-image\">\n                                            <img decoding=\"async\" src=\"https:\/\/www.akeneo.com\/wp-content\/uploads\/2024\/07\/akeneo-icon-team@2x.svg\" alt=\"\">\n                                        <\/div>\n                                                                                                                <div class=\"icon-card-content\">\n                                                                                            <h6 class=\"icon-card-title\">Kooperative und innovative Partnerschaften<\/h6>\n                                                                                                                                <\/div>\n                                                                    <\/div>\n                            <\/div>\n                                            <\/div>\n                            <\/div>\n        <\/div>\n    <\/div>\n<\/section>  \n\n\n\n<section class=\"py-3 py-md-6 position-relative\">\n            <div class=\"block-background block-background-top\"><\/div>\n        <div class=\"container\">\n        <div class=\"row\">\n            <div class=\"col-12\">\n                <div class=\"cta px-lg-8 py-3 bg-secondary\">\n                    <div class=\"cta-content\">\n                                                    <h2 class=\"cta-title text-gray-100\">Sie suchen einen Solution Partner?<\/h2>\n                                                                                                    <div class=\"cta-buttons\">\n                                                                    <div>\n                                        <a class=\"btn-lg btn btn-primary\" href=\"https:\/\/partners.akeneo.com\/de\/solution-partners\" target=\"_blank\"><span class=\"initial text\">Einen Partner finden<svg class=\"svg-icon fs-sm ms-1\"><use xmlns:xlink=\"http:\/\/www.w3.org\/1999\/xlink\" xlink:href=\"https:\/\/www.akeneo.com\/wp-content\/themes\/akeneo\/assets\/sprite\/icons.svg#icon-link-external\"><\/use><\/svg><\/span><span class=\"background-text\">Einen Partner finden<svg class=\"svg-icon fs-sm ms-1\"><use xmlns:xlink=\"http:\/\/www.w3.org\/1999\/xlink\" xlink:href=\"https:\/\/www.akeneo.com\/wp-content\/themes\/akeneo\/assets\/sprite\/icons.svg#icon-link-external\"><\/use><\/svg><\/span><span class=\"hovered text\">Einen Partner finden<svg class=\"svg-icon fs-sm ms-1\"><use xmlns:xlink=\"http:\/\/www.w3.org\/1999\/xlink\" xlink:href=\"https:\/\/www.akeneo.com\/wp-content\/themes\/akeneo\/assets\/sprite\/icons.svg#icon-link-external\"><\/use><\/svg><\/span><\/a>                                    <\/div>\n                                                            <\/div>\n                                            <\/div>\n                                                                        <div class=\"cta-image\">\n                                <img decoding=\"async\" src=\"https:\/\/www.akeneo.com\/wp-content\/uploads\/2022\/01\/Web-assets-Call-to-Action-large-solution-partners@2x.png\" alt=\"\">\n                            <\/div>\n                                                            <\/div>\n            <\/div>\n        <\/div>\n    <\/div>\n<\/section>","protected":false},"excerpt":{"rendered":"","protected":false},"author":2,"featured_media":24581,"parent":0,"menu_order":0,"comment_status":"closed","ping_status":"closed","template":"","meta":{"_acf_changed":true,"footnotes":""},"class_list":["post-47865","page","type-page","status-publish","has-post-thumbnail","hentry"],"acf":[],"yoast_head":"<!-- This site is optimized with the Yoast SEO Premium plugin v26.7 (Yoast SEO v26.7) - https:\/\/yoast.com\/wordpress\/plugins\/seo\/ -->\n<title>Solution Partner | Akeneo<\/title>\n<meta name=\"robots\" content=\"index, follow, max-snippet:-1, max-image-preview:large, max-video-preview:-1\" \/>\n<link rel=\"canonical\" href=\"https:\/\/www.akeneo.com\/de\/solution-partners\/\" \/>\n<meta property=\"og:locale\" content=\"de_DE\" \/>\n<meta property=\"og:type\" content=\"article\" \/>\n<meta property=\"og:title\" content=\"Solution Partner | Akeneo\" \/>\n<meta property=\"og:url\" content=\"https:\/\/www.akeneo.com\/de\/solution-partners\/\" \/>\n<meta property=\"og:site_name\" content=\"Akeneo\" \/>\n<meta property=\"article:modified_time\" content=\"2024-09-20T09:20:38+00:00\" \/>\n<meta property=\"og:image\" content=\"https:\/\/www.akeneo.com\/wp-content\/uploads\/2022\/01\/web-assets-Solution-Partners-hero@2x.png\" \/>\n\t<meta property=\"og:image:width\" content=\"2021\" \/>\n\t<meta property=\"og:image:height\" content=\"2161\" \/>\n\t<meta property=\"og:image:type\" content=\"image\/png\" \/>\n<meta name=\"twitter:card\" content=\"summary_large_image\" \/>\n<meta name=\"twitter:label1\" content=\"Gesch\u00e4tzte Lesezeit\" \/>\n\t<meta name=\"twitter:data1\" content=\"1 Minute\" \/>\n<script type=\"application\/ld+json\" class=\"yoast-schema-graph\">{\"@context\":\"https:\/\/schema.org\",\"@graph\":[{\"@type\":\"WebPage\",\"@id\":\"https:\/\/www.akeneo.com\/de\/solution-partners\/\",\"url\":\"https:\/\/www.akeneo.com\/de\/solution-partners\/\",\"name\":\"Solution Partner | Akeneo\",\"isPartOf\":{\"@id\":\"https:\/\/www.akeneo.com\/de\/#website\"},\"primaryImageOfPage\":{\"@id\":\"https:\/\/www.akeneo.com\/de\/solution-partners\/#primaryimage\"},\"image\":{\"@id\":\"https:\/\/www.akeneo.com\/de\/solution-partners\/#primaryimage\"},\"thumbnailUrl\":\"https:\/\/www.akeneo.com\/wp-content\/uploads\/2022\/01\/web-assets-Solution-Partners-hero@2x.png\",\"datePublished\":\"2021-11-25T08:12:08+00:00\",\"dateModified\":\"2024-09-20T09:20:38+00:00\",\"inLanguage\":\"de-DE\",\"potentialAction\":[{\"@type\":\"ReadAction\",\"target\":[\"https:\/\/www.akeneo.com\/de\/solution-partners\/\"]}]},{\"@type\":\"ImageObject\",\"inLanguage\":\"de-DE\",\"@id\":\"https:\/\/www.akeneo.com\/de\/solution-partners\/#primaryimage\",\"url\":\"https:\/\/www.akeneo.com\/wp-content\/uploads\/2022\/01\/web-assets-Solution-Partners-hero@2x.png\",\"contentUrl\":\"https:\/\/www.akeneo.com\/wp-content\/uploads\/2022\/01\/web-assets-Solution-Partners-hero@2x.png\",\"width\":2021,\"height\":2161},{\"@type\":\"WebSite\",\"@id\":\"https:\/\/www.akeneo.com\/de\/#website\",\"url\":\"https:\/\/www.akeneo.com\/de\/\",\"name\":\"Akeneo\",\"description\":\"\",\"publisher\":{\"@id\":\"https:\/\/www.akeneo.com\/de\/#organization\"},\"potentialAction\":[{\"@type\":\"SearchAction\",\"target\":{\"@type\":\"EntryPoint\",\"urlTemplate\":\"https:\/\/www.akeneo.com\/de\/?s={search_term_string}\"},\"query-input\":{\"@type\":\"PropertyValueSpecification\",\"valueRequired\":true,\"valueName\":\"search_term_string\"}}],\"inLanguage\":\"de-DE\"},{\"@type\":\"Organization\",\"@id\":\"https:\/\/www.akeneo.com\/de\/#organization\",\"name\":\"Akeneo\",\"url\":\"https:\/\/www.akeneo.com\/de\/\",\"logo\":{\"@type\":\"ImageObject\",\"inLanguage\":\"de-DE\",\"@id\":\"https:\/\/www.akeneo.com\/de\/#\/schema\/logo\/image\/\",\"url\":\"https:\/\/www.akeneo.com\/wp-content\/uploads\/2019\/08\/logo-kjus.png\",\"contentUrl\":\"https:\/\/www.akeneo.com\/wp-content\/uploads\/2019\/08\/logo-kjus.png\",\"width\":1,\"height\":1,\"caption\":\"Akeneo\"},\"image\":{\"@id\":\"https:\/\/www.akeneo.com\/de\/#\/schema\/logo\/image\/\"}}]}<\/script>\n<!-- \/ Yoast SEO Premium plugin. -->","yoast_head_json":{"title":"Solution Partner | Akeneo","robots":{"index":"index","follow":"follow","max-snippet":"max-snippet:-1","max-image-preview":"max-image-preview:large","max-video-preview":"max-video-preview:-1"},"canonical":"https:\/\/www.akeneo.com\/de\/solution-partners\/","og_locale":"de_DE","og_type":"article","og_title":"Solution Partner | Akeneo","og_url":"https:\/\/www.akeneo.com\/de\/solution-partners\/","og_site_name":"Akeneo","article_modified_time":"2024-09-20T09:20:38+00:00","og_image":[{"width":2021,"height":2161,"url":"https:\/\/www.akeneo.com\/wp-content\/uploads\/2022\/01\/web-assets-Solution-Partners-hero@2x.png","type":"image\/png"}],"twitter_card":"summary_large_image","twitter_misc":{"Gesch\u00e4tzte Lesezeit":"1 Minute"},"schema":{"@context":"https:\/\/schema.org","@graph":[{"@type":"WebPage","@id":"https:\/\/www.akeneo.com\/de\/solution-partners\/","url":"https:\/\/www.akeneo.com\/de\/solution-partners\/","name":"Solution Partner | Akeneo","isPartOf":{"@id":"https:\/\/www.akeneo.com\/de\/#website"},"primaryImageOfPage":{"@id":"https:\/\/www.akeneo.com\/de\/solution-partners\/#primaryimage"},"image":{"@id":"https:\/\/www.akeneo.com\/de\/solution-partners\/#primaryimage"},"thumbnailUrl":"https:\/\/www.akeneo.com\/wp-content\/uploads\/2022\/01\/web-assets-Solution-Partners-hero@2x.png","datePublished":"2021-11-25T08:12:08+00:00","dateModified":"2024-09-20T09:20:38+00:00","inLanguage":"de-DE","potentialAction":[{"@type":"ReadAction","target":["https:\/\/www.akeneo.com\/de\/solution-partners\/"]}]},{"@type":"ImageObject","inLanguage":"de-DE","@id":"https:\/\/www.akeneo.com\/de\/solution-partners\/#primaryimage","url":"https:\/\/www.akeneo.com\/wp-content\/uploads\/2022\/01\/web-assets-Solution-Partners-hero@2x.png","contentUrl":"https:\/\/www.akeneo.com\/wp-content\/uploads\/2022\/01\/web-assets-Solution-Partners-hero@2x.png","width":2021,"height":2161},{"@type":"WebSite","@id":"https:\/\/www.akeneo.com\/de\/#website","url":"https:\/\/www.akeneo.com\/de\/","name":"Akeneo","description":"","publisher":{"@id":"https:\/\/www.akeneo.com\/de\/#organization"},"potentialAction":[{"@type":"SearchAction","target":{"@type":"EntryPoint","urlTemplate":"https:\/\/www.akeneo.com\/de\/?s={search_term_string}"},"query-input":{"@type":"PropertyValueSpecification","valueRequired":true,"valueName":"search_term_string"}}],"inLanguage":"de-DE"},{"@type":"Organization","@id":"https:\/\/www.akeneo.com\/de\/#organization","name":"Akeneo","url":"https:\/\/www.akeneo.com\/de\/","logo":{"@type":"ImageObject","inLanguage":"de-DE","@id":"https:\/\/www.akeneo.com\/de\/#\/schema\/logo\/image\/","url":"https:\/\/www.akeneo.com\/wp-content\/uploads\/2019\/08\/logo-kjus.png","contentUrl":"https:\/\/www.akeneo.com\/wp-content\/uploads\/2019\/08\/logo-kjus.png","width":1,"height":1,"caption":"Akeneo"},"image":{"@id":"https:\/\/www.akeneo.com\/de\/#\/schema\/logo\/image\/"}}]}},"_links":{"self":[{"href":"https:\/\/www.akeneo.com\/de\/wp-json\/wp\/v2\/pages\/47865","targetHints":{"allow":["GET"]}}],"collection":[{"href":"https:\/\/www.akeneo.com\/de\/wp-json\/wp\/v2\/pages"}],"about":[{"href":"https:\/\/www.akeneo.com\/de\/wp-json\/wp\/v2\/types\/page"}],"author":[{"embeddable":true,"href":"https:\/\/www.akeneo.com\/de\/wp-json\/wp\/v2\/users\/2"}],"replies":[{"embeddable":true,"href":"https:\/\/www.akeneo.com\/de\/wp-json\/wp\/v2\/comments?post=47865"}],"version-history":[{"count":0,"href":"https:\/\/www.akeneo.com\/de\/wp-json\/wp\/v2\/pages\/47865\/revisions"}],"wp:featuredmedia":[{"embeddable":true,"href":"https:\/\/www.akeneo.com\/de\/wp-json\/wp\/v2\/media\/24581"}],"wp:attachment":[{"href":"https:\/\/www.akeneo.com\/de\/wp-json\/wp\/v2\/media?parent=47865"}],"curies":[{"name":"wp","href":"https:\/\/api.w.org\/{rel}","templated":true}]}}