{"id":47861,"date":"2021-11-25T08:11:27","date_gmt":"2021-11-25T08:11:27","guid":{"rendered":"https:\/\/www.akeneo.com\/akeneo-partners-2\/"},"modified":"2024-09-20T11:28:07","modified_gmt":"2024-09-20T11:28:07","slug":"akeneo-partners","status":"publish","type":"page","link":"https:\/\/www.akeneo.com\/de\/akeneo-partners\/","title":{"rendered":"Akeneo Partners"},"content":{"rendered":"\n  <section class=\"hero hero-light  \" >\n    <div class=\"container\">\n                            <div class=\"row justify-content-between align-items-center g-3\">\n                        <div class=\"col-lg-6\">\n                            <div class=\"hero-content\">\n                                                                \n                                \n                                                                    <h1 class=\"hero-title\">Ergebnisorientierte Partnerschaften. Sowohl f\u00fcr unsere Kunden als auch f\u00fcr Sie.<\/h1>\n                                                                                                    <div class=\"hero-text\">\n                                        <p>Akeneo setzt sich f\u00fcr den Aufbau und die Pflege eines erstklassigen \u00d6kosystems aus Partnern ein, die Fachwissen, umfassende Dienstleistungen und innovative Technologien bereitstellen, um unseren Kunden zu helfen, ihre Produktinformationen besser zu erfassen, anzureichern und zu verwalten und \u00fcberzeugende Product Experiences f\u00fcr ihre Endkunden zu schaffen.<\/p>\n                                    <\/div>\n                                                                                                    <div class=\"hero-buttons\">\n                                                                                                                                    <div>\n                                                    <a class=\"btn btn-primary btn-lg\" href=\"https:\/\/www.akeneo.com\/de\/contact\/\"><span class=\"initial text\">Kontaktieren Sie uns<\/span><span class=\"background-text\">Kontaktieren Sie uns<\/span><span class=\"hovered text\">Kontaktieren Sie uns<\/span><\/a>                                                <\/div>\n                                                                                                                        <\/div>\n                                                            <\/div>\n                        <\/div>\n                                                    <div class=\"col-lg-5\">\n                                                                    <div class=\"hero-image\">\n                                        <img decoding=\"async\" src=\"https:\/\/www.akeneo.com\/wp-content\/uploads\/2024\/09\/web-assets-Akeneo-Partners-hero@2x.png\" alt=\"\">\n                                    <\/div>\n                                \n                                                            <\/div>\n                                            <\/div>\n\n                        <\/div>\n<\/section>  \n\n\n\n<section id=\"content-block_b367e80e6b3d6aa04d72e48c0acd1e89\" class=\"  pt-6\">\n            <div class=\"container\">\n            <div class=\"row\">\n                <div class=\"col-12\">\n                                            <div class=\"text-center \">\n                                                                                                <h2>Das Akeneo Partner <span>\u00d6kosystem<\/span><\/h2>\n                                                                                                                <\/div>\n                                        <\/div>\n            <\/div>\n        <\/div>\n    <\/section>\n\n\n\n<section id=\"content-block_badd365c0d9e7d50c5fd49785e7e7388\" class=\"py-6 py-md-8 \">\n    <div class=\"container\">\n        <div class=\"row justify-content-between align-items-center g-3 \">\n            <div class=\"col-lg-6\">\n                <div class=\"w-lg-70 mx-auto\">\n                                            <h2 class=\"text-primary-blackstar\">Was ist ein Systemintegrator?<\/h2>\n                    \n                    \n                    <div class=\"text-editor fs-md text-primary-blackstar\">\n                                                    <p>Akeneo Solution-Partner liefern erg\u00e4nzende Dienstleistungen, um sicherzustellen, dass Akeneo-Kunden Akeneo PXM Studio innerhalb ihrer technologischen Infrastruktur erfolgreich einf\u00fchren, integrieren und anwenden. Solution-Partner von Akeneo haben Zugang zu Schulungen und Zertifizierungen, um eine erfolgreiche Implementierung von Akeneo PIM zu gew\u00e4hrleisten.<\/p>\n                                                                    <\/div>\n                                                                        <a class=\"d-inline-block fs-md fw-medium mt-2 btn btn-primary\" href=\"https:\/\/www.akeneo.com\/de\/solution-partners\/\"><span class=\"initial text\">Akeneo Solution-Partner<\/span><span class=\"background-text\">Akeneo Solution-Partner<\/span><span class=\"hovered text\">Akeneo Solution-Partner<\/span><\/a>                                                            <\/div>\n            <\/div>\n                            <div class=\"col-lg-6 text-center\">\n                                            <img decoding=\"async\" src=\"https:\/\/www.akeneo.com\/wp-content\/uploads\/2022\/01\/web-assets-Akeneo-Partners-Solution-Partners-1200x1200.png\" alt=\"\">\n                    \n                                    <\/div>\n                    <\/div>\n    <\/div>\n<\/section>\n\n\n\n<section id=\"content-block_fdbec0b3738626433a9bd3634dd3f1a6\" class=\"py-6 py-md-8 \">\n    <div class=\"container\">\n        <div class=\"row justify-content-between align-items-center g-3 flex-lg-row-reverse\">\n            <div class=\"col-lg-6\">\n                <div class=\"w-lg-70 mx-auto\">\n                                            <h2 class=\"text-primary-blackstar\">Was ist ein Technologiepartner?<\/h2>\n                    \n                    \n                    <div class=\"text-editor fs-md text-primary-blackstar\">\n                                                    <p>Akeneo-Technologiepartner verbessern Ihre PIM-Erfahrung, indem sie die Funktionalit\u00e4t von Akeneo PIM um zus\u00e4tzliche Funktionen oder Anwendungen von Drittanbietern erweitern. Die Partner von Akeneo sind Experten in den Bereichen E-Commerce, Print, \u00dcbersetzung und mehr und helfen Ihnen, indem sie Ihnen die Tools zur Erstellung einer vollst\u00e4ndigen und ma\u00dfgeschneiderten PIM-L\u00f6sung zur Verf\u00fcgung stellen.<\/p>\n                                                                    <\/div>\n                                                                        <a class=\"d-inline-block fs-md fw-medium mt-2 btn btn-primary\" href=\"https:\/\/www.akeneo.com\/de\/technology-partners\/\"><span class=\"initial text\">Akeneo Technologiepartner<\/span><span class=\"background-text\">Akeneo Technologiepartner<\/span><span class=\"hovered text\">Akeneo Technologiepartner<\/span><\/a>                                                            <\/div>\n            <\/div>\n                            <div class=\"col-lg-6 text-center\">\n                                            <img decoding=\"async\" src=\"https:\/\/www.akeneo.com\/wp-content\/uploads\/2022\/01\/web-assets-Akeneo-Partners-Technology-Partners-1200x1200.png\" alt=\"\">\n                    \n                                    <\/div>\n                    <\/div>\n    <\/div>\n<\/section>\n\n\n\n<section id=\"content-block_dbc5e341e7d1fdadef43773d381bc5c1\" class=\"py-6 py-md-8 \">\n    <div class=\"container\">\n        <div class=\"row justify-content-between align-items-center g-3 \">\n            <div class=\"col-lg-6\">\n                <div class=\"w-lg-70 mx-auto\">\n                                            <h2 class=\"text-primary-blackstar\">Auswahl eines Akeneo Partners<\/h2>\n                    \n                    \n                    <div class=\"text-editor fs-md text-primary-blackstar\">\n                                                    <p>Entdecken Sie unser umfangreiches Angebot an gepr\u00fcften Partnern f\u00fcr alle Ihre Handelsanforderungen. Von Systemintegratoren, die Sie bei der Einf\u00fchrung unterst\u00fctzen, bis hin zu Technologiepartnern f\u00fcr E-Commerce-Tools haben wir den richtigen Partner f\u00fcr Sie.<\/p>\n                                                                    <\/div>\n                                                                        <a class=\"d-inline-block fs-md fw-medium mt-2 btn btn-primary\" href=\"https:\/\/partners.akeneo.com\/de\/solution-partners\" target=\"_blank\"><span class=\"initial text\">Einen Partner finden<\/span><span class=\"background-text\">Einen Partner finden<\/span><span class=\"hovered text\">Einen Partner finden<\/span><\/a>                                                            <\/div>\n            <\/div>\n                            <div class=\"col-lg-6 text-center\">\n                                            <img decoding=\"async\" src=\"https:\/\/www.akeneo.com\/wp-content\/uploads\/2024\/09\/web-assets-Akeneo-Partners-eCommerce-Partners.png\" alt=\"\">\n                    \n                                    <\/div>\n                    <\/div>\n    <\/div>\n<\/section>\n\n\n\n<section class=\"py-3 py-md-6 position-relative\">\n            <div class=\"block-background block-background-top\"><\/div>\n        <div class=\"container\">\n        <div class=\"row\">\n            <div class=\"col-12\">\n                <div class=\"cta px-lg-8 py-3 bg-secondary\">\n                    <div class=\"cta-content\">\n                                                    <h2 class=\"cta-title text-gray-100\">Sind Sie bereit, den n\u00e4chsten Schritt zu tun?<\/h2>\n                                                                            <div class=\"cta-text text-gray-100\">\n                                <p>Unsere Akeneo-Experten sind hier, um alle Ihre Fragen zu unseren Produkten zu beantworten und Ihnen zu helfen, auf Ihrer PXM-Reise voranzukommen.<\/p>\n                            <\/div>\n                                                                            <div class=\"cta-buttons\">\n                                                                    <div>\n                                        <a class=\"btn-lg btn btn-primary\" href=\"https:\/\/www.akeneo.com\/de\/demo\/\"><span class=\"initial text\">Demo anfordern<\/span><span class=\"background-text\">Demo anfordern<\/span><span class=\"hovered text\">Demo anfordern<\/span><\/a>                                    <\/div>\n                                                            <\/div>\n                                            <\/div>\n                                                                        <div class=\"cta-image\">\n                                <img decoding=\"async\" src=\"https:\/\/www.akeneo.com\/wp-content\/uploads\/2022\/01\/Web-assets-Call-to-Action-large-get-in-contact@2x.png\" alt=\"\">\n                            <\/div>\n                                                            <\/div>\n            <\/div>\n        <\/div>\n    <\/div>\n<\/section>","protected":false},"excerpt":{"rendered":"","protected":false},"author":2,"featured_media":24551,"parent":0,"menu_order":0,"comment_status":"closed","ping_status":"closed","template":"","meta":{"_acf_changed":true,"footnotes":""},"class_list":["post-47861","page","type-page","status-publish","has-post-thumbnail","hentry"],"acf":[],"yoast_head":"<!-- This site is optimized with the Yoast SEO Premium plugin v26.7 (Yoast SEO v26.7) - https:\/\/yoast.com\/wordpress\/plugins\/seo\/ -->\n<title>Akeneo Partners | Akeneo<\/title>\n<meta name=\"robots\" content=\"index, follow, max-snippet:-1, max-image-preview:large, max-video-preview:-1\" \/>\n<link rel=\"canonical\" href=\"https:\/\/www.akeneo.com\/de\/akeneo-partners\/\" \/>\n<meta property=\"og:locale\" content=\"de_DE\" \/>\n<meta property=\"og:type\" content=\"article\" \/>\n<meta property=\"og:title\" content=\"Akeneo Partners | Akeneo\" \/>\n<meta property=\"og:url\" content=\"https:\/\/www.akeneo.com\/de\/akeneo-partners\/\" \/>\n<meta property=\"og:site_name\" content=\"Akeneo\" \/>\n<meta property=\"article:modified_time\" content=\"2024-09-20T11:28:07+00:00\" \/>\n<meta property=\"og:image\" content=\"https:\/\/www.akeneo.com\/wp-content\/uploads\/2022\/01\/akeneo-ico-hero-akeneo-partners@2x.png\" \/>\n\t<meta property=\"og:image:width\" content=\"1\" \/>\n\t<meta property=\"og:image:height\" content=\"1\" \/>\n\t<meta property=\"og:image:type\" content=\"image\/png\" \/>\n<meta name=\"twitter:card\" content=\"summary_large_image\" \/>\n<meta name=\"twitter:label1\" content=\"Gesch\u00e4tzte Lesezeit\" \/>\n\t<meta name=\"twitter:data1\" content=\"1 Minute\" \/>\n<script type=\"application\/ld+json\" class=\"yoast-schema-graph\">{\"@context\":\"https:\/\/schema.org\",\"@graph\":[{\"@type\":\"WebPage\",\"@id\":\"https:\/\/www.akeneo.com\/de\/akeneo-partners\/\",\"url\":\"https:\/\/www.akeneo.com\/de\/akeneo-partners\/\",\"name\":\"Akeneo Partners | Akeneo\",\"isPartOf\":{\"@id\":\"https:\/\/www.akeneo.com\/de\/#website\"},\"primaryImageOfPage\":{\"@id\":\"https:\/\/www.akeneo.com\/de\/akeneo-partners\/#primaryimage\"},\"image\":{\"@id\":\"https:\/\/www.akeneo.com\/de\/akeneo-partners\/#primaryimage\"},\"thumbnailUrl\":\"https:\/\/www.akeneo.com\/wp-content\/uploads\/2022\/01\/akeneo-ico-hero-akeneo-partners@2x.png\",\"datePublished\":\"2021-11-25T08:11:27+00:00\",\"dateModified\":\"2024-09-20T11:28:07+00:00\",\"inLanguage\":\"de-DE\",\"potentialAction\":[{\"@type\":\"ReadAction\",\"target\":[\"https:\/\/www.akeneo.com\/de\/akeneo-partners\/\"]}]},{\"@type\":\"ImageObject\",\"inLanguage\":\"de-DE\",\"@id\":\"https:\/\/www.akeneo.com\/de\/akeneo-partners\/#primaryimage\",\"url\":\"https:\/\/www.akeneo.com\/wp-content\/uploads\/2022\/01\/akeneo-ico-hero-akeneo-partners@2x.png\",\"contentUrl\":\"https:\/\/www.akeneo.com\/wp-content\/uploads\/2022\/01\/akeneo-ico-hero-akeneo-partners@2x.png\"},{\"@type\":\"WebSite\",\"@id\":\"https:\/\/www.akeneo.com\/de\/#website\",\"url\":\"https:\/\/www.akeneo.com\/de\/\",\"name\":\"Akeneo\",\"description\":\"\",\"publisher\":{\"@id\":\"https:\/\/www.akeneo.com\/de\/#organization\"},\"potentialAction\":[{\"@type\":\"SearchAction\",\"target\":{\"@type\":\"EntryPoint\",\"urlTemplate\":\"https:\/\/www.akeneo.com\/de\/?s={search_term_string}\"},\"query-input\":{\"@type\":\"PropertyValueSpecification\",\"valueRequired\":true,\"valueName\":\"search_term_string\"}}],\"inLanguage\":\"de-DE\"},{\"@type\":\"Organization\",\"@id\":\"https:\/\/www.akeneo.com\/de\/#organization\",\"name\":\"Akeneo\",\"url\":\"https:\/\/www.akeneo.com\/de\/\",\"logo\":{\"@type\":\"ImageObject\",\"inLanguage\":\"de-DE\",\"@id\":\"https:\/\/www.akeneo.com\/de\/#\/schema\/logo\/image\/\",\"url\":\"https:\/\/www.akeneo.com\/wp-content\/uploads\/2019\/08\/logo-kjus.png\",\"contentUrl\":\"https:\/\/www.akeneo.com\/wp-content\/uploads\/2019\/08\/logo-kjus.png\",\"width\":1,\"height\":1,\"caption\":\"Akeneo\"},\"image\":{\"@id\":\"https:\/\/www.akeneo.com\/de\/#\/schema\/logo\/image\/\"}}]}<\/script>\n<!-- \/ Yoast SEO Premium plugin. -->","yoast_head_json":{"title":"Akeneo Partners | Akeneo","robots":{"index":"index","follow":"follow","max-snippet":"max-snippet:-1","max-image-preview":"max-image-preview:large","max-video-preview":"max-video-preview:-1"},"canonical":"https:\/\/www.akeneo.com\/de\/akeneo-partners\/","og_locale":"de_DE","og_type":"article","og_title":"Akeneo Partners | Akeneo","og_url":"https:\/\/www.akeneo.com\/de\/akeneo-partners\/","og_site_name":"Akeneo","article_modified_time":"2024-09-20T11:28:07+00:00","og_image":[{"url":"https:\/\/www.akeneo.com\/wp-content\/uploads\/2022\/01\/akeneo-ico-hero-akeneo-partners@2x.png","width":1,"height":1,"type":"image\/png"}],"twitter_card":"summary_large_image","twitter_misc":{"Gesch\u00e4tzte Lesezeit":"1 Minute"},"schema":{"@context":"https:\/\/schema.org","@graph":[{"@type":"WebPage","@id":"https:\/\/www.akeneo.com\/de\/akeneo-partners\/","url":"https:\/\/www.akeneo.com\/de\/akeneo-partners\/","name":"Akeneo Partners | Akeneo","isPartOf":{"@id":"https:\/\/www.akeneo.com\/de\/#website"},"primaryImageOfPage":{"@id":"https:\/\/www.akeneo.com\/de\/akeneo-partners\/#primaryimage"},"image":{"@id":"https:\/\/www.akeneo.com\/de\/akeneo-partners\/#primaryimage"},"thumbnailUrl":"https:\/\/www.akeneo.com\/wp-content\/uploads\/2022\/01\/akeneo-ico-hero-akeneo-partners@2x.png","datePublished":"2021-11-25T08:11:27+00:00","dateModified":"2024-09-20T11:28:07+00:00","inLanguage":"de-DE","potentialAction":[{"@type":"ReadAction","target":["https:\/\/www.akeneo.com\/de\/akeneo-partners\/"]}]},{"@type":"ImageObject","inLanguage":"de-DE","@id":"https:\/\/www.akeneo.com\/de\/akeneo-partners\/#primaryimage","url":"https:\/\/www.akeneo.com\/wp-content\/uploads\/2022\/01\/akeneo-ico-hero-akeneo-partners@2x.png","contentUrl":"https:\/\/www.akeneo.com\/wp-content\/uploads\/2022\/01\/akeneo-ico-hero-akeneo-partners@2x.png"},{"@type":"WebSite","@id":"https:\/\/www.akeneo.com\/de\/#website","url":"https:\/\/www.akeneo.com\/de\/","name":"Akeneo","description":"","publisher":{"@id":"https:\/\/www.akeneo.com\/de\/#organization"},"potentialAction":[{"@type":"SearchAction","target":{"@type":"EntryPoint","urlTemplate":"https:\/\/www.akeneo.com\/de\/?s={search_term_string}"},"query-input":{"@type":"PropertyValueSpecification","valueRequired":true,"valueName":"search_term_string"}}],"inLanguage":"de-DE"},{"@type":"Organization","@id":"https:\/\/www.akeneo.com\/de\/#organization","name":"Akeneo","url":"https:\/\/www.akeneo.com\/de\/","logo":{"@type":"ImageObject","inLanguage":"de-DE","@id":"https:\/\/www.akeneo.com\/de\/#\/schema\/logo\/image\/","url":"https:\/\/www.akeneo.com\/wp-content\/uploads\/2019\/08\/logo-kjus.png","contentUrl":"https:\/\/www.akeneo.com\/wp-content\/uploads\/2019\/08\/logo-kjus.png","width":1,"height":1,"caption":"Akeneo"},"image":{"@id":"https:\/\/www.akeneo.com\/de\/#\/schema\/logo\/image\/"}}]}},"_links":{"self":[{"href":"https:\/\/www.akeneo.com\/de\/wp-json\/wp\/v2\/pages\/47861","targetHints":{"allow":["GET"]}}],"collection":[{"href":"https:\/\/www.akeneo.com\/de\/wp-json\/wp\/v2\/pages"}],"about":[{"href":"https:\/\/www.akeneo.com\/de\/wp-json\/wp\/v2\/types\/page"}],"author":[{"embeddable":true,"href":"https:\/\/www.akeneo.com\/de\/wp-json\/wp\/v2\/users\/2"}],"replies":[{"embeddable":true,"href":"https:\/\/www.akeneo.com\/de\/wp-json\/wp\/v2\/comments?post=47861"}],"version-history":[{"count":0,"href":"https:\/\/www.akeneo.com\/de\/wp-json\/wp\/v2\/pages\/47861\/revisions"}],"wp:featuredmedia":[{"embeddable":true,"href":"https:\/\/www.akeneo.com\/de\/wp-json\/wp\/v2\/media\/24551"}],"wp:attachment":[{"href":"https:\/\/www.akeneo.com\/de\/wp-json\/wp\/v2\/media?parent=47861"}],"curies":[{"name":"wp","href":"https:\/\/api.w.org\/{rel}","templated":true}]}}