{"id":47843,"date":"2021-11-19T07:23:40","date_gmt":"2021-11-19T07:23:40","guid":{"rendered":"https:\/\/www.akeneo.com\/pxm-maturity-path-2\/"},"modified":"2025-07-25T12:00:13","modified_gmt":"2025-07-25T12:00:13","slug":"pxm-maturity-path","status":"publish","type":"page","link":"https:\/\/www.akeneo.com\/de\/pxm-maturity-path\/","title":{"rendered":"PX Strategy &#8211; Self Assessment"},"content":{"rendered":"\n  <section class=\"hero hero-purple  \" >\n    <div class=\"container\">\n                            <div class=\"row justify-content-between align-items-center g-3\">\n                        <div class=\"col-lg-6\">\n                            <div class=\"hero-content\">\n                                                                \n                                \n                                                                    <h1 class=\"hero-title\">Product Experience Management &#8211; Self Assessment<\/h1>\n                                                                                                    <div class=\"hero-text\">\n                                        <p><strong>Machen Sie dieses kurze Self-Assessment<\/strong>, um herauszufinden, wo Sie sich auf dem Weg zur Product Experience Data Excellence befinden und erfahren Sie, wie unsere Kundenplattform Ihnen helfen kann, Ihre Omnichannel-Strategie erfolgreich umzusetzen.<\/p>\n<p><strong>Nachdem Sie die 14 Aussagen beantwortet haben (4 Minuten)<\/strong>, zeigen wir Ihnen Ihr Endergebnis und wie es im Vergleich zu Ihren Mitbewerbern aussieht. Wir geben Ihnen Zugang zu operativen Empfehlungen, um Ihre Wachstumsinitiativen durch bessere Produkterlebnisse voranzutreiben.<\/p>\n                                    <\/div>\n                                                                                                    <div class=\"hero-buttons\">\n                                                                                                                                    <div>\n                                                    <a class=\"btn btn-primary btn-lg\" href=\"#self-assessment\"><span class=\"initial text\">Erhalten Sie Ihr Ergebnis<\/span><span class=\"background-text\">Erhalten Sie Ihr Ergebnis<\/span><span class=\"hovered text\">Erhalten Sie Ihr Ergebnis<\/span><\/a>                                                <\/div>\n                                                                                                                        <\/div>\n                                                            <\/div>\n                        <\/div>\n                                                    <div class=\"col-lg-5\">\n                                                                    <div class=\"hero-image\">\n                                        <img decoding=\"async\" src=\"https:\/\/www.akeneo.com\/wp-content\/uploads\/2023\/01\/pxm-assessment-hero@x2.png\" alt=\"\">\n                                    <\/div>\n                                \n                                                            <\/div>\n                                            <\/div>\n\n                        <\/div>\n<\/section>  \n\n\n\n<section id=\"content-block_31792ad42e20e0f6427f547b08ed3041\" class=\"py-6 py-md-8 \">\n    <div class=\"container\">\n        <div class=\"row justify-content-between align-items-center g-3 \">\n            <div class=\"col-lg-6\">\n                <div class=\"w-lg-70 mx-auto\">\n                                            <h2 class=\"text-primary-blackstar\">Ihre pers\u00f6nliche Definition von Erfolg<\/h2>\n                    \n                    \n                    <div class=\"text-editor fs-md text-primary-blackstar\">\n                                                    <p>Jedes Unternehmen hat seinen eigenen Hintergrund, seine eigene Geschichte und seinen individuellen Entwicklungsstand. Kein Unternehmen gleicht dem anderen, vor allem, wenn es um das breite Spektrum an Customer Experiences geht, das Sie so ausdauernd zu verbessern versuchen.<br \/>\nDie wichtigste Art und Weise, wie Sie mit Ihren K\u00e4ufern in Kontakt treten, sind die ersten Erfahrungen, die sie mit Ihren Produkten machen, sei es in Ihrem Online-Shop oder in einem physischen Point of Sale. Fantastische Product Experiences sind hier ein probates Mittel, um dieses Wachstumspotenzial auszusch\u00f6pfen.<\/p>\n                                                                    <\/div>\n                                                                                <\/div>\n            <\/div>\n                            <div class=\"col-lg-6 text-center\">\n                                            <div class=\"torch-container\">\n                            <img decoding=\"async\" src=\"https:\/\/www.akeneo.com\/wp-content\/uploads\/2022\/01\/web-assets-solutions-ecommerce-Distribute-1200x1200.png\" alt=\"\">\n                                                    <\/div>\n                    \n                                    <\/div>\n                    <\/div>\n    <\/div>\n<\/section>\n\n\n\n<section id=\"content-block_4e2c0eaffa96cb1f86372b5bb4b794ab\" class=\"py-6 py-md-8 \">\n    <div class=\"container\">\n        <div class=\"row justify-content-between align-items-center g-3 flex-lg-row-reverse\">\n            <div class=\"col-lg-6\">\n                <div class=\"w-lg-70 mx-auto\">\n                                            <h2 class=\"text-primary-blackstar\">Die 3 magischen Komponenten<\/h2>\n                    \n                    \n                    <div class=\"text-editor fs-md text-primary-blackstar\">\n                                                    <p>Und das geschieht nicht von selbst! Ja, man braucht <strong>Technologie<\/strong> \u2013 sie ist immer hilfreich. Aber die Technologie unterst\u00fctzt und verst\u00e4rkt nur das Potenzial der <strong>Menschen<\/strong>.<br \/>\nNeben der Technologie braucht es also sicherlich auch <strong>Workflows und Prozesse<\/strong>, um eine nahtlose Erfahrung zu schaffen, eine User Experience. Welche Erfahrungen haben die Menschen, die an der Gestaltung einer gro\u00dfartigen Product Experience beteiligt sind, mit der Gestaltung dieser gro\u00dfartigen Product Experience? Was passiert hinter den Kulissen?<\/p>\n                                                                    <\/div>\n                                                                                <\/div>\n            <\/div>\n                            <div class=\"col-lg-6 text-center\">\n                                            <div class=\"torch-container\">\n                            <img decoding=\"async\" src=\"https:\/\/www.akeneo.com\/wp-content\/uploads\/2022\/01\/akeneo-ico-components@2x.png\" alt=\"\">\n                                                    <\/div>\n                    \n                                    <\/div>\n                    <\/div>\n    <\/div>\n<\/section>\n\n\n\n<section id=\"content-block_25bca9b76ba885fdc510bb86468f3681\" class=\"py-6 py-md-8 \">\n    <div class=\"container\">\n        <div class=\"row justify-content-between align-items-center g-3 \">\n            <div class=\"col-lg-6\">\n                <div class=\"w-lg-70 mx-auto\">\n                                            <h2 class=\"text-primary-blackstar\">Hier kommt das PXM Maturity Assessment ins Spiel<\/h2>\n                    \n                    \n                    <div class=\"text-editor fs-md text-primary-blackstar\">\n                                                    <p>Die Kunst und Wissenschaft, Menschen, Prozesse und Technologien zusammenzubringen, um gro\u00dfartige Product Experiences (PX) zu schaffen, wird Product Experience Management genannt.<br \/>\nSie k\u00f6nnen also eine hervorragende PX bieten, aber ein schlechtes PXM haben.<\/p>\n                                                                    <\/div>\n                                                                                <\/div>\n            <\/div>\n                            <div class=\"col-lg-6 text-center\">\n                                            <div class=\"torch-container\">\n                            <img decoding=\"async\" src=\"https:\/\/www.akeneo.com\/wp-content\/uploads\/2022\/01\/akeneo-ico-pxm-maturity-assessment@2x.png\" alt=\"\">\n                                                    <\/div>\n                    \n                                    <\/div>\n                    <\/div>\n    <\/div>\n<\/section>\n\n\n\n<section id=\"content-block_7dc66e28d700de069e91ed5a700d9321\" class=\"py-6 py-md-8 \">\n    <div class=\"container\">\n        <div class=\"row justify-content-between align-items-center g-3 flex-lg-row-reverse\">\n            <div class=\"col-lg-6\">\n                <div class=\"w-lg-70 mx-auto\">\n                                            <h2 class=\"text-primary-blackstar\">Was ist f\u00fcr Sie drin?<\/h2>\n                    \n                    \n                    <div class=\"text-editor fs-md text-primary-blackstar\">\n                                                    <p>Um Ihnen dabei zu helfen, zu beurteilen, wo Sie sich auf diesem Weg zur stetigen Verbesserung des Product Experience Managements befinden, und um Sie beim n\u00e4chsten Schritt zu unterst\u00fctzen, haben wir dieses <a href=\"#widget-id\">PXM Maturity Assessment<\/a> entwickelt.<br \/>\nNachdem Sie 14 Fragen (4 Minuten) zu Ihren Mitarbeitern, Prozessen und Technologien beantwortet haben, erhalten Sie einen pers\u00f6nlichen und umsetzbaren Bericht.<\/p>\n                                                                    <\/div>\n                                                                                <\/div>\n            <\/div>\n                            <div class=\"col-lg-6 text-center\">\n                                            <div class=\"torch-container\">\n                            <img decoding=\"async\" src=\"https:\/\/www.akeneo.com\/wp-content\/uploads\/2022\/01\/akeneo-ico-questions@2x.png\" alt=\"\">\n                                                    <\/div>\n                    \n                                    <\/div>\n                    <\/div>\n    <\/div>\n<\/section>\n\n\n\n<section id=\"cards-block_600e1af00bb34c9e52be83ecd7ceaedc\" class=\" position-relative py-6 py-md-8 bg-light \">\n  \n  <div class=\"container\">\n          <div class=\"row\">\n        <div class=\"col-md-10 col-lg-8 mx-md-auto\">\n          <div class=\" text-center mb-4\">\n                          <h2 class=\"mb-0 text-primary-blackstar\">Sie fragen sich, welche Akeneo PIM-Edition f\u00fcr Sie am besten geeignet ist?<\/h2>\n                                      <div class=\"text-editor fs-md mt-2\">\n                <p><strong>Kein Unternehmen gleicht dem anderen,<\/strong> je nachdem, wo Sie heute mit Ihrem Produktinformationsmanagement stehen und welchen Bedarf Sie zur Unterst\u00fctzung Ihres Unternehmenswachstumsplans haben, werden Sie wissen, welche Reifephase Sie durchlaufen und wie Sie ein hervorragendes Produkterlebnismanagement erreichen k\u00f6nnen.<\/p>\n              <\/div>\n                      <\/div>\n        <\/div>\n      <\/div>\n              <div class=\"row justify-content-center g-3 row-cols-lg-3\">\n                  <div>\n            <div class=\"basic-card  \">\n                              <div class=\"basic-card-image\" style=\"max-width:\">\n                  <img decoding=\"async\"  src=\"https:\/\/www.akeneo.com\/wp-content\/uploads\/2022\/01\/akeneo-ico-pxm-adopter@2x.png\" alt=\"\">\n                <\/div>\n                            <div class=\"basic-card-content\">\n                                  <h4 class=\"basic-card-title\">\n                    PXM Adopter                                      <\/h4>\n                                                <div class=\"basic-card-text\">\n                                      <p>Ein PXM-Adopter investiert in die Etablierung einer Single-Source-of-Truth. Diese schafft die Grundlage f\u00fcr die konsistente Nutzung von Produktinformationen, \u00fcber alle Kan\u00e4le und M\u00e4rkte hinweg.<\/p>\n                                                    <\/div>\n\n\n                                  <div class=\"basic-card-link\">\n                    <a class=\"btn btn-primary\" href=\"https:\/\/www.akeneo.com\/de\/start-free-trial\/\"><span class=\"initial text\">Kostenlose Testversion starten<\/span><span class=\"background-text\">Kostenlose Testversion starten<\/span><span class=\"hovered text\">Kostenlose Testversion starten<\/span><\/a>                  <\/div>\n                              <\/div>\n            <\/div>\n          <\/div>\n                  <div>\n            <div class=\"basic-card  \">\n                              <div class=\"basic-card-image\" style=\"max-width:\">\n                  <img decoding=\"async\"  src=\"https:\/\/www.akeneo.com\/wp-content\/uploads\/2022\/01\/akeneo-ico-pxm-innovator@2x.png\" alt=\"\">\n                <\/div>\n                            <div class=\"basic-card-content\">\n                                  <h4 class=\"basic-card-title\">\n                    PXM Innovator                                      <\/h4>\n                                                <div class=\"basic-card-text\">\n                                      <p>Ein PXM-Innovator etabliert ein Kooperationsmodell zwischen Teams und formalisiert einen Prozess. Dieser Prozess stellt sicher, dass Attribute und Assets entsprechend der Product Experience entwickelt werden, die Kunden w\u00e4hrend ihres Kaufentscheidungsprozesses erwarten.<\/p>\n                                                    <\/div>\n\n\n                                  <div class=\"basic-card-link\">\n                    <a class=\"btn btn-primary\" href=\"https:\/\/www.akeneo.com\/de\/compare-packages\/\"><span class=\"initial text\">Akeneo PIM-Editionen vergleichen<\/span><span class=\"background-text\">Akeneo PIM-Editionen vergleichen<\/span><span class=\"hovered text\">Akeneo PIM-Editionen vergleichen<\/span><\/a>                  <\/div>\n                              <\/div>\n            <\/div>\n          <\/div>\n                  <div>\n            <div class=\"basic-card  \">\n                              <div class=\"basic-card-image\" style=\"max-width:\">\n                  <img decoding=\"async\"  src=\"https:\/\/www.akeneo.com\/wp-content\/uploads\/2022\/01\/akeneo-ico-pxm-champion@2x.png\" alt=\"\">\n                <\/div>\n                            <div class=\"basic-card-content\">\n                                  <h4 class=\"basic-card-title\">\n                    PXM Champion                                      <\/h4>\n                                                <div class=\"basic-card-text\">\n                                      <p>Ein PXM-Champion setzt Wachstumspotenziale frei. Dies geschieht mithilfe einer skalierbaren und ausgereiften Plattform. Diese bezieht interne und externe Stakeholder ein und orientiert sich nach der Unternehmensstrategie.<\/p>\n                                                    <\/div>\n\n\n                                  <div class=\"basic-card-link\">\n                    <a class=\"btn btn-primary\" href=\"https:\/\/www.akeneo.com\/de\/akeneo-pxm-studio\/\"><span class=\"initial text\">Entdecken Sie Akeneo PXM Studio<\/span><span class=\"background-text\">Entdecken Sie Akeneo PXM Studio<\/span><span class=\"hovered text\">Entdecken Sie Akeneo PXM Studio<\/span><\/a>                  <\/div>\n                              <\/div>\n            <\/div>\n          <\/div>\n              <\/div>\n          <\/div>\n<\/section>\n\n\n\n<section id=\"self-assessment\" class=\"py-6 py-md-8\">\n  <div class=\"container\">\n    <div class=\"row\">\n      <div class=\"col-12\">\n        <div class=\"embed-survey\" data-url=\"pxmmatass?lang=en\"><\/div>\n      <\/div>\n    <\/div>\n  <\/div>\n<\/section>\n\n  <script defer async src=\"https:\/\/s.pointerpro.com\/js\/embed.js\"><\/script>\n\n\n\n<section class=\"py-6 py-md-8 position-relative\">\n            <div class=\"block-background block-background-top\"><\/div>\n        <div class=\"container\">\n        <div class=\"row\">\n            <div class=\"col-12\">\n                <div class=\"cta px-lg-8 py-3 bg-secondary\">\n                    <div class=\"cta-content\">\n                                                    <h2 class=\"cta-title\">Sind Sie bereit, den n\u00e4chsten Schritt zu tun?<\/h2>\n                                                                            <div class=\"cta-text fs-xl\">\n                                <p>Unsere Akeneo-Experten sind hier, um alle Ihre Fragen zu unseren Produkten zu beantworten und Ihnen zu helfen, auf Ihrer PXM-Reise voranzukommen.<\/p>\n                            <\/div>\n                                            <\/div>\n                                            <div class=\"cta-cards\">\n                            <div class=\"row row-cols-md-2 g-2\">\n                                                                    <div>\n                                        <a href=\"https:\/\/www.akeneo.com\/de\/demo\/\" class=\"icon-card icon-card-framed icon-card-dark\">\n                                                                                        <div class=\"icon-card-content\">\n                                                <h6 class=\"icon-card-title\">Demo anfordern<\/h6>\n                                                                                                <span class=\"icon-card-link\">Verbinden Sie sich mit uns <svg class=\"svg-icon fs-sm\"><use xmlns:xlink=\"http:\/\/www.w3.org\/1999\/xlink\" xlink:href=\"https:\/\/www.akeneo.com\/wp-content\/themes\/akeneo\/assets\/sprite\/icons.svg#icon-chevron-right\"><\/use><\/svg><\/span>\n                                            <\/div>\n                                        <\/a>\n                                    <\/div>\n                                                                    <div>\n                                        <a href=\"https:\/\/www.akeneo.com\/de\/compare-packages\/\" class=\"icon-card icon-card-framed icon-card-dark\">\n                                                                                        <div class=\"icon-card-content\">\n                                                <h6 class=\"icon-card-title\">Entdecken Sie die Akeneo PIM-Editionen<\/h6>\n                                                                                                <span class=\"icon-card-link\">Editionen vergleichen <svg class=\"svg-icon fs-sm\"><use xmlns:xlink=\"http:\/\/www.w3.org\/1999\/xlink\" xlink:href=\"https:\/\/www.akeneo.com\/wp-content\/themes\/akeneo\/assets\/sprite\/icons.svg#icon-chevron-right\"><\/use><\/svg><\/span>\n                                            <\/div>\n                                        <\/a>\n                                    <\/div>\n                                                            <\/div>\n                        <\/div>\n                                    <\/div>\n            <\/div>\n        <\/div>\n    <\/div>\n<\/section>","protected":false},"excerpt":{"rendered":"","protected":false},"author":2,"featured_media":30926,"parent":0,"menu_order":0,"comment_status":"closed","ping_status":"closed","template":"","meta":{"_acf_changed":true,"footnotes":""},"class_list":["post-47843","page","type-page","status-publish","has-post-thumbnail","hentry"],"acf":[],"yoast_head":"<!-- This site is optimized with the Yoast SEO Premium plugin v27.4 (Yoast SEO v27.4) - https:\/\/yoast.com\/product\/yoast-seo-premium-wordpress\/ -->\n<title>PX Strategy - Self Assessment | Akeneo<\/title>\n<meta name=\"robots\" content=\"index, follow, max-snippet:-1, max-image-preview:large, max-video-preview:-1\" \/>\n<link rel=\"canonical\" href=\"https:\/\/www.akeneo.com\/de\/pxm-maturity-path\/\" \/>\n<meta property=\"og:locale\" content=\"de_DE\" \/>\n<meta property=\"og:type\" content=\"article\" \/>\n<meta property=\"og:title\" content=\"PX Strategy - Self Assessment | Akeneo\" \/>\n<meta property=\"og:url\" content=\"https:\/\/www.akeneo.com\/de\/pxm-maturity-path\/\" \/>\n<meta property=\"og:site_name\" content=\"Akeneo\" \/>\n<meta property=\"article:modified_time\" content=\"2025-07-25T12:00:13+00:00\" \/>\n<meta property=\"og:image\" content=\"https:\/\/www.akeneo.com\/wp-content\/uploads\/2022\/06\/akeneo-ico-featured-image-pxm-maturity-assessment.jpg\" \/>\n\t<meta property=\"og:image:width\" content=\"1\" \/>\n\t<meta property=\"og:image:height\" content=\"1\" \/>\n\t<meta property=\"og:image:type\" content=\"image\/jpeg\" \/>\n<meta name=\"twitter:card\" content=\"summary_large_image\" \/>\n<meta name=\"twitter:label1\" content=\"Gesch\u00e4tzte Lesezeit\" \/>\n\t<meta name=\"twitter:data1\" content=\"1 Minute\" \/>\n<script type=\"application\/ld+json\" class=\"yoast-schema-graph\">{\"@context\":\"https:\\\/\\\/schema.org\",\"@graph\":[{\"@type\":\"WebPage\",\"@id\":\"https:\\\/\\\/www.akeneo.com\\\/de\\\/pxm-maturity-path\\\/\",\"url\":\"https:\\\/\\\/www.akeneo.com\\\/de\\\/pxm-maturity-path\\\/\",\"name\":\"PX Strategy - Self Assessment | Akeneo\",\"isPartOf\":{\"@id\":\"https:\\\/\\\/www.akeneo.com\\\/de\\\/#website\"},\"primaryImageOfPage\":{\"@id\":\"https:\\\/\\\/www.akeneo.com\\\/de\\\/pxm-maturity-path\\\/#primaryimage\"},\"image\":{\"@id\":\"https:\\\/\\\/www.akeneo.com\\\/de\\\/pxm-maturity-path\\\/#primaryimage\"},\"thumbnailUrl\":\"https:\\\/\\\/www.akeneo.com\\\/wp-content\\\/uploads\\\/2022\\\/06\\\/akeneo-ico-featured-image-pxm-maturity-assessment.jpg\",\"datePublished\":\"2021-11-19T07:23:40+00:00\",\"dateModified\":\"2025-07-25T12:00:13+00:00\",\"inLanguage\":\"de-DE\",\"potentialAction\":[{\"@type\":\"ReadAction\",\"target\":[\"https:\\\/\\\/www.akeneo.com\\\/de\\\/pxm-maturity-path\\\/\"]}]},{\"@type\":\"ImageObject\",\"inLanguage\":\"de-DE\",\"@id\":\"https:\\\/\\\/www.akeneo.com\\\/de\\\/pxm-maturity-path\\\/#primaryimage\",\"url\":\"https:\\\/\\\/www.akeneo.com\\\/wp-content\\\/uploads\\\/2022\\\/06\\\/akeneo-ico-featured-image-pxm-maturity-assessment.jpg\",\"contentUrl\":\"https:\\\/\\\/www.akeneo.com\\\/wp-content\\\/uploads\\\/2022\\\/06\\\/akeneo-ico-featured-image-pxm-maturity-assessment.jpg\"},{\"@type\":\"WebSite\",\"@id\":\"https:\\\/\\\/www.akeneo.com\\\/de\\\/#website\",\"url\":\"https:\\\/\\\/www.akeneo.com\\\/de\\\/\",\"name\":\"Akeneo\",\"description\":\"\",\"publisher\":{\"@id\":\"https:\\\/\\\/www.akeneo.com\\\/de\\\/#organization\"},\"potentialAction\":[{\"@type\":\"SearchAction\",\"target\":{\"@type\":\"EntryPoint\",\"urlTemplate\":\"https:\\\/\\\/www.akeneo.com\\\/de\\\/?s={search_term_string}\"},\"query-input\":{\"@type\":\"PropertyValueSpecification\",\"valueRequired\":true,\"valueName\":\"search_term_string\"}}],\"inLanguage\":\"de-DE\"},{\"@type\":\"Organization\",\"@id\":\"https:\\\/\\\/www.akeneo.com\\\/de\\\/#organization\",\"name\":\"Akeneo\",\"url\":\"https:\\\/\\\/www.akeneo.com\\\/de\\\/\",\"logo\":{\"@type\":\"ImageObject\",\"inLanguage\":\"de-DE\",\"@id\":\"https:\\\/\\\/www.akeneo.com\\\/de\\\/#\\\/schema\\\/logo\\\/image\\\/\",\"url\":\"https:\\\/\\\/www.akeneo.com\\\/wp-content\\\/uploads\\\/2019\\\/08\\\/logo-kjus.png\",\"contentUrl\":\"https:\\\/\\\/www.akeneo.com\\\/wp-content\\\/uploads\\\/2019\\\/08\\\/logo-kjus.png\",\"width\":1,\"height\":1,\"caption\":\"Akeneo\"},\"image\":{\"@id\":\"https:\\\/\\\/www.akeneo.com\\\/de\\\/#\\\/schema\\\/logo\\\/image\\\/\"}}]}<\/script>\n<!-- \/ Yoast SEO Premium plugin. -->","yoast_head_json":{"title":"PX Strategy - Self Assessment | Akeneo","robots":{"index":"index","follow":"follow","max-snippet":"max-snippet:-1","max-image-preview":"max-image-preview:large","max-video-preview":"max-video-preview:-1"},"canonical":"https:\/\/www.akeneo.com\/de\/pxm-maturity-path\/","og_locale":"de_DE","og_type":"article","og_title":"PX Strategy - Self Assessment | Akeneo","og_url":"https:\/\/www.akeneo.com\/de\/pxm-maturity-path\/","og_site_name":"Akeneo","article_modified_time":"2025-07-25T12:00:13+00:00","og_image":[{"url":"https:\/\/www.akeneo.com\/wp-content\/uploads\/2022\/06\/akeneo-ico-featured-image-pxm-maturity-assessment.jpg","width":1,"height":1,"type":"image\/jpeg"}],"twitter_card":"summary_large_image","twitter_misc":{"Gesch\u00e4tzte Lesezeit":"1 Minute"},"schema":{"@context":"https:\/\/schema.org","@graph":[{"@type":"WebPage","@id":"https:\/\/www.akeneo.com\/de\/pxm-maturity-path\/","url":"https:\/\/www.akeneo.com\/de\/pxm-maturity-path\/","name":"PX Strategy - Self Assessment | Akeneo","isPartOf":{"@id":"https:\/\/www.akeneo.com\/de\/#website"},"primaryImageOfPage":{"@id":"https:\/\/www.akeneo.com\/de\/pxm-maturity-path\/#primaryimage"},"image":{"@id":"https:\/\/www.akeneo.com\/de\/pxm-maturity-path\/#primaryimage"},"thumbnailUrl":"https:\/\/www.akeneo.com\/wp-content\/uploads\/2022\/06\/akeneo-ico-featured-image-pxm-maturity-assessment.jpg","datePublished":"2021-11-19T07:23:40+00:00","dateModified":"2025-07-25T12:00:13+00:00","inLanguage":"de-DE","potentialAction":[{"@type":"ReadAction","target":["https:\/\/www.akeneo.com\/de\/pxm-maturity-path\/"]}]},{"@type":"ImageObject","inLanguage":"de-DE","@id":"https:\/\/www.akeneo.com\/de\/pxm-maturity-path\/#primaryimage","url":"https:\/\/www.akeneo.com\/wp-content\/uploads\/2022\/06\/akeneo-ico-featured-image-pxm-maturity-assessment.jpg","contentUrl":"https:\/\/www.akeneo.com\/wp-content\/uploads\/2022\/06\/akeneo-ico-featured-image-pxm-maturity-assessment.jpg"},{"@type":"WebSite","@id":"https:\/\/www.akeneo.com\/de\/#website","url":"https:\/\/www.akeneo.com\/de\/","name":"Akeneo","description":"","publisher":{"@id":"https:\/\/www.akeneo.com\/de\/#organization"},"potentialAction":[{"@type":"SearchAction","target":{"@type":"EntryPoint","urlTemplate":"https:\/\/www.akeneo.com\/de\/?s={search_term_string}"},"query-input":{"@type":"PropertyValueSpecification","valueRequired":true,"valueName":"search_term_string"}}],"inLanguage":"de-DE"},{"@type":"Organization","@id":"https:\/\/www.akeneo.com\/de\/#organization","name":"Akeneo","url":"https:\/\/www.akeneo.com\/de\/","logo":{"@type":"ImageObject","inLanguage":"de-DE","@id":"https:\/\/www.akeneo.com\/de\/#\/schema\/logo\/image\/","url":"https:\/\/www.akeneo.com\/wp-content\/uploads\/2019\/08\/logo-kjus.png","contentUrl":"https:\/\/www.akeneo.com\/wp-content\/uploads\/2019\/08\/logo-kjus.png","width":1,"height":1,"caption":"Akeneo"},"image":{"@id":"https:\/\/www.akeneo.com\/de\/#\/schema\/logo\/image\/"}}]}},"_links":{"self":[{"href":"https:\/\/www.akeneo.com\/de\/wp-json\/wp\/v2\/pages\/47843","targetHints":{"allow":["GET"]}}],"collection":[{"href":"https:\/\/www.akeneo.com\/de\/wp-json\/wp\/v2\/pages"}],"about":[{"href":"https:\/\/www.akeneo.com\/de\/wp-json\/wp\/v2\/types\/page"}],"author":[{"embeddable":true,"href":"https:\/\/www.akeneo.com\/de\/wp-json\/wp\/v2\/users\/2"}],"replies":[{"embeddable":true,"href":"https:\/\/www.akeneo.com\/de\/wp-json\/wp\/v2\/comments?post=47843"}],"version-history":[{"count":0,"href":"https:\/\/www.akeneo.com\/de\/wp-json\/wp\/v2\/pages\/47843\/revisions"}],"wp:featuredmedia":[{"embeddable":true,"href":"https:\/\/www.akeneo.com\/de\/wp-json\/wp\/v2\/media\/30926"}],"wp:attachment":[{"href":"https:\/\/www.akeneo.com\/de\/wp-json\/wp\/v2\/media?parent=47843"}],"curies":[{"name":"wp","href":"https:\/\/api.w.org\/{rel}","templated":true}]}}