{"id":47835,"date":"2021-11-19T07:23:17","date_gmt":"2021-11-19T07:23:17","guid":{"rendered":"https:\/\/www.akeneo.com\/professional-services-2\/"},"modified":"2024-09-19T15:03:18","modified_gmt":"2024-09-19T15:03:18","slug":"professional-services","status":"publish","type":"page","link":"https:\/\/www.akeneo.com\/de\/professional-services\/","title":{"rendered":"Professional Services"},"content":{"rendered":"\n  <section class=\"hero hero-light  \" >\n    <div class=\"container\">\n                            <div class=\"row justify-content-between align-items-center g-3\">\n                        <div class=\"col-lg-6\">\n                            <div class=\"hero-content\">\n                                                                \n                                \n                                                                    <h1 class=\"hero-title\">Know-how, auf das Sie sich in jeder Phase Ihres PXM-Wegs verlassen k\u00f6nnen<\/h1>\n                                                                                                    <div class=\"hero-text\">\n                                        <p>Die Service-Teams von Akeneo stehen Ihnen w\u00e4hrend Ihrer gesamten Partnerschaft mit Akeneo zur Seite. Arbeiten Sie w\u00e4hrend der gesamten Projektumsetzung mit einem ausgewiesenen PIM-Berater von Akeneo Professional Services zusammen. Mit unseren erfahrenen Customer Success- und Support-Teams erhalten Sie ergebnisorientierte Anleitung, die die Einf\u00fchrung erleichtert und die Zeit bis zur Wertsch\u00f6pfung verk\u00fcrzt.<\/p>\n                                    <\/div>\n                                                                                                    <div class=\"hero-buttons\">\n                                                                                                                                    <div>\n                                                    <a class=\"btn btn-primary btn-lg\" href=\"https:\/\/www.akeneo.com\/de\/contact\/\"><span class=\"initial text\">Kontaktieren Sie uns<\/span><span class=\"background-text\">Kontaktieren Sie uns<\/span><span class=\"hovered text\">Kontaktieren Sie uns<\/span><\/a>                                                <\/div>\n                                                                                                                        <\/div>\n                                                            <\/div>\n                        <\/div>\n                                                    <div class=\"col-lg-5\">\n                                                                    <div class=\"hero-image\">\n                                        <img decoding=\"async\" src=\"https:\/\/www.akeneo.com\/wp-content\/uploads\/2022\/01\/web-assets-your-success-Professional-Services-hero@2x-1122x1200.png\" alt=\"\">\n                                    <\/div>\n                                \n                                                            <\/div>\n                                            <\/div>\n\n                        <\/div>\n<\/section>  \n\n\n\n<section id=\"content-block_4afbacf893c54194709c697840dd4ceb\" class=\"py-6 py-md-8 \">\n    <div class=\"container\">\n        <div class=\"row justify-content-between align-items-center g-3 \">\n            <div class=\"col-lg-6\">\n                <div class=\"w-lg-70 mx-auto\">\n                                            <h2 class=\"text-primary-blackstar\">Erfahren<\/h2>\n                    \n                    \n                    <div class=\"text-editor fs-md text-primary-blackstar\">\n                                                    <p>Arbeiten Sie mit einem Team zusammen, das Ihre individuellen Gesch\u00e4ftsziele versteht und Ihnen helfen kann, L\u00fccken und Risiken in Ihrer PIM-Projektstrategie zu erkennen, weil es damit Erfahrung hat. Bei \u00fcber 500 Kunden k\u00f6nnen Sie sich darauf verlassen, dass Sie Unterst\u00fctzung von erfahrenen Experten erhalten. Mit jahrelanger Erfahrung in der gesamten Branche, im E-Commerce, im Einzelhandel und anderen Bereichen arbeiten sie mit Ihnen zusammen, um sicherzustellen, dass Ihr PIM-Projekt sowohl jetzt als auch in Zukunft hinsichtlich Leistung, Sicherheit und einfacher Wartung optimiert ist.<\/p>\n                                                                    <\/div>\n                                                                                <\/div>\n            <\/div>\n                            <div class=\"col-lg-6 text-center\">\n                                            <img decoding=\"async\" src=\"https:\/\/www.akeneo.com\/wp-content\/uploads\/2022\/01\/web-assets-your-success-Professional-Services-Experienced-1200x1200.png\" alt=\"\">\n                    \n                                    <\/div>\n                    <\/div>\n    <\/div>\n<\/section>\n\n\n\n<section id=\"content-block_18ceaad0e95ac2f345a26501ee06f3ce\" class=\"py-6 py-md-8 \">\n    <div class=\"container\">\n        <div class=\"row justify-content-between align-items-center g-3 flex-lg-row-reverse\">\n            <div class=\"col-lg-6\">\n                <div class=\"w-lg-70 mx-auto\">\n                                            <h2 class=\"text-primary-blackstar\">Vertrauensw\u00fcrdig<\/h2>\n                    \n                    \n                    <div class=\"text-editor fs-md text-primary-blackstar\">\n                                                    <p>Sie k\u00f6nnen sich darauf verlassen, dass Sie bei jedem Schritt auf Ihrer PXM-Reise begleitet werden. Anders als bei anderen Softwareunternehmen beginnt Ihre Erfahrung bei Akeneo gerade erst, wenn der Verkaufsprozess endet. Die Akeneo Service Teams stehen Ihnen bei jedem Schritt zur Seite, so wie sie es schon bei \u00fcber 500 Projekten vor Ihnen getan haben. Sie h\u00f6ren Ihnen zu, beraten Sie und setzen sich f\u00fcr die Bed\u00fcrfnisse Ihres Unternehmens ein.<\/p>\n                                                                    <\/div>\n                                                                                <\/div>\n            <\/div>\n                            <div class=\"col-lg-6 text-center\">\n                                            <img decoding=\"async\" src=\"https:\/\/www.akeneo.com\/wp-content\/uploads\/2022\/01\/web-assets-your-success-Professional-Services-Trusted-1200x1200.png\" alt=\"\">\n                    \n                                    <\/div>\n                    <\/div>\n    <\/div>\n<\/section>\n\n\n\n<section id=\"content-block_527c28014c8ae8c4ff10c9ce13714643\" class=\"py-6 py-md-8 \">\n    <div class=\"container\">\n        <div class=\"row justify-content-between align-items-center g-3 \">\n            <div class=\"col-lg-6\">\n                <div class=\"w-lg-70 mx-auto\">\n                                            <h2 class=\"text-primary-blackstar\">Strategisch<\/h2>\n                    \n                    \n                    <div class=\"text-editor fs-md text-primary-blackstar\">\n                                                    <p>Wie bei jedem gr\u00f6\u00dferen digitalen Transformationsprojekt k\u00f6nnen Herausforderungen auftreten, aber mit Akeneo m\u00fcssen Sie diese nicht alleine bew\u00e4ltigen. Ganz gleich, wie vielschichtig Ihr Katalog, Ihre Kan\u00e4le, Ihre Teams oder Ihr Projekt sind \u2013 das Akeneo-Team ist immer f\u00fcr Sie da. In kritischen Momenten Ihrer Reise k\u00f6nnen Sie sich auf das Akeneo-Team verlassen, das Sie technisch und strategisch mit ergebnisorientierten Ans\u00e4tzen begleitet.<\/p>\n                                                                    <\/div>\n                                                                                <\/div>\n            <\/div>\n                            <div class=\"col-lg-6 text-center\">\n                                            <img decoding=\"async\" src=\"https:\/\/www.akeneo.com\/wp-content\/uploads\/2022\/01\/web-assets-your-success-Professional-Services-Strategic-1200x1200.png\" alt=\"\">\n                    \n                                    <\/div>\n                    <\/div>\n    <\/div>\n<\/section>\n\n\n\n<section id=\"content-block_97c46fb3441a5c5a7064a04adcdebf9d\" class=\" bg-light pt-6\">\n            <div class=\"container\">\n            <div class=\"row\">\n                <div class=\"col-12\">\n                                            <div class=\"text-center \">\n                                                                                                <h2>Unsere Angebote<\/h2>\n                                                                                                                <\/div>\n                                        <\/div>\n            <\/div>\n        <\/div>\n    <\/section>\n\n\n\n<section id=\"content-block_a5026d69167a283fedebb826757688f5\" class=\"py-6 py-md-8 bg-gray-100\">\n    <div class=\"container\">\n        <div class=\"row justify-content-between align-items-center g-3 flex-lg-row-reverse\">\n            <div class=\"col-lg-6\">\n                <div class=\"w-lg-70 mx-auto\">\n                                            <h2 class=\"text-primary-blackstar\">Unterst\u00fctzung bei der Umsetzung \u2013 Project Success Assistance<\/h2>\n                    \n                    \n                    <div class=\"text-editor fs-md text-primary-blackstar\">\n                                                    <p>Damit Ihr Akeneo PIM-Projekt den gr\u00f6\u00dftm\u00f6glichen Nutzen f\u00fcr Ihr Unternehmen bringt, bietet Akeneo mit jedem Akeneo PIM Enterprise Edition-Abonnement einen Project Success Assistance Service. Der beginnt mit einem oder mehreren funktionalen Workshops, in denen die allgemeinen Ziele des PIM-Projekts, die Prozesse sowie die Gestaltung und Strukturierung Ihrer Akeneo PIM-Implementierung behandelt werden. Sie erhalten fortlaufend gesch\u00e4ftliches und technisches Fachwissen entsprechend dem Projektumfang sowie einen Health Check, sobald Ihr Projekt live geht.<\/p>\n                                                                    <\/div>\n                                                                                <\/div>\n            <\/div>\n                            <div class=\"col-lg-6 text-center\">\n                                            <img decoding=\"async\" src=\"https:\/\/www.akeneo.com\/wp-content\/uploads\/2022\/01\/web-assets-your-success-Professional-Services-Implementation-Support-1200x1200.png\" alt=\"\">\n                    \n                                    <\/div>\n                    <\/div>\n    <\/div>\n<\/section>\n\n\n\n<section id=\"content-block_c733c23abb8804dcdbe714c1522269fa\" class=\"py-6 py-md-8 bg-gray-100\">\n    <div class=\"container\">\n        <div class=\"row justify-content-between align-items-center g-3 \">\n            <div class=\"col-lg-6\">\n                <div class=\"w-lg-70 mx-auto\">\n                                            <h2 class=\"text-primary-blackstar\">Kontinuierliches Customer Success Management<\/h2>\n                    \n                    \n                    <div class=\"text-editor fs-md text-primary-blackstar\">\n                                                    <p>Akeneo setzt sich daf\u00fcr ein, dass Ihre Teams Akeneo PXM Studio f\u00fcr sich entdecken, nutzen und kontinuierlich verbessern. Deshalb wird allen Kunden der Enterprise Edition ein Customer Success Manager zur Seite gestellt, der sich regelm\u00e4\u00dfig mit Ihnen austauscht. Er spricht mit Ihnen \u00fcber Ihre kurz- und langfristigen Gesch\u00e4ftsziele, informiert Sie \u00fcber die neuesten Akeneo-Releases und zeigt Ihnen den richtigen Weg, wenn Sie Unterst\u00fctzung brauchen.<\/p>\n                                                                    <\/div>\n                                                                                <\/div>\n            <\/div>\n                            <div class=\"col-lg-6 text-center\">\n                                            <img decoding=\"async\" src=\"https:\/\/www.akeneo.com\/wp-content\/uploads\/2022\/01\/web-assets-your-success-Professional-Services-Ongoing-Customer-1200x1200.png\" alt=\"\">\n                    \n                                    <\/div>\n                    <\/div>\n    <\/div>\n<\/section>\n\n\n\n<section id=\"content-block_0b0e770bca7cf682f97eef53056ca96c\" class=\"py-6 py-md-8 bg-gray-100\">\n    <div class=\"container\">\n        <div class=\"row justify-content-between align-items-center g-3 flex-lg-row-reverse\">\n            <div class=\"col-lg-6\">\n                <div class=\"w-lg-70 mx-auto\">\n                                            <h2 class=\"text-primary-blackstar\">Kontinuierlicher technischer Support<\/h2>\n                    \n                    \n                    <div class=\"text-editor fs-md text-primary-blackstar\">\n                                                    <p>Im Rahmen Ihrer Akeneo PIM Enterprise Edition- oder Growth Edition-Lizenzen erhalten Sie umfassenden professionellen Support. Unser Support-Team hilft Ihnen, wenn Sie auf Probleme sto\u00dfen oder irgendwelche Fragen haben. Wir garantieren Ihnen, Ihre Anfrage innerhalb von vier Akeneo-Gesch\u00e4ftsstunden zu bearbeiten und zu best\u00e4tigen. Sie werden eine schnelle und zuverl\u00e4ssige Antwort erhalten. Wenn wir feststellen, dass ein Fehler mit unserem Produkt zusammenh\u00e4ngt, werden wir ihn gem\u00e4\u00df den SLA-Bedingungen Ihres Vertrags beheben.<\/p>\n                                                                    <\/div>\n                                                                                <\/div>\n            <\/div>\n                            <div class=\"col-lg-6 text-center\">\n                                            <img decoding=\"async\" src=\"https:\/\/www.akeneo.com\/wp-content\/uploads\/2022\/01\/web-assets-your-success-Professional-Services-Ongoing-Technical-Support-1200x1200.png\" alt=\"\">\n                    \n                                    <\/div>\n                    <\/div>\n    <\/div>\n<\/section>\n\n\n\n<section id=\"content-block_da93fda5892146d44bc94cdeee16c404\" class=\"py-6 py-md-8 bg-gray-100\">\n    <div class=\"container\">\n        <div class=\"row justify-content-between align-items-center g-3 \">\n            <div class=\"col-lg-6\">\n                <div class=\"w-lg-70 mx-auto\">\n                                            <h2 class=\"text-primary-blackstar\">PXM Evolution Package<\/h2>\n                    \n                    \n                    <div class=\"text-editor fs-md text-primary-blackstar\">\n                                                    <p>Konzipiert f\u00fcr bestehende Kunden: Das Professional Services Team von Akeneo arbeitet mit Ihnen zusammen, um Ihre aktuellen gesch\u00e4ftlichen Herausforderungen und Zielsetzungen zu verstehen. Es analysiert Ihre gegenw\u00e4rtige Nutzung des Akeneo PIM einschlie\u00dflich Ihrer Workflows und Prozesse. So erarbeitet es schlie\u00dflich eine mehrstufige Strategie, um bestehende H\u00fcrden zu \u00fcberwinden und Wachstumschancen f\u00fcr die Zukunft zu identifizieren. Diese Strategie versetzt Sie in die Lage, sofort Fortschritte in Richtung Wachstum zu erzielen, allein oder mit einem Solution-Partner.<\/p>\n                                                                    <\/div>\n                                                                                <\/div>\n            <\/div>\n                            <div class=\"col-lg-6 text-center\">\n                                            <img decoding=\"async\" src=\"https:\/\/www.akeneo.com\/wp-content\/uploads\/2022\/01\/web-assets-your-success-Professional-Services-PXM-Evolution-Package-1200x1200.png\" alt=\"\">\n                    \n                                    <\/div>\n                    <\/div>\n    <\/div>\n<\/section>\n","protected":false},"excerpt":{"rendered":"","protected":false},"author":2,"featured_media":24421,"parent":0,"menu_order":0,"comment_status":"closed","ping_status":"closed","template":"","meta":{"_acf_changed":true,"footnotes":""},"class_list":["post-47835","page","type-page","status-publish","has-post-thumbnail","hentry"],"acf":[],"yoast_head":"<!-- This site is optimized with the Yoast SEO Premium plugin v26.7 (Yoast SEO v26.7) - https:\/\/yoast.com\/wordpress\/plugins\/seo\/ -->\n<title>Professional Services | Akeneo<\/title>\n<meta name=\"robots\" content=\"index, follow, max-snippet:-1, max-image-preview:large, max-video-preview:-1\" \/>\n<link rel=\"canonical\" href=\"https:\/\/www.akeneo.com\/de\/professional-services\/\" \/>\n<meta property=\"og:locale\" content=\"de_DE\" \/>\n<meta property=\"og:type\" content=\"article\" \/>\n<meta property=\"og:title\" content=\"Professional Services | Akeneo\" \/>\n<meta property=\"og:url\" content=\"https:\/\/www.akeneo.com\/de\/professional-services\/\" \/>\n<meta property=\"og:site_name\" content=\"Akeneo\" \/>\n<meta property=\"article:modified_time\" content=\"2024-09-19T15:03:18+00:00\" \/>\n<meta property=\"og:image\" content=\"https:\/\/www.akeneo.com\/wp-content\/uploads\/2022\/01\/web-assets-your-success-Professional-Services-hero@2x.png\" \/>\n\t<meta property=\"og:image:width\" content=\"2021\" \/>\n\t<meta property=\"og:image:height\" content=\"2161\" \/>\n\t<meta property=\"og:image:type\" content=\"image\/png\" \/>\n<meta name=\"twitter:card\" content=\"summary_large_image\" \/>\n<meta name=\"twitter:label1\" content=\"Gesch\u00e4tzte Lesezeit\" \/>\n\t<meta name=\"twitter:data1\" content=\"1 Minute\" \/>\n<script type=\"application\/ld+json\" class=\"yoast-schema-graph\">{\"@context\":\"https:\/\/schema.org\",\"@graph\":[{\"@type\":\"WebPage\",\"@id\":\"https:\/\/www.akeneo.com\/de\/professional-services\/\",\"url\":\"https:\/\/www.akeneo.com\/de\/professional-services\/\",\"name\":\"Professional Services | Akeneo\",\"isPartOf\":{\"@id\":\"https:\/\/www.akeneo.com\/de\/#website\"},\"primaryImageOfPage\":{\"@id\":\"https:\/\/www.akeneo.com\/de\/professional-services\/#primaryimage\"},\"image\":{\"@id\":\"https:\/\/www.akeneo.com\/de\/professional-services\/#primaryimage\"},\"thumbnailUrl\":\"https:\/\/www.akeneo.com\/wp-content\/uploads\/2022\/01\/web-assets-your-success-Professional-Services-hero@2x.png\",\"datePublished\":\"2021-11-19T07:23:17+00:00\",\"dateModified\":\"2024-09-19T15:03:18+00:00\",\"inLanguage\":\"de-DE\",\"potentialAction\":[{\"@type\":\"ReadAction\",\"target\":[\"https:\/\/www.akeneo.com\/de\/professional-services\/\"]}]},{\"@type\":\"ImageObject\",\"inLanguage\":\"de-DE\",\"@id\":\"https:\/\/www.akeneo.com\/de\/professional-services\/#primaryimage\",\"url\":\"https:\/\/www.akeneo.com\/wp-content\/uploads\/2022\/01\/web-assets-your-success-Professional-Services-hero@2x.png\",\"contentUrl\":\"https:\/\/www.akeneo.com\/wp-content\/uploads\/2022\/01\/web-assets-your-success-Professional-Services-hero@2x.png\",\"width\":2021,\"height\":2161},{\"@type\":\"WebSite\",\"@id\":\"https:\/\/www.akeneo.com\/de\/#website\",\"url\":\"https:\/\/www.akeneo.com\/de\/\",\"name\":\"Akeneo\",\"description\":\"\",\"publisher\":{\"@id\":\"https:\/\/www.akeneo.com\/de\/#organization\"},\"potentialAction\":[{\"@type\":\"SearchAction\",\"target\":{\"@type\":\"EntryPoint\",\"urlTemplate\":\"https:\/\/www.akeneo.com\/de\/?s={search_term_string}\"},\"query-input\":{\"@type\":\"PropertyValueSpecification\",\"valueRequired\":true,\"valueName\":\"search_term_string\"}}],\"inLanguage\":\"de-DE\"},{\"@type\":\"Organization\",\"@id\":\"https:\/\/www.akeneo.com\/de\/#organization\",\"name\":\"Akeneo\",\"url\":\"https:\/\/www.akeneo.com\/de\/\",\"logo\":{\"@type\":\"ImageObject\",\"inLanguage\":\"de-DE\",\"@id\":\"https:\/\/www.akeneo.com\/de\/#\/schema\/logo\/image\/\",\"url\":\"https:\/\/www.akeneo.com\/wp-content\/uploads\/2019\/08\/logo-kjus.png\",\"contentUrl\":\"https:\/\/www.akeneo.com\/wp-content\/uploads\/2019\/08\/logo-kjus.png\",\"width\":1,\"height\":1,\"caption\":\"Akeneo\"},\"image\":{\"@id\":\"https:\/\/www.akeneo.com\/de\/#\/schema\/logo\/image\/\"}}]}<\/script>\n<!-- \/ Yoast SEO Premium plugin. -->","yoast_head_json":{"title":"Professional Services | Akeneo","robots":{"index":"index","follow":"follow","max-snippet":"max-snippet:-1","max-image-preview":"max-image-preview:large","max-video-preview":"max-video-preview:-1"},"canonical":"https:\/\/www.akeneo.com\/de\/professional-services\/","og_locale":"de_DE","og_type":"article","og_title":"Professional Services | Akeneo","og_url":"https:\/\/www.akeneo.com\/de\/professional-services\/","og_site_name":"Akeneo","article_modified_time":"2024-09-19T15:03:18+00:00","og_image":[{"width":2021,"height":2161,"url":"https:\/\/www.akeneo.com\/wp-content\/uploads\/2022\/01\/web-assets-your-success-Professional-Services-hero@2x.png","type":"image\/png"}],"twitter_card":"summary_large_image","twitter_misc":{"Gesch\u00e4tzte Lesezeit":"1 Minute"},"schema":{"@context":"https:\/\/schema.org","@graph":[{"@type":"WebPage","@id":"https:\/\/www.akeneo.com\/de\/professional-services\/","url":"https:\/\/www.akeneo.com\/de\/professional-services\/","name":"Professional Services | Akeneo","isPartOf":{"@id":"https:\/\/www.akeneo.com\/de\/#website"},"primaryImageOfPage":{"@id":"https:\/\/www.akeneo.com\/de\/professional-services\/#primaryimage"},"image":{"@id":"https:\/\/www.akeneo.com\/de\/professional-services\/#primaryimage"},"thumbnailUrl":"https:\/\/www.akeneo.com\/wp-content\/uploads\/2022\/01\/web-assets-your-success-Professional-Services-hero@2x.png","datePublished":"2021-11-19T07:23:17+00:00","dateModified":"2024-09-19T15:03:18+00:00","inLanguage":"de-DE","potentialAction":[{"@type":"ReadAction","target":["https:\/\/www.akeneo.com\/de\/professional-services\/"]}]},{"@type":"ImageObject","inLanguage":"de-DE","@id":"https:\/\/www.akeneo.com\/de\/professional-services\/#primaryimage","url":"https:\/\/www.akeneo.com\/wp-content\/uploads\/2022\/01\/web-assets-your-success-Professional-Services-hero@2x.png","contentUrl":"https:\/\/www.akeneo.com\/wp-content\/uploads\/2022\/01\/web-assets-your-success-Professional-Services-hero@2x.png","width":2021,"height":2161},{"@type":"WebSite","@id":"https:\/\/www.akeneo.com\/de\/#website","url":"https:\/\/www.akeneo.com\/de\/","name":"Akeneo","description":"","publisher":{"@id":"https:\/\/www.akeneo.com\/de\/#organization"},"potentialAction":[{"@type":"SearchAction","target":{"@type":"EntryPoint","urlTemplate":"https:\/\/www.akeneo.com\/de\/?s={search_term_string}"},"query-input":{"@type":"PropertyValueSpecification","valueRequired":true,"valueName":"search_term_string"}}],"inLanguage":"de-DE"},{"@type":"Organization","@id":"https:\/\/www.akeneo.com\/de\/#organization","name":"Akeneo","url":"https:\/\/www.akeneo.com\/de\/","logo":{"@type":"ImageObject","inLanguage":"de-DE","@id":"https:\/\/www.akeneo.com\/de\/#\/schema\/logo\/image\/","url":"https:\/\/www.akeneo.com\/wp-content\/uploads\/2019\/08\/logo-kjus.png","contentUrl":"https:\/\/www.akeneo.com\/wp-content\/uploads\/2019\/08\/logo-kjus.png","width":1,"height":1,"caption":"Akeneo"},"image":{"@id":"https:\/\/www.akeneo.com\/de\/#\/schema\/logo\/image\/"}}]}},"_links":{"self":[{"href":"https:\/\/www.akeneo.com\/de\/wp-json\/wp\/v2\/pages\/47835","targetHints":{"allow":["GET"]}}],"collection":[{"href":"https:\/\/www.akeneo.com\/de\/wp-json\/wp\/v2\/pages"}],"about":[{"href":"https:\/\/www.akeneo.com\/de\/wp-json\/wp\/v2\/types\/page"}],"author":[{"embeddable":true,"href":"https:\/\/www.akeneo.com\/de\/wp-json\/wp\/v2\/users\/2"}],"replies":[{"embeddable":true,"href":"https:\/\/www.akeneo.com\/de\/wp-json\/wp\/v2\/comments?post=47835"}],"version-history":[{"count":0,"href":"https:\/\/www.akeneo.com\/de\/wp-json\/wp\/v2\/pages\/47835\/revisions"}],"wp:featuredmedia":[{"embeddable":true,"href":"https:\/\/www.akeneo.com\/de\/wp-json\/wp\/v2\/media\/24421"}],"wp:attachment":[{"href":"https:\/\/www.akeneo.com\/de\/wp-json\/wp\/v2\/media?parent=47835"}],"curies":[{"name":"wp","href":"https:\/\/api.w.org\/{rel}","templated":true}]}}