{"id":47785,"date":"2021-11-17T08:38:55","date_gmt":"2021-11-17T08:38:55","guid":{"rendered":"https:\/\/www.akeneo.com\/demo-2\/"},"modified":"2025-09-25T15:18:30","modified_gmt":"2025-09-25T15:18:30","slug":"demo","status":"publish","type":"page","link":"https:\/\/www.akeneo.com\/de\/demo\/","title":{"rendered":"Demo anfordern"},"content":{"rendered":"\n<section id=\"form-block_6d00acde69b3cbff064dd514505bffc6\" class=\"hero bg-light \" >\n  <div class=\"container\">\n    <div class=\"row justify-content-between align-items-center g-3\">\n      <div class=\"col-lg-6\">\n        <div class=\"hero-content\">\n                                <h1 class=\"hero-title\">Starten Sie Ihre PXM-Reise noch heute<\/h1>\n                                <div class=\"hero-text\">\n              <p><span style=\"font-weight: 400;\">Unabh\u00e4ngig von der Gr\u00f6\u00dfe eines Unternehmens muss jede Marke, jeder Hersteller, jeder Retailer und jedes Vertriebsunternehmen eine hervorragende Product Experience bieten, um erfolgreich zu wachsen. Akeneo hat das richtige Product Cloud f\u00fcr Ihre Anforderungen und Ihr Budget, damit Ihre Teams noch heute loslegen k\u00f6nnen.<\/span><\/p>\n            <\/div>\n                  <\/div>\n      <\/div>\n\n      <div class=\"col-lg-5 \">\n        <div class=\"p-3  rounded-4 shadow mt-3 p-md-6 bg-body\">\n                                                          <script data-cookieconsent=\"ignore\" src=\"\/\/pages.akeneo.com\/js\/forms2\/js\/forms2.min.js\"><\/script> \n              <form id=\"mktoForm_1006\"><\/form> \n              <script>MktoForms2.loadForm(\"\/\/pages.akeneo.com\", \"343-FNN-684\", 1006);<\/script>\n                              <\/div>\n      <\/div>      \n    <\/div>\n  <\/div>\n<\/section>\n\n\n\n<section id=\"logos-block_234d1ddd3ea84e36d9574d56e99e1a4a\" class=\"py-1 py-md-2\">\n  <div class=\"container\">\n    <div class=\"row\">\n      <div class=\"col-12\">\n                          <div class=\"text-editor fs-md text-center mb-4 text-primary-blackstar fw-normal\">\n            <p>Verbinden Sie sich noch heute mit uns<\/p>\n          <\/div>\n              <\/div>\n    <\/div>\n\n    \n                  <div class=\"row row-cols-2 row-cols-md-3 row-cols-lg-6 g-3 justify-content-center logos\">\n                                  <img decoding=\"async\" class=\"logo-card-image\" src=\"https:\/\/www.akeneo.com\/wp-content\/uploads\/2017\/09\/logo-midland_scientist@2x.png\" alt=\"\">\n                                      <img decoding=\"async\" class=\"logo-card-image\" src=\"https:\/\/www.akeneo.com\/wp-content\/uploads\/2019\/05\/logo-rural-king@2x-2.png\" alt=\"\">\n                                      <img decoding=\"async\" class=\"logo-card-image\" src=\"https:\/\/www.akeneo.com\/wp-content\/uploads\/2021\/07\/logo-staples-2@2x.png\" alt=\"\">\n                                      <img decoding=\"async\" class=\"logo-card-image\" src=\"https:\/\/www.akeneo.com\/wp-content\/uploads\/2018\/10\/logo-myer@2x-2.png\" alt=\"\">\n                                      <img decoding=\"async\" class=\"logo-card-image\" src=\"https:\/\/www.akeneo.com\/wp-content\/uploads\/2020\/10\/logo-petra-2.png\" alt=\"\">\n                                      <img decoding=\"async\" class=\"logo-card-image\" src=\"https:\/\/www.akeneo.com\/wp-content\/uploads\/2018\/06\/logo-fossil-2.png\" alt=\"\">\n                      <\/div> \n            <\/div><\/section>\n\n\n<section id=\"content-block_5427808e5011db8feaace9be41bf4ec9\" class=\"py-6 py-md-8 \">\n    <div class=\"container\">\n        <div class=\"row justify-content-between align-items-center g-3 flex-lg-row-reverse\">\n            <div class=\"col-lg-6\">\n                <div class=\"w-lg-70 mx-auto\">\n                                            <h2 class=\"text-primary-blackstar\">Entdecken Sie Akeneo Product Cloud<\/h2>\n                    \n                    \n                    <div class=\"text-editor fs-md text-primary-blackstar\">\n                                                    <p><span style=\"font-weight: 400;\">Einer unserer Experten wird Ihnen zeigen, wie Akeneo Product Cloud das kann:\u00a0<\/span><\/p>\n                                                                            <ul class=\"list-check\">\n                                                                    <li>Organisieren und Strukturieren von Produktinformationen<\/li>\n                                                                    <li>Unterst\u00fctzung f\u00fcr Ihr Unternehmen bei der Skalierung der Omnichannel-Aktivit\u00e4ten und der Ausweitung Ihrer Reichweite auf neue Regionen oder M\u00e4rkte<\/li>\n                                                                    <li>Kontrolle der Vollst\u00e4ndigkeit, Richtigkeit und Qualit\u00e4t Ihrer Produktinformationen durch Sie und Ihr Team, um eine bessere Customer Experience zu erm\u00f6glichen<\/li>\n                                                                    <li>Vielf\u00e4ltige Unterst\u00fctzung f\u00fcr Sie und Ihr Unternehmen beim Erreichen von Zielvorgaben und Zielen<\/li>\n                                                            <\/ul>\n                                            <\/div>\n                                                                                <\/div>\n            <\/div>\n                            <div class=\"col-lg-6 text-center\">\n                                            <img decoding=\"async\" src=\"https:\/\/www.akeneo.com\/wp-content\/uploads\/2022\/01\/web-assets-Start-Free-Trial-Discover-Akeneo-PIM-1200x1200.png\" alt=\"\">\n                    \n                                    <\/div>\n                    <\/div>\n    <\/div>\n<\/section>\n\n\n\n<section class=\"py-3 py-md-6 position-relative\">\n            <div class=\"block-background block-background-top\"><\/div>\n        <div class=\"container\">\n        <div class=\"row\">\n            <div class=\"col-12\">\n                <div class=\"cta px-lg-8 py-3 bg-secondary\">\n                    <div class=\"cta-content\">\n                                                    <h2 class=\"cta-title text-gray-100\">Welche Paket ist die richtige f\u00fcr mich?<\/h2>\n                                                                                                    <div class=\"cta-buttons\">\n                                                                    <div>\n                                        <a class=\"btn-lg btn btn-primary\" href=\"https:\/\/www.akeneo.com\/de\/compare-packages\/\"><span class=\"initial text\">Editionen vergleichen<\/span><span class=\"background-text\">Editionen vergleichen<\/span><span class=\"hovered text\">Editionen vergleichen<\/span><\/a>                                    <\/div>\n                                                            <\/div>\n                                            <\/div>\n                                                                        <div class=\"cta-image\">\n                                <img decoding=\"async\" src=\"https:\/\/www.akeneo.com\/wp-content\/uploads\/2024\/09\/Web-assets-Call-to-Action-large-get-in-contact@2x-1.png\" alt=\"\">\n                            <\/div>\n                                                            <\/div>\n            <\/div>\n        <\/div>\n    <\/div>\n<\/section>","protected":false},"excerpt":{"rendered":"","protected":false},"author":2,"featured_media":15014,"parent":0,"menu_order":0,"comment_status":"closed","ping_status":"closed","template":"","meta":{"_acf_changed":true,"footnotes":""},"class_list":["post-47785","page","type-page","status-publish","has-post-thumbnail","hentry"],"acf":[],"yoast_head":"<!-- This site is optimized with the Yoast SEO Premium plugin v26.7 (Yoast SEO v26.7) - https:\/\/yoast.com\/wordpress\/plugins\/seo\/ -->\n<title>Demo anfordern | Akeneo<\/title>\n<meta name=\"robots\" content=\"index, follow, max-snippet:-1, max-image-preview:large, max-video-preview:-1\" \/>\n<link rel=\"canonical\" href=\"https:\/\/www.akeneo.com\/de\/demo\/\" \/>\n<meta property=\"og:locale\" content=\"de_DE\" \/>\n<meta property=\"og:type\" content=\"article\" \/>\n<meta property=\"og:title\" content=\"Demo anfordern | Akeneo\" \/>\n<meta property=\"og:url\" content=\"https:\/\/www.akeneo.com\/de\/demo\/\" \/>\n<meta property=\"og:site_name\" content=\"Akeneo\" \/>\n<meta property=\"article:modified_time\" content=\"2025-09-25T15:18:30+00:00\" \/>\n<meta property=\"og:image\" content=\"https:\/\/www.akeneo.com\/wp-content\/uploads\/2022\/01\/akeneo-ico-akeneopim-enterprise-edition@2x-1.png\" \/>\n\t<meta property=\"og:image:width\" content=\"1\" \/>\n\t<meta property=\"og:image:height\" content=\"1\" \/>\n\t<meta property=\"og:image:type\" content=\"image\/png\" \/>\n<meta name=\"twitter:card\" content=\"summary_large_image\" \/>\n<meta name=\"twitter:label1\" content=\"Gesch\u00e4tzte Lesezeit\" \/>\n\t<meta name=\"twitter:data1\" content=\"1 Minute\" \/>\n<script type=\"application\/ld+json\" class=\"yoast-schema-graph\">{\"@context\":\"https:\/\/schema.org\",\"@graph\":[{\"@type\":\"WebPage\",\"@id\":\"https:\/\/www.akeneo.com\/de\/demo\/\",\"url\":\"https:\/\/www.akeneo.com\/de\/demo\/\",\"name\":\"Demo anfordern | Akeneo\",\"isPartOf\":{\"@id\":\"https:\/\/www.akeneo.com\/de\/#website\"},\"primaryImageOfPage\":{\"@id\":\"https:\/\/www.akeneo.com\/de\/demo\/#primaryimage\"},\"image\":{\"@id\":\"https:\/\/www.akeneo.com\/de\/demo\/#primaryimage\"},\"thumbnailUrl\":\"https:\/\/www.akeneo.com\/wp-content\/uploads\/2022\/01\/akeneo-ico-akeneopim-enterprise-edition@2x-1.png\",\"datePublished\":\"2021-11-17T08:38:55+00:00\",\"dateModified\":\"2025-09-25T15:18:30+00:00\",\"inLanguage\":\"de-DE\",\"potentialAction\":[{\"@type\":\"ReadAction\",\"target\":[\"https:\/\/www.akeneo.com\/de\/demo\/\"]}]},{\"@type\":\"ImageObject\",\"inLanguage\":\"de-DE\",\"@id\":\"https:\/\/www.akeneo.com\/de\/demo\/#primaryimage\",\"url\":\"https:\/\/www.akeneo.com\/wp-content\/uploads\/2022\/01\/akeneo-ico-akeneopim-enterprise-edition@2x-1.png\",\"contentUrl\":\"https:\/\/www.akeneo.com\/wp-content\/uploads\/2022\/01\/akeneo-ico-akeneopim-enterprise-edition@2x-1.png\"},{\"@type\":\"WebSite\",\"@id\":\"https:\/\/www.akeneo.com\/de\/#website\",\"url\":\"https:\/\/www.akeneo.com\/de\/\",\"name\":\"Akeneo\",\"description\":\"\",\"publisher\":{\"@id\":\"https:\/\/www.akeneo.com\/de\/#organization\"},\"potentialAction\":[{\"@type\":\"SearchAction\",\"target\":{\"@type\":\"EntryPoint\",\"urlTemplate\":\"https:\/\/www.akeneo.com\/de\/?s={search_term_string}\"},\"query-input\":{\"@type\":\"PropertyValueSpecification\",\"valueRequired\":true,\"valueName\":\"search_term_string\"}}],\"inLanguage\":\"de-DE\"},{\"@type\":\"Organization\",\"@id\":\"https:\/\/www.akeneo.com\/de\/#organization\",\"name\":\"Akeneo\",\"url\":\"https:\/\/www.akeneo.com\/de\/\",\"logo\":{\"@type\":\"ImageObject\",\"inLanguage\":\"de-DE\",\"@id\":\"https:\/\/www.akeneo.com\/de\/#\/schema\/logo\/image\/\",\"url\":\"https:\/\/www.akeneo.com\/wp-content\/uploads\/2019\/08\/logo-kjus.png\",\"contentUrl\":\"https:\/\/www.akeneo.com\/wp-content\/uploads\/2019\/08\/logo-kjus.png\",\"width\":1,\"height\":1,\"caption\":\"Akeneo\"},\"image\":{\"@id\":\"https:\/\/www.akeneo.com\/de\/#\/schema\/logo\/image\/\"}}]}<\/script>\n<!-- \/ Yoast SEO Premium plugin. -->","yoast_head_json":{"title":"Demo anfordern | Akeneo","robots":{"index":"index","follow":"follow","max-snippet":"max-snippet:-1","max-image-preview":"max-image-preview:large","max-video-preview":"max-video-preview:-1"},"canonical":"https:\/\/www.akeneo.com\/de\/demo\/","og_locale":"de_DE","og_type":"article","og_title":"Demo anfordern | Akeneo","og_url":"https:\/\/www.akeneo.com\/de\/demo\/","og_site_name":"Akeneo","article_modified_time":"2025-09-25T15:18:30+00:00","og_image":[{"url":"https:\/\/www.akeneo.com\/wp-content\/uploads\/2022\/01\/akeneo-ico-akeneopim-enterprise-edition@2x-1.png","width":1,"height":1,"type":"image\/png"}],"twitter_card":"summary_large_image","twitter_misc":{"Gesch\u00e4tzte Lesezeit":"1 Minute"},"schema":{"@context":"https:\/\/schema.org","@graph":[{"@type":"WebPage","@id":"https:\/\/www.akeneo.com\/de\/demo\/","url":"https:\/\/www.akeneo.com\/de\/demo\/","name":"Demo anfordern | Akeneo","isPartOf":{"@id":"https:\/\/www.akeneo.com\/de\/#website"},"primaryImageOfPage":{"@id":"https:\/\/www.akeneo.com\/de\/demo\/#primaryimage"},"image":{"@id":"https:\/\/www.akeneo.com\/de\/demo\/#primaryimage"},"thumbnailUrl":"https:\/\/www.akeneo.com\/wp-content\/uploads\/2022\/01\/akeneo-ico-akeneopim-enterprise-edition@2x-1.png","datePublished":"2021-11-17T08:38:55+00:00","dateModified":"2025-09-25T15:18:30+00:00","inLanguage":"de-DE","potentialAction":[{"@type":"ReadAction","target":["https:\/\/www.akeneo.com\/de\/demo\/"]}]},{"@type":"ImageObject","inLanguage":"de-DE","@id":"https:\/\/www.akeneo.com\/de\/demo\/#primaryimage","url":"https:\/\/www.akeneo.com\/wp-content\/uploads\/2022\/01\/akeneo-ico-akeneopim-enterprise-edition@2x-1.png","contentUrl":"https:\/\/www.akeneo.com\/wp-content\/uploads\/2022\/01\/akeneo-ico-akeneopim-enterprise-edition@2x-1.png"},{"@type":"WebSite","@id":"https:\/\/www.akeneo.com\/de\/#website","url":"https:\/\/www.akeneo.com\/de\/","name":"Akeneo","description":"","publisher":{"@id":"https:\/\/www.akeneo.com\/de\/#organization"},"potentialAction":[{"@type":"SearchAction","target":{"@type":"EntryPoint","urlTemplate":"https:\/\/www.akeneo.com\/de\/?s={search_term_string}"},"query-input":{"@type":"PropertyValueSpecification","valueRequired":true,"valueName":"search_term_string"}}],"inLanguage":"de-DE"},{"@type":"Organization","@id":"https:\/\/www.akeneo.com\/de\/#organization","name":"Akeneo","url":"https:\/\/www.akeneo.com\/de\/","logo":{"@type":"ImageObject","inLanguage":"de-DE","@id":"https:\/\/www.akeneo.com\/de\/#\/schema\/logo\/image\/","url":"https:\/\/www.akeneo.com\/wp-content\/uploads\/2019\/08\/logo-kjus.png","contentUrl":"https:\/\/www.akeneo.com\/wp-content\/uploads\/2019\/08\/logo-kjus.png","width":1,"height":1,"caption":"Akeneo"},"image":{"@id":"https:\/\/www.akeneo.com\/de\/#\/schema\/logo\/image\/"}}]}},"_links":{"self":[{"href":"https:\/\/www.akeneo.com\/de\/wp-json\/wp\/v2\/pages\/47785","targetHints":{"allow":["GET"]}}],"collection":[{"href":"https:\/\/www.akeneo.com\/de\/wp-json\/wp\/v2\/pages"}],"about":[{"href":"https:\/\/www.akeneo.com\/de\/wp-json\/wp\/v2\/types\/page"}],"author":[{"embeddable":true,"href":"https:\/\/www.akeneo.com\/de\/wp-json\/wp\/v2\/users\/2"}],"replies":[{"embeddable":true,"href":"https:\/\/www.akeneo.com\/de\/wp-json\/wp\/v2\/comments?post=47785"}],"version-history":[{"count":0,"href":"https:\/\/www.akeneo.com\/de\/wp-json\/wp\/v2\/pages\/47785\/revisions"}],"wp:featuredmedia":[{"embeddable":true,"href":"https:\/\/www.akeneo.com\/de\/wp-json\/wp\/v2\/media\/15014"}],"wp:attachment":[{"href":"https:\/\/www.akeneo.com\/de\/wp-json\/wp\/v2\/media?parent=47785"}],"curies":[{"name":"wp","href":"https:\/\/api.w.org\/{rel}","templated":true}]}}