{"id":47781,"date":"2021-11-17T08:38:31","date_gmt":"2021-11-17T08:38:31","guid":{"rendered":"https:\/\/www.akeneo.com\/start-free-trial-2\/"},"modified":"2025-11-06T16:41:25","modified_gmt":"2025-11-06T16:41:25","slug":"start-free-trial","status":"publish","type":"page","link":"https:\/\/www.akeneo.com\/de\/start-free-trial\/","title":{"rendered":"Start Free Trial"},"content":{"rendered":"\n  <section class=\"hero hero-light  \" >\n    <div class=\"container\">\n                            <div class=\"row justify-content-between align-items-center g-3\">\n                        <div class=\"col-lg-6\">\n                            <div class=\"hero-content\">\n                                                                \n                                \n                                                                    <h1 class=\"hero-title\">Legen Sie los mit Ihrer kostenlosen Testversion von Akeneo Product Cloud<\/h1>\n                                                                                                    <div class=\"hero-text\">\n                                        <p><span style=\"font-weight: 400;\">Machen Sie Schluss damit, Tabellen in m\u00fchsamer Kleinarbeit zu pflegen oder Produktinformationen mit ungeeigneten Tools zu verwalten. Wir haben die Akeneo Product Cloud f\u00fcr Unternehmen entwickelt, die ihre Produktinformationen besser zentralisieren, anreichern und verteilen m\u00f6chten. Die einfach zu bedienende und flexible Product Cloud-L\u00f6sung hilft Ihnen, Ihr Unternehmen zu skalieren und zu vergr\u00f6\u00dfern.<\/span><\/p>\n                                    <\/div>\n                                                                                                    <div class=\"hero-buttons\">\n                                                                                                                                    <div>\n                                                    <a class=\"btn btn-primary btn-lg\" href=\"https:\/\/start.akeneo.com\/\" target=\"_blank\"><span class=\"initial text\">Zur kostenlosen Testversion<\/span><span class=\"background-text\">Zur kostenlosen Testversion<\/span><span class=\"hovered text\">Zur kostenlosen Testversion<\/span><\/a>                                                <\/div>\n                                                                                                                        <\/div>\n                                                            <\/div>\n                        <\/div>\n                                                    <div class=\"col-lg-5\">\n                                                                    <div class=\"hero-image\">\n                                        <img decoding=\"async\" src=\"https:\/\/www.akeneo.com\/wp-content\/uploads\/2022\/01\/web-assets-Start-Free-Trial-hero@2x-1122x1200.png\" alt=\"\">\n                                    <\/div>\n                                \n                                                            <\/div>\n                                            <\/div>\n\n                        <\/div>\n<\/section>  \n\n\n\n<section id=\"logos-block_9b625eaea2f10fcfdd91a4817d670fdf\" class=\"py-2 py-md-3\">\n            <div class=\"text-editor fs-md text-center mb-1 px-2 text-primary-blackstar fw-normal\">\n        <p>Tausende von Unternehmen vertrauen darauf<\/p>\n      <\/div>\n    \n    \n                  <div class=\"row row-cols-2 row-cols-md-3 row-cols-lg-6 g-3 justify-content-center logos\">\n                                  <img decoding=\"async\" class=\"logo-card-image\" src=\"https:\/\/www.akeneo.com\/wp-content\/uploads\/2017\/09\/logo-midland_scientist@2x.png\" alt=\"\">\n                                      <img decoding=\"async\" class=\"logo-card-image\" src=\"https:\/\/www.akeneo.com\/wp-content\/uploads\/2019\/05\/logo-rural-king@2x-2.png\" alt=\"\">\n                                      <img decoding=\"async\" class=\"logo-card-image\" src=\"https:\/\/www.akeneo.com\/wp-content\/uploads\/2021\/07\/logo-staples-2@2x.png\" alt=\"\">\n                                      <img decoding=\"async\" class=\"logo-card-image\" src=\"https:\/\/www.akeneo.com\/wp-content\/uploads\/2018\/10\/logo-myer@2x-2.png\" alt=\"\">\n                                      <img decoding=\"async\" class=\"logo-card-image\" src=\"https:\/\/www.akeneo.com\/wp-content\/uploads\/2020\/10\/logo-petra-2.png\" alt=\"\">\n                                      <img decoding=\"async\" class=\"logo-card-image\" src=\"https:\/\/www.akeneo.com\/wp-content\/uploads\/2018\/06\/logo-fossil-2.png\" alt=\"\">\n                      <\/div> \n          <\/section>\n\n\n<section id=\"content-block_1ed4b218be2deb50c3fcc53676515fd0\" class=\"py-6 py-md-8 \">\n    <div class=\"container\">\n        <div class=\"row justify-content-between align-items-center g-3 flex-lg-row-reverse\">\n            <div class=\"col-lg-6\">\n                <div class=\"w-lg-70 mx-auto\">\n                                            <h2 class=\"text-primary-blackstar\">Entdecken Sie Akeneo Product Cloud<\/h2>\n                    \n                    \n                    <div class=\"text-editor fs-md text-primary-blackstar\">\n                                                    <p><span style=\"font-weight: 400;\">Testen Sie die Akeneo Product Cloud 14 Tage lang kostenlos und \u00fcberzeugen Sie sich selbst von den M\u00f6glichkeiten:<\/span><\/p>\n                                                                            <ul class=\"list-check\">\n                                                                    <li>Organisieren und Strukturieren von Produktinformationen<\/li>\n                                                                    <li>Unterst\u00fctzung f\u00fcr Ihr Unternehmen bei der Skalierung der Omnichannel-Aktivit\u00e4ten und der Ausweitung Ihrer Reichweite auf neue Regionen oder M\u00e4rkte<\/li>\n                                                                    <li>Kontrolle der Vollst\u00e4ndigkeit, Richtigkeit und Qualit\u00e4t Ihrer Produktinformationen durch Sie und Ihr Team, um eine bessere Customer Experience zu erm\u00f6glichen<\/li>\n                                                                    <li>Vielf\u00e4ltige Unterst\u00fctzung f\u00fcr Sie und Ihr Unternehmen beim Erreichen von Zielvorgaben und Zielen<\/li>\n                                                            <\/ul>\n                                            <\/div>\n                                                                                <\/div>\n            <\/div>\n                            <div class=\"col-lg-6 text-center\">\n                                            <div class=\"torch-container\">\n                            <img decoding=\"async\" src=\"https:\/\/www.akeneo.com\/wp-content\/uploads\/2022\/01\/web-assets-Start-Free-Trial-Discover-Akeneo-PIM-1200x1200.png\" alt=\"\">\n                                                    <\/div>\n                    \n                                    <\/div>\n                    <\/div>\n    <\/div>\n<\/section>\n\n\n\n<section id=\"content-block_e4e4e28f5cf3cda4412b91150bff659e\" class=\"py-6 py-md-8 \">\n    <div class=\"container\">\n        <div class=\"row justify-content-between align-items-center g-3 \">\n            <div class=\"col-lg-6\">\n                <div class=\"w-lg-70 mx-auto\">\n                                            <h2 class=\"text-primary-blackstar\">Tauchen Sie ein!<\/h2>\n                    \n                    \n                    <div class=\"text-editor fs-md text-primary-blackstar\">\n                                                    <p><span style=\"font-weight: 400;\">Damit Ihr Testlauf zum Erfolg f\u00fcr Sie und Ihr Team wird, haben wir Folgendes zusammengestellt:<\/span><\/p>\n                                                                            <ul class=\"list-check\">\n                                                                    <li>Beispielkatalog, um die Einsatzm\u00f6glichkeiten der Akeneo Product Cloud zu testen<\/li>\n                                                                    <li>Angeleitete Aktivit\u00e4ten und Touren, damit Sie schnell starten k\u00f6nnen<\/li>\n                                                                    <li>Individuelle Hilfe und Betreuung w\u00e4hrend des kostenlosen Testzeitraums<\/li>\n                                                                    <li>Blick auf die zus\u00e4tzlichen leistungsstarken Funktionen unserer verschiedenen Paket<\/li>\n                                                            <\/ul>\n                                            <\/div>\n                                                                                <\/div>\n            <\/div>\n                            <div class=\"col-lg-6 text-center\">\n                                            <div class=\"torch-container\">\n                            <img decoding=\"async\" src=\"https:\/\/www.akeneo.com\/wp-content\/uploads\/2022\/01\/web-assets-Start-Free-Trial-And-Experience-It-1200x1200.png\" alt=\"\">\n                                                    <\/div>\n                    \n                                    <\/div>\n                    <\/div>\n    <\/div>\n<\/section>\n\n\n\n<section class=\"py-3 py-md-6 position-relative\">\n            <div class=\"block-background block-background-top\"><\/div>\n        <div class=\"container\">\n        <div class=\"row\">\n            <div class=\"col-12\">\n                <div class=\"cta px-lg-8 py-3 bg-secondary\">\n                    <div class=\"cta-content\">\n                                                    <h2 class=\"cta-title text-gray-100\">Erfahren Sie mehr \u00fcber die M\u00f6glichkeiten der Akeneo Product Cloud \u2013 und wie sie Ihnen helfen kann, Ihr Wachstumspotenzial auszusch\u00f6pfen!<\/h2>\n                                                                                                    <div class=\"cta-buttons\">\n                                                                    <div>\n                                        <a class=\"btn-lg btn btn-primary\" href=\"https:\/\/start.akeneo.com\/\" target=\"_blank\"><span class=\"initial text\">Zur kostenlosen Testversion<\/span><span class=\"background-text\">Zur kostenlosen Testversion<\/span><span class=\"hovered text\">Zur kostenlosen Testversion<\/span><\/a>                                    <\/div>\n                                                            <\/div>\n                                            <\/div>\n                                                                        <div class=\"cta-image\">\n                                <img decoding=\"async\" src=\"https:\/\/www.akeneo.com\/wp-content\/uploads\/2024\/09\/Web-assets-Call-to-Action-large-product-cloud@2x.png\" alt=\"\">\n                            <\/div>\n                                                            <\/div>\n            <\/div>\n        <\/div>\n    <\/div>\n<\/section>","protected":false},"excerpt":{"rendered":"","protected":false},"author":2,"featured_media":0,"parent":0,"menu_order":0,"comment_status":"closed","ping_status":"closed","template":"","meta":{"_acf_changed":true,"footnotes":""},"class_list":["post-47781","page","type-page","status-publish","hentry"],"acf":[],"yoast_head":"<!-- This site is optimized with the Yoast SEO Premium plugin v26.7 (Yoast SEO v26.7) - https:\/\/yoast.com\/wordpress\/plugins\/seo\/ -->\n<title>Start Free Trial | Akeneo<\/title>\n<meta name=\"robots\" content=\"index, follow, max-snippet:-1, max-image-preview:large, max-video-preview:-1\" \/>\n<link rel=\"canonical\" href=\"https:\/\/www.akeneo.com\/de\/start-free-trial\/\" \/>\n<meta property=\"og:locale\" content=\"de_DE\" \/>\n<meta property=\"og:type\" content=\"article\" \/>\n<meta property=\"og:title\" content=\"Start Free Trial | Akeneo\" \/>\n<meta property=\"og:url\" content=\"https:\/\/www.akeneo.com\/de\/start-free-trial\/\" \/>\n<meta property=\"og:site_name\" content=\"Akeneo\" \/>\n<meta property=\"article:modified_time\" content=\"2025-11-06T16:41:25+00:00\" \/>\n<meta property=\"og:image\" content=\"https:\/\/www.akeneo.com\/wp-content\/uploads\/2024\/11\/generic_featuredimage_1200x1200.png\" \/>\n\t<meta property=\"og:image:width\" content=\"1200\" \/>\n\t<meta property=\"og:image:height\" content=\"1200\" \/>\n\t<meta property=\"og:image:type\" content=\"image\/png\" \/>\n<meta name=\"twitter:card\" content=\"summary_large_image\" \/>\n<script type=\"application\/ld+json\" class=\"yoast-schema-graph\">{\"@context\":\"https:\/\/schema.org\",\"@graph\":[{\"@type\":\"WebPage\",\"@id\":\"https:\/\/www.akeneo.com\/de\/start-free-trial\/\",\"url\":\"https:\/\/www.akeneo.com\/de\/start-free-trial\/\",\"name\":\"Start Free Trial | Akeneo\",\"isPartOf\":{\"@id\":\"https:\/\/www.akeneo.com\/de\/#website\"},\"datePublished\":\"2021-11-17T08:38:31+00:00\",\"dateModified\":\"2025-11-06T16:41:25+00:00\",\"inLanguage\":\"de-DE\",\"potentialAction\":[{\"@type\":\"ReadAction\",\"target\":[\"https:\/\/www.akeneo.com\/de\/start-free-trial\/\"]}]},{\"@type\":\"WebSite\",\"@id\":\"https:\/\/www.akeneo.com\/de\/#website\",\"url\":\"https:\/\/www.akeneo.com\/de\/\",\"name\":\"Akeneo\",\"description\":\"\",\"publisher\":{\"@id\":\"https:\/\/www.akeneo.com\/de\/#organization\"},\"potentialAction\":[{\"@type\":\"SearchAction\",\"target\":{\"@type\":\"EntryPoint\",\"urlTemplate\":\"https:\/\/www.akeneo.com\/de\/?s={search_term_string}\"},\"query-input\":{\"@type\":\"PropertyValueSpecification\",\"valueRequired\":true,\"valueName\":\"search_term_string\"}}],\"inLanguage\":\"de-DE\"},{\"@type\":\"Organization\",\"@id\":\"https:\/\/www.akeneo.com\/de\/#organization\",\"name\":\"Akeneo\",\"url\":\"https:\/\/www.akeneo.com\/de\/\",\"logo\":{\"@type\":\"ImageObject\",\"inLanguage\":\"de-DE\",\"@id\":\"https:\/\/www.akeneo.com\/de\/#\/schema\/logo\/image\/\",\"url\":\"https:\/\/www.akeneo.com\/wp-content\/uploads\/2019\/08\/logo-kjus.png\",\"contentUrl\":\"https:\/\/www.akeneo.com\/wp-content\/uploads\/2019\/08\/logo-kjus.png\",\"width\":1,\"height\":1,\"caption\":\"Akeneo\"},\"image\":{\"@id\":\"https:\/\/www.akeneo.com\/de\/#\/schema\/logo\/image\/\"}}]}<\/script>\n<!-- \/ Yoast SEO Premium plugin. -->","yoast_head_json":{"title":"Start Free Trial | Akeneo","robots":{"index":"index","follow":"follow","max-snippet":"max-snippet:-1","max-image-preview":"max-image-preview:large","max-video-preview":"max-video-preview:-1"},"canonical":"https:\/\/www.akeneo.com\/de\/start-free-trial\/","og_locale":"de_DE","og_type":"article","og_title":"Start Free Trial | Akeneo","og_url":"https:\/\/www.akeneo.com\/de\/start-free-trial\/","og_site_name":"Akeneo","article_modified_time":"2025-11-06T16:41:25+00:00","og_image":[{"width":1200,"height":1200,"url":"https:\/\/www.akeneo.com\/wp-content\/uploads\/2024\/11\/generic_featuredimage_1200x1200.png","type":"image\/png"}],"twitter_card":"summary_large_image","schema":{"@context":"https:\/\/schema.org","@graph":[{"@type":"WebPage","@id":"https:\/\/www.akeneo.com\/de\/start-free-trial\/","url":"https:\/\/www.akeneo.com\/de\/start-free-trial\/","name":"Start Free Trial | Akeneo","isPartOf":{"@id":"https:\/\/www.akeneo.com\/de\/#website"},"datePublished":"2021-11-17T08:38:31+00:00","dateModified":"2025-11-06T16:41:25+00:00","inLanguage":"de-DE","potentialAction":[{"@type":"ReadAction","target":["https:\/\/www.akeneo.com\/de\/start-free-trial\/"]}]},{"@type":"WebSite","@id":"https:\/\/www.akeneo.com\/de\/#website","url":"https:\/\/www.akeneo.com\/de\/","name":"Akeneo","description":"","publisher":{"@id":"https:\/\/www.akeneo.com\/de\/#organization"},"potentialAction":[{"@type":"SearchAction","target":{"@type":"EntryPoint","urlTemplate":"https:\/\/www.akeneo.com\/de\/?s={search_term_string}"},"query-input":{"@type":"PropertyValueSpecification","valueRequired":true,"valueName":"search_term_string"}}],"inLanguage":"de-DE"},{"@type":"Organization","@id":"https:\/\/www.akeneo.com\/de\/#organization","name":"Akeneo","url":"https:\/\/www.akeneo.com\/de\/","logo":{"@type":"ImageObject","inLanguage":"de-DE","@id":"https:\/\/www.akeneo.com\/de\/#\/schema\/logo\/image\/","url":"https:\/\/www.akeneo.com\/wp-content\/uploads\/2019\/08\/logo-kjus.png","contentUrl":"https:\/\/www.akeneo.com\/wp-content\/uploads\/2019\/08\/logo-kjus.png","width":1,"height":1,"caption":"Akeneo"},"image":{"@id":"https:\/\/www.akeneo.com\/de\/#\/schema\/logo\/image\/"}}]}},"_links":{"self":[{"href":"https:\/\/www.akeneo.com\/de\/wp-json\/wp\/v2\/pages\/47781","targetHints":{"allow":["GET"]}}],"collection":[{"href":"https:\/\/www.akeneo.com\/de\/wp-json\/wp\/v2\/pages"}],"about":[{"href":"https:\/\/www.akeneo.com\/de\/wp-json\/wp\/v2\/types\/page"}],"author":[{"embeddable":true,"href":"https:\/\/www.akeneo.com\/de\/wp-json\/wp\/v2\/users\/2"}],"replies":[{"embeddable":true,"href":"https:\/\/www.akeneo.com\/de\/wp-json\/wp\/v2\/comments?post=47781"}],"version-history":[{"count":0,"href":"https:\/\/www.akeneo.com\/de\/wp-json\/wp\/v2\/pages\/47781\/revisions"}],"wp:attachment":[{"href":"https:\/\/www.akeneo.com\/de\/wp-json\/wp\/v2\/media?parent=47781"}],"curies":[{"name":"wp","href":"https:\/\/api.w.org\/{rel}","templated":true}]}}