{"id":47768,"date":"2021-11-10T13:59:29","date_gmt":"2021-11-10T13:59:29","guid":{"rendered":"https:\/\/www.akeneo.com\/akeneo-syndication-2\/"},"modified":"2024-07-04T06:58:38","modified_gmt":"2024-07-04T06:58:38","slug":"akeneo-syndication","status":"publish","type":"page","link":"https:\/\/www.akeneo.com\/de\/akeneo-syndication\/","title":{"rendered":"Akeneo Syndication"},"content":{"rendered":"        \n  <section class=\"hero   \" >\n    <div class=\"container\">\n                            <div class=\"row justify-content-between align-items-center g-3\">\n                        <div class=\"col-lg-6\">\n                            <div class=\"hero-content\">\n                                                                    <div class=\"hero-logo\" style=\"max-width: 17rem;\">\n                                        <img decoding=\"async\" src=\"https:\/\/www.akeneo.com\/wp-content\/uploads\/2022\/01\/akeneo-logo-syndication.svg\" alt=\"\">\n                                    <\/div>\n                                                                \n                                \n                                                                    <h1 class=\"hero-title\">Mehr Omnichannel-Wachstum durch Syndizierung<\/h1>\n                                                                                                    <div class=\"hero-text\">\n                                        <p>Im Omnichannel-Zeitalter m\u00fcssen Sie \u00fcberall pr\u00e4sent sein, um mehr zu verkaufen: mehr Produkte, an mehr Kunden, an mehr Orten. Sobald Ihre Produktdaten genau, verst\u00e4ndlich und f\u00fcr jeden einzelnen Kanal im Akeneo PIM aufbereitet sind, k\u00f6nnen sie syndiziert werden. Mit unserer leistungsstarken Syndizierungsl\u00f6sung k\u00f6nnen Sie die Weitergabe Ihrer Produktinhalte an die zahlreichen Websites, auf denen Ihre Kunden einkaufen, effizient gestalten.<\/p>\n                                    <\/div>\n                                                                                                    <div class=\"hero-buttons\">\n                                                                                                                                    <div>\n                                                    <a class=\"btn btn-primary btn-lg\" href=\"https:\/\/www.akeneo.com\/de\/demo\/\"><span class=\"initial text\">Demo anfordern<\/span><span class=\"background-text\">Demo anfordern<\/span><span class=\"hovered text\">Demo anfordern<\/span><\/a>                                                <\/div>\n                                                                                                                        <\/div>\n                                                            <\/div>\n                        <\/div>\n                                                    <div class=\"col-lg-5\">\n                                                                    <div class=\"hero-image\">\n                                        <img decoding=\"async\" src=\"https:\/\/www.akeneo.com\/wp-content\/uploads\/2022\/01\/akeneo-ico-hero-syndication@2x.png\" alt=\"\">\n                                    <\/div>\n                                \n                                                            <\/div>\n                                            <\/div>\n\n                        <\/div>\n<\/section>  \n\n<section id=\"logos-block_707a958e832fd72024f03fd6e141033a\" class=\"py-2 py-md-3\">\n            <div class=\"text-editor fs-md text-center mb-1 px-2 text-primary-blackstar fw-normal\">\n        <p>Werden Sie Teil des Unternehmens von mehr als 500 Unternehmenskunden<\/p>\n      <\/div>\n    \n    \n                  <div class=\"row row-cols-2 row-cols-md-3 row-cols-lg-6 g-3 justify-content-center logos\">\n                                  <img decoding=\"async\" class=\"logo-card-image\" src=\"https:\/\/www.akeneo.com\/wp-content\/uploads\/2017\/09\/logo-groupe-rg@2x-1.png\" alt=\"\">\n                                      <img decoding=\"async\" class=\"logo-card-image\" src=\"https:\/\/www.akeneo.com\/wp-content\/uploads\/2022\/01\/logo-tallink@2x-1.png\" alt=\"\">\n                                      <img decoding=\"async\" class=\"logo-card-image\" src=\"https:\/\/www.akeneo.com\/wp-content\/uploads\/2021\/02\/logo-bygghemma@2x-2.png\" alt=\"\">\n                                      <img decoding=\"async\" class=\"logo-card-image\" src=\"https:\/\/www.akeneo.com\/wp-content\/uploads\/2020\/10\/logo-intcomex@2x-1.png\" alt=\"\">\n                                      <img decoding=\"async\" class=\"logo-card-image\" src=\"https:\/\/www.akeneo.com\/wp-content\/uploads\/2022\/01\/logo-ecornaturasi@2x-1.png\" alt=\"\">\n                                      <img decoding=\"async\" class=\"logo-card-image\" src=\"https:\/\/www.akeneo.com\/wp-content\/uploads\/2020\/06\/logo-peavey-mart-2.png\" alt=\"\">\n                      <\/div> \n          <\/section>\n<section id=\"content-block_e9fb6cc3f69cb335f447face79e839f7\" class=\"  pt-6\">\n            <div class=\"container\">\n            <div class=\"row\">\n                <div class=\"col-12\">\n                                            <div class=\"text-center \">\n                                                                                <\/div>\n                                        <\/div>\n            <\/div>\n        <\/div>\n    <\/section>\n\n<section id=\"content-block_a449192bed282f145fac7f1fff1a1604\" class=\"py-6 py-md-8 \">\n    <div class=\"container\">\n        <div class=\"row justify-content-between align-items-center g-3 \">\n            <div class=\"col-lg-6\">\n                <div class=\"w-lg-70 mx-auto\">\n                                            <h2 class=\"text-primary-blackstar\">Syndizierte Produktkataloge \u2013 f\u00fcr Sie ma\u00dfgeschneidert<\/h2>\n                    \n                    \n                    <div class=\"text-editor fs-md text-primary-blackstar\">\n                                                    <p>Kreieren Sie konsistente, \u00fcberzeugende und kontextbezogene Customer Experiences auf allen Kan\u00e4len, \u00fcber die Sie Produkte verkaufen, zum Beispiel \u00f6ffentliche Marktpl\u00e4tze, Branchenmarktpl\u00e4tze und Social-Selling-Websites auf der ganzen Welt.<\/p>\n                                                                    <\/div>\n                                                                                <\/div>\n            <\/div>\n                            <div class=\"col-lg-6 text-center\">\n                                            <div class=\"torch-container\">\n                            <img decoding=\"async\" src=\"https:\/\/www.akeneo.com\/wp-content\/uploads\/2022\/01\/web-assets-solutions-ecommerce-Distribute-1200x1200.png\" alt=\"\">\n                                                    <\/div>\n                    \n                                    <\/div>\n                    <\/div>\n    <\/div>\n<\/section>\n\n<section id=\"content-block_2147d3c152f74f46600e4a11bb5d6cb9\" class=\"py-6 py-md-8 \">\n    <div class=\"container\">\n        <div class=\"row justify-content-between align-items-center g-3 flex-lg-row-reverse\">\n            <div class=\"col-lg-6\">\n                <div class=\"w-lg-70 mx-auto\">\n                                            <h2 class=\"text-primary-blackstar\">Daten-Feeds vorbereiten und verwalten<\/h2>\n                    \n                    \n                    <div class=\"text-editor fs-md text-primary-blackstar\">\n                                                    <p>Mit unseren Funktionen zur Verwaltung von Daten-Feeds k\u00f6nnen Sie die Time-to-Market verk\u00fcrzen: Erstellen Sie optimierte Feeds und bilden Sie angereicherte Produktinformationen sowie digitale Assets aus dem Akeneo PIM auf Ihren Vertriebskan\u00e4len ab.<\/p>\n                                                                    <\/div>\n                                                                                <\/div>\n            <\/div>\n                            <div class=\"col-lg-6 text-center\">\n                                            <div class=\"torch-container\">\n                            <img decoding=\"async\" src=\"https:\/\/www.akeneo.com\/wp-content\/uploads\/2022\/01\/akeneo-ico-datafeed@2x.png\" alt=\"\">\n                                                    <\/div>\n                    \n                                    <\/div>\n                    <\/div>\n    <\/div>\n<\/section>\n\n<section id=\"content-block_2104956376f9e10644ff8438df0a8fa9\" class=\"py-6 py-md-8 \">\n    <div class=\"container\">\n        <div class=\"row justify-content-between align-items-center g-3 \">\n            <div class=\"col-lg-6\">\n                <div class=\"w-lg-70 mx-auto\">\n                                            <h2 class=\"text-primary-blackstar\">Spezielle Anforderungen der Kan\u00e4le erf\u00fcllen<\/h2>\n                    \n                    \n                    <div class=\"text-editor fs-md text-primary-blackstar\">\n                                                    <p>Es gibt nicht die eine Omnichannel Product Experience, die f\u00fcr alle gilt \u2013 jeder Kanal hat seine eigenen Regeln und Best Practices. Halten Sie Schritt mit den sich st\u00e4ndig \u00e4ndernden Anforderungen an die Produkterfassung auf den unz\u00e4hligen Kan\u00e4len. Bauen Sie Ihr Gesch\u00e4ft und Ihre Reichweite aus, indem Sie auf allen Kan\u00e4len pr\u00e4sent sind.<\/p>\n                                                                    <\/div>\n                                                                                <\/div>\n            <\/div>\n                            <div class=\"col-lg-6 text-center\">\n                                            <div class=\"torch-container\">\n                            <img decoding=\"async\" src=\"https:\/\/www.akeneo.com\/wp-content\/uploads\/2022\/01\/akeneo-ico-comply@2x.png\" alt=\"\">\n                                                    <\/div>\n                    \n                                    <\/div>\n                    <\/div>\n    <\/div>\n<\/section>\n\n<section id=\"content-block_6905c96ed83c558f5fca128b8263b825\" class=\" bg-light pt-6\">\n            <div class=\"container\">\n            <div class=\"row\">\n                <div class=\"col-12\">\n                                            <div class=\"text-center \">\n                                                                                <\/div>\n                                        <\/div>\n            <\/div>\n        <\/div>\n    <\/section>\n\n<section id=\"content-block_f5a62d656055e319706e6d244c5f8f3e\" class=\"py-6 py-md-8 bg-gray-100\">\n    <div class=\"container\">\n        <div class=\"row justify-content-between align-items-center g-3 \">\n            <div class=\"col-lg-6\">\n                <div class=\"w-lg-70 mx-auto\">\n                                            <h2 class=\"text-primary-blackstar\">Akeneo Syndication im Akeneo PXM Studio<\/h2>\n                    \n                    \n                    <div class=\"text-editor fs-md text-primary-blackstar\">\n                                                    <p>Akeneo PXM Studio bietet ein zentrales System f\u00fcr alle Produktinformationen, f\u00fcr alle Teams, f\u00fcr alle Vertriebskan\u00e4le.<\/p>\n                                                                    <\/div>\n                                                                        <a class=\"d-inline-block fs-md fw-medium mt-2  px-0 \" href=\"https:\/\/www.akeneo.com\/de\/akeneo-pxm-studio\/\"><span class=\"initial text\">Akeneo PXM Studio entdecken<svg class=\"svg-icon fs-sm ms-1\"><use xmlns:xlink=\"http:\/\/www.w3.org\/1999\/xlink\" xlink:href=\"https:\/\/www.akeneo.com\/wp-content\/themes\/akeneo\/assets\/sprite\/icons.svg#icon-chevron-right\"><\/use><\/svg><\/span><span class=\"background-text\">Akeneo PXM Studio entdecken<svg class=\"svg-icon fs-sm ms-1\"><use xmlns:xlink=\"http:\/\/www.w3.org\/1999\/xlink\" xlink:href=\"https:\/\/www.akeneo.com\/wp-content\/themes\/akeneo\/assets\/sprite\/icons.svg#icon-chevron-right\"><\/use><\/svg><\/span><span class=\"hovered text\">Akeneo PXM Studio entdecken<svg class=\"svg-icon fs-sm ms-1\"><use xmlns:xlink=\"http:\/\/www.w3.org\/1999\/xlink\" xlink:href=\"https:\/\/www.akeneo.com\/wp-content\/themes\/akeneo\/assets\/sprite\/icons.svg#icon-chevron-right\"><\/use><\/svg><\/span><\/a>                                                            <\/div>\n            <\/div>\n                            <div class=\"col-lg-6 text-center\">\n                                            <div class=\"torch-container\">\n                            <img decoding=\"async\" src=\"https:\/\/www.akeneo.com\/wp-content\/uploads\/2022\/01\/akeneo-ico-akeneo-pxm-studio@2x.png\" alt=\"\">\n                                                    <\/div>\n                    \n                                    <\/div>\n                    <\/div>\n    <\/div>\n<\/section>\n\n<section class=\"py-6 py-md-8 position-relative\">\n            <div class=\"block-background block-background-top\"><\/div>\n        <div class=\"container\">\n        <div class=\"row\">\n            <div class=\"col-12\">\n                <div class=\"cta px-lg-8 py-3 bg-secondary\">\n                    <div class=\"cta-content\">\n                                                    <h2 class=\"cta-title\">Sind Sie bereit, den n\u00e4chsten Schritt zu tun?<\/h2>\n                                                                            <div class=\"cta-text fs-xl\">\n                                <p>Unsere Akeneo-Experten sind hier, um alle Ihre Fragen zu unseren Produkten zu beantworten und Ihnen zu helfen, auf Ihrer PXM-Reise voranzukommen.<\/p>\n                            <\/div>\n                                            <\/div>\n                                            <div class=\"cta-cards\">\n                            <div class=\"row row-cols-md-2 g-2\">\n                                                                    <div>\n                                        <a href=\"https:\/\/www.akeneo.com\/de\/demo\/\" class=\"icon-card icon-card-framed icon-card-dark\">\n                                                                                        <div class=\"icon-card-content\">\n                                                <h6 class=\"icon-card-title\">Demo anfordern<\/h6>\n                                                                                                <span class=\"icon-card-link\">Verbinden Sie sich mit uns <svg class=\"svg-icon fs-sm\"><use xmlns:xlink=\"http:\/\/www.w3.org\/1999\/xlink\" xlink:href=\"https:\/\/www.akeneo.com\/wp-content\/themes\/akeneo\/assets\/sprite\/icons.svg#icon-chevron-right\"><\/use><\/svg><\/span>\n                                            <\/div>\n                                        <\/a>\n                                    <\/div>\n                                                                    <div>\n                                        <a href=\"https:\/\/www.akeneo.com\/de\/pxm-maturity-path\/\" class=\"icon-card icon-card-framed icon-card-dark\">\n                                                                                        <div class=\"icon-card-content\">\n                                                <h6 class=\"icon-card-title\">PXM Maturity Assessment<\/h6>\n                                                                                                <span class=\"icon-card-link\">Machen Sie das PXM Maturity Assessment  <svg class=\"svg-icon fs-sm\"><use xmlns:xlink=\"http:\/\/www.w3.org\/1999\/xlink\" xlink:href=\"https:\/\/www.akeneo.com\/wp-content\/themes\/akeneo\/assets\/sprite\/icons.svg#icon-chevron-right\"><\/use><\/svg><\/span>\n                                            <\/div>\n                                        <\/a>\n                                    <\/div>\n                                                            <\/div>\n                        <\/div>\n                                    <\/div>\n            <\/div>\n        <\/div>\n    <\/div>\n<\/section>","protected":false},"excerpt":{"rendered":"","protected":false},"author":2,"featured_media":24311,"parent":0,"menu_order":0,"comment_status":"closed","ping_status":"closed","template":"","meta":{"_acf_changed":false,"footnotes":""},"class_list":["post-47768","page","type-page","status-publish","has-post-thumbnail","hentry"],"acf":[],"yoast_head":"<!-- This site is optimized with the Yoast SEO Premium plugin v27.4 (Yoast SEO v27.4) - https:\/\/yoast.com\/product\/yoast-seo-premium-wordpress\/ -->\n<title>Akeneo Syndication | Akeneo<\/title>\n<meta name=\"robots\" content=\"index, follow, max-snippet:-1, max-image-preview:large, max-video-preview:-1\" \/>\n<link rel=\"canonical\" href=\"https:\/\/www.akeneo.com\/de\/akeneo-syndication\/\" \/>\n<meta property=\"og:locale\" content=\"de_DE\" \/>\n<meta property=\"og:type\" content=\"article\" \/>\n<meta property=\"og:title\" content=\"Akeneo Syndication | Akeneo\" \/>\n<meta property=\"og:url\" content=\"https:\/\/www.akeneo.com\/de\/akeneo-syndication\/\" \/>\n<meta property=\"og:site_name\" content=\"Akeneo\" \/>\n<meta property=\"article:modified_time\" content=\"2024-07-04T06:58:38+00:00\" \/>\n<meta property=\"og:image\" content=\"https:\/\/www.akeneo.com\/wp-content\/uploads\/2022\/01\/akeneo-ico-hero-syndication@2x.png\" \/>\n\t<meta property=\"og:image:width\" content=\"1\" \/>\n\t<meta property=\"og:image:height\" content=\"1\" \/>\n\t<meta property=\"og:image:type\" content=\"image\/png\" \/>\n<meta name=\"twitter:card\" content=\"summary_large_image\" \/>\n<script type=\"application\/ld+json\" class=\"yoast-schema-graph\">{\"@context\":\"https:\\\/\\\/schema.org\",\"@graph\":[{\"@type\":\"WebPage\",\"@id\":\"https:\\\/\\\/www.akeneo.com\\\/de\\\/akeneo-syndication\\\/\",\"url\":\"https:\\\/\\\/www.akeneo.com\\\/de\\\/akeneo-syndication\\\/\",\"name\":\"Akeneo Syndication | Akeneo\",\"isPartOf\":{\"@id\":\"https:\\\/\\\/www.akeneo.com\\\/de\\\/#website\"},\"primaryImageOfPage\":{\"@id\":\"https:\\\/\\\/www.akeneo.com\\\/de\\\/akeneo-syndication\\\/#primaryimage\"},\"image\":{\"@id\":\"https:\\\/\\\/www.akeneo.com\\\/de\\\/akeneo-syndication\\\/#primaryimage\"},\"thumbnailUrl\":\"https:\\\/\\\/www.akeneo.com\\\/wp-content\\\/uploads\\\/2022\\\/01\\\/akeneo-ico-hero-syndication@2x.png\",\"datePublished\":\"2021-11-10T13:59:29+00:00\",\"dateModified\":\"2024-07-04T06:58:38+00:00\",\"inLanguage\":\"de-DE\",\"potentialAction\":[{\"@type\":\"ReadAction\",\"target\":[\"https:\\\/\\\/www.akeneo.com\\\/de\\\/akeneo-syndication\\\/\"]}]},{\"@type\":\"ImageObject\",\"inLanguage\":\"de-DE\",\"@id\":\"https:\\\/\\\/www.akeneo.com\\\/de\\\/akeneo-syndication\\\/#primaryimage\",\"url\":\"https:\\\/\\\/www.akeneo.com\\\/wp-content\\\/uploads\\\/2022\\\/01\\\/akeneo-ico-hero-syndication@2x.png\",\"contentUrl\":\"https:\\\/\\\/www.akeneo.com\\\/wp-content\\\/uploads\\\/2022\\\/01\\\/akeneo-ico-hero-syndication@2x.png\"},{\"@type\":\"WebSite\",\"@id\":\"https:\\\/\\\/www.akeneo.com\\\/de\\\/#website\",\"url\":\"https:\\\/\\\/www.akeneo.com\\\/de\\\/\",\"name\":\"Akeneo\",\"description\":\"\",\"publisher\":{\"@id\":\"https:\\\/\\\/www.akeneo.com\\\/de\\\/#organization\"},\"potentialAction\":[{\"@type\":\"SearchAction\",\"target\":{\"@type\":\"EntryPoint\",\"urlTemplate\":\"https:\\\/\\\/www.akeneo.com\\\/de\\\/?s={search_term_string}\"},\"query-input\":{\"@type\":\"PropertyValueSpecification\",\"valueRequired\":true,\"valueName\":\"search_term_string\"}}],\"inLanguage\":\"de-DE\"},{\"@type\":\"Organization\",\"@id\":\"https:\\\/\\\/www.akeneo.com\\\/de\\\/#organization\",\"name\":\"Akeneo\",\"url\":\"https:\\\/\\\/www.akeneo.com\\\/de\\\/\",\"logo\":{\"@type\":\"ImageObject\",\"inLanguage\":\"de-DE\",\"@id\":\"https:\\\/\\\/www.akeneo.com\\\/de\\\/#\\\/schema\\\/logo\\\/image\\\/\",\"url\":\"https:\\\/\\\/www.akeneo.com\\\/wp-content\\\/uploads\\\/2019\\\/08\\\/logo-kjus.png\",\"contentUrl\":\"https:\\\/\\\/www.akeneo.com\\\/wp-content\\\/uploads\\\/2019\\\/08\\\/logo-kjus.png\",\"width\":1,\"height\":1,\"caption\":\"Akeneo\"},\"image\":{\"@id\":\"https:\\\/\\\/www.akeneo.com\\\/de\\\/#\\\/schema\\\/logo\\\/image\\\/\"}}]}<\/script>\n<!-- \/ Yoast SEO Premium plugin. -->","yoast_head_json":{"title":"Akeneo Syndication | Akeneo","robots":{"index":"index","follow":"follow","max-snippet":"max-snippet:-1","max-image-preview":"max-image-preview:large","max-video-preview":"max-video-preview:-1"},"canonical":"https:\/\/www.akeneo.com\/de\/akeneo-syndication\/","og_locale":"de_DE","og_type":"article","og_title":"Akeneo Syndication | Akeneo","og_url":"https:\/\/www.akeneo.com\/de\/akeneo-syndication\/","og_site_name":"Akeneo","article_modified_time":"2024-07-04T06:58:38+00:00","og_image":[{"url":"https:\/\/www.akeneo.com\/wp-content\/uploads\/2022\/01\/akeneo-ico-hero-syndication@2x.png","width":1,"height":1,"type":"image\/png"}],"twitter_card":"summary_large_image","schema":{"@context":"https:\/\/schema.org","@graph":[{"@type":"WebPage","@id":"https:\/\/www.akeneo.com\/de\/akeneo-syndication\/","url":"https:\/\/www.akeneo.com\/de\/akeneo-syndication\/","name":"Akeneo Syndication | Akeneo","isPartOf":{"@id":"https:\/\/www.akeneo.com\/de\/#website"},"primaryImageOfPage":{"@id":"https:\/\/www.akeneo.com\/de\/akeneo-syndication\/#primaryimage"},"image":{"@id":"https:\/\/www.akeneo.com\/de\/akeneo-syndication\/#primaryimage"},"thumbnailUrl":"https:\/\/www.akeneo.com\/wp-content\/uploads\/2022\/01\/akeneo-ico-hero-syndication@2x.png","datePublished":"2021-11-10T13:59:29+00:00","dateModified":"2024-07-04T06:58:38+00:00","inLanguage":"de-DE","potentialAction":[{"@type":"ReadAction","target":["https:\/\/www.akeneo.com\/de\/akeneo-syndication\/"]}]},{"@type":"ImageObject","inLanguage":"de-DE","@id":"https:\/\/www.akeneo.com\/de\/akeneo-syndication\/#primaryimage","url":"https:\/\/www.akeneo.com\/wp-content\/uploads\/2022\/01\/akeneo-ico-hero-syndication@2x.png","contentUrl":"https:\/\/www.akeneo.com\/wp-content\/uploads\/2022\/01\/akeneo-ico-hero-syndication@2x.png"},{"@type":"WebSite","@id":"https:\/\/www.akeneo.com\/de\/#website","url":"https:\/\/www.akeneo.com\/de\/","name":"Akeneo","description":"","publisher":{"@id":"https:\/\/www.akeneo.com\/de\/#organization"},"potentialAction":[{"@type":"SearchAction","target":{"@type":"EntryPoint","urlTemplate":"https:\/\/www.akeneo.com\/de\/?s={search_term_string}"},"query-input":{"@type":"PropertyValueSpecification","valueRequired":true,"valueName":"search_term_string"}}],"inLanguage":"de-DE"},{"@type":"Organization","@id":"https:\/\/www.akeneo.com\/de\/#organization","name":"Akeneo","url":"https:\/\/www.akeneo.com\/de\/","logo":{"@type":"ImageObject","inLanguage":"de-DE","@id":"https:\/\/www.akeneo.com\/de\/#\/schema\/logo\/image\/","url":"https:\/\/www.akeneo.com\/wp-content\/uploads\/2019\/08\/logo-kjus.png","contentUrl":"https:\/\/www.akeneo.com\/wp-content\/uploads\/2019\/08\/logo-kjus.png","width":1,"height":1,"caption":"Akeneo"},"image":{"@id":"https:\/\/www.akeneo.com\/de\/#\/schema\/logo\/image\/"}}]}},"_links":{"self":[{"href":"https:\/\/www.akeneo.com\/de\/wp-json\/wp\/v2\/pages\/47768","targetHints":{"allow":["GET"]}}],"collection":[{"href":"https:\/\/www.akeneo.com\/de\/wp-json\/wp\/v2\/pages"}],"about":[{"href":"https:\/\/www.akeneo.com\/de\/wp-json\/wp\/v2\/types\/page"}],"author":[{"embeddable":true,"href":"https:\/\/www.akeneo.com\/de\/wp-json\/wp\/v2\/users\/2"}],"replies":[{"embeddable":true,"href":"https:\/\/www.akeneo.com\/de\/wp-json\/wp\/v2\/comments?post=47768"}],"version-history":[{"count":0,"href":"https:\/\/www.akeneo.com\/de\/wp-json\/wp\/v2\/pages\/47768\/revisions"}],"wp:featuredmedia":[{"embeddable":true,"href":"https:\/\/www.akeneo.com\/de\/wp-json\/wp\/v2\/media\/24311"}],"wp:attachment":[{"href":"https:\/\/www.akeneo.com\/de\/wp-json\/wp\/v2\/media?parent=47768"}],"curies":[{"name":"wp","href":"https:\/\/api.w.org\/{rel}","templated":true}]}}