{"id":47707,"date":"2022-01-21T15:58:25","date_gmt":"2022-01-21T15:58:25","guid":{"rendered":"https:\/\/www.akeneo.com\/impressum\/"},"modified":"2025-09-02T12:57:35","modified_gmt":"2025-09-02T12:57:35","slug":"impressum","status":"publish","type":"page","link":"https:\/\/www.akeneo.com\/de\/impressum\/","title":{"rendered":"Impressum"},"content":{"rendered":"<h1 style=\"display: none;\">Impressum<\/h1>\n<section class=\"pb-6 pb-md-8\">\n<div class=\"container\">\n<div class=\"row\">\n<div class=\"col-12\">\n<div class=\"text-editor fs-md\"><b>Angaben gem. \u00a7 5 TMG:<\/b><span style=\"font-weight: 400;\">AKENEO GmbH<\/span><\/p>\n<p><b>Vertretungsberechtigter:<\/b><\/p>\n<p><span style=\"font-weight: 400;\">Gesch\u00e4ftsf\u00fchrer: <\/span><span style=\"font-weight: 400;\">Fr\u00e9d\u00e9ric de Gombert<\/span><\/p>\n<p><b>Registergericht:<\/b><\/p>\n<p><span style=\"font-weight: 400;\">Amtsgericht D\u00fcsseldorf<\/span><\/p>\n<p><b>Handelsregisternummer:<\/b><\/p>\n<p><span style=\"font-weight: 400;\">HRB76461<\/span><\/p>\n<p><b>USt-ID-Nr:<\/b><\/p>\n<p><span style=\"font-weight: 400;\">DE305535084<\/span><\/p>\n<p><b>Anschrift:<\/b><\/p>\n<p><b>Akeneo GmbH<\/b><\/p>\n<p><span style=\"font-weight: 400;\">Homberger Str. 3<\/span><\/p>\n<p><span style=\"font-weight: 400;\">40474 D\u00fcsseldorf<\/span><\/p>\n<p><span style=\"font-weight: 400;\">Tel.: +49 (0) 211 23396655<\/span><\/p>\n<p><span style=\"font-weight: 400;\">Email: <\/span><a href=\"mailto:contact@akeneo.com\"><span style=\"font-weight: 400;\">contact@akeneo.com<\/span><\/a><\/p>\n<p><b>Hauptsitz Akeneo:<\/b><\/p>\n<p><b>Akeneo, SAS.<\/b><\/p>\n<p><span style=\"font-weight: 400;\">2 place G\u00e9n\u00e9ral Mellinet<\/span><span style=\"font-weight: 400;\"><br \/>\n<\/span><span style=\"font-weight: 400;\">44100 NANTES<\/span><span style=\"font-weight: 400;\"><br \/>\n<\/span><span style=\"font-weight: 400;\">FRANCE<\/span><\/p>\n<p><b>Verantwortlich f\u00fcr den Inhalt nach \u00a7 55 Abs. 2 RStV:<\/b><\/p>\n<p><span style=\"font-weight: 400;\">Fr\u00e9d\u00e9ric de Gombert<\/span><\/p>\n<p><span style=\"font-weight: 400;\">Alle Rechte bleiben vorbehalten. Ihre Fragen zum Copyright senden Sie bitte an:<\/span><\/p>\n<p><a href=\"mailto:contact@akeneo.com\"><span style=\"font-weight: 400;\">contact@akeneo.com<\/span><\/a><\/p>\n<p><b>Haftungsausschluss \u2013 Disclaimer:\u00a0<\/b><\/p>\n<h2><b>Haftung f\u00fcr Inhalte<\/b><\/h2>\n<p><span style=\"font-weight: 400;\">Die Inhalte unserer Seiten wurden mit gr\u00f6\u00dfter Sorgfalt erstellt. F\u00fcr die Richtigkeit, Vollst\u00e4ndigkeit und Aktualit\u00e4t der Inhalte k\u00f6nnen wir jedoch keine Gew\u00e4hr \u00fcbernehmen. Als Diensteanbieter sind wir gem\u00e4\u00df \u00a7 7 Abs.1 TMG f\u00fcr eigene Inhalte auf diesen Seiten nach den allgemeinen Gesetzen verantwortlich. Nach \u00a7\u00a7 8 bis 10 TMG sind wir als Diensteanbieter jedoch nicht verpflichtet, \u00fcbermittelte oder gespeicherte fremde Informationen zu \u00fcberwachen oder nach Umst\u00e4nden zu forschen, die auf eine rechtswidrige T\u00e4tigkeit hinweisen. Verpflichtungen zur Entfernung oder Sperrung der Nutzung von Informationen nach den allgemeinen Gesetzen bleiben hiervon unber\u00fchrt. Eine diesbez\u00fcgliche Haftung ist jedoch erst ab dem Zeitpunkt der Kenntnis einer konkreten Rechtsverletzung m\u00f6glich. Bei Bekanntwerden von entsprechenden Rechtsverletzungen werden wir diese Inhalte umgehend entfernen.<\/span><\/p>\n<p><b>Haftungsbeschr\u00e4nkung f\u00fcr externe Links<\/b><\/p>\n<p><span style=\"font-weight: 400;\">Unsere Webseite enth\u00e4lt Links auf externe Webseiten Dritter. Auf die Inhalte dieser direkt oder indirekt verlinkten Webseiten haben wir keinen Einfluss. Daher k\u00f6nnen wir f\u00fcr die \u201eexternen Links\u201c auch keine Gew\u00e4hr auf Richtigkeit der Inhalte \u00fcbernehmen. F\u00fcr die Inhalte der externen Links sind die jeweilige Anbieter oder Betreiber (Urheber) der Seiten verantwortlich<\/span><span style=\"font-weight: 400;\">.<\/span><\/p>\n<p><b>Urheberrecht<\/b><\/p>\n<p><span style=\"font-weight: 400;\">Die auf unserer Webseite ver\u00f6ffentlichen Inhalte und Werke unterliegen dem deutschen Urheberrecht. Die Vervielf\u00e4ltigung, Bearbeitung, Verbreitung und jede Art der Verwertung des geistigen Eigentums in ideeller und materieller Sicht des Urhebers au\u00dferhalb der Grenzen des Urheberrechtes bed\u00fcrfen der vorherigen schriftlichen Zustimmung des jeweiligen Urhebers i.S.d.\u00a0<\/span><\/p>\n<p><span style=\"font-weight: 400;\">Urhebergesetzes Downloads und Kopien dieser Seite sind nur f\u00fcr den privaten und nicht kommerziellen Gebrauch erlaubt. Sind die Inhalte auf unserer Webseite nicht von uns erstellt wurden, sind die Urheberrechte Dritter zu beachten. Die Inhalte Dritter werden als solche kenntlich gemacht. Bei Bekanntwerden von Rechtsverletzungen werden wir derartige Inhalte unverz\u00fcglich entfernen.<\/span><\/p>\n<\/div>\n<\/div>\n<\/div>\n<\/div>\n<\/section>\n","protected":false},"excerpt":{"rendered":"<p>Impressum Angaben gem. \u00a7 5 TMG:AKENEO GmbH Vertretungsberechtigter: Gesch\u00e4ftsf\u00fchrer: Fr\u00e9d\u00e9ric de Gombert Registergericht: Amtsgericht D\u00fcsseldorf Handelsregisternummer: HRB76461 USt-ID-Nr: DE305535084 Anschrift: Akeneo GmbH Homberger Str. 3 40474 D\u00fcsseldorf Tel.: +49 (0)&#8230;<\/p>\n","protected":false},"author":1,"featured_media":0,"parent":0,"menu_order":0,"comment_status":"closed","ping_status":"closed","template":"","meta":{"_acf_changed":false,"footnotes":""},"class_list":["post-47707","page","type-page","status-publish","hentry"],"acf":[],"yoast_head":"<!-- This site is optimized with the Yoast SEO Premium plugin v26.7 (Yoast SEO v26.7) - https:\/\/yoast.com\/wordpress\/plugins\/seo\/ -->\n<title>Impressum | Akeneo<\/title>\n<meta name=\"robots\" content=\"index, follow, max-snippet:-1, max-image-preview:large, max-video-preview:-1\" \/>\n<link rel=\"canonical\" href=\"https:\/\/www.akeneo.com\/de\/impressum\/\" \/>\n<meta property=\"og:locale\" content=\"de_DE\" \/>\n<meta property=\"og:type\" content=\"article\" \/>\n<meta property=\"og:title\" content=\"Impressum | Akeneo\" \/>\n<meta property=\"og:description\" content=\"Impressum Angaben gem. \u00a7 5 TMG:AKENEO GmbH Vertretungsberechtigter: Gesch\u00e4ftsf\u00fchrer: Fr\u00e9d\u00e9ric de Gombert Registergericht: Amtsgericht D\u00fcsseldorf Handelsregisternummer: HRB76461 USt-ID-Nr: DE305535084 Anschrift: Akeneo GmbH Homberger Str. 3 40474 D\u00fcsseldorf Tel.: +49 (0)...\" \/>\n<meta property=\"og:url\" content=\"https:\/\/www.akeneo.com\/de\/impressum\/\" \/>\n<meta property=\"og:site_name\" content=\"Akeneo\" \/>\n<meta property=\"article:modified_time\" content=\"2025-09-02T12:57:35+00:00\" \/>\n<meta property=\"og:image\" content=\"https:\/\/www.akeneo.com\/wp-content\/uploads\/2024\/11\/generic_featuredimage_1200x1200.png\" \/>\n\t<meta property=\"og:image:width\" content=\"1200\" \/>\n\t<meta property=\"og:image:height\" content=\"1200\" \/>\n\t<meta property=\"og:image:type\" content=\"image\/png\" \/>\n<meta name=\"twitter:card\" content=\"summary_large_image\" \/>\n<meta name=\"twitter:label1\" content=\"Gesch\u00e4tzte Lesezeit\" \/>\n\t<meta name=\"twitter:data1\" content=\"2 Minuten\" \/>\n<script type=\"application\/ld+json\" class=\"yoast-schema-graph\">{\"@context\":\"https:\/\/schema.org\",\"@graph\":[{\"@type\":\"WebPage\",\"@id\":\"https:\/\/www.akeneo.com\/de\/impressum\/\",\"url\":\"https:\/\/www.akeneo.com\/de\/impressum\/\",\"name\":\"Impressum | Akeneo\",\"isPartOf\":{\"@id\":\"https:\/\/www.akeneo.com\/de\/#website\"},\"datePublished\":\"2022-01-21T15:58:25+00:00\",\"dateModified\":\"2025-09-02T12:57:35+00:00\",\"inLanguage\":\"de-DE\",\"potentialAction\":[{\"@type\":\"ReadAction\",\"target\":[\"https:\/\/www.akeneo.com\/de\/impressum\/\"]}]},{\"@type\":\"WebSite\",\"@id\":\"https:\/\/www.akeneo.com\/de\/#website\",\"url\":\"https:\/\/www.akeneo.com\/de\/\",\"name\":\"Akeneo\",\"description\":\"\",\"publisher\":{\"@id\":\"https:\/\/www.akeneo.com\/de\/#organization\"},\"potentialAction\":[{\"@type\":\"SearchAction\",\"target\":{\"@type\":\"EntryPoint\",\"urlTemplate\":\"https:\/\/www.akeneo.com\/de\/?s={search_term_string}\"},\"query-input\":{\"@type\":\"PropertyValueSpecification\",\"valueRequired\":true,\"valueName\":\"search_term_string\"}}],\"inLanguage\":\"de-DE\"},{\"@type\":\"Organization\",\"@id\":\"https:\/\/www.akeneo.com\/de\/#organization\",\"name\":\"Akeneo\",\"url\":\"https:\/\/www.akeneo.com\/de\/\",\"logo\":{\"@type\":\"ImageObject\",\"inLanguage\":\"de-DE\",\"@id\":\"https:\/\/www.akeneo.com\/de\/#\/schema\/logo\/image\/\",\"url\":\"https:\/\/www.akeneo.com\/wp-content\/uploads\/2019\/08\/logo-kjus.png\",\"contentUrl\":\"https:\/\/www.akeneo.com\/wp-content\/uploads\/2019\/08\/logo-kjus.png\",\"width\":1,\"height\":1,\"caption\":\"Akeneo\"},\"image\":{\"@id\":\"https:\/\/www.akeneo.com\/de\/#\/schema\/logo\/image\/\"}}]}<\/script>\n<!-- \/ Yoast SEO Premium plugin. -->","yoast_head_json":{"title":"Impressum | Akeneo","robots":{"index":"index","follow":"follow","max-snippet":"max-snippet:-1","max-image-preview":"max-image-preview:large","max-video-preview":"max-video-preview:-1"},"canonical":"https:\/\/www.akeneo.com\/de\/impressum\/","og_locale":"de_DE","og_type":"article","og_title":"Impressum | Akeneo","og_description":"Impressum Angaben gem. \u00a7 5 TMG:AKENEO GmbH Vertretungsberechtigter: Gesch\u00e4ftsf\u00fchrer: Fr\u00e9d\u00e9ric de Gombert Registergericht: Amtsgericht D\u00fcsseldorf Handelsregisternummer: HRB76461 USt-ID-Nr: DE305535084 Anschrift: Akeneo GmbH Homberger Str. 3 40474 D\u00fcsseldorf Tel.: +49 (0)...","og_url":"https:\/\/www.akeneo.com\/de\/impressum\/","og_site_name":"Akeneo","article_modified_time":"2025-09-02T12:57:35+00:00","og_image":[{"width":1200,"height":1200,"url":"https:\/\/www.akeneo.com\/wp-content\/uploads\/2024\/11\/generic_featuredimage_1200x1200.png","type":"image\/png"}],"twitter_card":"summary_large_image","twitter_misc":{"Gesch\u00e4tzte Lesezeit":"2 Minuten"},"schema":{"@context":"https:\/\/schema.org","@graph":[{"@type":"WebPage","@id":"https:\/\/www.akeneo.com\/de\/impressum\/","url":"https:\/\/www.akeneo.com\/de\/impressum\/","name":"Impressum | Akeneo","isPartOf":{"@id":"https:\/\/www.akeneo.com\/de\/#website"},"datePublished":"2022-01-21T15:58:25+00:00","dateModified":"2025-09-02T12:57:35+00:00","inLanguage":"de-DE","potentialAction":[{"@type":"ReadAction","target":["https:\/\/www.akeneo.com\/de\/impressum\/"]}]},{"@type":"WebSite","@id":"https:\/\/www.akeneo.com\/de\/#website","url":"https:\/\/www.akeneo.com\/de\/","name":"Akeneo","description":"","publisher":{"@id":"https:\/\/www.akeneo.com\/de\/#organization"},"potentialAction":[{"@type":"SearchAction","target":{"@type":"EntryPoint","urlTemplate":"https:\/\/www.akeneo.com\/de\/?s={search_term_string}"},"query-input":{"@type":"PropertyValueSpecification","valueRequired":true,"valueName":"search_term_string"}}],"inLanguage":"de-DE"},{"@type":"Organization","@id":"https:\/\/www.akeneo.com\/de\/#organization","name":"Akeneo","url":"https:\/\/www.akeneo.com\/de\/","logo":{"@type":"ImageObject","inLanguage":"de-DE","@id":"https:\/\/www.akeneo.com\/de\/#\/schema\/logo\/image\/","url":"https:\/\/www.akeneo.com\/wp-content\/uploads\/2019\/08\/logo-kjus.png","contentUrl":"https:\/\/www.akeneo.com\/wp-content\/uploads\/2019\/08\/logo-kjus.png","width":1,"height":1,"caption":"Akeneo"},"image":{"@id":"https:\/\/www.akeneo.com\/de\/#\/schema\/logo\/image\/"}}]}},"_links":{"self":[{"href":"https:\/\/www.akeneo.com\/de\/wp-json\/wp\/v2\/pages\/47707","targetHints":{"allow":["GET"]}}],"collection":[{"href":"https:\/\/www.akeneo.com\/de\/wp-json\/wp\/v2\/pages"}],"about":[{"href":"https:\/\/www.akeneo.com\/de\/wp-json\/wp\/v2\/types\/page"}],"author":[{"embeddable":true,"href":"https:\/\/www.akeneo.com\/de\/wp-json\/wp\/v2\/users\/1"}],"replies":[{"embeddable":true,"href":"https:\/\/www.akeneo.com\/de\/wp-json\/wp\/v2\/comments?post=47707"}],"version-history":[{"count":0,"href":"https:\/\/www.akeneo.com\/de\/wp-json\/wp\/v2\/pages\/47707\/revisions"}],"wp:attachment":[{"href":"https:\/\/www.akeneo.com\/de\/wp-json\/wp\/v2\/media?parent=47707"}],"curies":[{"name":"wp","href":"https:\/\/api.w.org\/{rel}","templated":true}]}}